{"id":900,"date":"2022-01-26T15:33:06","date_gmt":"2022-01-26T15:33:06","guid":{"rendered":"https:\/\/transparencia.cabocorrientes.gob.mx\/?page_id=900"},"modified":"2026-02-12T19:36:16","modified_gmt":"2026-02-12T19:36:16","slug":"los-reglamentos-federales-estatales-y-municipales","status":"publish","type":"page","link":"https:\/\/transparencia.cabocorrientes.gob.mx\/?page_id=900","title":{"rendered":"Los Reglamentos Federales, Estatales y Municipales"},"content":{"rendered":"\n<div class=\"wp-block-columns is-layout-flex wp-container-core-columns-is-layout-9d6595d7 wp-block-columns-is-layout-flex\">\n  <div class=\"wp-block-column is-layout-flow wp-block-column-is-layout-flow\"><\/div>\n<\/div>\n\n\n<p>Listado de Reglamentos Vigentes \n  <strong>\n    <a href=\"https:\/\/transparencia.cabocorrientes.gob.mx\/Archivos\/articulo8\/Listado_de_reglamentos_vigentes.docx\" target=\"_blank\" rel=\"noopener\">WORD<\/a>\n  <\/strong>\n<\/p>\n\n\n<h6 class=\"wp-block-heading\"><strong>Reglamentos Federales<\/strong><\/h6>\n\n\n\n<p>\n  <strong>\n    <a href=\"https:\/\/www.ohchr.org\/SP\/ProfessionalInterest\/Pages\/CCPR.aspx\" target=\"_blank\" rel=\"noreferrer noopener\">VER<\/a>\n  <\/strong>\n<\/p>\n\n\n\n<h6 class=\"wp-block-heading\"><strong>Reglamentos Estatales<\/strong><\/h6>\n\n\n\n<p>\n  C\u00f3digo civil del estado de Jalisco \n  <strong>\n    <a href=\"https:\/\/transparencia.cabocorrientes.gob.mx\/Archivos\/articulo8\/C\u00f3digo_Civil_del_Estado_de_Jalisco.doc\" target=\"_blank\" rel=\"noopener\">WORD<\/a>\n  <\/strong><br>\n  C\u00f3digo penal para el estado libre y soberano del estado de Jalisco \n  <strong>\n    <a href=\"https:\/\/transparencia.cabocorrientes.gob.mx\/Archivos\/articulo8\/C\u00f3digo_Penal_para_el_Estado_Libre_y_Soberano_de_Jalisco.doc\" target=\"_blank\" rel=\"noopener\">WORD<\/a>\n  <\/strong><br>\n  Ley de hacienda municipal del estado de Jalisco \n  <strong>\n    <a href=\"https:\/\/transparencia.cabocorrientes.gob.mx\/Archivos\/articulo8\/Ley_de_Hacienda_Municipal_del_Estado_de_Jalisco.doc\" target=\"_blank\" rel=\"noopener\">WORD<\/a>\n  <\/strong><br>\n  Ley de planeaci\u00f3n para el estado de Jalisco y sus municipios \n  <strong>\n    <a href=\"https:\/\/transparencia.cabocorrientes.gob.mx\/Archivos\/articulo8\/Ley_de_Planeaci\u00f3n_para_el_Estado_de_Jalisco_y_sus_Municipios.doc\" target=\"_blank\" rel=\"noopener\">WORD<\/a>\n  <\/strong><br>\n  Ley de transparencia e informaci\u00f3n del estado de Jalisco \n  <strong>\n    <a href=\"https:\/\/transparencia.cabocorrientes.gob.mx\/Archivos\/articulo8\/LEY_DE_TRANPARENCIA_E_INFORMACION_DEL_ESTADO_DE_JALISCO.pdf\" target=\"_blank\" rel=\"noopener\">PDF<\/a>\n  <\/strong><br>\n  Ley del gobierno y la administraci\u00f3n p\u00fablica municipal de Jalisco \n  <strong>\n    <a href=\"https:\/\/transparencia.cabocorrientes.gob.mx\/Archivos\/articulo8\/LEY_DEL_GOBIERNO_Y_LA_ADMINISTRACION_PUBLICA_MUNICIPAL_DE_JALISCO.pdf\" target=\"_blank\" rel=\"noopener\">PDF<\/a>\n  <\/strong>\n<\/p>\n\n\n\n<h6 class=\"wp-block-heading\"><strong>Reglamentos Municipales<\/strong><\/h6>\n\n\n<p>\n  Reglamento de Seguridad P\u00fablica \n  <strong>\n    <a href=\"https:\/\/transparencia.cabocorrientes.gob.mx\/Archivos\/articulo8\/GACETA_05_REGLAMENTO_DE_SEGURIDAD_PUBLICA.pdf\" target=\"_blank\" rel=\"noopener\">PDF<\/a>\n  <\/strong><br>\n  Reglamento interno de las condiciones de trabajo \n  <strong>\n    <a href=\"https:\/\/transparencia.cabocorrientes.gob.mx\/Archivos\/articulo8\/REG._INTERNO_DE_LAS_CONDICIONES_DE_TRABAJO.pdf\" target=\"_blank\" rel=\"noopener\">PDF<\/a>\n  <\/strong><br>\n  Reglamento de la Administraci\u00f3n P\u00fablica del H. Ayuntamiento Constitucional de Cabo Corrientes \n  <strong>\n    <a href=\"https:\/\/transparencia.cabocorrientes.gob.mx\/Archivos\/articulo8\/Reglamento_de_la_Administraci\u00f3n_P\u00fablica_del_H._Ayuntamiento_Constitucional_de_Cabo_Corrientes.pdf\" target=\"_blank\" rel=\"noopener\">PDF<\/a>\n  <\/strong><br>\n  Reglamento de Ecolog\u00eda \n  <strong>\n    <a href=\"https:\/\/transparencia.cabocorrientes.gob.mx\/Archivos\/articulo8\/GACETA-06-REGLAMENTO-DE-ECOLOGIA.pdf\" target=\"_blank\" rel=\"noopener\">PDF<\/a>\n  <\/strong><br>\n  Reglamento del Agua Potable \n  <strong>\n    <a href=\"https:\/\/transparencia.cabocorrientes.gob.mx\/Archivos\/articulo8\/7-Dictamen_7-Reglamento_del_AGUA_POTABLE.pdf\" target=\"_blank\" rel=\"noopener\">PDF<\/a>\n  <\/strong><br>\n  Reglamento del centro hist\u00f3rico \n  <strong>\n    <a href=\"https:\/\/transparencia.cabocorrientes.gob.mx\/Archivos\/articulo8\/REGLAMENTO_CENTRO_HISTORICO_FINAL.pdf\" target=\"_blank\" rel=\"noopener\">PDF<\/a>\n  <\/strong><br>\n  Reglamento de patrimonio municipal \n  <strong>\n    <a href=\"https:\/\/transparencia.cabocorrientes.gob.mx\/Archivos\/articulo8\/REGLAMENTO_DE__PATRIMONIO_MUNICIPAL.pdf\" target=\"_blank\" rel=\"noopener\">PDF<\/a>\n  <\/strong><br>\n  Reglamento del consejo de cultura \n  <strong>\n    <a href=\"https:\/\/transparencia.cabocorrientes.gob.mx\/Archivos\/articulo8\/REGLAMENTO_DE_CONSEJO_CULTURA.pdf\" target=\"_blank\" rel=\"noopener\">PDF<\/a>\n  <\/strong><br>\n  Reglamento de la COMUR  \n  <strong>\n    <a href=\"https:\/\/transparencia.cabocorrientes.gob.mx\/Archivos\/articulo8\/REGLAMENTO_DE_LA_COMUR.pdf\" target=\"_blank\" rel=\"noopener\">PDF<\/a> \/\n    <a href=\"https:\/\/transparencia.cabocorrientes.gob.mx\/Archivos\/articulo8\/REGLAMENTO_DE_LA_COMUR.docx\" target=\"_blank\" rel=\"noopener\">WORD<\/a>\n  <\/strong><br>\n  Reglamento de mujeres a vida libre de violencia \n  <strong>\n    <a href=\"https:\/\/transparencia.cabocorrientes.gob.mx\/Archivos\/articulo8\/REGLAMENTO_DE_MUJERES_A_VIDA_LIBRE_DE_VIOLENCIA.pdf\" target=\"_blank\" rel=\"noopener\">PDF<\/a>\n  <\/strong><br>\n  Reglamento para la igualdad sustantiva entre Mujeres y Hombres  \n  <strong>\n    <a href=\"https:\/\/transparencia.cabocorrientes.gob.mx\/Archivos\/articulo8\/8_-_II__REGLAMENTO_PARA_LA_IGUALDAD_SUSTANTIVA_ENTRE_MUJERES_Y_HOMBRES.pdf\" target=\"_blank\" rel=\"noopener\">PDF<\/a>\n  <\/strong><br>\n  Reglamento de protecci\u00f3n civil  \n  <strong>\n    <a href=\"https:\/\/transparencia.cabocorrientes.gob.mx\/Archivos\/articulo8\/REGLAMENTO_DE_PROTECCI\u00d3N_CIVIL.pdf\" target=\"_blank\" rel=\"noopener\">PDF<\/a>\n  <\/strong><br>\n  Reglamento de sesiones de cabildo  \n  <strong>\n    <a href=\"https:\/\/transparencia.cabocorrientes.gob.mx\/Archivos\/articulo8\/REGLAMENTO_DE_SESIONES_DE_CABILDO.pdf\" target=\"_blank\" rel=\"noopener\">PDF<\/a>\n  <\/strong><br>\n  Reglamento de turismo  \n  <strong>\n    <a href=\"https:\/\/transparencia.cabocorrientes.gob.mx\/Archivos\/articulo8\/REGLAMENTO_DE_TURISMO.pdf\" target=\"_blank\" rel=\"noopener\">PDF<\/a>\n  <\/strong><br>\n  Reglamento interno del consejo municipal de desarrollo urbano  \n  <strong>\n    <a href=\"https:\/\/transparencia.cabocorrientes.gob.mx\/Archivos\/articulo8\/REGLAMENTO_INTERNO_DEL_CONSEJO_MUNICIPAL_DE_DESARROLLO_URBANO.pdf\" target=\"_blank\" rel=\"noopener\">PDF<\/a> \/\n    <a href=\"https:\/\/transparencia.cabocorrientes.gob.mx\/Archivos\/articulo8\/REGLAMENTO_INTERNO_DEL_CONSEJO_MUNICIPAL_DE_DESARROLLO.doc\" target=\"_blank\" rel=\"noopener\">WORD<\/a>\n  <\/strong><br>\n  Dictamen Reglamento de la Administraci\u00f3n P\u00fablica del H. Ayuntamiento Constitucional de Cabo Corrientes, Jalisco  \n  <strong>\n    <a href=\"https:\/\/transparencia.cabocorrientes.gob.mx\/Archivos\/articulo8\/Dictamen_Reglamento_de_la_Administracion_Publica_del_H_Ayuntamiento_Constitucional_de_Cabo_Corrientes_Jalisco2.docx\" target=\"_blank\" rel=\"noopener\">WORD<\/a>\n  <\/strong><br>\n  Reglamento para delegaciones  \n  <strong>\n    <a href=\"https:\/\/transparencia.cabocorrientes.gob.mx\/Archivos\/articulo8\/REGLAMENTO_PARA_DELEGACIONES.pdf\" target=\"_blank\" rel=\"noopener\">PDF<\/a>\n  <\/strong><br>\n  Reglamento para ejercicio de comercio  \n  <strong>\n    <a href=\"https:\/\/transparencia.cabocorrientes.gob.mx\/Archivos\/articulo8\/REGLAMENTO_PARA_EL_EJERCICIO_DE__COMERCIO.pdf\" target=\"_blank\" rel=\"noopener\">PDF<\/a>\n  <\/strong><br>\n  Reglamento para la protecci\u00f3n del ambiente  \n  <strong>\n    <a href=\"https:\/\/transparencia.cabocorrientes.gob.mx\/Archivos\/articulo8\/Reglamento_Municipal_para_la_Protecci\u00f3n_del_Ambiente.pdf\" target=\"_blank\" rel=\"noopener\">PDF<\/a>\n  <\/strong><br>\n  Reglamento para uso de c\u00f3mputo  \n  <strong>\n    <a href=\"https:\/\/transparencia.cabocorrientes.gob.mx\/Archivos\/articulo8\/REGLAMENTO_PARA_USO_DE_C\u00d3MPUTO.pdf\" target=\"_blank\" rel=\"noopener\">PDF<\/a>\n  <\/strong><br>\n  Reglamento de seguridad p\u00fablica  \n  <strong>\n    <a href=\"https:\/\/transparencia.cabocorrientes.gob.mx\/Archivos\/articulo8\/Reglamento_Seguridad_P\u00fablica.pdf\" target=\"_blank\" rel=\"noopener\">PDF<\/a>\n  <\/strong><br>\n  Reglamento de polic\u00eda y buen gobierno Ayuntamiento de Cabo Corrientes  \n  <strong>\n    <a href=\"https:\/\/transparencia.cabocorrientes.gob.mx\/Archivos\/articulo8\/Reglamento_Polic\u00eda_y_Buen_Gobierno_Ayuntamiento_Cabo_Corrientes.pdf\" target=\"_blank\" rel=\"noopener\">PDF<\/a>\n  <\/strong><br>\n  Ley de ingresos 2019 Cabo Corrientes  \n  <strong>\n    <a href=\"https:\/\/transparencia.cabocorrientes.gob.mx\/Archivos\/articulo8\/Ley_de_Ingresos_2019.pdf\" target=\"_blank\" rel=\"noopener\">PDF<\/a>\n  <\/strong><br>\n  Reglamento Municipal de Justicia C\u00edvica  \n  <strong>\n    <a href=\"https:\/\/transparencia.cabocorrientes.gob.mx\/Archivos\/articulo8\/GACETA_MUNICIPAL_04_justicia_civica.pdf\" target=\"_blank\" rel=\"noopener\">PDF<\/a>\n  <\/strong><br>\n  Reglamento de Construcci\u00f3n para Cabo Corrientes  \n  <strong>\n    <a href=\"https:\/\/transparencia.cabocorrientes.gob.mx\/Archivos\/articulo8\/Reglamento_de_Construcci\u00f3n_para_Cabo_Corrientes.pdf\" target=\"_blank\" rel=\"noopener\">PDF<\/a>\n  <\/strong><br>\n  Reglamento de Adquisiciones y presupuesto  \n  <strong>\n    <a href=\"https:\/\/transparencia.cabocorrientes.gob.mx\/Archivos\/articulo8\/REGLAMENTO_DE_ADQUISICIONES_Y_PRESUPUESTO.docx\" target=\"_blank\" rel=\"noopener\">WORD<\/a>\n  <\/strong><br>\n  Comisiones del Servicio Profesional de Carrera Policial de Hoor y Justicia  \n  <strong>\n    <a href=\"https:\/\/transparencia.cabocorrientes.gob.mx\/Archivos\/articulo8\/Comisiones_del_Servicio_Profesional_de_Carrera_Policial_de_Hoor_y_Justicia.pdf\" target=\"_blank\" rel=\"noopener\">PDF<\/a>\n  <\/strong><br>\n  Protocolo Interno de Prevenci\u00f3n y Sanci\u00f3n del Hostigamiento y Acoso Sexual del Gobierno Municipal de Cabo Corrientes  \n  <strong>\n    <a href=\"https:\/\/transparencia.cabocorrientes.gob.mx\/Archivos\/articulo8\/Protocolo_Interno_de_Prevenci\u00f3n_y_Sanci\u00f3n_del_Hostigamiento_y_Acoso_Sexual_del_Gobierno_Municipal_de_Cabo_Corrientes.pdf\" target=\"_blank\" rel=\"noopener\">PDF<\/a>\n  <\/strong><br>\n  Reglamento de Justicia C\u00edvica del municipio de Cabo Corrientes, Jal.  \n  <strong>\n    <a href=\"https:\/\/transparencia.cabocorrientes.gob.mx\/Archivos\/articulo8\/Reglamento_de_Justicia_C\u00edvica_del_municipio_de_Cabo_Corrientes_Jal..pdf\" target=\"_blank\" rel=\"noopener\">PDF<\/a>\n  <\/strong><br>\n  Reglamento de Transparencia y Acceso a la Informaci\u00f3n P\u00fablica del municipio de Cabo Corrientes, Jal.  \n  <strong>\n    <a href=\"https:\/\/transparencia.cabocorrientes.gob.mx\/Archivos\/articulo8\/Reglamento_de_Transparencia_y_Acceso_a_la_Informaci\u00f3n_P\u00fablica_del_municipio_de_Cabo_Corrientes_Jal..pdf\" target=\"_blank\" rel=\"noopener\">PDF<\/a>\n  <\/strong><br>\n  Reglamento del Archivo General municipal e Hist\u00f3rico de Cabo Corrientes, Jal.  \n  <strong>\n    <a href=\"https:\/\/transparencia.cabocorrientes.gob.mx\/Archivos\/articulo8\/Reglamento_del_Archivo_General_municipal_e_Hist\u00f3rico_de_Cabo_Corrientes_Jal..pdf\" target=\"_blank\" rel=\"noopener\">PDF<\/a>\n  <\/strong><br>\n  Reglamento del Sistema Municipal de Protecci\u00f3n Integral De Ni\u00f1as, Ni\u00f1os y Adolescentes de Cabo Corrientes, Jal (SIPINNA)  \n  <strong>\n    <a href=\"https:\/\/transparencia.cabocorrientes.gob.mx\/Archivos\/articulo8\/Reglamento_del_Sistema_Municipal_de_Protecci\u00f3n_Integral_De_Ni\u00f1as_Ni\u00f1os_y_Adolescentes_de_Cabo_Corrientes_Jal_SIPINNA.pdf\" target=\"_blank\" rel=\"noopener\">PDF<\/a>\n  <\/strong><br>\n Iniciativa Ley de Ingresos 2025\n  <strong>\n    <a href=\"https:\/\/transparencia.cabocorrientes.gob.mx\/Archivos\/articulo8\/Iniciativa_de_la_Ley_de_Ingresos_2025.pdf\" target=\"_blank\" rel=\"noopener\">PDF<\/a>\n  <\/strong><br>\n Ley de Ingresos Cabo Corrientes 2025\n  <strong>\n    <a href=\"https:\/\/transparencia.cabocorrientes.gob.mx\/Archivos\/articulo8\/Ley_de_ingresos_Cabo_Corrientes_2025.pdf\" target=\"_blank\" rel=\"noopener\">PDF<\/a>\n  <\/strong>\n<br>\n Informaci\u00f3n adicional que se incluye en la iniciativa de la ley de ingresos 2025\n  <strong>\n    <a href=\"https:\/\/transparencia.cabocorrientes.gob.mx\/Archivos\/articulo8\/Informacion_adicional_que_se_incluye_en_la_iniciativa_de_la_Ley_de_ingresos_2025-formato_conac.pdf\" target=\"_blank\" rel=\"noopener\">PDF<\/a>\n  <\/strong> <br>\nReglamento del Archivo General Municipal e Historico <strong><a href=\"https:\/\/transparencia.cabocorrientes.gob.mx\/Archivos\/articulo8\/GACETA_MUNICIPAL_04_2025_archivo_municipal.pdf\" target=\"_blank\" rel=\"noopener\" data-wplink-url-error=\"true\">PDF<\/a><\/strong><br>\nReglamento para el Ejercicio del Comercio <strong><a href=\"https:\/\/transparencia.cabocorrientes.gob.mx\/Archivos\/articulo8\/GACETA_MUNICIPAL_05_REGLAMENTOS_2005.pdf\" target=\"_blank\" rel=\"noopener\" data-wplink-url-error=\"true\">PDF<\/a><\/strong><br> \nReglamento Interno Servicios M\u00e9dicos Municipales <strong><a href=\"https:\/\/transparencia.cabocorrientes.gob.mx\/Archivos\/articulo8\/GACETA_MUNICIPAL_6_2025_SERVICIOS_MEDICOS.pdf\" target=\"_blank\" rel=\"noopener\" data-wplink-url-error=\"true\">PDF<\/a><\/strong><br> \nReglamento de Protecci\u00f3n Civil y Gesti\u00f3n de Integral de Riesgos <strong><a href=\"https:\/\/transparencia.cabocorrientes.gob.mx\/Archivos\/articulo8\/GACETA_MUNICIPAL_07_2025_Proteccion_Civil.pdf\" target=\"_blank\" rel=\"noopener\" data-wplink-url-error=\"true\">PDF<\/a><\/strong><br> \nReglamento de Transparencia y Acceso a la Informaci\u00f3n P\u00fablica <strong><a href=\"https:\/\/transparencia.cabocorrientes.gob.mx\/Archivos\/articulo8\/GACET_08_transparencia_2025.pdf\" target=\"_blank\" rel=\"noopener\" data-wplink-url-error=\"true\">PDF<\/a><\/strong><br> \n\n\nReglamento Municipal para el sistema Integral de cuidados<strong><a href=\"https:\/\/transparencia.cabocorrientes.gob.mx\/Archivos\/articulo8\/GACETA09_SISTEMA_INTEGRAL_DE_CUIDADOS.pdf\" target=\"_blank\" rel=\"noopener\" data-wplink-url-error=\"true\">PDF<\/a><\/strong><br> \n\nReglamento de Panteones para el Municipio de Cabo Corrientes Jalisco <strong><a href=\"https:\/\/transparencia.cabocorrientes.gob.mx\/Archivos\/articulo8\/GACETA10_PANTEONES_MUNICIPALES.pdf\" target=\"_blank\" rel=\"noopener\" data-wplink-url-error=\"true\">PDF<\/a><\/strong><br> \n\n\n\n\n<div class=\"wp-block-buttons is-horizontal is-content-justification-center is-layout-flex wp-container-core-buttons-is-layout-499968f5 wp-block-buttons-is-layout-flex\"><\/div>\n\n\n","protected":false},"excerpt":{"rendered":"<p>Listado de Reglamentos Vigentes WORD Reglamentos Federales VER Reglamentos Estatales C\u00f3digo civil del estado de Jalisco WORD C\u00f3digo penal para el estado libre y soberano del estado de Jalisco WORD Ley de hacienda municipal del estado de Jalisco WORD Ley de planeaci\u00f3n para el estado de Jalisco y sus municipios WORD Ley de transparencia e &hellip; <\/p>\n<p class=\"link-more\"><a href=\"https:\/\/transparencia.cabocorrientes.gob.mx\/?page_id=900\" class=\"more-link\">Continue reading<span class=\"screen-reader-text\"> \u00abLos Reglamentos Federales, Estatales y Municipales\u00bb<\/span><\/a><\/p>\n","protected":false},"author":1,"featured_media":0,"parent":0,"menu_order":0,"comment_status":"closed","ping_status":"closed","template":"","meta":{"_coblocks_attr":"","_coblocks_dimensions":"","_coblocks_responsive_height":"","_coblocks_accordion_ie_support":"","_regular_price":[],"currency_symbol":[],"footnotes":""},"class_list":["post-900","page","type-page","status-publish","hentry"],"post_slider_layout_featured_media_urls":{"thumbnail":"","post_slider_layout_landscape_large":"","post_slider_layout_portrait_large":"","post_slider_layout_square_large":"","post_slider_layout_landscape":"","post_slider_layout_portrait":"","post_slider_layout_square":"","full":""},"_links":{"self":[{"href":"https:\/\/transparencia.cabocorrientes.gob.mx\/index.php?rest_route=\/wp\/v2\/pages\/900","targetHints":{"allow":["GET"]}}],"collection":[{"href":"https:\/\/transparencia.cabocorrientes.gob.mx\/index.php?rest_route=\/wp\/v2\/pages"}],"about":[{"href":"https:\/\/transparencia.cabocorrientes.gob.mx\/index.php?rest_route=\/wp\/v2\/types\/page"}],"author":[{"embeddable":true,"href":"https:\/\/transparencia.cabocorrientes.gob.mx\/index.php?rest_route=\/wp\/v2\/users\/1"}],"replies":[{"embeddable":true,"href":"https:\/\/transparencia.cabocorrientes.gob.mx\/index.php?rest_route=%2Fwp%2Fv2%2Fcomments&post=900"}],"version-history":[{"count":81,"href":"https:\/\/transparencia.cabocorrientes.gob.mx\/index.php?rest_route=\/wp\/v2\/pages\/900\/revisions"}],"predecessor-version":[{"id":14816,"href":"https:\/\/transparencia.cabocorrientes.gob.mx\/index.php?rest_route=\/wp\/v2\/pages\/900\/revisions\/14816"}],"wp:attachment":[{"href":"https:\/\/transparencia.cabocorrientes.gob.mx\/index.php?rest_route=%2Fwp%2Fv2%2Fmedia&parent=900"}],"curies":[{"name":"wp","href":"https:\/\/api.w.org\/{rel}","templated":true}]}}