{"id":840,"date":"2022-01-20T20:26:08","date_gmt":"2022-01-20T20:26:08","guid":{"rendered":"https:\/\/transparencia.cabocorrientes.gob.mx\/?page_id=840"},"modified":"2025-11-11T21:09:52","modified_gmt":"2025-11-11T21:09:52","slug":"las-leyes-federales-y-estatales","status":"publish","type":"page","link":"https:\/\/transparencia.cabocorrientes.gob.mx\/?page_id=840","title":{"rendered":"Las Leyes Federales y Estatales"},"content":{"rendered":"\n<div class=\"wp-block-columns is-layout-flex wp-container-core-columns-is-layout-9d6595d7 wp-block-columns-is-layout-flex\">\n<div class=\"wp-block-column is-layout-flow wp-block-column-is-layout-flow\"><\/div>\n<\/div>\n\n\n\n<span class=\"collapseomatic \" id=\"id69f1470743761\"  tabindex=\"0\" title=\"Leyes Estatales\"    >Leyes Estatales<\/span><div id=\"target-id69f1470743761\" class=\"collapseomatic_content \">\n\n\n<p><\/p>\n\n\n<p>C\u00f3digo civil del estado de Jalisco <strong><a rel=\"noreferrer noopener\" href=\"https:\/\/transparencia.cabocorrientes.gob.mx\/Archivos\/articulo8\/C\u00f3digo_Civil_del_Estado_de_Jalisco.docx\" data-type=\"URL\" data-id=\"https:\/\/transparencia.cabocorrientes.gob.mx\/Archivos\/articulo8\/C\u00f3digo_Civil_del_Estado_de_Jalisco.docx\" target=\"_blank\">WORD<\/a><\/strong><br>C\u00f3digo penal para el estado libre y soberano de Jalisco <strong><a href=\"https:\/\/transparencia.cabocorrientes.gob.mx\/Archivos\/articulo8\/C\u00f3digo_Penal_para_el_Estado_Libre_y_Soberano_de_Jalisco.doc\" data-type=\"URL\" data-id=\"https:\/\/transparencia.cabocorrientes.gob.mx\/Archivos\/articulo8\/C\u00f3digo_Penal_para_el_Estado_Libre_y_Soberano_de_Jalisco.doc\" target=\"_blank\" rel=\"noreferrer noopener\">WORD<\/a><\/strong><br>Ley de fiscalizaci\u00f3n superior y auditor\u00eda p\u00fablica del estado de Jalisco y sus municipios <strong><a rel=\"noreferrer noopener\" href=\"https:\/\/transparencia.cabocorrientes.gob.mx\/Archivos\/articulo8\/Ley_de_Fiscalizacion_Superior_y_Auditoria_Publica_del_Estado_de_Jalisco_y_sus_Municipios.pdf\" data-type=\"URL\" data-id=\"https:\/\/transparencia.cabocorrientes.gob.mx\/Archivos\/articulo8\/Ley_de_Fiscalizacion_Superior_y_Auditoria_Publica_del_Estado_de_Jalisco_y_sus_Municipios.pdf\" target=\"_blank\">PDF<\/a><\/strong><br>Ley de fomento a la cultura <strong><a rel=\"noreferrer noopener\" href=\"https:\/\/transparencia.cabocorrientes.gob.mx\/Archivos\/articulo8\/Ley_de_Fomento_a_la_Cultura.pdf\" data-type=\"URL\" data-id=\"https:\/\/transparencia.cabocorrientes.gob.mx\/Archivos\/articulo8\/Ley_de_Fomento_a_la_Cultura.pdf\" target=\"_blank\">PDF<\/a><\/strong><br>Ley de hacienda del estado de Jalisco <strong><a rel=\"noreferrer noopener\" href=\"https:\/\/transparencia.cabocorrientes.gob.mx\/Archivos\/articulo8\/Ley_de_Hacienda_del_Estado_de_Jalisco.pdf\" data-type=\"URL\" data-id=\"https:\/\/transparencia.cabocorrientes.gob.mx\/Archivos\/articulo8\/Ley_de_Hacienda_del_Estado_de_Jalisco.pdf\" target=\"_blank\">PDF<\/a><\/strong><br>Ley de planeaci\u00f3n para el estado de Jalisco y sus Municipios <strong><a rel=\"noreferrer noopener\" href=\"https:\/\/transparencia.cabocorrientes.gob.mx\/Archivos\/articulo8\/Ley_de_Planeaci\u00f3n_para_el_Estado_de_Jalisco_y_sus_Municipios.doc\" data-type=\"URL\" data-id=\"https:\/\/transparencia.cabocorrientes.gob.mx\/Archivos\/articulo8\/Ley_de_Planeaci\u00f3n_para_el_Estado_de_Jalisco_y_sus_Municipios.doc\" target=\"_blank\">WORD<\/a><\/strong><br>Ley de protecci\u00f3n civil del estado <strong><a rel=\"noreferrer noopener\" href=\"https:\/\/transparencia.cabocorrientes.gob.mx\/Archivos\/articulo8\/Ley_de_Proteccion_Civil_del_Estado.pdf\" data-type=\"URL\" data-id=\"https:\/\/transparencia.cabocorrientes.gob.mx\/Archivos\/articulo8\/Ley_de_Proteccion_Civil_del_Estado.pdf\" target=\"_blank\">PDF<\/a><\/strong><br>Ley de responsabilidades de los servidores p\u00fablicos del estado de Jalisco <strong><a rel=\"noreferrer noopener\" href=\"https:\/\/transparencia.cabocorrientes.gob.mx\/Archivos\/articulo8\/Ley_de_Responsabilidades_de_los_Servidores_P\u00fablicos_del_Estado_de_Jalisco.doc\" data-type=\"URL\" data-id=\"https:\/\/transparencia.cabocorrientes.gob.mx\/Archivos\/articulo8\/Ley_de_Responsabilidades_de_los_Servidores_P\u00fablicos_del_Estado_de_Jalisco.doc\" target=\"_blank\">WORD<\/a><\/strong><br>Ley de transparencia e informaci\u00f3n del estado de Jalisco <strong><a rel=\"noreferrer noopener\" href=\"https:\/\/transparencia.cabocorrientes.gob.mx\/Archivos\/articulo8\/Ley_de_Transparencia_y_Acceso_a_la_Informaci\u00f3n_P\u00fablica_del_Estado_de_Jalisco_y_sus_Municipios.doc\" data-type=\"URL\" data-id=\"https:\/\/transparencia.cabocorrientes.gob.mx\/Archivos\/articulo8\/Ley_de_Transparencia_y_Acceso_a_la_Informaci\u00f3n_P\u00fablica_del_Estado_de_Jalisco_y_sus_Municipios.doc\" target=\"_blank\">WORD<\/a><\/strong><br>Ley de vivienda del estado de Jalisco <strong><a rel=\"noreferrer noopener\" href=\"https:\/\/transparencia.cabocorrientes.gob.mx\/Archivos\/articulo8\/Ley_de_Vivienda_del_Estado_de_Jalisco.pdf\" data-type=\"URL\" data-id=\"https:\/\/transparencia.cabocorrientes.gob.mx\/Archivos\/articulo8\/Ley_de_Vivienda_del_Estado_de_Jalisco.pdf\" target=\"_blank\">PDF<\/a><\/strong><br>Ley del gobierno y la administraci\u00f3n p\u00fablica municipal <strong><a rel=\"noreferrer noopener\" href=\"https:\/\/transparencia.cabocorrientes.gob.mx\/Archivos\/articulo8\/Ley_del_Gobierno_y_la_Administracion_Publica_Municipal.pdf\" data-type=\"URL\" data-id=\"https:\/\/transparencia.cabocorrientes.gob.mx\/Archivos\/articulo8\/Ley_del_Gobierno_y_la_Administracion_Publica_Municipal.pdf\" target=\"_blank\">PDF<\/a><\/strong><br>Ley del presupuesto, contabilidad y gasto p\u00fablico del estado de Jalisco <strong><a rel=\"noreferrer noopener\" href=\"https:\/\/transparencia.cabocorrientes.gob.mx\/Archivos\/articulo8\/Ley_del_Presupuesto_Contabilidad__y_Gasto_Publico_del_Estado_de_Jalisco.pdf\" data-type=\"URL\" data-id=\"https:\/\/transparencia.cabocorrientes.gob.mx\/Archivos\/articulo8\/Ley_del_Presupuesto,_Contabilidad__y_Gasto_Publico_del_Estado_de_Jalisco.pdf\" target=\"_blank\">PDF<\/a><\/strong><br>Ley de Austeridad y Ahorro del Estado de Jalisco y sus Municipios <strong><a rel=\"noreferrer noopener\" href=\"https:\/\/transparencia.cabocorrientes.gob.mx\/Archivos\/articulo8\/Ley_de_Austeridad_y_Ahorro_del_Estado_de_Jalisco_y_sus_Municipios.doc\" data-type=\"URL\" data-id=\"https:\/\/transparencia.cabocorrientes.gob.mx\/Archivos\/articulo8\/Ley_de_Austeridad_y_Ahorro_del_Estado_de_Jalisco_y_sus_Municipios.doc\" target=\"_blank\">WORD<\/a><\/strong><br>Ley de Justicia Alternativa del Estado Libre y Soberano de Jalisco <strong><a rel=\"noreferrer noopener\" href=\"https:\/\/transparencia.cabocorrientes.gob.mx\/Archivos\/articulo8\/Ley_de_Justicia_Alternativa_del_Estado_Libre_y_Soberano_de_Jalisco.doc\" data-type=\"URL\" data-id=\"https:\/\/transparencia.cabocorrientes.gob.mx\/Archivos\/articulo8\/Ley_de_Justicia_Alternativa_del_Estado_Libre_y_Soberano_de_Jalisco.doc\" target=\"_blank\">WORD<\/a><\/strong><br>Ley de Protecci\u00f3n de Datos Personales en Posesi\u00f3n de Sujetos Obligados del Estado de Jalisco y sus Municipios <strong><a rel=\"noreferrer noopener\" href=\"https:\/\/transparencia.cabocorrientes.gob.mx\/Archivos\/articulo8\/Ley_de_Protecci\u00f3n_de_Datos_Personales_en_Posesi\u00f3n_de_Sujetos_Obligados_del_Estado_de_Jalisco_y_sus_Municipios.doc\" data-type=\"URL\" data-id=\"https:\/\/transparencia.cabocorrientes.gob.mx\/Archivos\/articulo8\/Ley_de_Protecci\u00f3n_de_Datos_Personales_en_Posesi\u00f3n_de_Sujetos_Obligados_del_Estado_de_Jalisco_y_sus_Municipios.doc\" target=\"_blank\">WORD<\/a><\/strong><br>Ley para los Servidores P\u00fablicos del Estado de Jalisco y sus Municipios <strong><a rel=\"noreferrer noopener\" href=\"https:\/\/transparencia.cabocorrientes.gob.mx\/Archivos\/articulo8\/Ley_para_los_Servidores_Publicos_del_Estado_de_Jalisco_y_sus_Municipios.doc\" data-type=\"URL\" data-id=\"https:\/\/transparencia.cabocorrientes.gob.mx\/Archivos\/articulo8\/Ley_para_los_Servidores_Publicos_del_Estado_de_Jalisco_y_sus_Municipios.doc\" target=\"_blank\">WORD<\/a><\/strong><br>\nLey de ingresos 2025 Cabo Corrientes <strong><a href=\"https:\/\/transparencia.cabocorrientes.gob.mx\/Archivos\/articulo8\/Leyes_de_Ingreso_Cabo_Corrientes_2025.pdf\" data-type=\"URL\" data-id=\"https:\/\/transparencia.cabocorrientes.gob.mx\/Archivos\/articulo8\/Leyes_de_Ingreso_Cabo_Corrientes_2025.pdf\" target=\"_blank\" rel=\"noreferrer noopener\">PDF<\/a><\/strong><br>\nLey de planeaci\u00f3n participativa para el estado de jalisco y sus municipios <strong><a rel=\"noreferrer noopener\" href=\"https:\/\/transparencia.cabocorrientes.gob.mx\/Archivos\/articulo8\/Ley_de_planeaci\u00f3n_participativa_para_el_estado_de_jalisco_y_sus_municipios.pdf\" data-type=\"URL\" data-id=\"https:\/\/transparencia.cabocorrientes.gob.mx\/Archivos\/articulo8\/Ley_de_planeaci\u00f3n_participativa_para_el_estado_de_jalisco_y_sus_municipios.pdf\" target=\"_blank\">PDF<\/a><\/strong><br>\nLey del sistema de participacio\u0301n ciudadana y popular para la gobernanza <strong><a rel=\"noreferrer noopener\" href=\"https:\/\/transparencia.cabocorrientes.gob.mx\/Archivos\/articulo8\/Ley_del_sistema_de_participacion_ciudadana_y_popular_para_la_gobernanza.pdf\" data-type=\"URL\" data-id=\"https:\/\/transparencia.cabocorrientes.gob.mx\/Archivos\/articulo8\/Ley_del_sistema_de_participacion_ciudadana_y_popular_para_la_gobernanza.pdf\" target=\"_blank\">PDF<\/a><\/strong><\/p>\n\n\n<\/div>\n<p><\/p>\n\n\n<span class=\"collapseomatic \" id=\"id69f14707437e2\"  tabindex=\"0\" title=\"Leyes Federales\"    >Leyes Federales<\/span><div id=\"target-id69f14707437e2\" class=\"collapseomatic_content \">\n\n\n<p><\/p>\n\n\n<p>C\u00f3digo civil federal <strong><a rel=\"noreferrer noopener\" href=\"https:\/\/transparencia.cabocorrientes.gob.mx\/Archivos\/articulo8\/C\u00f3digo_Civil_Federal.pdf\" data-type=\"URL\" data-id=\"https:\/\/transparencia.cabocorrientes.gob.mx\/Archivos\/articulo8\/C\u00f3digo_Civil_Federal.pdf\" target=\"_blank\">PDF<\/a><\/strong><br>C\u00f3digo de comercio <strong><a rel=\"noreferrer noopener\" href=\"https:\/\/transparencia.cabocorrientes.gob.mx\/Archivos\/articulo8\/C\u00f3digo_de_Comercio.pdf\" data-type=\"URL\" data-id=\"https:\/\/transparencia.cabocorrientes.gob.mx\/Archivos\/articulo8\/C\u00f3digo_de_Comercio.pdf\" target=\"_blank\">PDF<\/a><\/strong><br>C\u00f3digo fiscal de la federaci\u00f3n <strong><a href=\"https:\/\/transparencia.cabocorrientes.gob.mx\/Archivos\/articulo8\/CFF.pdf\" data-type=\"URL\" data-id=\"https:\/\/transparencia.cabocorrientes.gob.mx\/Archivos\/articulo8\/CFF.pdf\" target=\"_blank\" rel=\"noreferrer noopener\">PDF<\/a><\/strong><br>C\u00f3digo nacional de procedimientos penales <strong><a rel=\"noreferrer noopener\" href=\"https:\/\/transparencia.cabocorrientes.gob.mx\/Archivos\/articulo8\/C\u00f3digo_Nacional_de_Procedimientos_penales.doc\" data-type=\"URL\" data-id=\"https:\/\/transparencia.cabocorrientes.gob.mx\/Archivos\/articulo8\/C\u00f3digo_Nacional_de_Procedimientos_penales.doc\" target=\"_blank\">WORD<\/a><\/strong><br>C\u00f3digo penal federal <strong><a rel=\"noreferrer noopener\" href=\"https:\/\/transparencia.cabocorrientes.gob.mx\/Archivos\/articulo8\/C\u00f3digo_Penal_Federal.pdf\" data-type=\"URL\" data-id=\"https:\/\/transparencia.cabocorrientes.gob.mx\/Archivos\/articulo8\/C\u00f3digo_Penal_Federal.pdf\" target=\"_blank\">PDF<\/a><\/strong><br>Ley de adquisiciones, arrendamientos y servicios del sector p\u00fablico <strong><a rel=\"noreferrer noopener\" href=\"https:\/\/transparencia.cabocorrientes.gob.mx\/Archivos\/articulo8\/Ley_de_Adquisiciones_Arrendamientos_y_Servicios_del_Sector_P\u00fablico.pdf\" data-type=\"URL\" data-id=\"https:\/\/transparencia.cabocorrientes.gob.mx\/Archivos\/articulo8\/Ley_de_Adquisiciones_Arrendamientos_y_Servicios_del_Sector_P\u00fablico.pdf\" target=\"_blank\">PDF<\/a><\/strong><br>Ley de los derechos de las personas adultas mayores <strong><a rel=\"noreferrer noopener\" href=\"https:\/\/transparencia.cabocorrientes.gob.mx\/Archivos\/articulo8\/Ley_de_los_Derechos_de_las_Personas_Adultas_Mayores.pdf\" data-type=\"URL\" data-id=\"https:\/\/transparencia.cabocorrientes.gob.mx\/Archivos\/articulo8\/Ley_de_los_Derechos_de_las_Personas_Adultas_Mayores.pdf\" target=\"_blank\">PDF<\/a><\/strong><br>Ley federal de derechos <strong><a rel=\"noreferrer noopener\" href=\"https:\/\/transparencia.cabocorrientes.gob.mx\/Archivos\/articulo8\/Ley_Federal_de_Derechos.pdf\" data-type=\"URL\" data-id=\"https:\/\/transparencia.cabocorrientes.gob.mx\/Archivos\/articulo8\/Ley_Federal_de_Derechos.pdf\" target=\"_blank\">PDF<\/a><\/strong><br>Ley federal de responsabilidad patrimonial del estado <strong><a rel=\"noreferrer noopener\" href=\"https:\/\/transparencia.cabocorrientes.gob.mx\/Archivos\/articulo8\/Ley_Federal_de_Responsabilidad_Patrimonial_del_Estado.pdf\" data-type=\"URL\" data-id=\"https:\/\/transparencia.cabocorrientes.gob.mx\/Archivos\/articulo8\/Ley_Federal_de_Responsabilidad_Patrimonial_del_Estado.pdf\" target=\"_blank\">PDF<\/a><\/strong><br>Ley federal de transparencia y acceso a la informaci\u00f3n p\u00fablica gubernamental <strong><a rel=\"noreferrer noopener\" href=\"https:\/\/transparencia.cabocorrientes.gob.mx\/Archivos\/articulo8\/Ley_Federal_de_Transparencia_y_Acceso_a_la_Informaci\u00f3n_P\u00fablica.pdf\" data-type=\"URL\" data-id=\"https:\/\/transparencia.cabocorrientes.gob.mx\/Archivos\/articulo8\/Ley_Federal_de_Transparencia_y_Acceso_a_la_Informaci\u00f3n_P\u00fablica.pdf\" target=\"_blank\">PDF<\/a><\/strong><br>Ley General de Protecci\u00f3n de Datos Personales en Posesi\u00f3n de Sujetos Obligados <strong><a rel=\"noreferrer noopener\" href=\"https:\/\/transparencia.cabocorrientes.gob.mx\/Archivos\/articulo8\/Ley_General_de_Protecci\u00f3n_de_Datos_Personales_en_Posesi\u00f3n_de_Sujetos_Obligados.doc\" data-type=\"URL\" data-id=\"https:\/\/transparencia.cabocorrientes.gob.mx\/Archivos\/articulo8\/Ley_General_de_Protecci\u00f3n_de_Datos_Personales_en_Posesi\u00f3n_de_Sujetos_Obligados.doc\" target=\"_blank\">WORD<\/a><\/strong><\/p>\n\n\n<\/div>\n<p><\/p>\n\n\n<div class=\"wp-block-buttons is-content-justification-center is-layout-flex wp-block-buttons-is-layout-flex\"><\/div>\n\n\n\n<p><\/p>\n","protected":false},"excerpt":{"rendered":"","protected":false},"author":1,"featured_media":0,"parent":0,"menu_order":0,"comment_status":"closed","ping_status":"closed","template":"","meta":{"_coblocks_attr":"","_coblocks_dimensions":"","_coblocks_responsive_height":"","_coblocks_accordion_ie_support":"","_regular_price":[],"currency_symbol":[],"footnotes":""},"class_list":["post-840","page","type-page","status-publish","hentry"],"post_slider_layout_featured_media_urls":{"thumbnail":"","post_slider_layout_landscape_large":"","post_slider_layout_portrait_large":"","post_slider_layout_square_large":"","post_slider_layout_landscape":"","post_slider_layout_portrait":"","post_slider_layout_square":"","full":""},"_links":{"self":[{"href":"https:\/\/transparencia.cabocorrientes.gob.mx\/index.php?rest_route=\/wp\/v2\/pages\/840","targetHints":{"allow":["GET"]}}],"collection":[{"href":"https:\/\/transparencia.cabocorrientes.gob.mx\/index.php?rest_route=\/wp\/v2\/pages"}],"about":[{"href":"https:\/\/transparencia.cabocorrientes.gob.mx\/index.php?rest_route=\/wp\/v2\/types\/page"}],"author":[{"embeddable":true,"href":"https:\/\/transparencia.cabocorrientes.gob.mx\/index.php?rest_route=\/wp\/v2\/users\/1"}],"replies":[{"embeddable":true,"href":"https:\/\/transparencia.cabocorrientes.gob.mx\/index.php?rest_route=%2Fwp%2Fv2%2Fcomments&post=840"}],"version-history":[{"count":46,"href":"https:\/\/transparencia.cabocorrientes.gob.mx\/index.php?rest_route=\/wp\/v2\/pages\/840\/revisions"}],"predecessor-version":[{"id":14634,"href":"https:\/\/transparencia.cabocorrientes.gob.mx\/index.php?rest_route=\/wp\/v2\/pages\/840\/revisions\/14634"}],"wp:attachment":[{"href":"https:\/\/transparencia.cabocorrientes.gob.mx\/index.php?rest_route=%2Fwp%2Fv2%2Fmedia&parent=840"}],"curies":[{"name":"wp","href":"https:\/\/api.w.org\/{rel}","templated":true}]}}