{"id":791,"date":"2022-01-11T20:34:58","date_gmt":"2022-01-11T20:34:58","guid":{"rendered":"https:\/\/transparencia.cabocorrientes.gob.mx\/?page_id=791"},"modified":"2022-01-20T18:59:13","modified_gmt":"2022-01-20T18:59:13","slug":"las-disposiciones-de-las-constituciones-politicas-federal-y-estatal","status":"publish","type":"page","link":"https:\/\/transparencia.cabocorrientes.gob.mx\/?page_id=791","title":{"rendered":"Las disposiciones de las Constituciones Pol\u00edticas Federal y Estatal"},"content":{"rendered":"\n<div class=\"wp-block-columns is-layout-flex wp-container-core-columns-is-layout-9d6595d7 wp-block-columns-is-layout-flex\">\n<div class=\"wp-block-column is-layout-flow wp-block-column-is-layout-flow\"><\/div>\n<\/div>\n\n\n\n<h6 class=\"wp-block-heading\"><strong>Art\u00edculos Aplicables de la Constituci\u00f3n Pol\u00edtica del Estado de Jalisco<\/strong><\/h6>\n\n\n\n<p class=\"has-small-font-size\">&nbsp;(Actualizado: 06 de Junio del 2017.)<\/p>\n\n\n\n<p><strong><a rel=\"noreferrer noopener\" href=\"https:\/\/transparencia.cabocorrientes.gob.mx\/Archivos\/articulo8\/articulos_aplicables_constitucion_politica_estado_jalisco.pdf\" data-type=\"URL\" data-id=\"https:\/\/transparencia.cabocorrientes.gob.mx\/Archivos\/articulo8\/articulos_aplicables_constitucion_politica_estado_jalisco.pdf\" target=\"_blank\">PDF<\/a><\/strong><\/p>\n\n\n\n<h6 class=\"wp-block-heading\"><strong>Art\u00edculos Aplicables de la Constituci\u00f3n Pol\u00edtica de los Estados Unidos Mexicanos<\/strong><\/h6>\n\n\n\n<p class=\"has-small-font-size\">(Actualizado: 06 de Junio del 2017.)<\/p>\n\n\n\n<p><strong><a href=\"https:\/\/transparencia.cabocorrientes.gob.mx\/Archivos\/articulo8\/articulos_aplicables_constitucion_politica_estados_unidos_mexicanos.pdf\" data-type=\"URL\" data-id=\"https:\/\/transparencia.cabocorrientes.gob.mx\/Archivos\/articulo8\/articulos_aplicables_constitucion_politica_estados_unidos_mexicanos.pdf\" target=\"_blank\" rel=\"noreferrer noopener\">PDF<\/a><\/strong><\/p>\n\n\n\n<h6 class=\"wp-block-heading\"><strong>Constituci\u00f3n Pol\u00edtica del Estado de Jalisco<\/strong><\/h6>\n\n\n\n<p class=\"has-small-font-size\">Fecha de publicaci\u00f3n: 08 de julio del 1917.<br>Vigencia: 2 de agosto de 1917.<br>\u00daltima actualizaci\u00f3n: 06 de Junio de 2017.<\/p>\n\n\n\n<p><strong><a href=\"https:\/\/transparencia.cabocorrientes.gob.mx\/Archivos\/articulo8\/constitucion_politica_del_estado_de_jalisco.pdf\" data-type=\"URL\" data-id=\"https:\/\/transparencia.cabocorrientes.gob.mx\/Archivos\/articulo8\/constitucion_politica_del_estado_de_jalisco.pdf\" target=\"_blank\" rel=\"noreferrer noopener\">PDF<\/a><\/strong><\/p>\n\n\n\n<h6 class=\"wp-block-heading\"><strong>Constituci\u00f3n Pol\u00edtica de los Estados Unidos Mexicanos<\/strong><\/h6>\n\n\n\n<p class=\"has-small-font-size\">Fecha de publicaci\u00f3n: 05 de febrero del 1917.<br>Vigencia: 1 de Mayo de 1917.<br>\u00daltima actualizaci\u00f3n: 06 de Junio del 2017017.<\/p>\n\n\n\n<p><strong><a href=\"https:\/\/transparencia.cabocorrientes.gob.mx\/Archivos\/articulo8\/constitucion_politica_de_los_estados_unidos_mexicanos.pdf\" data-type=\"URL\" data-id=\"https:\/\/transparencia.cabocorrientes.gob.mx\/Archivos\/articulo8\/constitucion_politica_de_los_estados_unidos_mexicanos.pdf\" target=\"_blank\" rel=\"noreferrer noopener\">PDF<\/a><\/strong><\/p>\n\n\n\n<div class=\"wp-block-buttons is-content-justification-center is-layout-flex wp-block-buttons-is-layout-flex\"><\/div>\n\n\n\n<p><\/p>\n","protected":false},"excerpt":{"rendered":"<p>Art\u00edculos Aplicables de la Constituci\u00f3n Pol\u00edtica del Estado de Jalisco &nbsp;(Actualizado: 06 de Junio del 2017.) PDF Art\u00edculos Aplicables de la Constituci\u00f3n Pol\u00edtica de los Estados Unidos Mexicanos (Actualizado: 06 de Junio del 2017.) PDF Constituci\u00f3n Pol\u00edtica del Estado de Jalisco Fecha de publicaci\u00f3n: 08 de julio del 1917.Vigencia: 2 de agosto de 1917.\u00daltima actualizaci\u00f3n: &hellip; <\/p>\n<p class=\"link-more\"><a href=\"https:\/\/transparencia.cabocorrientes.gob.mx\/?page_id=791\" class=\"more-link\">Continue reading<span class=\"screen-reader-text\"> \u00abLas disposiciones de las Constituciones Pol\u00edticas Federal y Estatal\u00bb<\/span><\/a><\/p>\n","protected":false},"author":1,"featured_media":0,"parent":0,"menu_order":0,"comment_status":"closed","ping_status":"closed","template":"","meta":{"_coblocks_attr":"","_coblocks_dimensions":"","_coblocks_responsive_height":"","_coblocks_accordion_ie_support":"","_regular_price":[],"currency_symbol":[],"footnotes":""},"class_list":["post-791","page","type-page","status-publish","hentry"],"post_slider_layout_featured_media_urls":{"thumbnail":"","post_slider_layout_landscape_large":"","post_slider_layout_portrait_large":"","post_slider_layout_square_large":"","post_slider_layout_landscape":"","post_slider_layout_portrait":"","post_slider_layout_square":"","full":""},"_links":{"self":[{"href":"https:\/\/transparencia.cabocorrientes.gob.mx\/index.php?rest_route=\/wp\/v2\/pages\/791","targetHints":{"allow":["GET"]}}],"collection":[{"href":"https:\/\/transparencia.cabocorrientes.gob.mx\/index.php?rest_route=\/wp\/v2\/pages"}],"about":[{"href":"https:\/\/transparencia.cabocorrientes.gob.mx\/index.php?rest_route=\/wp\/v2\/types\/page"}],"author":[{"embeddable":true,"href":"https:\/\/transparencia.cabocorrientes.gob.mx\/index.php?rest_route=\/wp\/v2\/users\/1"}],"replies":[{"embeddable":true,"href":"https:\/\/transparencia.cabocorrientes.gob.mx\/index.php?rest_route=%2Fwp%2Fv2%2Fcomments&post=791"}],"version-history":[{"count":9,"href":"https:\/\/transparencia.cabocorrientes.gob.mx\/index.php?rest_route=\/wp\/v2\/pages\/791\/revisions"}],"predecessor-version":[{"id":815,"href":"https:\/\/transparencia.cabocorrientes.gob.mx\/index.php?rest_route=\/wp\/v2\/pages\/791\/revisions\/815"}],"wp:attachment":[{"href":"https:\/\/transparencia.cabocorrientes.gob.mx\/index.php?rest_route=%2Fwp%2Fv2%2Fmedia&parent=791"}],"curies":[{"name":"wp","href":"https:\/\/api.w.org\/{rel}","templated":true}]}}