{"id":6427,"date":"2023-02-23T20:56:10","date_gmt":"2023-02-23T20:56:10","guid":{"rendered":"https:\/\/transparencia.cabocorrientes.gob.mx\/?page_id=6427"},"modified":"2025-05-20T05:22:07","modified_gmt":"2025-05-20T05:22:07","slug":"sesiones-de-cabildo-2018","status":"publish","type":"page","link":"https:\/\/transparencia.cabocorrientes.gob.mx\/?page_id=6427","title":{"rendered":"Sesiones de Cabildo\u00a02018"},"content":{"rendered":"<p>Orden del d\u00eda sesi\u00f3n 26 de Marzo segunda parte <a href=\"https:\/\/transparencia.cabocorrientes.gob.mx\/Archivos\/articulo8\/Orden_del_d\u00eda_26_Marzo_2018_Segunda_parte.docx\" target=\"_blank\" rel=\"noopener\" data-wplink-url-error=\"true\">WORD<\/a><br \/>\nOrden del d\u00eda sesi\u00f3n 16 de Abril <a href=\"https:\/\/transparencia.cabocorrientes.gob.mx\/Archivos\/Orden del d\u00eda 16 Abril 201.docx\" target=\"_blank\" rel=\"noopener\" data-wplink-url-error=\"true\">WORD<\/a><br \/>\nOrden del d\u00eda sesi\u00f3n extraordinaria 19 de Abril <a href=\"https:\/\/transparencia.cabocorrientes.gob.mx\/Archivos\/articulo8\/Orden_del_d\u00eda_19_Abril_2018_0.docx\" target=\"_blank\" rel=\"noopener\" data-wplink-url-error=\"true\">WORD<\/a><br \/>\nOrden del d\u00eda sesi\u00f3n ordinaria 05 Julio 2018 <a href=\"https:\/\/transparencia.cabocorrientes.gob.mx\/Archivos\/articulo8\/Orden_ordinaria__05_de_Julio_2018.docx\" target=\"_blank\" rel=\"noopener\" data-wplink-url-error=\"true\">WORD<\/a><br \/>\nOrden del d\u00eda sesi\u00f3n ordinaria 19 Julio 2018 <a href=\"https:\/\/transparencia.cabocorrientes.gob.mx\/Archivos\/articulo8\/Orden_ordinaria__19_Julio_2018.docx\" target=\"_blank\" rel=\"noopener\" data-wplink-url-error=\"true\">WORD<\/a><br \/>\nOrden del d\u00eda sesi\u00f3n extraordinaria 21 septiembre 2018 <a href=\"https:\/\/transparencia.cabocorrientes.gob.mx\/Archivos\/articulo8\/Orden_extraordinaria_21_septiembre_2018.docx\" target=\"_blank\" rel=\"noopener\" data-wplink-url-error=\"true\">WORD<\/a><br \/>\nOrden del d\u00eda sesi\u00f3n ordinaria 29 de septiembre 2018 <a href=\"https:\/\/transparencia.cabocorrientes.gob.mx\/Archivos\/articulo8\/Orden_ordinaria__29_Septiembre_2018.docx\" target=\"_blank\" rel=\"noopener\" data-wplink-url-error=\"true\">WORD<\/a><br \/>\nOrden del d\u00eda sesi\u00f3n ordinaria 18 de octubre <a href=\"https:\/\/transparencia.cabocorrientes.gob.mx\/Archivos\/articulo8\/Orden_del_d\u00eda_Sesi\u00f3n_Ordinaria_18_Octubre_2018_(1).docx\" target=\"_blank\" rel=\"noopener\" data-wplink-url-error=\"true\">WORD<\/a><br \/>\nOrden del d\u00eda sesi\u00f3n ordinaria 13 de Noviembre <a href=\"https:\/\/transparencia.cabocorrientes.gob.mx\/Archivos\/articulo8\/ORDEN_DEL_DIA_SESION_ORDINARIA_13_NOVIEMBRE_2018.docx\" target=\"_blank\" rel=\"noopener\" data-wplink-url-error=\"true\">WORD<\/a><br \/>\nOrden del d\u00eda sesi\u00f3n ordinaria 05 de diciembre <a href=\"https:\/\/transparencia.cabocorrientes.gob.mx\/Archivos\/articulo8\/SESION_5_DICIEMBRE_2018.docx\" target=\"_blank\" rel=\"noopener\" data-wplink-url-error=\"true\">WORD<\/a><br \/>\nOrden del d\u00eda sesi\u00f3n ordinaria 21 de diciembre <a href=\"https:\/\/transparencia.cabocorrientes.gob.mx\/Archivos\/articulo8\/SESION_21_DICIEMBRE_2018.docx\" target=\"_blank\" rel=\"noopener\" data-wplink-url-error=\"true\">WORD<\/a><\/p>\n","protected":false},"excerpt":{"rendered":"<p>Orden del d\u00eda sesi\u00f3n 26 de Marzo segunda parte WORD Orden del d\u00eda sesi\u00f3n 16 de Abril WORD Orden del d\u00eda sesi\u00f3n extraordinaria 19 de Abril WORD Orden del d\u00eda sesi\u00f3n ordinaria 05 Julio 2018 WORD Orden del d\u00eda sesi\u00f3n ordinaria 19 Julio 2018 WORD Orden del d\u00eda sesi\u00f3n extraordinaria 21 septiembre 2018 WORD Orden &hellip; <\/p>\n<p class=\"link-more\"><a href=\"https:\/\/transparencia.cabocorrientes.gob.mx\/?page_id=6427\" class=\"more-link\">Continue reading<span class=\"screen-reader-text\"> \u00abSesiones de Cabildo\u00a02018\u00bb<\/span><\/a><\/p>\n","protected":false},"author":4,"featured_media":0,"parent":0,"menu_order":0,"comment_status":"closed","ping_status":"closed","template":"","meta":{"_coblocks_attr":"","_coblocks_dimensions":"","_coblocks_responsive_height":"","_coblocks_accordion_ie_support":"","_regular_price":[],"currency_symbol":[],"footnotes":""},"class_list":["post-6427","page","type-page","status-publish","hentry"],"post_slider_layout_featured_media_urls":{"thumbnail":"","post_slider_layout_landscape_large":"","post_slider_layout_portrait_large":"","post_slider_layout_square_large":"","post_slider_layout_landscape":"","post_slider_layout_portrait":"","post_slider_layout_square":"","full":""},"_links":{"self":[{"href":"https:\/\/transparencia.cabocorrientes.gob.mx\/index.php?rest_route=\/wp\/v2\/pages\/6427","targetHints":{"allow":["GET"]}}],"collection":[{"href":"https:\/\/transparencia.cabocorrientes.gob.mx\/index.php?rest_route=\/wp\/v2\/pages"}],"about":[{"href":"https:\/\/transparencia.cabocorrientes.gob.mx\/index.php?rest_route=\/wp\/v2\/types\/page"}],"author":[{"embeddable":true,"href":"https:\/\/transparencia.cabocorrientes.gob.mx\/index.php?rest_route=\/wp\/v2\/users\/4"}],"replies":[{"embeddable":true,"href":"https:\/\/transparencia.cabocorrientes.gob.mx\/index.php?rest_route=%2Fwp%2Fv2%2Fcomments&post=6427"}],"version-history":[{"count":13,"href":"https:\/\/transparencia.cabocorrientes.gob.mx\/index.php?rest_route=\/wp\/v2\/pages\/6427\/revisions"}],"predecessor-version":[{"id":14111,"href":"https:\/\/transparencia.cabocorrientes.gob.mx\/index.php?rest_route=\/wp\/v2\/pages\/6427\/revisions\/14111"}],"wp:attachment":[{"href":"https:\/\/transparencia.cabocorrientes.gob.mx\/index.php?rest_route=%2Fwp%2Fv2%2Fmedia&parent=6427"}],"curies":[{"name":"wp","href":"https:\/\/api.w.org\/{rel}","templated":true}]}}