{"id":6083,"date":"2023-02-15T19:30:52","date_gmt":"2023-02-15T19:30:52","guid":{"rendered":"https:\/\/transparencia.cabocorrientes.gob.mx\/?page_id=6083"},"modified":"2025-05-21T04:57:20","modified_gmt":"2025-05-21T04:57:20","slug":"sesiones-de-cabildo-2020","status":"publish","type":"page","link":"https:\/\/transparencia.cabocorrientes.gob.mx\/?page_id=6083","title":{"rendered":"Sesiones de Cabildo 2020"},"content":{"rendered":"<h6><strong>SESION EXTRAORDINARIA FEBRERO 2020<\/strong><\/h6>\n<p>Convocatoria 06 de Mayo 2020 <strong><a href=\"https:\/\/transparencia.cabocorrientes.gob.mx\/Archivos\/articulo8\/CONVOCATORIA_06_DE_MAYO_2020.docx\" target=\"_blank\" rel=\"noopener\" data-wplink-url-error=\"true\">WORD<\/a><\/strong><br \/>\nSesi\u00f3n Extraordinaria 06 de Mayo 2020 <strong><a href=\"https:\/\/transparencia.cabocorrientes.gob.mx\/Archivos\/articulo8\/SESION_EXTRAORDINARIA_06_FEB_2020.pdf\" target=\"_blank\" rel=\"noopener\" data-wplink-url-error=\"true\">PDF<\/a><\/strong><br \/>\nSesi\u00f3n Extraordinaria 06 Mayo 2020 <strong><a href=\"https:\/\/transparencia.cabocorrientes.gob.mx\/Archivos\/articulo8\/SESION_EXTRAORDINARIA_06_MAYO_2020.pdf\" target=\" _blank\" rel=\"noopener\" data-wplink-url-error=\"true\">PDF<\/a><\/strong><\/p>\n<h6><strong>SESION ORDINARIA 20 FEB 2020<\/strong><\/h6>\n<p>Orden del dia sesi\u00f3n Ordinaria 20 de Febrero 2020 <strong><a href=\"https:\/\/transparencia.cabocorrientes.gob.mx\/Archivos\/articulo8\/ORDEN_DEL_DIA_SESION_ORDINARIA_20_FEBRERO_2020.docx\" target=\" rel=\" rel=\"noopener\">WORD<\/a><\/strong><br \/>\nSesi\u00f3m Ordinaria 20 Febrero 2020 <strong><a href=\"https:\/\/transparencia.cabocorrientes.gob.mx\/Archivos\/articulo8\/SESION_ORDINARIA_20_FEB_2020.pdf\" target=\"_blank\" rel=\"noopener\" data-wplink-url-error=\"true\">PDF<\/a><\/strong><br \/>\nSesion Ordinaria 20 de Febrero del 2020 <strong><a href=\"https:\/\/transparencia.cabocorrientes.gob.mx\/Archivos\/articulo8\/SESION_ORDINARIA_20_FEBRERO_DEL_2020.docx\" target=\" _blank\" rel=\"noopener\" data-wplink-url-error=\"true\">WORD<\/a><\/strong><\/p>\n<h6><strong>SESION ORDINARIA 18 MARZO 2020<\/strong><\/h6>\n<p>Convocatoria Sesi\u00f3n 18 de Marzo 2020 <strong><a href=\"https:\/\/transparencia.cabocorrientes.gob.mx\/Archivos\/articulo8\/CONVOCATORIA_SESION_18_MARZO_2020.docx\" target=\" rel=\" rel=\"noopener\">WORD<\/a><\/strong><br \/>\nSesi\u00f3n Ordinaria 18 Marzo 2020 <strong><a href=\"https:\/\/transparencia.cabocorrientes.gob.mx\/Archivos\/articulo8\/SESION_ORDINARIA_18_MARZO_2020.pdf\" target=\"_blank\" rel=\"noopener\" data-wplink-url-error=\"true\">PDF<\/a><\/strong><br \/>\nSesi\u00f3n Ordinaria de Ayuntamiento 18 de Marzo <strong><a href=\"https:\/\/transparencia.cabocorrientes.gob.mx\/Archivos\/articulo8\/SESI\u00d3N_ORDINARIA_DE_AYUNTAMIENTO18_DE_MARZO.docx\" target=\" _blank\" rel=\"noopener\" data-wplink-url-error=\"true\">WORD<\/a><\/strong><\/p>\n<h6><strong>SESION ORDINARIA 30 ABRIL 2020 CEA<\/strong><\/h6>\n<p>Convocatoria 27 de Marzo <strong><a href=\"https:\/\/transparencia.cabocorrientes.gob.mx\/Archivos\/articulo8\/03.-CONVOCATORIA_27_MARZO_2020.docx\" target=\" rel=\" rel=\"noopener\">WORD<\/a><\/strong><br \/>\nSesion Ordinaria 30 de Abril 2020 <strong><a href=\"https:\/\/transparencia.cabocorrientes.gob.mx\/Archivos\/articulo8\/SESION_ORDINARIA_30_ABRIL_2020.pdf\" target=\"_blank\" rel=\"noopener\" data-wplink-url-error=\"true\">PDF<\/a><\/strong><br \/>\nSesi\u00f3n Ordinaria de Ayuntamiento 30 de Abril 2020 <strong><a href=\"https:\/\/transparencia.cabocorrientes.gob.mx\/Archivos\/articulo8\/SESI\u00d3N_ORDINARIA_DE_AYUNTAMIENTO_30_DE_ABRIL_2020.docx\" target=\" _blank\" rel=\"noopener\" data-wplink-url-error=\"true\">WORD<\/a><\/strong><\/p>\n<h6><strong>SESION EXTRAORDINARIA 01 ABRIL 2020<\/strong><\/h6>\n<p>Convocatoria 27 de Marzo 2020 <strong><a href=\"https:\/\/transparencia.cabocorrientes.gob.mx\/Archivos\/articulo8\/CONVOCATORIA_27_MARZO_2020.docx\" target=\"_blank\" rel=\"noopener\" data-wplink-url-error=\"true\">WORD<\/a><\/strong><br \/>\nOrden del di\u00e1 01 de Abril del 2020 <strong><a href=\"https:\/\/transparencia.cabocorrientes.gob.mx\/Archivos\/articulo8\/ORDEN_DEL_DIA_01_ABRIL_2020.docx\" target=\"_blank\" rel=\"noopener\" data-wplink-url-error=\"true\">WORD<\/a><\/strong><br \/>\nSesi\u00f3n Extraordinaria 01 de Abril 2020 <strong><a href=\"https:\/\/transparencia.cabocorrientes.gob.mx\/Archivos\/articulo8\/SESION_EXTRAORDINARIA_01_ABRIL_2020.pdf\" target=\" _blank\" rel=\"noopener\" data-wplink-url-error=\"true\">PDF<\/a><\/strong><br \/>\nSesi\u00f3n Extraordinaria 01 de Abril 2020<strong>\u00a0<a href=\"https:\/\/transparencia.cabocorrientes.gob.mx\/Archivos\/articulo8\/SESI\u00d3N_EXTRAORDINARIA_01_DE_ABRIL_2020.docx\" target=\" _blank\" rel=\"noopener\" data-wplink-url-error=\"true\">WORD<\/a><\/strong><\/p>\n<h6><strong>SESION EXTRAORDINARIA 06 MAYO 2020<\/strong><\/h6>\n<p>Convocatoria 06 de Mayo 2020 <strong><a href=\"https:\/\/transparencia.cabocorrientes.gob.mx\/Archivos\/articulo8\/CONVOCATORIA_06_DE_MAYO_2020.docx\" target=\"_blank\" rel=\"noopener\" data-wplink-url-error=\"true\">WORD<\/a><\/strong><br \/>\nSesi\u00f3n Extraordinaria 06 de Mayo de 2020 <strong><a href=\"https:\/\/transparencia.cabocorrientes.gob.mx\/Archivos\/articulo8\/SESI\u00d3N_EXTRAORDINARIA_06_MAYO_2020_5.docx\" target=\"_blank\" rel=\"noopener\" data-wplink-url-error=\"true\">WORD<\/a><\/strong><br \/>\nSesi\u00f3n Extraordinaria 06 de Mayo 2020 <strong><a href=\"https:\/\/transparencia.cabocorrientes.gob.mx\/Archivos\/articulo8\/SESION_EXTRAORDINARIA_06_FEB_2020.pdf\" target=\" _blank\" rel=\"noopener\" data-wplink-url-error=\"true\">PDF<\/a><\/strong><\/p>\n<h6><strong>SESION EXTRAORDINARIA 19 MAYO 2020<\/strong><\/h6>\n<p>Orden del Dia 19 de Mayo del 2020 2020 <strong><a href=\"https:\/\/transparencia.cabocorrientes.gob.mx\/Archivos\/articulo8\/ORDEN_DEL_DIA_19_MAYO_2020.docx\" target=\" rel=\" rel=\"noopener\">WORD<\/a><\/strong><br \/>\nSesi\u00f3n Ordinaria 19 de Mayo 2020 <strong><a href=\"https:\/\/transparencia.cabocorrientes.gob.mx\/Archivos\/articulo8\/SESI\u00d3N_EXTRAORDINARIA_19_MAYO_2020.docx\" target=\"_blank\" rel=\"noopener\" data-wplink-url-error=\"true\">WORD<\/a><\/strong><br \/>\nSesi\u00f3n Extraordinaria 19 de Mayo 2020 <strong><a href=\"https:\/\/transparencia.cabocorrientes.gob.mx\/Archivos\/articulo8\/SESION_EXTRAORDINARIA_19_MAYO_2020.pdf\" target=\" _blank\" rel=\"noopener\" data-wplink-url-error=\"true\">PDF<\/a><\/strong><\/p>\n<h6><strong>SESION EXTRAORDINARIA 11 JUNIO 2020<\/strong><\/h6>\n<p>Convocatoria 11 de Junio 2020 <strong><a href=\"https:\/\/transparencia.cabocorrientes.gob.mx\/Archivos\/articulo8\/CONVOCATORIA_11_JUNIO_2020_1.docx\" target=\" rel=\" rel=\"noopener\">WORD<\/a><\/strong><br \/>\nSesi\u00f3n Extraordinaria 11 de Junio 2020 <strong><a href=\"https:\/\/transparencia.cabocorrientes.gob.mx\/Archivos\/articulo8\/SESION_EXTRAORDINARIA_11_JUN_2020.pdf\" target=\"_blank\" rel=\"noopener\" data-wplink-url-error=\"true\">PDF<\/a><\/strong><br \/>\nSesi\u00f3n Extraordinaria 11 de Junio 2020 <strong><a href=\"https:\/\/transparencia.cabocorrientes.gob.mx\/Archivos\/articulo8\/SESION_EXTRAORDINARIA_11_JUNIO_2020.docx\" target=\" _blank\" rel=\"noopener\" data-wplink-url-error=\"true\">WORD<\/a><\/strong><\/p>\n<h6><strong>SESION EXTRAORDINARIA 25 JUNIO 2020<\/strong><\/h6>\n<p>CONVOCATORIA 25 JUNIO 2020 <strong><a href=\"https:\/\/transparencia.cabocorrientes.gob.mx\/Archivos\/articulo8\/CONVOCATORIA_25_JUNIO_2020_3.docx\" target=\" rel=\" rel=\"noopener\">WORD<\/a><\/strong><br \/>\nSESION EXTRAORDINARIA 25 JUN 2020 <strong><a href=\"https:\/\/transparencia.cabocorrientes.gob.mx\/Archivos\/articulo8\/SESION_EXTRAORDINARIA_25_JUN_2020.pdf\" target=\"_blank\" rel=\"noopener\" data-wplink-url-error=\"true\">PDF<\/a><\/strong><br \/>\nSESION EXTRAORDINARIA 25 JUNIO 2020 <strong><a href=\"https:\/\/transparencia.cabocorrientes.gob.mx\/Archivos\/articulo8\/SESION_EXTRAORDINARIA_25_JUNIO_2020_5.docx\" target=\" _blank\" rel=\"noopener\" data-wplink-url-error=\"true\">WORD<\/a><\/strong><\/p>\n<h6><strong>SESION ORDINARIA 27 DE AGOSTO 2020<\/strong><\/h6>\n<p>Convocatoria 27 de Agosto 2020 <strong><a href=\"https:\/\/transparencia.cabocorrientes.gob.mx\/Archivos\/articulo8\/Convocatoria_AGOSTO_27_AGOSTO.docx\" target=\" rel=\" rel=\"noopener\">WORD<\/a><\/strong><br \/>\nSesi\u00f3n Ordinaria 27 Agosto 2020 <strong><a href=\"https:\/\/transparencia.cabocorrientes.gob.mx\/Archivos\/articulo8\/SESION_ORDINARIA_27_AGO_2020.pdf\" target=\"_blank\" rel=\"noopener\" data-wplink-url-error=\"true\">PDF<\/a><\/strong><br \/>\nSesi\u00f3n ordinaria 27 de Agosto 2020 <strong><a href=\"https:\/\/transparencia.cabocorrientes.gob.mx\/Archivos\/articulo8\/SESION_ORDINARIA_27_AGOSTO_2020.docx\" target=\" _blank\" rel=\"noopener\" data-wplink-url-error=\"true\">WORD<\/a><\/strong><\/p>\n<h6><strong>SESION EXTRAORDINARIA 10 DE SEPTIEMBRE DEL 2020<\/strong><\/h6>\n<p>Sesi\u00f3n Extraordinaria 06 de Mayo 2020 <strong><a href=\"https:\/\/transparencia.cabocorrientes.gob.mx\/Archivos\/articulo8\/10.-SESION_EXTRAORDINARIA_06_MAYO_2020.pdf\" target=\" rel=\"noopener\" data-wplink-url-error=\"true\">PDF<\/a><\/strong><br \/>\nSesi\u00f3n Extraordinaria 10 Septiembre del 2020 <strong><a href=\"https:\/\/transparencia.cabocorrientes.gob.mx\/Archivos\/articulo8\/SESI\u00d3N_EXTRAORDINARIA__10_SEPTIEMBRE_DEL_2020.docx\" target=\"_blank\" rel=\"noopener\" data-wplink-url-error=\"true\">WORD<\/a><\/strong><br \/>\nSesi\u00f3n Extraordinaria 10 Septiembre 2020 <strong><a href=\"https:\/\/transparencia.cabocorrientes.gob.mx\/Archivos\/articulo8\/SESION_EXTRAORDINARIA_10_SEP_2020.pdf\" target=\" _blank\" rel=\"noopener\" data-wplink-url-error=\"true\">PDF<\/a><\/strong><\/p>\n<h6><strong>SESION EXTRAORDINARIA 20 OCTUBRE 2020<\/strong><\/h6>\n<p>Sesi\u00f3n Extraordinaria 20 de Octubre 2020<strong> <a href=\"https:\/\/transparencia.cabocorrientes.gob.mx\/Archivos\/articulo8\/SESION_EXTRAORDINARIA_20_OCT_2020.pdf\" target=\" rel=\" rel=\"noopener\">PDF<\/a><\/strong><br \/>\nSesi\u00f3n Extraordinaria 20 de Octubre 2020 <strong><a href=\"https:\/\/transparencia.cabocorrientes.gob.mx\/Archivos\/articulo8\/SESI\u00d3N_EXTRAORDINARIA_20_OCTUBRE_2020.docx\" target=\"_blank\" rel=\"noopener\" data-wplink-url-error=\"true\">WORD<\/a><\/strong><br \/>\nOrden del dia sesi\u00f3n Ext 20 de Octubre 2020 <strong><a href=\"https:\/\/transparencia.cabocorrientes.gob.mx\/Archivos\/articulo8\/ORDEN_DEL_DIA_SESION_EXT_20_OCTUBRE_2020_1.docx\" target=\" _blank\" rel=\"noopener\" data-wplink-url-error=\"true\">WORD<\/a><\/strong><\/p>\n","protected":false},"excerpt":{"rendered":"<p>SESION EXTRAORDINARIA FEBRERO 2020 Convocatoria 06 de Mayo 2020 WORD Sesi\u00f3n Extraordinaria 06 de Mayo 2020 PDF Sesi\u00f3n Extraordinaria 06 Mayo 2020 PDF SESION ORDINARIA 20 FEB 2020 Orden del dia sesi\u00f3n Ordinaria 20 de Febrero 2020 WORD Sesi\u00f3m Ordinaria 20 Febrero 2020 PDF Sesion Ordinaria 20 de Febrero del 2020 WORD SESION ORDINARIA 18 &hellip; <\/p>\n<p class=\"link-more\"><a href=\"https:\/\/transparencia.cabocorrientes.gob.mx\/?page_id=6083\" class=\"more-link\">Continue reading<span class=\"screen-reader-text\"> \u00abSesiones de Cabildo 2020\u00bb<\/span><\/a><\/p>\n","protected":false},"author":4,"featured_media":0,"parent":0,"menu_order":0,"comment_status":"closed","ping_status":"closed","template":"","meta":{"_coblocks_attr":"","_coblocks_dimensions":"","_coblocks_responsive_height":"","_coblocks_accordion_ie_support":"","_regular_price":[],"currency_symbol":[],"footnotes":""},"class_list":["post-6083","page","type-page","status-publish","hentry"],"post_slider_layout_featured_media_urls":{"thumbnail":"","post_slider_layout_landscape_large":"","post_slider_layout_portrait_large":"","post_slider_layout_square_large":"","post_slider_layout_landscape":"","post_slider_layout_portrait":"","post_slider_layout_square":"","full":""},"_links":{"self":[{"href":"https:\/\/transparencia.cabocorrientes.gob.mx\/index.php?rest_route=\/wp\/v2\/pages\/6083","targetHints":{"allow":["GET"]}}],"collection":[{"href":"https:\/\/transparencia.cabocorrientes.gob.mx\/index.php?rest_route=\/wp\/v2\/pages"}],"about":[{"href":"https:\/\/transparencia.cabocorrientes.gob.mx\/index.php?rest_route=\/wp\/v2\/types\/page"}],"author":[{"embeddable":true,"href":"https:\/\/transparencia.cabocorrientes.gob.mx\/index.php?rest_route=\/wp\/v2\/users\/4"}],"replies":[{"embeddable":true,"href":"https:\/\/transparencia.cabocorrientes.gob.mx\/index.php?rest_route=%2Fwp%2Fv2%2Fcomments&post=6083"}],"version-history":[{"count":58,"href":"https:\/\/transparencia.cabocorrientes.gob.mx\/index.php?rest_route=\/wp\/v2\/pages\/6083\/revisions"}],"predecessor-version":[{"id":14116,"href":"https:\/\/transparencia.cabocorrientes.gob.mx\/index.php?rest_route=\/wp\/v2\/pages\/6083\/revisions\/14116"}],"wp:attachment":[{"href":"https:\/\/transparencia.cabocorrientes.gob.mx\/index.php?rest_route=%2Fwp%2Fv2%2Fmedia&parent=6083"}],"curies":[{"name":"wp","href":"https:\/\/api.w.org\/{rel}","templated":true}]}}