{"id":6003,"date":"2023-02-14T19:35:44","date_gmt":"2023-02-14T19:35:44","guid":{"rendered":"https:\/\/transparencia.cabocorrientes.gob.mx\/?page_id=6003"},"modified":"2025-05-21T17:52:22","modified_gmt":"2025-05-21T17:52:22","slug":"sesiones-de-cabildo-2021","status":"publish","type":"page","link":"https:\/\/transparencia.cabocorrientes.gob.mx\/?page_id=6003","title":{"rendered":"Sesiones de Cabildo-2021"},"content":{"rendered":"<h6><strong>Sesi\u00f3n ordinaria 06 de febrero<\/strong><\/h6>\n<p>Acta archivo <strong><a href=\"https:\/\/transparencia.cabocorrientes.gob.mx\/Archivos\/articulo8\/Acta_archivo_pdf-firmas06.pdf\" target=\"_blank\" rel=\"noopener\" data-wplink-url-error=\"true\">PDF<\/a><\/strong><br \/>\nActa archivo datos abiertos <strong><a href=\"https:\/\/transparencia.cabocorrientes.gob.mx\/Archivos\/articulo8\/Acta_archivo_pdf-firmas06.pdf\" target=\"_blank\" rel=\"noopener\" data-wplink-url-error=\"true\">PDF<\/a><\/strong><br \/>\nConvocatoria archivo datos abiertos <a href=\"https:\/\/transparencia.cabocorrientes.gob.mx\/Archivos\/articulo8\/Convocatoria_archivo_datos_abiertos06.docx\" target=\" _blank\" rel=\"noopener\" data-wplink-url-error=\"true\">WORD<\/a><\/p>\n<h6><strong>Sesi\u00f3n ordinaria 10 de febrero<\/strong><\/h6>\n<p>Acta archivo datos abiertos<strong> <a href=\"https:\/\/transparencia.cabocorrientes.gob.mx\/Archivos\/articulo8\/06.-Acta_archivo_datos_abiertos.docx\" target=\"_blank\" rel=\"noopener\" data-wplink-url-error=\"true\">WORD<\/a><\/strong><br \/>\nConvocatoria archivo datos abiertos <strong><a href=\"https:\/\/transparencia.cabocorrientes.gob.mx\/Archivos\/articulo8\/06.-Convocatoria_archivo_datos_abiertos.docx\" target=\" _blank\" rel=\"noopener\" data-wplink-url-error=\"true\">PDF<\/a><\/strong><\/p>\n<h6><strong>Sesi\u00f3n ordinaria 15 de febrero<\/strong><\/h6>\n<p>Acta archivo <strong><a href=\"https:\/\/transparencia.cabocorrientes.gob.mx\/Archivos\/articulo8\/04.-Acta_archivo_pdf-firmas.pdf\" target=\"_blank\" rel=\"noopener\" data-wplink-url-error=\"true\">PDF<\/a><\/strong><br \/>\nActa archivo datos abiertos <a href=\"https:\/\/transparencia.cabocorrientes.gob.mx\/Archivos\/articulo8\/04.-Acta_archivo_datos_abiertos.docx\" target=\"_blank\" rel=\"noopener\" data-wplink-url-error=\"true\"><strong>WORD<\/strong><\/a><br \/>\nConvocatoria archivo datos abiertos <strong><a href=\"https:\/\/transparencia.cabocorrientes.gob.mx\/Archivos\/articulo8\/004.-Convocatoria_archivo_datos_abiertos.docx\" target=\" _blank\" rel=\"noopener\" data-wplink-url-error=\"true\">WORD<\/a><\/strong><br \/>\n<strong><a href=\"https:\/\/www.facebook.com\/watch\/live\/?ref=watch_permalink&amp;v=3630727363712604\" target=\" _blank\" rel=\"noopener\" data-wplink-url-error=\"true\">Transmisi\u00f3n en vivo 15 de Febrero<\/a><\/strong><br \/>\n<strong><a href=\"https:\/\/www.facebook.com\/photo\/?fbid=3757881110955001&amp;set=pcb.3757881534288292\" target=\" _blank\" rel=\"noopener\" data-wplink-url-error=\"true\">Transmisi\u00f3n en vivo 16 de Febrero<\/a><\/strong><\/p>\n<h6><strong>Sesi\u00f3n ordinaria 17 de febrero<\/strong><\/h6>\n<p>Acta archivo datos abiertos<strong> <a href=\"https:\/\/transparencia.cabocorrientes.gob.mx\/Archivos\/articulo8\/002.-Acta_archivo_.pdf-_firmas.pdf\" target=\"_blank\" rel=\"noopener\" data-wplink-url-error=\"true\">PDF<\/a><\/strong><br \/>\nConvocatoria archivo datos abiertos <strong><a href=\"https:\/\/transparencia.cabocorrientes.gob.mx\/Archivos\/articulo8\/Convocatoria_archivo_datos_abiertoFEB.docx\" target=\" _blank\" rel=\"noopener\" data-wplink-url-error=\"true\">WORD<\/a><\/strong><\/p>\n<h6><strong>Sesi\u00f3n ordinaria 31 de Marzo<\/strong><\/h6>\n<p>Acta archivo <strong><a href=\"https:\/\/transparencia.cabocorrientes.gob.mx\/Archivos\/articulo8\/02.-Acta_archivo_pdf-_firmas.pdf\" target=\"_blank\" rel=\"noopener\" data-wplink-url-error=\"true\">PDF<\/a><\/strong><br \/>\nActa archivo datos abiertos <strong><a href=\"https:\/\/transparencia.cabocorrientes.gob.mx\/Archivos\/articulo8\/02.-Acta_archivoFirmas.pdf\" target=\"_blank\" rel=\"noopener\" data-wplink-url-error=\"true\">WORD<\/a><\/strong><br \/>\n<strong><a href=\"https:\/\/www.facebook.com\/watch\/live\/?ref=watch_permalink&amp;v=144631137512448\" target=\" _blank\" rel=\"noopener\" data-wplink-url-error=\"true\">Transmisi\u00f3n en vivo 01 de Marzo<\/a><\/strong><\/p>\n<h6><strong>Sesi\u00f3n extraordinaria 14 de mayo<\/strong><\/h6>\n<p>Acta archivo<strong> <a href=\"https:\/\/transparencia.cabocorrientes.gob.mx\/Archivos\/articulo8\/Acta_-archivo_pdf_firmas.pdf\" target=\"_blank\" rel=\"noopener\" data-wplink-url-error=\"true\">PDF<\/a><\/strong><br \/>\nActa archivo datos abiertos <strong><a href=\"https:\/\/transparencia.cabocorrientes.gob.mx\/Archivos\/articulo8\/Acta-_archivo_datos_abiertos.docx\" target=\"_blank\" rel=\"noopener\" data-wplink-url-error=\"true\">WORD<\/a><\/strong><br \/>\n<strong><a href=\"https:\/\/www.facebook.com\/watch\/?v=293861119062300\" target=\" _blank\" rel=\"noopener\" data-wplink-url-error=\"true\">Transmisi\u00f3n en vivo 17 de mayo<\/a><\/strong><\/p>\n<h6><strong>Sesi\u00f3n solemne 01 de abril<\/strong><\/h6>\n<p>Acta archivo <strong><a href=\"https:\/\/transparencia.cabocorrientes.gob.mx\/Archivos\/articulo8\/03.-Acta_archivo_pdf-firmas_sesi\u00f3n_solemne.pdf\" target=\"_blank\" rel=\"noopener\" data-wplink-url-error=\"true\">PDF<\/a><\/strong><br \/>\nActa archivo datos abiertos<strong> <a href=\"https:\/\/transparencia.cabocorrientes.gob.mx\/Archivos\/articulo8\/03.-Acta_datos_abiertos_sesi\u00f3n_solemne.docx\" target=\"_blank\" rel=\"noopener\" data-wplink-url-error=\"true\">WORD<\/a><\/strong><\/p>\n<h6><strong>Sesi\u00f3n extraordinaria 28 de agosto<\/strong><\/h6>\n<p>Acta archivo <strong><a href=\"https:\/\/transparencia.cabocorrientes.gob.mx\/Archivos\/articulo8\/05.-Acta_archivo_pdf-firmas.pdf\" target=\"_blank\" rel=\"noopener\" data-wplink-url-error=\"true\">PDF<\/a><\/strong><br \/>\nActa archivo datos abiertos <strong><a href=\"https:\/\/transparencia.cabocorrientes.gob.mx\/Archivos\/articulo8\/05.-SESI\u00d3N_EXTRAORDINARIA_28_AGOSTO_2021.docx\" target=\"_blank\" rel=\"noopener\" data-wplink-url-error=\"true\">WORD<\/a><\/strong><br \/>\n<strong><a href=\"https:\/\/www.facebook.com\/watch\/live\/?ref=watch_permalink&amp;v=354997102990463\" target=\" _blank\" rel=\"noopener\" data-wplink-url-error=\"true\">Transmisi\u00f3n en vivo 17 de mayo<\/a><\/strong><\/p>\n<h6>ADMINISTRACI\u00d3N 2021-2024<\/h6>\n<h6><strong>Sesi\u00f3n ordinaria toma de protesta 01 de octubre<\/strong><\/h6>\n<p>Acta archivo <strong><a href=\"https:\/\/transparencia.cabocorrientes.gob.mx\/Archivos\/articulo8\/11Acta_archivo_pdf-firmas.pdf\" target=\"_blank\" rel=\"noopener\" data-wplink-url-error=\"true\">PDF<\/a><\/strong><br \/>\nActa archivo de datos <strong><a href=\"https:\/\/transparencia.cabocorrientes.gob.mx\/Archivos\/articulo8\/11Acta_archivo_datos_abiertos.docx\" target=\"_blank\" rel=\"noopener\" data-wplink-url-error=\"true\">WORD<\/a><\/strong><br \/>\nConvocatoria archivo datos abiertos <strong><a href=\"https:\/\/transparencia.cabocorrientes.gob.mx\/Archivos\/articulo8\/11Convocatoria_archivo_datos_abiertos.docx\" target=\"_blank\" rel=\"noopener\" data-wplink-url-error=\"true\">WORD<\/a><\/strong><\/p>\n<h6><strong>Sesi\u00f3n extraordinaria comisiones edilicias 01 de octubre<\/strong><\/h6>\n<p>Acta archivo <strong><a href=\"https:\/\/transparencia.cabocorrientes.gob.mx\/Archivos\/articulo8\/10.-Acta_archivo_pdf-firmas.pdf\" target=\"_blank\" rel=\"noopener\" data-wplink-url-error=\"true\">PDF<\/a><\/strong><br \/>\nActa archivo de datos <strong><a href=\"https:\/\/transparencia.cabocorrientes.gob.mx\/Archivos\/articulo8\/10.-Acta_archivo_datos_abiertos.docx\" target=\"_blank\" rel=\"noopener\" data-wplink-url-error=\"true\">WORD<\/a><\/strong><br \/>\nConvocatoria archivo datos abiertos <strong><a href=\"https:\/\/transparencia.cabocorrientes.gob.mx\/Archivos\/articulo8\/10.-Convocatoria_archivo_datos_abiertos.docx\" target=\"_blank\" rel=\"noopener\" data-wplink-url-error=\"true\">WORD<\/a><\/strong><\/p>\n<h6>Sesi\u00f3n ordinaria 08 de octubre<\/h6>\n<p>Acta archivo <strong><a href=\"https:\/\/transparencia.cabocorrientes.gob.mx\/Archivos\/articulo8\/09.-Acta_archivo_pdf-firmas.pdf\" target=\"_blank\" rel=\"noopener\" data-wplink-url-error=\"true\">PDF<\/a><\/strong><br \/>\nActa archivo de datos <strong><a href=\"https:\/\/transparencia.cabocorrientes.gob.mx\/Archivos\/articulo8\/09.-Acta_archivo_datos_abiertos.docx\" target=\"_blank\" rel=\"noopener\" data-wplink-url-error=\"true\">WORD<\/a><\/strong><br \/>\nConvocatoria archivo datos abiertos <strong><a href=\"https:\/\/transparencia.cabocorrientes.gob.mx\/Archivos\/articulo8\/09.-Convocatoria_archivo_datos_abiertos.docx\" target=\"_blank\" rel=\"noopener\" data-wplink-url-error=\"true\">WORD<\/a><\/strong><\/p>\n<h6><strong>Sesi\u00f3n ordinaria 19 de octubre<\/strong><\/h6>\n<p>Acta archivo <strong><a href=\"https:\/\/transparencia.cabocorrientes.gob.mx\/Archivos\/articulo8\/10.-Acta_archivo_pdf-firmas_.-(1).pdf\" target=\"_blank\" rel=\"noopener\" data-wplink-url-error=\"true\">PDF<\/a><\/strong><br \/>\nActa archivo de datos <strong><a href=\"https:\/\/transparencia.cabocorrientes.gob.mx\/Archivos\/articulo8\/10.-Acta_archivo_datos_abiertos_(2).docx\" target=\"_blank\" rel=\"noopener\" data-wplink-url-error=\"true\">WORD<\/a><\/strong><br \/>\nConvocatoria archivo datos abiertos <strong><a href=\"https:\/\/transparencia.cabocorrientes.gob.mx\/Archivos\/articulo8\/10.-A..-cta_archivo_pdf-\/firmas_(1).pdf\" target=\"_blank\" rel=\"noopener\" data-wplink-url-error=\"true\">WORD<\/a><\/strong><br \/>\n<strong><a href=\"https:\/\/www.facebook.com\/watch\/live\/?ref=watch_permalink&amp;v=309171671017821\" target=\"_blank\" rel=\"noopener\" data-wplink-url-error=\"true\">Transmisi\u00f3n en vivo 19 de Octubre<\/a><\/strong><\/p>\n<h6><strong>Sesi\u00f3n ordinaria 05 de noviembre<\/strong><\/h6>\n<p>Acta archivo <strong><a href=\"https:\/\/transparencia.cabocorrientes.gob.mx\/Archivos\/articulo8\/08.-Acta_archivo_pdf-firmas.pdf\" target=\"_blank\" rel=\"noopener\" data-wplink-url-error=\"true\">PDF<\/a><\/strong><br \/>\nActa archivo de datos <strong><a href=\"https:\/\/transparencia.cabocorrientes.gob.mx\/Archivos\/articulo8\/08.-Acta_archivo_datos_abiertos.docx\" target=\"_blank\" rel=\"noopener\" data-wplink-url-error=\"true\">WORD<\/a><\/strong><br \/>\nConvocatoria archivo datos abiertos <strong><a href=\"https:\/\/transparencia.cabocorrientes.gob.mx\/Archivos\/articulo8\/08.-Convocatoria_archivo_datos_abiertos.docx\" target=\"_blank\" rel=\"noopener\" data-wplink-url-error=\"true\">WORD<\/a><\/strong><\/p>\n<h6><strong>Sesi\u00f3n ordinaria 10 de Noviembre<\/strong><\/h6>\n<p>Acta archivo <strong><a href=\"https:\/\/transparencia.cabocorrientes.gob.mx\/Archivos\/articulo8\/1211.-Actaarchivo-_pdf-firmas.pdf\" target=\"_blank\" rel=\"noopener\" data-wplink-url-error=\"true\">PDF<\/a><\/strong><br \/>\nActa archivo de datos<strong> <a href=\"https:\/\/transparencia.cabocorrientes.gob.mx\/Archivos\/articulo8\/1211Acta_archivo_datos_abiertos.docx\" target=\"_blank\" rel=\"noopener\" data-wplink-url-error=\"true\">WORD<\/a><\/strong><br \/>\nConvocatoria archivo datos abiertos <strong><a href=\"https:\/\/transparencia.cabocorrientes.gob.mx\/Archivos\/articulo8\/1211Convocatoria_datos_abiertos.docx\" target=\"_blank\" rel=\"noopener\" data-wplink-url-error=\"true\">WORD<\/a><\/strong><\/p>\n<h6>Sesi\u00f3n ordinaria 16 de diciembre<\/h6>\n<p>Acta archivo <strong><a href=\"https:\/\/transparencia.cabocorrientes.gob.mx\/Archivos\/articulo8\/1.-12Acta_archivo_pdf-firmas.pdf\" target=\"_blank\" rel=\"noopener\" data-wplink-url-error=\"true\">PDF<\/a><\/strong><br \/>\nActa archivo de datos <strong><a href=\"https:\/\/transparencia.cabocorrientes.gob.mx\/Archivos\/articulo8\/12Acta_archivo_datos_abiertos.docx\" target=\"_blank\" rel=\"noopener\" data-wplink-url-error=\"true\">WORD<\/a><\/strong><br \/>\nConvocatoria archivo datos abiertos <strong><a href=\"https:\/\/transparencia.cabocorrientes.gob.mx\/Archivos\/articulo8\/12Convocatoria_archivo_datos_abiertos.docx\" target=\"_blank\" rel=\"noopener\" data-wplink-url-error=\"true\">WORD<\/a><\/strong><br \/>\n<strong><a href=\"\/\/www.facebook.com\/watch\/live\/?ref=watch_permalink&amp;v=3070600189925265\" target=\"_blank\" rel=\"noopener\" data-wplink-url-error=\"true\">Transmisi\u00f3n en vivo 13 de Diciembre<\/a><\/strong><\/p>\n<h6><strong>Estad\u00edsticas de asistencias sesiones de cabildo Octubre-diciembre<\/strong><\/h6>\n<p>Estad\u00edsticas de asistencias sesiones de cabildo Octubre-diciembre <strong><a href=\"https:\/\/transparencia.cabocorrientes.gob.mx\/Archivos\/articulo8\/Estad\u00edsticas_de_asistencias_sesiones_de_cabildo-Octubre-diciembre.docx\" target=\"_blank\" rel=\"noopener\" data-wplink-url-error=\"true\">WORD<\/a><\/strong><\/p>\n","protected":false},"excerpt":{"rendered":"<p>Sesi\u00f3n ordinaria 06 de febrero Acta archivo PDF Acta archivo datos abiertos PDF Convocatoria archivo datos abiertos WORD Sesi\u00f3n ordinaria 10 de febrero Acta archivo datos abiertos WORD Convocatoria archivo datos abiertos PDF Sesi\u00f3n ordinaria 15 de febrero Acta archivo PDF Acta archivo datos abiertos WORD Convocatoria archivo datos abiertos WORD Transmisi\u00f3n en vivo 15 &hellip; <\/p>\n<p class=\"link-more\"><a href=\"https:\/\/transparencia.cabocorrientes.gob.mx\/?page_id=6003\" class=\"more-link\">Continue reading<span class=\"screen-reader-text\"> \u00abSesiones de Cabildo-2021\u00bb<\/span><\/a><\/p>\n","protected":false},"author":4,"featured_media":0,"parent":0,"menu_order":0,"comment_status":"closed","ping_status":"closed","template":"","meta":{"_coblocks_attr":"","_coblocks_dimensions":"","_coblocks_responsive_height":"","_coblocks_accordion_ie_support":"","_regular_price":[],"currency_symbol":[],"footnotes":""},"class_list":["post-6003","page","type-page","status-publish","hentry"],"post_slider_layout_featured_media_urls":{"thumbnail":"","post_slider_layout_landscape_large":"","post_slider_layout_portrait_large":"","post_slider_layout_square_large":"","post_slider_layout_landscape":"","post_slider_layout_portrait":"","post_slider_layout_square":"","full":""},"_links":{"self":[{"href":"https:\/\/transparencia.cabocorrientes.gob.mx\/index.php?rest_route=\/wp\/v2\/pages\/6003","targetHints":{"allow":["GET"]}}],"collection":[{"href":"https:\/\/transparencia.cabocorrientes.gob.mx\/index.php?rest_route=\/wp\/v2\/pages"}],"about":[{"href":"https:\/\/transparencia.cabocorrientes.gob.mx\/index.php?rest_route=\/wp\/v2\/types\/page"}],"author":[{"embeddable":true,"href":"https:\/\/transparencia.cabocorrientes.gob.mx\/index.php?rest_route=\/wp\/v2\/users\/4"}],"replies":[{"embeddable":true,"href":"https:\/\/transparencia.cabocorrientes.gob.mx\/index.php?rest_route=%2Fwp%2Fv2%2Fcomments&post=6003"}],"version-history":[{"count":59,"href":"https:\/\/transparencia.cabocorrientes.gob.mx\/index.php?rest_route=\/wp\/v2\/pages\/6003\/revisions"}],"predecessor-version":[{"id":14117,"href":"https:\/\/transparencia.cabocorrientes.gob.mx\/index.php?rest_route=\/wp\/v2\/pages\/6003\/revisions\/14117"}],"wp:attachment":[{"href":"https:\/\/transparencia.cabocorrientes.gob.mx\/index.php?rest_route=%2Fwp%2Fv2%2Fmedia&parent=6003"}],"curies":[{"name":"wp","href":"https:\/\/api.w.org\/{rel}","templated":true}]}}