{"id":5723,"date":"2023-02-09T18:37:38","date_gmt":"2023-02-09T18:37:38","guid":{"rendered":"https:\/\/transparencia.cabocorrientes.gob.mx\/?page_id=5723"},"modified":"2025-07-29T19:20:36","modified_gmt":"2025-07-29T19:20:36","slug":"los-informes-trimestrales-y-anuales","status":"publish","type":"page","link":"https:\/\/transparencia.cabocorrientes.gob.mx\/?page_id=5723","title":{"rendered":"Los informes trimestrales y anuales"},"content":{"rendered":"\n<p>de actividades del sujeto obligado, de cuando menos los \u00faltimos tres a\u00f1os<\/p>\n\n\n\n<div class=\"wp-block-columns is-layout-flex wp-container-core-columns-is-layout-9d6595d7 wp-block-columns-is-layout-flex\">\n<div class=\"wp-block-column is-layout-flow wp-block-column-is-layout-flow\"><\/div>\n<\/div>\n\n\n\n<p><\/p>\n\n\n\n<p><strong><a href=\"https:\/\/transparencia.cabocorrientes.gob.mx\/?page_id=5755\" data-type=\"URL\" data-id=\"https:\/\/transparencia.cabocorrientes.gob.mx\/?page_id=5755\">Administraci\u00f3n 2012 &#8211; 2015<\/a><\/strong><\/p>\n\n\n\n<p><strong><a href=\"https:\/\/transparencia.cabocorrientes.gob.mx\/?page_id=5771\" data-type=\"URL\" data-id=\"https:\/\/transparencia.cabocorrientes.gob.mx\/?page_id=5771\">Administraci\u00f3n 2015 &#8211; 2018<\/a><\/strong><\/p>\n\n\n\n<p><strong><a href=\"https:\/\/transparencia.cabocorrientes.gob.mx\/?page_id=5786\" data-type=\"URL\" data-id=\"https:\/\/transparencia.cabocorrientes.gob.mx\/?page_id=5786\">Administraci\u00f3n 2018 &#8211; 2021<\/a><\/strong><\/p>\n\n\n\n<p><strong><a href=\"https:\/\/transparencia.cabocorrientes.gob.mx\/?page_id=5736\" data-type=\"URL\" data-id=\"https:\/\/transparencia.cabocorrientes.gob.mx\/?page_id=5736\">Administraci\u00f3n 2021 &#8211; 2024<\/a><\/strong><\/p>\n\n\n\n<p><strong><a href=\"https:\/\/transparencia.cabocorrientes.gob.mx\/?page_id=14384\" data-type=\"URL\" data-id=\"https:\/\/transparencia.cabocorrientes.gob.mx\/?page_id=5736\">Administraci\u00f3n 2024 &#8211; 2027<\/a><\/strong><\/p>\n\n\n\n<div class=\"wp-block-buttons is-horizontal is-content-justification-center is-layout-flex wp-container-core-buttons-is-layout-499968f5 wp-block-buttons-is-layout-flex\"><\/div>\n\n\n\n<p><\/p>\n","protected":false},"excerpt":{"rendered":"<p>de actividades del sujeto obligado, de cuando menos los \u00faltimos tres a\u00f1os Administraci\u00f3n 2012 &#8211; 2015 Administraci\u00f3n 2015 &#8211; 2018 Administraci\u00f3n 2018 &#8211; 2021 Administraci\u00f3n 2021 &#8211; 2024 Administraci\u00f3n 2024 &#8211; 2027<\/p>\n","protected":false},"author":1,"featured_media":0,"parent":0,"menu_order":0,"comment_status":"closed","ping_status":"closed","template":"","meta":{"_coblocks_attr":"","_coblocks_dimensions":"","_coblocks_responsive_height":"","_coblocks_accordion_ie_support":"","_regular_price":[],"currency_symbol":[],"footnotes":""},"class_list":["post-5723","page","type-page","status-publish","hentry"],"post_slider_layout_featured_media_urls":{"thumbnail":"","post_slider_layout_landscape_large":"","post_slider_layout_portrait_large":"","post_slider_layout_square_large":"","post_slider_layout_landscape":"","post_slider_layout_portrait":"","post_slider_layout_square":"","full":""},"_links":{"self":[{"href":"https:\/\/transparencia.cabocorrientes.gob.mx\/index.php?rest_route=\/wp\/v2\/pages\/5723","targetHints":{"allow":["GET"]}}],"collection":[{"href":"https:\/\/transparencia.cabocorrientes.gob.mx\/index.php?rest_route=\/wp\/v2\/pages"}],"about":[{"href":"https:\/\/transparencia.cabocorrientes.gob.mx\/index.php?rest_route=\/wp\/v2\/types\/page"}],"author":[{"embeddable":true,"href":"https:\/\/transparencia.cabocorrientes.gob.mx\/index.php?rest_route=\/wp\/v2\/users\/1"}],"replies":[{"embeddable":true,"href":"https:\/\/transparencia.cabocorrientes.gob.mx\/index.php?rest_route=%2Fwp%2Fv2%2Fcomments&post=5723"}],"version-history":[{"count":8,"href":"https:\/\/transparencia.cabocorrientes.gob.mx\/index.php?rest_route=\/wp\/v2\/pages\/5723\/revisions"}],"predecessor-version":[{"id":14387,"href":"https:\/\/transparencia.cabocorrientes.gob.mx\/index.php?rest_route=\/wp\/v2\/pages\/5723\/revisions\/14387"}],"wp:attachment":[{"href":"https:\/\/transparencia.cabocorrientes.gob.mx\/index.php?rest_route=%2Fwp%2Fv2%2Fmedia&parent=5723"}],"curies":[{"name":"wp","href":"https:\/\/api.w.org\/{rel}","templated":true}]}}