{"id":5603,"date":"2023-02-07T20:08:11","date_gmt":"2023-02-07T20:08:11","guid":{"rendered":"https:\/\/transparencia.cabocorrientes.gob.mx\/?page_id=5603"},"modified":"2026-02-12T19:26:03","modified_gmt":"2026-02-12T19:26:03","slug":"gacetas","status":"publish","type":"page","link":"https:\/\/transparencia.cabocorrientes.gob.mx\/?page_id=5603","title":{"rendered":"Gacetas"},"content":{"rendered":"\n<p><\/p>\n\n<div class=\"imagenes-horizontales\">\n    <img decoding=\"async\" src=\"https:\/\/transparencia.cabocorrientes.gob.mx\/wp-content\/uploads\/2024\/02\/Gaceta-Reglamento-de-Adquisiciones.png\" alt=\"Imagen 1\"\/>\n    <img decoding=\"async\" src=\"https:\/\/transparencia.cabocorrientes.gob.mx\/wp-content\/uploads\/2024\/02\/Gaceta-Transito-Municipal.png\" alt=\"Imagen 2\"\/>\n    <img decoding=\"async\" src=\"https:\/\/transparencia.cabocorrientes.gob.mx\/wp-content\/uploads\/2024\/02\/Gaceta-Regularizacion-de-Predios-Urbanos-la-Perla-de-Mayto.png\" alt=\"Imagen 3\"\/>\n    <img decoding=\"async\" src=\"https:\/\/transparencia.cabocorrientes.gob.mx\/wp-content\/uploads\/2024\/02\/La-comision-de-box.-Lucha-libre-y-Artes-Marciales.png\" alt=\"Imagen 4\"\/>\n<\/div>\n\n<p><\/p>\n\n<span class=\"collapseomatic \" id=\"id69f5bf49ba143\"  tabindex=\"0\" title=\"Administraci\u00f3n 2009 - 2012\"    >Administraci\u00f3n 2009 - 2012<\/span><div id=\"target-id69f5bf49ba143\" class=\"collapseomatic_content \">\n<p><\/p>\n<p>Gaceta Jade (No.6) 2011. <strong><a href=\"https:\/\/transparencia.cabocorrientes.gob.mx\/Archivos\/articulo8\/Gaceta_Jade_No.6_2011.pdf\" target=\"_blank\" rel=\"noopener\" data-wplink-url-error=\"true\">PDF<\/a><\/strong><\/p>\n<\/div>\n<p><\/p>\n<span class=\"collapseomatic \" id=\"id69f5bf49ba1da\"  tabindex=\"0\" title=\"Administraci\u00f3n 2015 - 2018\"    >Administraci\u00f3n 2015 - 2018<\/span><div id=\"target-id69f5bf49ba1da\" class=\"collapseomatic_content \">\n<p><\/p>\n<p>Gaceta Ampliaci\u00f3n Villa del Mar II (No.1) 2015. <strong><a href=\"https:\/\/transparencia.cabocorrientes.gob.mx\/Archivos\/articulo8\/Gaceta_Ampliaci\u00f3n_Villa_del_Mar_II_No.1_2015.pdf\" target=\"_blank\" rel=\"noopener\" data-wplink-url-error=\"true\">PDF<\/a><\/strong><\/p>\n<\/div>\n<p><\/p>\n<span class=\"collapseomatic \" id=\"id69f5bf49ba21b\"  tabindex=\"0\" title=\"Administraci\u00f3n 2018 - 2021\"    >Administraci\u00f3n 2018 - 2021<\/span><div id=\"target-id69f5bf49ba21b\" class=\"collapseomatic_content \">\n<p><\/p>\n<p><strong>2020<\/strong><\/p>\n<p>Gaceta Reglamento de Adquisiciones <strong><a href=\"https:\/\/transparencia.cabocorrientes.gob.mx\/Archivos\/articulo8\/Gaceta-Reglamento-de-Adquisiciones.pdf\" target=\"_blank\" rel=\"noopener\" data-wplink-url-error=\"true\">PDF<\/a><\/strong><br>Gaceta Regularizacion de Predios Urbanos la Perla de Mayto <strong><a href=\"https:\/\/transparencia.cabocorrientes.gob.mx\/Archivos\/articulo8\/Gaceta-Regularizacion-de-Predios-Urbanos-la-Perla-de-Mayto.pdf\" target=\"_blank\" rel=\"noopener\" data-wplink-url-error=\"true\">PDF<\/a><\/strong><br>Gaceta Transito Municipal <strong><a href=\"https:\/\/transparencia.cabocorrientes.gob.mx\/Archivos\/articulo8\/Gaceta-Transito-Municipal.pdf\" target=\"_blank\" rel=\"noopener\" data-wplink-url-error=\"true\">PDF<\/a><\/strong><br>La comisi\u00f3n de Box, Lucha Libre y Artes Marciales <strong><a href=\"https:\/\/transparencia.cabocorrientes.gob.mx\/Archivos\/articulo8\/La-comision-de-box.-Lucha-libre-y-Artes-Marciales.pdf\" target=\"_blank\" rel=\"noopener\" data-wplink-url-error=\"true\">PDF<\/a><\/strong><br>Reglamento de Prevenci\u00f3n Social <strong><a href=\"https:\/\/transparencia.cabocorrientes.gob.mx\/Archivos\/articulo8\/REGLAMENTO-DE-PREVENCION-SOCIAL.pdf\" target=\"_blank\" rel=\"noopener\" data-wplink-url-error=\"true\">PDF<\/a><\/strong><br>Reglamento de Condiciones de Trabajo <strong><a href=\"https:\/\/transparencia.cabocorrientes.gob.mx\/Archivos\/articulo8\/GACETA-03-CONDICIONES-DE-TRABAJO.pdf\" target=\"_blank\" rel=\"noopener\" data-wplink-url-error=\"true\">PDF<\/a><\/strong><br>Reglamento de Ecologia <strong><a href=\"https:\/\/transparencia.cabocorrientes.gob.mx\/Archivos\/articulo8\/Gaceta-de-Ecologia.pdf\" target=\"_blank\" rel=\"noopener\" data-wplink-url-error=\"true\">PDF<\/a><\/strong><br>Gaceta de Reglamento de Administraci\u00f3n Publica <strong><a href=\"https:\/\/transparencia.cabocorrientes.gob.mx\/Archivos\/articulo8\/Gaceta-de-Reglamento-de-Administracion-Publica.pdf\" target=\"_blank\" rel=\"noopener\" data-wplink-url-error=\"true\">PDF<\/a><\/strong><\/p>\n<p><strong>2021<\/strong><\/p>\n<p>Dictamen Reglamento Comercio <strong><a href=\"https:\/\/transparencia.cabocorrientes.gob.mx\/Archivos\/articulo8\/3-Dictamen-Reglamento-COMERCIO.pdf\" target=\"_blank\" rel=\"noopener\" data-wplink-url-error=\"true\">PDF<\/a><\/strong><br>Dictamen Reglamento Coplademur <strong><a href=\"https:\/\/transparencia.cabocorrientes.gob.mx\/Archivos\/articulo8\/4-Dictamen-Reglamento-COPLADEMUR.pdf\" target=\"_blank\" rel=\"noopener\" data-wplink-url-error=\"true\">PDF<\/a><\/strong><br>Dictamen Reglamento de las sesiones de cabildo <strong><a href=\"https:\/\/transparencia.cabocorrientes.gob.mx\/Archivos\/articulo8\/5-Dictamen-Reglamento-de-las-sesiones-de-cabildo.pdf\" target=\"_blank\" rel=\"noopener\" data-wplink-url-error=\"true\">PDF<\/a><\/strong><br>Dictamen Reglamento de Transparencia y Acceso a la informacion <strong><a href=\"https:\/\/transparencia.cabocorrientes.gob.mx\/Archivos\/articulo8\/6-Dictamen-Reglamento-de-Transparencia-y-Acceso-a-la-informacion.pdf\" target=\"_blank\" rel=\"noopener\" data-wplink-url-error=\"true\">PDF<\/a><\/strong><br>Dictamen Reglamento de Agua Potable <strong><a href=\"https:\/\/transparencia.cabocorrientes.gob.mx\/Archivos\/articulo8\/7-Dictamen-7-Reglamento-del-AGUA-POTABLE-1.pdf\" target=\"_blank\" rel=\"noopener\" data-wplink-url-error=\"true\">PDF<\/a><\/strong><br>Dictamen Reglamento para la Igualdad Sustantiva entre Mujeres y Hombres <strong><a href=\"https:\/\/transparencia.cabocorrientes.gob.mx\/Archivos\/articulo8\/8-DICTAMEN-REGLAMENTO-PARA-LA-IGUALDAD-SUSTANTIVA-ENTRE-MUJERES-Y-HOMBRES-1.pdf\" target=\"_blank\" rel=\"noopener\" data-wplink-url-error=\"true\">PDF<\/a><\/strong><br>Reglamento de Condiciones de Trabajo <strong><a href=\"https:\/\/transparencia.cabocorrientes.gob.mx\/Archivos\/articulo8\/GACETA-03-CONDICIONES-DE-TRABAJO.pdf\" target=\"_blank\" rel=\"noopener\" data-wplink-url-error=\"true\">PDF<\/a><\/strong><br>Dictamen Reglamento de Acceso a las Mujeres a una Vida libre de Violencia <strong><a href=\"https:\/\/transparencia.cabocorrientes.gob.mx\/Archivos\/articulo8\/9-DICTAMEN-REGLAMENTO-DE-ACCESO-A-LAS-MUJERES-A-UNA-VIDA-LIBRE-DE-VIOLENCIA.pdf\" target=\"_blank\" rel=\"noopener\" data-wplink-url-error=\"true\">PDF<\/a><\/strong><br>Reglamento organico-para-el-funcionamiento-de-los-juzgados-municipales <strong><a href=\"https:\/\/transparencia.cabocorrientes.gob.mx\/Archivos\/articulo8\/10-Reglamento-organico-para-el-funcionamiento-de-los-juzgados-municipales.pdf\" target=\"_blank\" rel=\"noopener\" data-wplink-url-error=\"true\">PDF<\/a><\/strong><\/p>\n<\/div>\n<p><\/p>\n<span class=\"collapseomatic \" id=\"id69f5bf49ba258\"  tabindex=\"0\" title=\"Administraci\u00f3n 2021&nbsp;-&nbsp;2024\"    >Administraci\u00f3n 2021&nbsp;-&nbsp;2024<\/span><div id=\"target-id69f5bf49ba258\" class=\"collapseomatic_content \">\n<p><\/p>\n<p><strong>2022<\/strong><br>Del Archivo General Municipal e Hist\u00f3rico de Cabo Corrientes <strong><a href=\"https:\/\/transparencia.cabocorrientes.gob.mx\/Archivos\/articulo8\/GACETA-01-ARCHIVO-MUNICIPAL.pdf\" target=\"_blank\" rel=\"noopener\" data-wplink-url-error=\"true\">PDF<\/a><\/strong><br>Proyecto Centro Astrol\u00f3gico Mayto Playa Pac\u00edfico <strong><a href=\"https:\/\/transparencia.cabocorrientes.gob.mx\/Archivos\/articulo8\/GACETA-PROYECTO-MAYTO-03.08.22-1.pdf\" target=\"_blank\" rel=\"noopener\" data-wplink-url-error=\"true\">PDF<\/a><\/strong><br>Reglamento de Justicia C\u00edvica del Ayuntamiento de Cabo Corrientes <strong><a href=\"https:\/\/transparencia.cabocorrientes.gob.mx\/Archivos\/articulo8\/GACETA_MUNICIPAL_04_justicia_civica.pdf\" target=\"_blank\" rel=\"noopener\" data-wplink-url-error=\"true\">PDF<\/a><\/strong><\/p>\n<p><strong>2023<\/strong><br>Reglamento del interior de integraci\u00f3n de apoyo a las mujeres <strong><a href=\"https:\/\/transparencia.cabocorrientes.gob.mx\/Archivos\/articulo8\/Reglamento_SER_MUJER.pdf\" target=\"_blank\" rel=\"noopener\" data-wplink-url-error=\"true\">PDF<\/a><\/strong><br>Protocolo Interno de Prevenci\u00f3n del Hostigamiento y Acoso Sexual <strong><a href=\"https:\/\/transparencia.cabocorrientes.gob.mx\/Archivos\/articulo8\/Protocolo_Interno.pdf\" target=\"_blank\" rel=\"noopener\" data-wplink-url-error=\"true\">PDF<\/a><\/strong><br>Del Servicio Profesional de Carrera Policial de Honor y de Justica <strong><a href=\"https:\/\/transparencia.cabocorrientes.gob.mx\/Archivos\/articulo8\/GACETA-MUNICIPAL-07-carrera-policial.pdf\" target=\"_blank\" rel=\"noopener\" data-wplink-url-error=\"true\">PDF<\/a><\/strong><br>Reglamento de Transparencia y Acceso a la Informaci\u00f3n Publica <strong><a href=\"https:\/\/transparencia.cabocorrientes.gob.mx\/Archivos\/articulo8\/GACETA-MUNICIPAL-08-transparencia.pdf\" target=\"_blank\" rel=\"noopener\" data-wplink-url-error=\"true\">PDF<\/a><\/strong><br>Reglamento del Sistema Municipal de Protecci\u00f3n Integral De Ni\u00f1as, Ni\u00f1os y Adolescentes de Cabo Corrientes, Jal (SIPINNA) <strong><a href=\"https:\/\/transparencia.cabocorrientes.gob.mx\/Archivos\/articulo8\/Reglamento_del_Sistema_Municipal_de_Protecci\u00f3n_Integral_De_Ni\u00f1as_Ni\u00f1os_y_Adolescentes_de_Cabo_Corrientes_Jal_SIPINNA.pdf\" target=\"_blank\" rel=\"noopener\" data-wplink-url-error=\"true\">PDF<\/a><\/strong><br>Reglamento interno de la Unidad Municipal de Protecci\u00f3n Civil y Bomeros del Municipio de Cabo Corrientes, Jalisco. <strong><a href=\"https:\/\/transparencia.cabocorrientes.gob.mx\/Archivos\/articulo8\/Gaceta_Municipal_PC.pdf\" target=\"_blank\" rel=\"noopener\" data-wplink-url-error=\"true\">PDF<\/a><\/strong><\/p>\n<\/div>\n<p><\/p>\n<span class=\"collapseomatic \" id=\"id69f5bf49ba2b1\"  tabindex=\"0\" title=\"Administraci\u00f3n 2024&nbsp;-&nbsp;2027\"    >Administraci\u00f3n 2024&nbsp;-&nbsp;2027<\/span><div id=\"target-id69f5bf49ba2b1\" class=\"collapseomatic_content \">\n<p><\/p>\nReglamento de Seguridad P\u00fablica <strong><a href=\"https:\/\/transparencia.cabocorrientes.gob.mx\/Archivos\/articulo8\/Reglamento_DSPM_2024-2027.pdf\" target=\"_blank\" rel=\"noopener\" data-wplink-url-error=\"true\">PDF<\/a><\/strong><br>\nComisiones del Servidor Profesional de Carrera Policial de Honor y Justicia <strong><a href=\"https:\/\/transparencia.cabocorrientes.gob.mx\/Archivos\/articulo8\/Comisiones_del_servicio_Prof_de_carrera_policial_de_honor_y_justicia.pdf\" target=\"_blank\" rel=\"noopener\" data-wplink-url-error=\"true\">PDF<\/a><\/strong><br>\nPlan Municipal de Desarrollo y Gobernanza 2024 &#8211; 2027 <strong><a href=\"https:\/\/transparencia.cabocorrientes.gob.mx\/Archivos\/articulo8\/GACETA03_PMDYG_2025.pdf\" target=\"_blank\" rel=\"noopener\" data-wplink-url-error=\"true\">PDF<\/a><\/strong><br>\nReglamento del Archivo General Municipal e Historico <strong><a href=\"https:\/\/transparencia.cabocorrientes.gob.mx\/Archivos\/articulo8\/GACETA_MUNICIPAL_04_2025_archivo_municipal.pdf\" target=\"_blank\" rel=\"noopener\" data-wplink-url-error=\"true\">PDF<\/a><\/strong><br>\n\nReglamento para el Ejercicio del Comercio <strong><a href=\"https:\/\/transparencia.cabocorrientes.gob.mx\/Archivos\/articulo8\/GACETA_MUNICIPAL_05_REGLAMENTOS_2005.pdf\" target=\"_blank\" rel=\"noopener\" data-wplink-url-error=\"true\">PDF<\/a><\/strong><br> \n\nReglamento Interno Servicios M\u00e9dicos Municipales <strong><a href=\"https:\/\/transparencia.cabocorrientes.gob.mx\/Archivos\/articulo8\/GACETA_MUNICIPAL_6_2025_SERVICIOS_MEDICOS.pdf\" target=\"_blank\" rel=\"noopener\" data-wplink-url-error=\"true\">PDF<\/a><\/strong><br> \nReglamento de Protecci\u00f3n Civil y Gestion de Integral de Riesgos <strong><a href=\"https:\/\/transparencia.cabocorrientes.gob.mx\/Archivos\/articulo8\/GACETA_MUNICIPAL_07_2025_Proteccion_Civil.pdf\" target=\"_blank\" rel=\"noopener\" data-wplink-url-error=\"true\">PDF<\/a><\/strong><br> \nReglamento de Transparencia y Acceso a la Informaci\u00f3n P\u00fablica <strong><a href=\"https:\/\/transparencia.cabocorrientes.gob.mx\/Archivos\/articulo8\/GACET_08_transparencia_2025.pdf\" target=\"_blank\" rel=\"noopener\" data-wplink-url-error=\"true\">PDF<\/a><\/strong><br> \n\nReglamento Municipal para el sistema Integral de cuidados<strong><a href=\"https:\/\/transparencia.cabocorrientes.gob.mx\/Archivos\/articulo8\/GACETA09_SISTEMA_INTEGRAL_DE_CUIDADOS.pdf\" target=\"_blank\" rel=\"noopener\" data-wplink-url-error=\"true\">PDF<\/a><\/strong><br> \n\nReglamento de Panteones para el Municipio de Cabo Corrientes Jalisco <strong><a href=\"https:\/\/transparencia.cabocorrientes.gob.mx\/Archivos\/articulo8\/GACETA10_PANTEONES_MUNICIPALES.pdf\" target=\"_blank\" rel=\"noopener\" data-wplink-url-error=\"true\">PDF<\/a><\/strong><br> \n\n<\/div>\n<p><\/p>\n\n<div class=\"wp-block-buttons is-horizontal is-content-justification-center is-layout-flex wp-container-core-buttons-is-layout-499968f5 wp-block-buttons-is-layout-flex\"><\/div>\n\n\n\n<p><\/p>\n","protected":false},"excerpt":{"rendered":"","protected":false},"author":4,"featured_media":0,"parent":0,"menu_order":0,"comment_status":"closed","ping_status":"closed","template":"","meta":{"_coblocks_attr":"","_coblocks_dimensions":"","_coblocks_responsive_height":"","_coblocks_accordion_ie_support":"","_regular_price":[],"currency_symbol":[],"footnotes":""},"class_list":["post-5603","page","type-page","status-publish","hentry"],"post_slider_layout_featured_media_urls":{"thumbnail":"","post_slider_layout_landscape_large":"","post_slider_layout_portrait_large":"","post_slider_layout_square_large":"","post_slider_layout_landscape":"","post_slider_layout_portrait":"","post_slider_layout_square":"","full":""},"_links":{"self":[{"href":"https:\/\/transparencia.cabocorrientes.gob.mx\/index.php?rest_route=\/wp\/v2\/pages\/5603","targetHints":{"allow":["GET"]}}],"collection":[{"href":"https:\/\/transparencia.cabocorrientes.gob.mx\/index.php?rest_route=\/wp\/v2\/pages"}],"about":[{"href":"https:\/\/transparencia.cabocorrientes.gob.mx\/index.php?rest_route=\/wp\/v2\/types\/page"}],"author":[{"embeddable":true,"href":"https:\/\/transparencia.cabocorrientes.gob.mx\/index.php?rest_route=\/wp\/v2\/users\/4"}],"replies":[{"embeddable":true,"href":"https:\/\/transparencia.cabocorrientes.gob.mx\/index.php?rest_route=%2Fwp%2Fv2%2Fcomments&post=5603"}],"version-history":[{"count":66,"href":"https:\/\/transparencia.cabocorrientes.gob.mx\/index.php?rest_route=\/wp\/v2\/pages\/5603\/revisions"}],"predecessor-version":[{"id":14815,"href":"https:\/\/transparencia.cabocorrientes.gob.mx\/index.php?rest_route=\/wp\/v2\/pages\/5603\/revisions\/14815"}],"wp:attachment":[{"href":"https:\/\/transparencia.cabocorrientes.gob.mx\/index.php?rest_route=%2Fwp%2Fv2%2Fmedia&parent=5603"}],"curies":[{"name":"wp","href":"https:\/\/api.w.org\/{rel}","templated":true}]}}