{"id":466,"date":"2022-01-04T16:57:47","date_gmt":"2022-01-04T16:57:47","guid":{"rendered":"https:\/\/transparencia.cabocorrientes.gob.mx\/?page_id=466"},"modified":"2025-08-04T22:03:51","modified_gmt":"2025-08-04T22:03:51","slug":"los-lineamientos-generales-que-emita-el-sistema-nacional","status":"publish","type":"page","link":"https:\/\/transparencia.cabocorrientes.gob.mx\/?page_id=466","title":{"rendered":"Los lineamientos Generales que emita el Sistema Nacional"},"content":{"rendered":"\n<div class=\"wp-block-columns is-layout-flex wp-container-core-columns-is-layout-9d6595d7 wp-block-columns-is-layout-flex\">\n  <div class=\"wp-block-column is-layout-flow wp-block-column-is-layout-flow\"><\/div>\n<\/div>\n\n\n\n<h6 class=\"wp-block-heading\"><strong>Acuerdo mediante el cual se realizan modificaciones a los formatos establecidos en los anexos de los Lineamientos T\u00e9cnicos Generales para la publicaci\u00f3n, homologaci\u00f3n y estandarizaci\u00f3n de la informaci\u00f3n de las obligaciones establecidas en el T\u00edtulo Quinto y en la fracci\u00f3n IV del art\u00edculo 31 de la Ley General de Transparencia y Acceso a la Informaci\u00f3n P\u00fablica, que deben de difundir los sujetos obligados en los portales de Internet y en la Plataforma Nacional de Transparencia.<\/strong><\/h6>\n\n\n\n<p class=\"has-small-font-size\">Fecha de publicaci\u00f3n: 10 de Noviembre del 2016.<\/p>\n\n\n\n<p class=\"has-text-color\" style=\"color:#36b90e\">\n  <a href=\"https:\/\/transparencia.cabocorrientes.gob.mx\/Archivos\/articulo8\/2016_11_10_MAT_inai.pdf\" target=\"_blank\" rel=\"noopener\"><strong>PDF<\/strong><\/a> \/\n  <a href=\"https:\/\/transparencia.cabocorrientes.gob.mx\/Archivos\/articulo8\/2016_11_10_MAT_inai.docx\" target=\"_blank\" rel=\"noopener\"><strong>WORD<\/strong><\/a>\n<br>\n\n<p class=\"has-small-font-size\">Actualizaci\u00f3n: 29 de Enero del 2024.<br>\n\n<p class=\"has-text-color\" style=\"color:#36b90e\">\n  <a href=\"https:\/\/transparencia.cabocorrientes.gob.mx\/Archivos\/articulo8\/Lineamientos_Generales_de_Publicacion_SNT_28022024.pdf\" target=\"_blank\" rel=\"noopener\"><strong>PDF<\/strong><\/a><br>\n\n\n\n\n<h6 class=\"wp-block-heading\"><strong>Lineamientos generales en materia de clasificaci\u00f3n y desclasificaci\u00f3n de la informaci\u00f3n, as\u00ed como para la elaboraci\u00f3n de versiones p\u00fablicas.<\/strong><\/h6>\n\n\n\n<p class=\"has-text-color\" style=\"color:#36b90e\">\n  <a href=\"https:\/\/transparencia.cabocorrientes.gob.mx\/Archivos\/articulo8\/Lineamientos_generales_en_materia_de_clasificaci\u00f3n.pdf\" target=\"_blank\" rel=\"noopener\"><strong>PDF<\/strong><\/a>\n<\/p>\n\n\n\n<h6 class=\"wp-block-heading\"><strong>Lineamientos para la elaboraci\u00f3n ejecuci\u00f3n y evaluaci\u00f3n del programa nacional de transparencia y acceso a la informaci\u00f3n.<\/strong><\/h6>\n\n\n\n<p class=\"has-small-font-size\">Fecha de publicaci\u00f3n: 6 de Mayo del 2016.<\/p>\n\n\n\n<p class=\"has-text-color\" style=\"color:#36b90e\">\n  <a href=\"https:\/\/transparencia.cabocorrientes.gob.mx\/Archivos\/articulo8\/Lineamientos-para-la-elaboraci\u00f3n-ejecuci\u00f3n-y-evaluaci\u00f3n-del-Programa-Nacional-de-Transparencia-y-Acceso-a-la-Informaci\u00f3n.pdf\" target=\"_blank\" rel=\"noopener\"><strong>PDF<\/strong><\/a> \/\n  <a href=\"https:\/\/transparencia.cabocorrientes.gob.mx\/Archivos\/articulo8\/Lineamientos-para-la-elaboraci\u00f3n-ejecuci\u00f3n-y-evaluaci\u00f3n-del-Programa-Nacional-de-Transparencia-y-Acceso-a-la-Informaci\u00f3n.doc\" target=\"_blank\" rel=\"noopener\"><strong>WORD<\/strong><\/a>\n<\/p>\n\n\n\n<h6 class=\"wp-block-heading\"><strong>Lineamientos para determinar los cat\u00e1logos y publicaci\u00f3n de informaci\u00f3n de inter\u00e9s p\u00fablico.<\/strong><\/h6>\n\n\n\n<p class=\"has-text-color\" style=\"color:#36b90e\">\n  <a href=\"https:\/\/transparencia.cabocorrientes.gob.mx\/Archivos\/articulo8\/Lineamientos_para_determinar_los_cat\u00e1logos_y_publicaci\u00f3n_de_informaci\u00f3n_de_inter\u00e9s_p\u00fablico.pdf\" target=\"_blank\" rel=\"noopener\"><strong>PDF<\/strong><\/a>\n<\/p>\n\n\n\n<h6 class=\"wp-block-heading\"><strong>Lineamientos para la elaboraci\u00f3n, ejecuci\u00f3n y evaluaci\u00f3n del Programa Nacional de Transparencia y Acceso a la Informaci\u00f3n<\/strong><\/h6>\n\n\n\n<p class=\"has-text-color\" style=\"color:#36b90e\">\n  <a href=\"https:\/\/transparencia.cabocorrientes.gob.mx\/Archivos\/articulo8\/Lineamientos_para_la_elaboraci\u00f3n_ejecuci\u00f3n_y_evaluaci\u00f3n_del_Programa_Nacional_de_Transparencia_y_Acceso_a_la_Informaci\u00f3n.pdf\" target=\"_blank\" rel=\"noopener\"><strong>PDF<\/strong><\/a> \/\n  <a href=\"https:\/\/transparencia.cabocorrientes.gob.mx\/Archivos\/articulo8\/Lineamientos_para_la_elaboraci\u00f3n_ejecuci\u00f3n_y_evaluaci\u00f3n_del_Programa_Nacional_de_Transparencia_y_Acceso_a_la_Informaci\u00f3n.doc\" target=\"_blank\" rel=\"noopener\"><strong>WORD<\/strong><\/a>\n<\/p>\n\n\n\n<h6 class=\"wp-block-heading\"><strong>Lineamientos para la implementaci\u00f3n y operaci\u00f3n de la Plataforma Nacional de Transparencia.<\/strong><\/h6>\n\n\n\n<p class=\"has-text-color\" style=\"color:#36b90e\">\n  <a href=\"https:\/\/transparencia.cabocorrientes.gob.mx\/Archivos\/articulo8\/Lineamientos_para_la_implementaci\u00f3n_y_operaci\u00f3n_de_la_Plataforma_Nacional_de_Transparencia.pdf\" target=\"_blank\" rel=\"noopener\"><strong>PDF<\/strong><\/a> \/\n  <a href=\"https:\/\/transparencia.cabocorrientes.gob.mx\/Archivos\/articulo8\/Lineamientos_para_la_implementaci\u00f3n_y_operaci\u00f3n_de_la_Plataforma_Nacional_de_Transparencia.doc\" target=\"_blank\" rel=\"noopener\"><strong>WORD<\/strong><\/a>\n<\/p>\n\n\n\n<h6 class=\"wp-block-heading\"><strong>Lineamientos para la Organizaci\u00f3n y Conservaci\u00f3n de los Archivos.<\/strong><\/h6>\n\n\n\n<p class=\"has-text-color\" style=\"color:#36b90e\">\n  <a href=\"https:\/\/transparencia.cabocorrientes.gob.mx\/Archivos\/articulo8\/Lineamientos_para_la_Organizaci\u00f3n_y_Conservaci\u00f3n_de_los_Archivos.pdf\" target=\"_blank\" rel=\"noopener\"><strong>PDF<\/strong><\/a> \/\n  <a href=\"https:\/\/transparencia.cabocorrientes.gob.mx\/Archivos\/articulo8\/Lineamientos_para_la_Organizaci\u00f3n_y_Conservaci\u00f3n_de_los_Archivos.doc\" target=\"_blank\" rel=\"noopener\"><strong>WORD<\/strong><\/a>\n<\/p>\n\n\n\n<h6 class=\"wp-block-heading\"><strong>Lineamientos que deber\u00e1n observar los sujetos obligados para la atenci\u00f3n de requerimientos, observaciones, recomendaciones y criterios que emita el SNT.<\/strong><\/h6>\n\n\n\n<p class=\"has-text-color\" style=\"color:#36b90e\">\n  <a href=\"https:\/\/transparencia.cabocorrientes.gob.mx\/Archivos\/articulo8\/Lineamientos_que_deber\u00e1n_observar_los_sujetos_obligados_para_la_atenci\u00f3n_de_requerimientos_observaciones_recomendaciones_y_criterios_que_emita_el_SNT.pdf\" target=\"_blank\" rel=\"noopener\"><strong>PDF<\/strong><\/a> \/\n  <a href=\"https:\/\/transparencia.cabocorrientes.gob.mx\/Archivos\/articulo8\/Lineamientos_que_deber\u00e1n_observar_los_sujetos_obligados_para_la_atenci\u00f3n_de_requerimientos_observaciones_recomendaciones_y_criterios_que_emita_el_SNT.doc\" target=\"_blank\" rel=\"noopener\"><strong>WORD<\/strong><\/a>\n<\/p>\n\n\n\n<h6 class=\"wp-block-heading\"><strong>Lineamientos t\u00e9cnicos generales para la publicaci\u00f3n, homologaci\u00f3n y estandarizaci\u00f3n de la informaci\u00f3n de las obligaciones establecidas en el t\u00edtulo V y en la fracci\u00f3n IV del art\u00edculo XXI de la Ley general de transparencia y Acceso a la Informaci\u00f3n P\u00fablica, que deben de difundir los sujetos obligados en los portales de internet y en la Plataforma Nacional de Transparencia.<\/strong><\/h6>\n\n\n\n<p class=\"has-small-font-size\">Fecha de publicaci\u00f3n: 6 de Mayo del 2016.<\/p>\n\n\n\n<p class=\"has-text-color\" style=\"color:#36b90e\">\n  <a href=\"https:\/\/transparencia.cabocorrientes.gob.mx\/Archivos\/articulo8\/lineamientos_tecnicos_generales_para_la_publicacion_homologacion_y_estandarizacion_de_la_informacion.pdf\" target=\"_blank\" rel=\"noopener\"><strong>PDF<\/strong><\/a> \/\n  <a href=\"https:\/\/transparencia.cabocorrientes.gob.mx\/Archivos\/articulo8\/lineamientos_tecnicos_generales_para_la_publicacion_homologacion_y_estandarizacion_de_la_informacion.doc\" target=\"_blank\" rel=\"noopener\"><strong>WORD<\/strong><\/a>\n<\/p>\n\n\n\n<h2 class=\"wp-block-heading\"><strong>Lineamientos t\u00e9cnicos generales<\/strong><\/h2>\n\n\n\n<p class=\"has-text-color\" style=\"color:#36b90e\">\n  Anexo I art\u00edculo 70. <a href=\"https:\/\/transparencia.cabocorrientes.gob.mx\/Archivos\/articulo8\/Lineamientos_t\u00e9cnicos_generales_Anexo_I_art_70.doc\" target=\"_blank\" rel=\"noopener\"><strong>WORD<\/strong><\/a>\n<\/p>\n\n\n\n<p class=\"has-text-color\" style=\"color:#36b90e\">\n  Anexo II art\u00edculo 71. <a href=\"https:\/\/transparencia.cabocorrientes.gob.mx\/Archivos\/articulo8\/Lineamientos_t\u00e9cnicos_generales_Anexo_II_art_71.pdf\" target=\"_blank\" rel=\"noopener\"><strong>PDF<\/strong><\/a> \/\n  <a href=\"https:\/\/transparencia.cabocorrientes.gob.mx\/Archivos\/articulo8\/Lineamientos_t\u00e9cnicos_generales_Anexo_II_art_71.doc\" target=\"_blank\" rel=\"noopener\"><strong>WORD<\/strong><\/a>\n<\/p>\n\n\n\n<p class=\"has-text-color\" style=\"color:#36b90e\">\n  Anexo III art\u00edculo 72. <a href=\"https:\/\/transparencia.cabocorrientes.gob.mx\/Archivos\/articulo8\/Lineamientos_t\u00e9cnicos_generales_Anexo_III_art_72.doc\" target=\"_blank\" rel=\"noopener\"><strong>WORD<\/strong><\/a>\n<\/p>\n\n\n\n<p class=\"has-text-color\" style=\"color:#36b90e\">\n  Anexo IV art\u00edculo 73. <a href=\"https:\/\/transparencia.cabocorrientes.gob.mx\/Archivos\/articulo8\/Lineamientos_t\u00e9cnicos_generales_Anexo_IV_art_73.pdf\" target=\"_blank\" rel=\"noopener\"><strong>PDF<\/strong><\/a> \/\n  <a href=\"https:\/\/transparencia.cabocorrientes.gob.mx\/Archivos\/articulo8\/Lineamientos_t\u00e9cnicos_generales_Anexo_IV_art_73.doc\" target=\"_blank\" rel=\"noopener\"><strong>WORD<\/strong><\/a>\n<\/p>\n\n\n\n<p class=\"has-text-color\" style=\"color:#36b90e\">\n  Anexo V art\u00edculo 74-I. <a href=\"https:\/\/transparencia.cabocorrientes.gob.mx\/Archivos\/articulo8\/Lineamientos_t\u00e9cnicos_generales_Anexo_V_art_74-I.pdf\" target=\"_blank\" rel=\"noopener\"><strong>PDF<\/strong><\/a> \/\n  <a href=\"https:\/\/transparencia.cabocorrientes.gob.mx\/Archivos\/articulo8\/Lineamientos_t\u00e9cnicos_generales_Anexo_V_art_74-I.doc\" target=\"_blank\" rel=\"noopener\"><strong>WORD<\/strong><\/a>\n<\/p>\n\n\n\n<p class=\"has-text-color\" style=\"color:#36b90e\">\n  Anexo VI art\u00edculo 74-II. <a href=\"https:\/\/transparencia.cabocorrientes.gob.mx\/Archivos\/articulo8\/Lineamientos_t\u00e9cnicos_generales_Anexo_VI_art_74-II.pdf\" target=\"_blank\" rel=\"noopener\"><strong>PDF<\/strong><\/a> \/\n  <a href=\"https:\/\/transparencia.cabocorrientes.gob.mx\/Archivos\/articulo8\/Lineamientos_t\u00e9cnicos_generales_Anexo_VI_art_74-II.doc\" target=\"_blank\" rel=\"noopener\"><strong>WORD<\/strong><\/a>\n<\/p>\n\n\n\n<p class=\"has-text-color\" style=\"color:#36b90e\">\n  Anexo VII art\u00edculo 74-III. <a href=\"https:\/\/transparencia.cabocorrientes.gob.mx\/Archivos\/articulo8\/Lineamientos_t\u00e9cnicos_generales_Anexo_VII_art_74-III.pdf\" target=\"_blank\" rel=\"noopener\"><strong>PDF<\/strong><\/a> \/\n  <a href=\"https:\/\/transparencia.cabocorrientes.gob.mx\/Archivos\/articulo8\/Lineamientos_t\u00e9cnicos_generales_Anexo_VII_art_74-III.doc\" target=\"_blank\" rel=\"noopener\"><strong>WORD<\/strong><\/a>\n<\/p>\n\n\n\n<p class=\"has-text-color\" style=\"color:#36b90e\">\n  Anexo VIII art\u00edculo 75. <a href=\"https:\/\/transparencia.cabocorrientes.gob.mx\/Archivos\/articulo8\/Lineamientos_t\u00e9cnicos_generales_Anexo_VIII_art_75.pdf\" target=\"_blank\" rel=\"noopener\"><strong>PDF<\/strong><\/a> \/\n  <a href=\"https:\/\/transparencia.cabocorrientes.gob.mx\/Archivos\/articulo8\/Lineamientos_t\u00e9cnicos_generales_Anexo_VIII_art_75.doc\" target=\"_blank\" rel=\"noopener\"><strong>WORD<\/strong><\/a>\n<\/p>\n\n\n\n<p class=\"has-text-color\" style=\"color:#36b90e\">\n  Anexo IX art\u00edculo 76. <a href=\"https:\/\/transparencia.cabocorrientes.gob.mx\/Archivos\/articulo8\/lineamientos_tecnicos_generales_anexo_ix_art_76.pdf\" target=\"_blank\" rel=\"noopener\"><strong>PDF<\/strong><\/a> \/\n  <a href=\"https:\/\/transparencia.cabocorrientes.gob.mx\/Archivos\/articulo8\/lineamientos_tecnicos_generales_anexo_ix_art_76.doc\" target=\"_blank\" rel=\"noopener\"><strong>WORD<\/strong><\/a>\n<\/p>\n\n\n\n<p class=\"has-text-color\" style=\"color:#36b90e\">\n  Anexo X art\u00edculo 77. <a href=\"https:\/\/transparencia.cabocorrientes.gob.mx\/Archivos\/articulo8\/Lineamientos_t\u00e9cnicos_generales_Anexo_X_art_77.pdf\" target=\"_blank\" rel=\"noopener\"><strong>PDF<\/strong><\/a> \/\n  <a href=\"https:\/\/transparencia.cabocorrientes.gob.mx\/Archivos\/articulo8\/Lineamientos_t\u00e9cnicos_generales_Anexo_X_art_77.doc\" target=\"_blank\" rel=\"noopener\"><strong>WORD<\/strong><\/a>\n<\/p>\n\n\n\n<p class=\"has-text-color\" style=\"color:#36b90e\">\n  Anexo XI art\u00edculo 78. <a href=\"https:\/\/transparencia.cabocorrientes.gob.mx\/Archivos\/articulo8\/Lineamientos_t\u00e9cnicos_generales_Anexo_XI_art_78.pdf\" target=\"_blank\" rel=\"noopener\"><strong>PDF<\/strong><\/a> \/\n  <a href=\"https:\/\/transparencia.cabocorrientes.gob.mx\/Archivos\/articulo8\/Lineamientos_t\u00e9cnicos_generales_Anexo_XI_art_78.doc\" target=\"_blank\" rel=\"noopener\"><strong>WORD<\/strong><\/a>\n<\/p>\n\n\n\n<p class=\"has-text-color\" style=\"color:#36b90e\">\n  Anexo XII art\u00edculo 79. <a href=\"https:\/\/transparencia.cabocorrientes.gob.mx\/Archivos\/articulo8\/Lineamientos_t\u00e9cnicos_generales_Anexo_XII_art_79.pdf\" target=\"_blank\" rel=\"noopener\"><strong>PDF<\/strong><\/a> \/\n  <a href=\"https:\/\/transparencia.cabocorrientes.gob.mx\/Archivos\/articulo8\/Lineamientos_t\u00e9cnicos_generales_Anexo_XII_art_79.doc\" target=\"_blank\" rel=\"noopener\"><strong>WORD<\/strong><\/a>\n<\/p>\n\n\n\n<p class=\"has-text-color\" style=\"color:#36b90e\">\n  Anexo XIII art\u00edculo 80. <a href=\"https:\/\/transparencia.cabocorrientes.gob.mx\/Archivos\/articulo8\/Lineamientos_t\u00e9cnicos_generales_Anexo_XIII_art_80.pdf\" target=\"_blank\" rel=\"noopener\"><strong>PDF<\/strong><\/a> \/\n  <a href=\"https:\/\/transparencia.cabocorrientes.gob.mx\/Archivos\/articulo8\/Lineamientos_t\u00e9cnicos_generales_Anexo_XIII_art_80.doc\" target=\"_blank\" rel=\"noopener\"><strong>WORD<\/strong><\/a>\n<\/p>\n\n\n\n<p class=\"has-text-color\" style=\"color:#36b90e\">\n  Anexo XIV art\u00edculos 81 y 82. <a href=\"https:\/\/transparencia.cabocorrientes.gob.mx\/Archivos\/articulo8\/Lineamientos_t\u00e9cnicos_generales_Anexo_XIV_arts_81_y_82.pdf\" target=\"_blank\" rel=\"noopener\"><strong>PDF<\/strong><\/a>\n<\/p>\n\n\n\n<h6 class=\"wp-block-heading\"><strong>Reforma de los lineamientos para la organizaci\u00f3n, coordinaci\u00f3n y funcionamiento de las instancias de los integrantes del sistema Nacional de Transparencia, Acceso a la Informaci\u00f3n P\u00fablica y Protecci\u00f3n de datos Personales.<\/strong><\/h6>\n\n\n\n<p class=\"has-small-font-size\">Fecha de publicaci\u00f3n: 30 de Marzo del 2016.<\/p>\n\n\n\n<p class=\"has-text-color\" style=\"color:#36b90e\">\n  <a href=\"https:\/\/transparencia.cabocorrientes.gob.mx\/Archivos\/articulo8\/lineamientos_instancias_snt_reforma.pdf\" target=\"_blank\" rel=\"noopener\"><strong>PDF<\/strong><\/a> \/\n  <a href=\"https:\/\/transparencia.cabocorrientes.gob.mx\/Archivos\/articulo8\/lineamientos_instancias_snt_reforma.doc\" target=\"_blank\" rel=\"noopener\"><strong>WORD<\/strong><\/a>\n<\/p>\n\n\n\n<h6 class=\"wp-block-heading\"><strong>Reglamento del consejo nacional del sistema nacional de transparencia, Acceso a la Informaci\u00f3n P\u00fablica y Protecci\u00f3n de datos personales.<\/strong><\/h6>\n\n\n\n<p class=\"has-text-color\" style=\"color:#36b90e\">\n  <a href=\"https:\/\/transparencia.cabocorrientes.gob.mx\/Archivos\/articulo8\/reglamento_snt.pdf\" target=\"_blank\" rel=\"noopener\"><strong>PDF<\/strong><\/a> \/\n  <a href=\"https:\/\/transparencia.cabocorrientes.gob.mx\/Archivos\/articulo8\/reglamento_snt.doc\" target=\"_blank\" rel=\"noopener\"><strong>WORD<\/strong><\/a>\n<\/p>\n\n\n\n<p class=\"has-small-font-size\">Fecha de publicaci\u00f3n: 08 de Octubre del 2015.<\/p>\n\n\n\n<h6 class=\"wp-block-heading\"><strong>Lineamientos para la organizaci\u00f3n, coordinaci\u00f3n y funcionamiento de las instancias de los integrantes del sistema Nacional de Transparencia, Acceso a la Informaci\u00f3n P\u00fablica y Protecci\u00f3n de datos Personales.<\/strong><\/h6>\n\n\n\n<p class=\"has-small-font-size\">Fecha de publicaci\u00f3n: 08 de Octubre del 2015.<\/p>\n\n\n\n<p class=\"has-text-color\" style=\"color:#36b90e\">\n  <a href=\"https:\/\/transparencia.cabocorrientes.gob.mx\/Archivos\/articulo8\/lineamientos_instancias_snt.pdf\" target=\"_blank\" rel=\"noopener\"><strong>PDF<\/strong><\/a> \/\n  <a href=\"https:\/\/transparencia.cabocorrientes.gob.mx\/Archivos\/articulo8\/lineamientos_instancias_snt.doc\" target=\"_blank\" rel=\"noopener\"><strong>WORD<\/strong><\/a>\n<\/p>\n\n\n\n<h6 class=\"wp-block-heading\"><strong>Acuerdo del Consejo del Sistema Nacional de Transparencia mediante el cual se aprueban las directrices para llevar a cabo la verificaci\u00f3n diagn\u00f3stica establecida en el art\u00edculo tercero transitorio de los Lineamientos T\u00e9cnicos Generales para la publicaci\u00f3n, homologaci\u00f3n y estandarizaci\u00f3n de la informaci\u00f3n de las obligaciones establecidas en el t\u00edtulo quinto y en la fracci\u00f3n IV del art\u00edculo 31 de la Ley General de Transparencia y Acceso a la Informaci\u00f3n P\u00fablica, que deben de difundir los sujetos obligados en los portales de Internet y en la Plataforma Nacional de Transparencia; as\u00ed como la atenci\u00f3n a la denuncia por incumplimiento a las obligaciones de transparencia.<\/strong><\/h6>\n\n\n\n<p class=\"has-small-font-size\">Fecha de publicaci\u00f3n: 11 de mayo del 2017.<\/p>\n\n\n\n<p class=\"has-text-color\" style=\"color:#36b90e\">\n  <a href=\"https:\/\/transparencia.cabocorrientes.gob.mx\/Archivos\/articulo8\/2017_05_11_mat_inai4a_verificacion_diagn\u00f3stica.pdf\" target=\"_blank\" rel=\"noopener\"><strong>PDF<\/strong><\/a> \/\n  <a href=\"https:\/\/transparencia.cabocorrientes.gob.mx\/Archivos\/articulo8\/2017_05_11_mat_inai4a_verificacion_diagn\u00f3stica.doc\" target=\"_blank\" rel=\"noopener\"><strong>WORD<\/strong><\/a>\n<\/p>\n\n\n\n<h6 class=\"wp-block-heading\"><strong>Acuerdo por el cual se aprueba la modificaci\u00f3n del plazo para que los sujetos obligados de los \u00e1mbitos Federal, Estatal y Municipal incorporen a sus portales de Internet y a la Plataforma Nacional de Transparencia, la informaci\u00f3n a la que se refieren el Titulo Quinto y la fracci\u00f3n IV del art\u00edculo 31 de la Ley General de Transparencia y Acceso a la Informaci\u00f3n P\u00fablica, as\u00ed como la aprobaci\u00f3n de la definici\u00f3n de la fecha a partir de la cual podr\u00e1 presentarse la denuncia por la falta de publicaci\u00f3n de las obligaciones de transparencia, a la que se refiere el Cap\u00edtulo VII y el T\u00edtulo Quinto de la Ley General de Transparencia y Acceso a la Informaci\u00f3n P\u00fablica.<\/strong><\/h6>\n\n\n\n<p class=\"has-small-font-size\">Fecha de publicaci\u00f3n: 02 de Noviembre de 2016.<\/p>\n\n\n\n<p>\n  <a href=\"https:\/\/transparencia.cabocorrientes.gob.mx\/Archivos\/articulo8\/2016_11_02_mat_inai2a_modificaci\u00f3n_de_plazo.pdf\" target=\"_blank\" rel=\"noopener\"><strong>PDF<\/strong><\/a> \/\n  <a href=\"https:\/\/transparencia.cabocorrientes.gob.mx\/Archivos\/articulo8\/2016_11_02_mat_inai2a_modificaci\u00f3n_de_plazo.doc\" target=\"_blank\" rel=\"noopener\"><strong>WORD<\/strong><\/a>\n<\/p>\n\n\n\n<div class=\"wp-block-buttons is-content-justification-center is-layout-flex wp-block-buttons-is-layout-flex\"><\/div>\n\n\n\n<p><\/p>\n\n","protected":false},"excerpt":{"rendered":"<p>Acuerdo mediante el cual se realizan modificaciones a los formatos establecidos en los anexos de los Lineamientos T\u00e9cnicos Generales para la publicaci\u00f3n, homologaci\u00f3n y estandarizaci\u00f3n de la informaci\u00f3n de las obligaciones establecidas en el T\u00edtulo Quinto y en la fracci\u00f3n IV del art\u00edculo 31 de la Ley General de Transparencia y Acceso a la Informaci\u00f3n &hellip; <\/p>\n<p class=\"link-more\"><a href=\"https:\/\/transparencia.cabocorrientes.gob.mx\/?page_id=466\" class=\"more-link\">Continue reading<span class=\"screen-reader-text\"> \u00abLos lineamientos Generales que emita el Sistema Nacional\u00bb<\/span><\/a><\/p>\n","protected":false},"author":1,"featured_media":0,"parent":0,"menu_order":0,"comment_status":"closed","ping_status":"closed","template":"","meta":{"_coblocks_attr":"","_coblocks_dimensions":"","_coblocks_responsive_height":"","_coblocks_accordion_ie_support":"","_regular_price":[],"currency_symbol":[],"footnotes":""},"class_list":["post-466","page","type-page","status-publish","hentry"],"post_slider_layout_featured_media_urls":{"thumbnail":"","post_slider_layout_landscape_large":"","post_slider_layout_portrait_large":"","post_slider_layout_square_large":"","post_slider_layout_landscape":"","post_slider_layout_portrait":"","post_slider_layout_square":"","full":""},"_links":{"self":[{"href":"https:\/\/transparencia.cabocorrientes.gob.mx\/index.php?rest_route=\/wp\/v2\/pages\/466","targetHints":{"allow":["GET"]}}],"collection":[{"href":"https:\/\/transparencia.cabocorrientes.gob.mx\/index.php?rest_route=\/wp\/v2\/pages"}],"about":[{"href":"https:\/\/transparencia.cabocorrientes.gob.mx\/index.php?rest_route=\/wp\/v2\/types\/page"}],"author":[{"embeddable":true,"href":"https:\/\/transparencia.cabocorrientes.gob.mx\/index.php?rest_route=\/wp\/v2\/users\/1"}],"replies":[{"embeddable":true,"href":"https:\/\/transparencia.cabocorrientes.gob.mx\/index.php?rest_route=%2Fwp%2Fv2%2Fcomments&post=466"}],"version-history":[{"count":47,"href":"https:\/\/transparencia.cabocorrientes.gob.mx\/index.php?rest_route=\/wp\/v2\/pages\/466\/revisions"}],"predecessor-version":[{"id":14442,"href":"https:\/\/transparencia.cabocorrientes.gob.mx\/index.php?rest_route=\/wp\/v2\/pages\/466\/revisions\/14442"}],"wp:attachment":[{"href":"https:\/\/transparencia.cabocorrientes.gob.mx\/index.php?rest_route=%2Fwp%2Fv2%2Fmedia&parent=466"}],"curies":[{"name":"wp","href":"https:\/\/api.w.org\/{rel}","templated":true}]}}