{"id":4579,"date":"2023-01-17T21:03:19","date_gmt":"2023-01-17T21:03:19","guid":{"rendered":"https:\/\/transparencia.cabocorrientes.gob.mx\/?page_id=4579"},"modified":"2025-05-19T21:58:28","modified_gmt":"2025-05-19T21:58:28","slug":"estados-de-cuentas-bancarias-2018","status":"publish","type":"page","link":"https:\/\/transparencia.cabocorrientes.gob.mx\/?page_id=4579","title":{"rendered":"Estados de cuentas bancarias 2018"},"content":{"rendered":"<h5><strong>Estado de cuenta Enero (\u00fanico movimiento).<\/strong><\/h5>\n<p>Cuenta 6950. <a href=\"https:\/\/transparencia.cabocorrientes.gob.mx\/Archivos\/articulo8\/Cuenta_6941\/Cuenta-_6950_Enero_2018.pdf\" target=\"_blank\" rel=\"noopener\" data-wplink-url-error=\"true\">PDF<\/a><\/p>\n<h5><strong>Estado de cuenta Enero-Febrero (\u00fanicos movimientos).<\/strong><\/h5>\n<p>Cuenta 7114. <a href=\"https:\/\/transparencia.cabocorrientes.gob.mx\/Archivos\/articulo8\/Cuenta_7114_Enero-Feb_2018.pdf\" target=\"_blank\" rel=\"noopener\" data-wplink-url-error=\"true\">PDF<\/a><\/p>\n<h5><strong>Estados de cuenta Enero-Marzo (\u00fanicos movimientos).<\/strong><\/h5>\n<p>Cuenta 6941<a href=\"https:\/\/transparencia.cabocorrientes.gob.mx\/Archivos\/articulo8\/Cuenta_6941_Enero-Marzo_2018.pdf\" target=\"_blank\" rel=\"noopener\" data-wplink-url-error=\"true\">PDF<\/a><br \/>\nCuenta 2724 <a href=\"https:\/\/transparencia.cabocorrientes.gob.mx\/Archivos\/articulo8\/Cuenta_2724-_Enero-Marzo_2018.pdf\" target=\"_blank\" rel=\"noopener\" data-wplink-url-error=\"true\">PDF<\/a><br \/>\nCuenta 2742 <a href=\"https:\/\/transparencia.cabocorrientes.gob.mx\/Archivos\/articulo8\/Cuenta_2742_Enero-Marzo_2018.pdf\" target=\"_blank\" rel=\"noopener\" data-wplink-url-error=\"true\">PDF<\/a><\/p>\n<h5><strong>Estados de cuenta Enero-Agosto (\u00fanicos movimientos).<\/strong><\/h5>\n<p>Cuenta 9652<a href=\"https:\/\/transparencia.cabocorrientes.gob.mx\/Archivos\/articulo8\/Cuenta_9652_Enero-Agosto_2018.pdf\" target=\"_blank\" rel=\"noopener\" data-wplink-url-error=\"true\">PDF<\/a><br \/>\nCuenta 3906<a href=\"https:\/\/transparencia.cabocorrientes.gob.mx\/Archivos\/articulo8\/Cuenta_3906_Enero-Agosto_2018.pdf\" target=\"_blank\" rel=\"noopener\" data-wplink-url-error=\"true\">PDF<\/a><\/p>\n<h5><strong>Estados de cuenta Enero-Agosto (\u00fanicos movimientos).<\/strong><\/h5>\n<p>Cuenta 3906<a href=\"https:\/\/transparencia.cabocorrientes.gob.mx\/Archivos\/articulo8\/Cuenta_3906_Enero-Agosto_2018.pdf\" target=\"_blank\" rel=\"noopener\" data-wplink-url-error=\"true\">PDF<\/a><br \/>\nCuenta 9652 <a href=\"https:\/\/transparencia.cabocorrientes.gob.mx\/Archivos\/articulo8\/Cuenta_9652_Enero-Agosto_2018.pdf\" target=\"_blank\" rel=\"noopener\" data-wplink-url-error=\"true\">PDF<\/a><\/p>\n<h5><strong>Estados de cuenta Enero-Septiembre<\/strong><\/h5>\n<p>Cuenta 1106 <a href=\"https:\/\/transparencia.cabocorrientes.gob.mx\/Archivos\/articulo8\/Cuenta_1106_Enero-Septiembre_2018.pdf\" target=\"_blank\" rel=\"noopener\" data-wplink-url-error=\"true\">PDF<\/a><br \/>\nCuenta 1151 <a href=\"https:\/\/transparencia.cabocorrientes.gob.mx\/Archivos\/articulo8\/Cuenta_1151_enero-sep_2018.pdf\" target=\"_blank\" rel=\"noopener\" data-wplink-url-error=\"true\">PDF<\/a><br \/>\nCuenta 2585 <a href=\"https:\/\/transparencia.cabocorrientes.gob.mx\/Archivos\/articulo8\/Cuenta_2585_Enero-Sep_2018.pdf\" target=\"_blank\" rel=\"noopener\" data-wplink-url-error=\"true\">PDF<\/a><br \/>\nCuenta 3629 <a href=\"https:\/\/transparencia.cabocorrientes.gob.mx\/Archivos\/articulo8\/Cuenta_3629_Enero-Septiembre_2018.pdf\" target=\"_blank\" rel=\"noopener\" data-wplink-url-error=\"true\">PDF<\/a><br \/>\nCuenta 3767 <a href=\"https:\/\/transparencia.cabocorrientes.gob.mx\/Archivos\/articulo8\/Cuenta_3767_Enero-sep_2018.pdf\" target=\"_blank\" rel=\"noopener\" data-wplink-url-error=\"true\">PDF<\/a><br \/>\nCuenta 7075 <a href=\"https:\/\/transparencia.cabocorrientes.gob.mx\/Archivos\/articulo8\/Cuenta_7075_Enero-Sep_2018.pdf\" target=\"_blank\" rel=\"noopener\" data-wplink-url-error=\"true\">PDF<\/a><br \/>\nCuenta 7106 &#8216;<a href=\"https:\/\/transparencia.cabocorrientes.gob.mx\/Archivos\/articulo8\/Cuenta_7106_Enero-Sep_2018.pdf\" target=\"_blank\" rel=\"noopener\" data-wplink-url-error=\"true\">PDF<\/a><br \/>\nCuenta 9576 <a href=\"https:\/\/transparencia.cabocorrientes.gob.mx\/Archivos\/articulo8\/Cuenta_9576_Enero-Sep_2018.pdf\" target=\"_blank\" rel=\"noopener\" data-wplink-url-error=\"true\">PDF<\/a><\/p>\n<h5><strong>Estado de cuenta Junio (\u00fanico movimiento).<\/strong><\/h5>\n<p>Cuenta 1265<a href=\"https:\/\/transparencia.cabocorrientes.gob.mx\/Archivos\/articulo8\/Estado_cuenta_1265_Junio_2018.pdf\" target=\"_blank\" rel=\"noopener\" data-wplink-url-error=\"true\">PDF<\/a><\/p>\n<h5><strong>Estado de cuenta Junio-Septiembre (\u00fanicos movimientos).<\/strong><\/h5>\n<p>Cuenta 6884<a href=\"https:\/\/transparencia.cabocorrientes.gob.mx\/Archivos\/articulo8\/Cuenta_6884_Junio-Sep_2018.pdf\" target=\"_blank\" rel=\"noopener\" data-wplink-url-error=\"true\">PDF<\/a><\/p>\n<h5><strong>Estado de cuenta Julio-septiembre (\u00fanicos movimientos).<\/strong><\/h5>\n<p>Cuenta 6633<a href=\"https:\/\/transparencia.cabocorrientes.gob.mx\/Archivos\/articulo8\/Cuenta_6633_Julio-Sep_2018.pdf\" target=\"_blank\" rel=\"noopener\" data-wplink-url-error=\"true\">PDF<\/a><br \/>\nCuenta 6642<a href=\"https:\/\/transparencia.cabocorrientes.gob.mx\/Archivos\/articulo8\/Cuenta_6642_Julio-Septiembre_2018.pdf\" target=\"_blank\" rel=\"noopener\" data-wplink-url-error=\"true\">PDF<\/a><\/p>\n<h5><strong>Estados de cuenta Octubre-Diciembre(\u00fanicos movimientos).<\/strong><\/h5>\n<p>Cuenta 1265<a href=\"https:\/\/transparencia.cabocorrientes.gob.mx\/Archivos\/articulo8\/Ocrubre-Diciembre_cta_1265.pdf\" target=\"_blank\" rel=\"noopener\" data-wplink-url-error=\"true\">PDF<\/a><br \/>\nCuenta 1256<a href=\"https:\/\/transparencia.cabocorrientes.gob.mx\/Archivos\/articulo8\/Octubre-Diciembre_1256.pdf\" target=\"_blank\" rel=\"noopener\" data-wplink-url-error=\"true\">PDF<\/a><br \/>\nCuenta 3629<a href=\"https:\/\/transparencia.cabocorrientes.gob.mx\/Archivos\/articulo8\/Octubre-Diciembre_2018_cta_3629.pdf\" target=\"_blank\" rel=\"noopener\" data-wplink-url-error=\"true\">PDF<\/a><br \/>\nCuenta 3906<a href=\"https:\/\/transparencia.cabocorrientes.gob.mx\/Archivos\/articulo8\/octubre-diciembre_2018_cta_3906.pdf\" target=\"_blank\" rel=\"noopener\" data-wplink-url-error=\"true\">PDF<\/a><br \/>\nCuenta 6633<a href=\"https:\/\/transparencia.cabocorrientes.gob.mx\/Archivos\/articulo8\/octubre-diciembre_2018_cta_6633.pdf\" target=\"_blank\" rel=\"noopener\" data-wplink-url-error=\"true\">PDF<\/a><br \/>\nCuenta 6642<a href=\"https:\/\/transparencia.cabocorrientes.gob.mx\/Archivos\/articulo8\/octubre-diciembre_2018_cta_6642.pdf\" target=\"_blank\" rel=\"noopener\" data-wplink-url-error=\"true\">PDF<\/a><br \/>\nCuenta 7075<a href=\"https:\/\/transparencia.cabocorrientes.gob.mx\/Archivos\/articulo8\/octubre-diciembre_2018_cta._7075.pdf\" target=\"_blank\" rel=\"noopener\" data-wplink-url-error=\"true\">PDF<\/a><br \/>\nCuenta 6884<a href=\"https:\/\/transparencia.cabocorrientes.gob.mx\/Archivos\/articulo8\/octubre-diciembre_2018_cta.6884.pdf\" target=\"_blank\" rel=\"noopener\" data-wplink-url-error=\"true\">PDF<\/a><br \/>\nCuenta 1115<a href=\"https:\/\/transparencia.cabocorrientes.gob.mx\/Archivos\/articulo8\/Octubre-Diciembre_cta_1115.pdf\" target=\"_blank\" rel=\"noopener\" data-wplink-url-error=\"true\">PDF<\/a><br \/>\nCuenta 1124<a href=\"https:\/\/transparencia.cabocorrientes.gob.mx\/Archivos\/articulo8\/Octubre-Diciembre_cta_1124.pdf\" target=\"_blank\" rel=\"noopener\" data-wplink-url-error=\"true\">PDF<\/a><br \/>\nCuenta 1151<a href=\"https:\/\/transparencia.cabocorrientes.gob.mx\/Archivos\/articulo8\/Octubre-Diciembre_cta_1151.pdf\" target=\"_blank\" rel=\"noopener\" data-wplink-url-error=\"true\">PDF<\/a><br \/>\nCuenta2585<a href=\"https:\/\/transparencia.cabocorrientes.gob.mx\/Archivos\/articulo8\/Octubre-Diciembre_cta_2585.pdf\" target=\"_blank\" rel=\"noopener\" data-wplink-url-error=\"true\">PDF<\/a><br \/>\nCuenta 3170<a href=\"https:\/\/transparencia.cabocorrientes.gob.mx\/Archivos\/articulo8\/Octubre-Diciembre_cta_3170.pdf\" target=\"_blank\" rel=\"noopener\" data-wplink-url-error=\"true\">PDF<\/a><br \/>\nCuenta 7075<a href=\"https:\/\/transparencia.cabocorrientes.gob.mx\/Archivos\/articulo8\/octubre-diciembre_2018.pdf\" target=\"_blank\" rel=\"noopener\" data-wplink-url-error=\"true\">PDF<\/a><br \/>\nCuenta 1106<a href=\"https:\/\/transparencia.cabocorrientes.gob.mx\/Archivos\/articulo8\/Octubre-Noviembre_2018_cta_1106.pdf\" target=\"_blank\" rel=\"noopener\" data-wplink-url-error=\"true\">PDF<\/a><\/p>\n","protected":false},"excerpt":{"rendered":"<p>Estado de cuenta Enero (\u00fanico movimiento). Cuenta 6950. PDF Estado de cuenta Enero-Febrero (\u00fanicos movimientos). Cuenta 7114. PDF Estados de cuenta Enero-Marzo (\u00fanicos movimientos). Cuenta 6941PDF Cuenta 2724 PDF Cuenta 2742 PDF Estados de cuenta Enero-Agosto (\u00fanicos movimientos). Cuenta 9652PDF Cuenta 3906PDF Estados de cuenta Enero-Agosto (\u00fanicos movimientos). Cuenta 3906PDF Cuenta 9652 PDF Estados de &hellip; <\/p>\n<p class=\"link-more\"><a href=\"https:\/\/transparencia.cabocorrientes.gob.mx\/?page_id=4579\" class=\"more-link\">Continue reading<span class=\"screen-reader-text\"> \u00abEstados de cuentas bancarias 2018\u00bb<\/span><\/a><\/p>\n","protected":false},"author":4,"featured_media":0,"parent":0,"menu_order":0,"comment_status":"closed","ping_status":"closed","template":"","meta":{"_coblocks_attr":"","_coblocks_dimensions":"","_coblocks_responsive_height":"","_coblocks_accordion_ie_support":"","_regular_price":[],"currency_symbol":[],"footnotes":""},"class_list":["post-4579","page","type-page","status-publish","hentry"],"post_slider_layout_featured_media_urls":{"thumbnail":"","post_slider_layout_landscape_large":"","post_slider_layout_portrait_large":"","post_slider_layout_square_large":"","post_slider_layout_landscape":"","post_slider_layout_portrait":"","post_slider_layout_square":"","full":""},"_links":{"self":[{"href":"https:\/\/transparencia.cabocorrientes.gob.mx\/index.php?rest_route=\/wp\/v2\/pages\/4579","targetHints":{"allow":["GET"]}}],"collection":[{"href":"https:\/\/transparencia.cabocorrientes.gob.mx\/index.php?rest_route=\/wp\/v2\/pages"}],"about":[{"href":"https:\/\/transparencia.cabocorrientes.gob.mx\/index.php?rest_route=\/wp\/v2\/types\/page"}],"author":[{"embeddable":true,"href":"https:\/\/transparencia.cabocorrientes.gob.mx\/index.php?rest_route=\/wp\/v2\/users\/4"}],"replies":[{"embeddable":true,"href":"https:\/\/transparencia.cabocorrientes.gob.mx\/index.php?rest_route=%2Fwp%2Fv2%2Fcomments&post=4579"}],"version-history":[{"count":32,"href":"https:\/\/transparencia.cabocorrientes.gob.mx\/index.php?rest_route=\/wp\/v2\/pages\/4579\/revisions"}],"predecessor-version":[{"id":14053,"href":"https:\/\/transparencia.cabocorrientes.gob.mx\/index.php?rest_route=\/wp\/v2\/pages\/4579\/revisions\/14053"}],"wp:attachment":[{"href":"https:\/\/transparencia.cabocorrientes.gob.mx\/index.php?rest_route=%2Fwp%2Fv2%2Fmedia&parent=4579"}],"curies":[{"name":"wp","href":"https:\/\/api.w.org\/{rel}","templated":true}]}}