{"id":4467,"date":"2023-01-10T20:38:11","date_gmt":"2023-01-10T20:38:11","guid":{"rendered":"https:\/\/transparencia.cabocorrientes.gob.mx\/?page_id=4467"},"modified":"2025-05-20T00:27:56","modified_gmt":"2025-05-20T00:27:56","slug":"estados-de-las-cuentas-bancarias-2015","status":"publish","type":"page","link":"https:\/\/transparencia.cabocorrientes.gob.mx\/?page_id=4467","title":{"rendered":"ESTADOS DE CUENTAS 2015-2017"},"content":{"rendered":"<h5><strong>Cuentas 2015-2017<\/strong><\/h5>\n<p>Cuentas 05350551115.<a href=\"https:\/\/transparencia.cabocorrientes.gob.mx\/wp-content\/uploads\/2023\/01\/Cuenta 0530551115-estados-de-cuenta-jun-dic-15.pdf\" target=\"_blank\" rel=\"noopener\" data-wplink-url-error=\"true\">PDF<\/a><br \/>\nCuentas 0530551124.<a href=\"https:\/\/transparencia.cabocorrientes.gob.mx\/wp-content\/uploads\/2023\/01\/Cuenta 0530551124-estados-de-cuenta-jun-dic-15.pdf\" target=\"_blank\" rel=\"noopener\" data-wplink-url-error=\"true\">PDF<\/a><br \/>\nCuentas 0530551151.<a href=\"https:\/\/transparencia.cabocorrientes.gob.mx\/wp-content\/uploads\/2023\/01\/Cuenta 0530551151-estados-de-cuenta-jun-dic-15.pdf\" target=\"_blank\" rel=\"noopener\" data-wplink-url-error=\"true\">PDF<\/a><br \/>\nCuentas 0677303170.<a href=\"https:\/\/transparencia.cabocorrientes.gob.mx\/wp-content\/uploads\/2023\/01\/Cuenta 0677303170-estados-de-cuenta-jun-dic-15.pdf\" target=\"_blank\" rel=\"noopener\" data-wplink-url-error=\"true\">PDF<\/a><\/p>\n<h5><strong>N\u00famero de cuentas bancarias y su relaci\u00f3n.<\/strong><\/h5>\n<p>Relaci\u00f3n de cuentas bancarias.<a href=\"https:\/\/transparencia.cabocorrientes.gob.mx\/wp-content\/uploads\/2023\/01\/Relacion de cuentas bancarias.pdf\" target=\"_blank\" rel=\"noopener\" data-wplink-url-error=\"true\">PDF<\/a><\/p>\n<h5><strong>Estados de las cuentas bancarias Enero &#8211; Septiembre 2016.<\/strong><\/h5>\n<p>Cuentas 0424041265.<a href=\"https:\/\/transparencia.cabocorrientes.gob.mx\/wp-content\/uploads\/2023\/01\/Cta 0424041265.pdf\" target=\"_blank\" rel=\"noopener\" data-wplink-url-error=\"true\">PDF<\/a><br \/>\nCuentas 0429019652.<a href=\"https:\/\/transparencia.cabocorrientes.gob.mx\/wp-content\/uploads\/2023\/01\/Cta 0429019652.pdf\" target=\"_blank\" rel=\"noopener\" data-wplink-url-error=\"true\">PDF<\/a><br \/>\nCuenta 0433086941.<a href=\"https:\/\/transparencia.cabocorrientes.gob.mx\/wp-content\/uploads\/2023\/01\/Cta 0433086941.pdf\" target=\"_blank\" rel=\"noopener\" data-wplink-url-error=\"true\">PDF<\/a><br \/>\nCuentas 0433086950.<a href=\"https:\/\/transparencia.cabocorrientes.gob.mx\/wp-content\/uploads\/2023\/01\/Cta 0433086950.pdf\" target=\"_blank\" rel=\"noopener\" data-wplink-url-error=\"true\">PDF<\/a><br \/>\nCuentas 0433086978.<a href=\"https:\/\/transparencia.cabocorrientes.gob.mx\/wp-content\/uploads\/2023\/01\/Cta 0433086978.pdf\" target=\"_blank\" rel=\"noopener\" data-wplink-url-error=\"true\">PDF<\/a><br \/>\nCuentas 0447252538.<a href=\"https:\/\/transparencia.cabocorrientes.gob.mx\/wp-content\/uploads\/2023\/01\/Cta 0447252538.pdf\" target=\"_blank\" rel=\"noopener\" data-wplink-url-error=\"true\">PDF<\/a><br \/>\nCuentas 0530551124.<a href=\"https:\/\/transparencia.cabocorrientes.gob.mx\/wp-content\/uploads\/2023\/01\/Cta 0530551124.pdf\" target=\"_blank\" rel=\"noopener\" data-wplink-url-error=\"true\">PDF<\/a><br \/>\nCuentas 0677303170.<a href=\"https:\/\/transparencia.cabocorrientes.gob.mx\/wp-content\/uploads\/2023\/01\/Cta 0677303170.pdf\" target=\"_blank\" rel=\"noopener\" data-wplink-url-error=\"true\">PDF<\/a><br \/>\nCuentas 0530551151.<a href=\"https:\/\/transparencia.cabocorrientes.gob.mx\/wp-content\/uploads\/2023\/01\/Cta 0530551151 (1).pdf\" target=\"_blank\" rel=\"noopener\" data-wplink-url-error=\"true\">PDF<\/a><\/p>\n<h5><strong>Estados de las cuentas bancarias Octubre- Diciembre 2016.<\/strong><\/h5>\n<p>Cuentas 0226403629.<a href=\"https:\/\/transparencia.cabocorrientes.gob.mx\/wp-content\/uploads\/2023\/01\/cuenta 0226403629.pdf\" target=\"_blank\" rel=\"noopener\" data-wplink-url-error=\"true\">PDF<\/a><br \/>\nCuentas 0258797106.<a href=\"https:\/\/transparencia.cabocorrientes.gob.mx\/wp-content\/uploads\/2023\/01\/cuenta 0258797106.pdf\" target=\"_blank\" rel=\"noopener\" data-wplink-url-error=\"true\">PDF<\/a><br \/>\nCuentas 0424041256.<a href=\"https:\/\/transparencia.cabocorrientes.gob.mx\/wp-content\/uploads\/2023\/01\/cuenta 0424041256.pdf\" target=\"_blank\" rel=\"noopener\" data-wplink-url-error=\"true\">PDF<\/a><br \/>\nCuentas 0424041265.<a href=\"https:\/\/transparencia.cabocorrientes.gob.mx\/wp-content\/uploads\/2023\/01\/cuenta 0424041265.pdf\" target=\"_blank\" rel=\"noopener\" data-wplink-url-error=\"true\">PDF<\/a><br \/>\nCuentas 0433086941.<a href=\"https:\/\/transparencia.cabocorrientes.gob.mx\/wp-content\/uploads\/2023\/01\/cuenta 0433086941.pdf\" target=\"_blank\" rel=\"noopener\" data-wplink-url-error=\"true\">PDF<\/a><br \/>\nCuentas 0433086950.<a href=\"https:\/\/transparencia.cabocorrientes.gob.mx\/wp-content\/uploads\/2023\/01\/cuenta 0433086950.pdf\" target=\"_blank\" rel=\"noopener\" data-wplink-url-error=\"true\">PDF<\/a><br \/>\nCuentas 0433086978.<a href=\"https:\/\/transparencia.cabocorrientes.gob.mx\/wp-content\/uploads\/2023\/01\/cuenta 0433086978.pdf\" target=\"_blank\" rel=\"noopener\" data-wplink-url-error=\"true\">PDF<\/a><br \/>\nCuentas 0435523767.<a href=\"https:\/\/transparencia.cabocorrientes.gob.mx\/wp-content\/uploads\/2023\/01\/cuenta 0435523767.pdf\" target=\"_blank\" rel=\"noopener\" data-wplink-url-error=\"true\">PDF<\/a><br \/>\nCuentas 0447252538.<a href=\"https:\/\/transparencia.cabocorrientes.gob.mx\/wp-content\/uploads\/2023\/01\/cuenta 0447252538.pdf\" target=\"_blank\" rel=\"noopener\" data-wplink-url-error=\"true\">PDF<\/a><br \/>\nCuentas 0447252592.<a href=\"https:\/\/transparencia.cabocorrientes.gob.mx\/wp-content\/uploads\/2023\/01\/cuenta 0447252592.pdf\" target=\"_blank\" rel=\"noopener\" data-wplink-url-error=\"true\">PDF<\/a><br \/>\nCuentas 0530551106.<a href=\"https:\/\/transparencia.cabocorrientes.gob.mx\/wp-content\/uploads\/2023\/01\/cuenta 0258797106.pdf\" target=\"_blank\" rel=\"noopener\" data-wplink-url-error=\"true\">PDF<\/a><br \/>\nCuentas 0530551124.<a href=\"https:\/\/transparencia.cabocorrientes.gob.mx\/wp-content\/uploads\/2023\/01\/CTA 0530551124 (2)_0.pdf\" target=\"_blank\" rel=\"noopener\" data-wplink-url-error=\"true\">PDF<\/a><br \/>\nCuentas 0530551151.<a href=\"https:\/\/transparencia.cabocorrientes.gob.mx\/wp-content\/uploads\/2023\/01\/cuenta 0530551151.pdf\" target=\"_blank\" rel=\"noopener\" data-wplink-url-error=\"true\">PDF<\/a><br \/>\nCuentas 0677303170.<a href=\"https:\/\/transparencia.cabocorrientes.gob.mx\/wp-content\/uploads\/2023\/01\/cuenta 0677303170.pdf\" target=\"_blank\" rel=\"noopener\" data-wplink-url-error=\"true\">PDF<\/a><br \/>\nCuentas 0816983906.<a href=\"https:\/\/transparencia.cabocorrientes.gob.mx\/wp-content\/uploads\/2023\/01\/cuenta 0816983906.pdf\" target=\"_blank\" rel=\"noopener\" data-wplink-url-error=\"true\">PDF<\/a><br \/>\nCuentas 0822222585.<a href=\"https:\/\/transparencia.cabocorrientes.gob.mx\/wp-content\/uploads\/2023\/01\/cuenta 0822222585.pdf\" target=\"_blank\" rel=\"noopener\" data-wplink-url-error=\"true\">PDF<\/a><\/p>\n<h5><strong>N\u00famero de cuentas bancarias y su relaci\u00f3n 2016.<\/strong><\/h5>\n<p><strong>Relaci\u00f3n de cuentas bancarias.<\/strong><br \/>\nCuentas bancarias. <a href=\"https:\/\/transparencia.cabocorrientes.gob.mx\/wp-content\/uploads\/2023\/01\/2016Cuentas bancarias 2016.xlsx\" target=\"_blank\" rel=\"noopener\" data-wplink-url-error=\"true\">EXCEL<\/a><br \/>\nCuentas bancarias. <a href=\"https:\/\/transparencia.cabocorrientes.gob.mx\/wp-content\/uploads\/2023\/01\/Cuentas bancarias.pdf\" target=\"_blank\" rel=\"noopener\" data-wplink-url-error=\"true\">PDF<\/a><\/p>\n<h5><strong>Estados de las cuentas bancarias Enero &#8211; Junio 2017.<\/strong><\/h5>\n<p>Cuentas 0226403629.<a href=\"https:\/\/transparencia.cabocorrientes.gob.mx\/wp-content\/uploads\/2023\/01\/CTA 0226403629.pdf\" target=\"_blank\" rel=\"noopener\" data-wplink-url-error=\"true\">PDF<\/a><br \/>\nCuentas 0424041256.<a href=\"https:\/\/transparencia.cabocorrientes.gob.mx\/wp-content\/uploads\/2023\/01\/CTA 0424041256.pdf\" target=\"_blank\" rel=\"noopener\" data-wplink-url-error=\"true\">PDF<\/a><br \/>\nCuentas 0447252592.<a href=\"https:\/\/transparencia.cabocorrientes.gob.mx\/wp-content\/uploads\/2023\/01\/CTA 0447252592.pdf\" target=\"_blank\" rel=\"noopener\" data-wplink-url-error=\"true\">PDF<\/a><br \/>\nCuentas 0530551106.<a href=\"https:\/\/transparencia.cabocorrientes.gob.mx\/wp-content\/uploads\/2023\/01\/CTA 0530551106.pdf\" target=\"_blank\" rel=\"noopener\" data-wplink-url-error=\"true\">PDF<\/a><br \/>\nCuentas 0530551115.<a href=\"https:\/\/transparencia.cabocorrientes.gob.mx\/wp-content\/uploads\/2023\/01\/CTA 0530551115.pdf\" target=\"_blank\" rel=\"noopener\" data-wplink-url-error=\"true\">PDF<\/a><br \/>\nCuentas 0530551124.<a href=\"https:\/\/transparencia.cabocorrientes.gob.mx\/wp-content\/uploads\/2023\/01\/CTA 0530551124 (2).pdf\" target=\"_blank\" rel=\"noopener\" data-wplink-url-error=\"true\">PDF<\/a><br \/>\nCuentas 0677303170.<a href=\"https:\/\/transparencia.cabocorrientes.gob.mx\/wp-content\/uploads\/2023\/01\/CTA-0677303170 -(2).pdf\" target=\"_blank\" rel=\"noopener\" data-wplink-url-error=\"true\">PDF<\/a><br \/>\nCuentas 0816983906.<a href=\"https:\/\/transparencia.cabocorrientes.gob.mx\/wp-content\/uploads\/2023\/01\/CTA 0816983906.pdf\" target=\"_blank\" rel=\"noopener\" data-wplink-url-error=\"true\">PDF<\/a><br \/>\nCuentas 0822222585.<a href=\"https:\/\/transparencia.cabocorrientes.gob.mx\/wp-content\/uploads\/2023\/01\/CTA 0822222585.pdf\" target=\"_blank\" rel=\"noopener\" data-wplink-url-error=\"true\">PDF<\/a><\/p>\n<h5><strong>Estados de las cuentas bancarias septiembre 2017.<\/strong><\/h5>\n<p>Cuentas 1106 (2)<a href=\"https:\/\/transparencia.cabocorrientes.gob.mx\/Archivos\/articulo8\/1106_2.pdf\" target=\"_blank\" rel=\"noopener\" data-wplink-url-error=\"true\">PDF<\/a><br \/>\nCuentas 1106<a href=\"https:\/\/transparencia.cabocorrientes.gob.mx\/Archivos\/articulo8\/1106.pdf\" target=\"_blank\" rel=\"noopener\" data-wplink-url-error=\"true\">PDF<\/a><br \/>\nCuentas 1115<a href=\"https:\/\/transparencia.cabocorrientes.gob.mx\/Archivos\/articulo8\/1115.pdf\" target=\"_blank\" rel=\"noopener\" data-wplink-url-error=\"true\">PDF<\/a><br \/>\nCuentas 1124<a href=\"https:\/\/transparencia.cabocorrientes.gob.mx\/Archivos\/articulo8\/1124.pdf\" target=\"_blank\" rel=\"noopener\" data-wplink-url-error=\"true\">PDF<\/a><br \/>\nCuentas 1151<a href=\"https:\/\/transparencia.cabocorrientes.gob.mx\/Archivos\/articulo8\/1151.pdf\" target=\"_blank\" rel=\"noopener\" data-wplink-url-error=\"true\">PDF<\/a><br \/>\nCuentas 1256<a href=\"https:\/\/transparencia.cabocorrientes.gob.mx\/Archivos\/articulo8\/1256-_1.pdf\" target=\"_blank\" rel=\"noopener\" data-wplink-url-error=\"true\">PDF<\/a><br \/>\nCuentas 1256 (2)<a href=\"https:\/\/transparencia.cabocorrientes.gob.mx\/Archivos\/articulo8\/1256_2.pdf\" target=\"_blank\" rel=\"noopener\" data-wplink-url-error=\"true\">PDF<\/a><br \/>\nCuentas 1256<a href=\"https:\/\/transparencia.cabocorrientes.gob.mx\/Archivos\/articulo8\/1256.pdf\" target=\"_blank\" rel=\"noopener\" data-wplink-url-error=\"true\">PDF<\/a><br \/>\nCuentas 1265<a href=\"https:\/\/transparencia.cabocorrientes.gob.mx\/Archivos\/articulo8\/1265.pdf\" target=\"_blank\" rel=\"noopener\" data-wplink-url-error=\"true\">PDF<\/a><br \/>\nCuentas 2585<a href=\"https:\/\/transparencia.cabocorrientes.gob.mx\/Archivos\/articulo8\/2585.pdf\" target=\"_blank\" rel=\"noopener\" data-wplink-url-error=\"true\">PDF<\/a><br \/>\nCuentas 2724<a href=\"https:\/\/transparencia.cabocorrientes.gob.mx\/Archivos\/articulo8\/2724.pdf\" target=\"_blank\" rel=\"noopener\" data-wplink-url-error=\"true\">PDF<\/a><br \/>\nCuentas 2742<a href=\"https:\/\/transparencia.cabocorrientes.gob.mx\/Archivos\/articulo8\/2742.pdf\" target=\"_blank\" rel=\"noopener\" data-wplink-url-error=\"true\">PDF<\/a><br \/>\nCuentas 2751<a href=\"https:\/\/transparencia.cabocorrientes.gob.mx\/Archivos\/articulo8\/2751.pdf\" target=\"_blank\" rel=\"noopener\" data-wplink-url-error=\"true\">PDF<\/a><br \/>\nCuentas 3170<a href=\"https:\/\/transparencia.cabocorrientes.gob.mx\/Archivos\/articulo8\/3170.pdf\" target=\"_blank\" rel=\"noopener\" data-wplink-url-error=\"true\">PDF<\/a><br \/>\nCuentas 3629<a href=\"https:\/\/transparencia.cabocorrientes.gob.mx\/Archivos\/articulo8\/3629.pdf\" target=\"_blank\" rel=\"noopener\" data-wplink-url-error=\"true\">PDF<\/a><br \/>\nCuentas 3906 2<a href=\"https:\/\/transparencia.cabocorrientes.gob.mx\/Archivos\/articulo8\/3906_2.pdf\" target=\"_blank\" rel=\"noopener\" data-wplink-url-error=\"true\">PDF<\/a><br \/>\nCuentas 3906<a href=\"https:\/\/transparencia.cabocorrientes.gob.mx\/Archivos\/articulo8\/6191.pdf\" target=\"_blank\" rel=\"noopener\" data-wplink-url-error=\"true\">PDF<\/a><br \/>\nCuentas 7075<a href=\"https:\/\/transparencia.cabocorrientes.gob.mx\/Archivos\/articulo8\/7075.pdf\" target=\"_blank\" rel=\"noopener\" data-wplink-url-error=\"true\">PDF<\/a><br \/>\nCuentas 9652<a href=\"https:\/\/transparencia.cabocorrientes.gob.mx\/Archivos\/articulo8\/9652.pdf\" target=\"_blank\" rel=\"noopener\" data-wplink-url-error=\"true\">PDF<\/a><\/p>\n<h5><strong>Estados de las cuentas bancarias octubre &#8211; diciembre 2017.<\/strong><\/h5>\n<p>Cuentas 082222285<a href=\"https:\/\/transparencia.cabocorrientes.gob.mx\/Archivos\/articulo8\/CTA_082222285.pdf\" target=\"_blank\" rel=\"noopener\" data-wplink-url-error=\"true\">PDF<\/a><br \/>\nCuentas 0309381657<a href=\"https:\/\/transparencia.cabocorrientes.gob.mx\/Archivos\/articulo8\/CTA_0309381657.pdf\" target=\"_blank\" rel=\"noopener\" data-wplink-url-error=\"true\">PDF<\/a><br \/>\nCuentas 0311952724<a href=\"https:\/\/transparencia.cabocorrientes.gob.mx\/Archivos\/articulo8\/CTA_0311952724.pdf\" target=\"_blank\" rel=\"noopener\" data-wplink-url-error=\"true\">PDF<\/a><br \/>\nCuentas 0433086941_0<a href=\"https:\/\/transparencia.cabocorrientes.gob.mx\/Archivos\/articulo8\/CTA_0433086941_0.pdf\" target=\"_blank\" rel=\"noopener\" data-wplink-url-error=\"true\">PDF<\/a><br \/>\nCuentas 0258787106<a href=\"https:\/\/transparencia.cabocorrientes.gob.mx\/Archivos\/articulo8\/CTA0258787106.pdf\" target=\"_blank\" rel=\"noopener\" data-wplink-url-error=\"true\">PDF<\/a><br \/>\nCuentas 0311952742<a href=\"https:\/\/transparencia.cabocorrientes.gob.mx\/Archivos\/articulo8\/CTA0311952742.pdf\" target=\"_blank\" rel=\"noopener\" data-wplink-url-error=\"true\">PDF<\/a><br \/>\nCuentas 0311952751<a href=\"https:\/\/transparencia.cabocorrientes.gob.mx\/Archivos\/articulo8\/CTA0311952751.pdf\" target=\"_blank\" rel=\"noopener\" data-wplink-url-error=\"true\">PDF<\/a><br \/>\nCuentas 0317247066<a href=\"https:\/\/transparencia.cabocorrientes.gob.mx\/Archivos\/articulo8\/CTA0317247066.pdf\" target=\"_blank\" rel=\"noopener\" data-wplink-url-error=\"true\">PDF<\/a><br \/>\nCuentas 0317247075<a href=\"https:\/\/transparencia.cabocorrientes.gob.mx\/Archivos\/articulo8\/CTA0317247075.pdf\" target=\"_blank\" rel=\"noopener\" data-wplink-url-error=\"true\">PDF<\/a><br \/>\nCuentas 0317247114<a href=\"https:\/\/transparencia.cabocorrientes.gob.mx\/Archivos\/articulo8\/CTA0317247114.pdf\" target=\"_blank\" rel=\"noopener\" data-wplink-url-error=\"true\">PDF<\/a><br \/>\nCuentas 0321039576<a href=\"https:\/\/transparencia.cabocorrientes.gob.mx\/Archivos\/articulo8\/CTA0321039576.pdf\" target=\"_blank\" rel=\"noopener\" data-wplink-url-error=\"true\">PDF<\/a><br \/>\nCuentas 0424041265<a href=\"https:\/\/transparencia.cabocorrientes.gob.mx\/Archivos\/articulo8\/CTA0424041265.pdf\" target=\"_blank\" rel=\"noopener\" data-wplink-url-error=\"true\">PDF<\/a><br \/>\nCuentas 0433086950 (1)<a href=\"https:\/\/transparencia.cabocorrientes.gob.mx\/Archivos\/articulo8\/CTA0433086950_1.pdf\" target=\"_blank\" rel=\"noopener\" data-wplink-url-error=\"true\">PDF<\/a><br \/>\nCuentas 0433086950<a href=\"https:\/\/transparencia.cabocorrientes.gob.mx\/Archivos\/articulo8\/CTA0433086950.pdf\" target=\"_blank\" rel=\"noopener\" data-wplink-url-error=\"true\">PDF<\/a><br \/>\nCuentas 0530551115<a href=\"https:\/\/transparencia.cabocorrientes.gob.mx\/Archivos\/articulo8\/CTA0530551115.pdf\" target=\"_blank\" rel=\"noopener\" data-wplink-url-error=\"true\">PDF<\/a><br \/>\nCuentas 0530551124<a href=\"https:\/\/transparencia.cabocorrientes.gob.mx\/Archivos\/articulo8\/CTA0530551124.pdf\" target=\"_blank\" rel=\"noopener\" data-wplink-url-error=\"true\">PDF<\/a><br \/>\nCuentas 0530551151<a href=\"https:\/\/transparencia.cabocorrientes.gob.mx\/Archivos\/articulo8\/CTA0530551151.pdf\" target=\"_blank\" rel=\"noopener\" data-wplink-url-error=\"true\">PDF<\/a><br \/>\nCuentas 0677303170<a href=\"https:\/\/transparencia.cabocorrientes.gob.mx\/Archivos\/articulo8\/CTA0677303170.pdf\" target=\"_blank\" rel=\"noopener\" data-wplink-url-error=\"true\">PDF<\/a><\/p>\n","protected":false},"excerpt":{"rendered":"<p>Cuentas 2015-2017 Cuentas 05350551115.PDF Cuentas 0530551124.PDF Cuentas 0530551151.PDF Cuentas 0677303170.PDF N\u00famero de cuentas bancarias y su relaci\u00f3n. Relaci\u00f3n de cuentas bancarias.PDF Estados de las cuentas bancarias Enero &#8211; Septiembre 2016. Cuentas 0424041265.PDF Cuentas 0429019652.PDF Cuenta 0433086941.PDF Cuentas 0433086950.PDF Cuentas 0433086978.PDF Cuentas 0447252538.PDF Cuentas 0530551124.PDF Cuentas 0677303170.PDF Cuentas 0530551151.PDF Estados de las cuentas bancarias Octubre- Diciembre &hellip; <\/p>\n<p class=\"link-more\"><a href=\"https:\/\/transparencia.cabocorrientes.gob.mx\/?page_id=4467\" class=\"more-link\">Continue reading<span class=\"screen-reader-text\"> \u00abESTADOS DE CUENTAS 2015-2017\u00bb<\/span><\/a><\/p>\n","protected":false},"author":4,"featured_media":0,"parent":0,"menu_order":0,"comment_status":"closed","ping_status":"closed","template":"","meta":{"_coblocks_attr":"","_coblocks_dimensions":"","_coblocks_responsive_height":"","_coblocks_accordion_ie_support":"","_regular_price":[],"currency_symbol":[],"footnotes":""},"class_list":["post-4467","page","type-page","status-publish","hentry"],"post_slider_layout_featured_media_urls":{"thumbnail":"","post_slider_layout_landscape_large":"","post_slider_layout_portrait_large":"","post_slider_layout_square_large":"","post_slider_layout_landscape":"","post_slider_layout_portrait":"","post_slider_layout_square":"","full":""},"_links":{"self":[{"href":"https:\/\/transparencia.cabocorrientes.gob.mx\/index.php?rest_route=\/wp\/v2\/pages\/4467","targetHints":{"allow":["GET"]}}],"collection":[{"href":"https:\/\/transparencia.cabocorrientes.gob.mx\/index.php?rest_route=\/wp\/v2\/pages"}],"about":[{"href":"https:\/\/transparencia.cabocorrientes.gob.mx\/index.php?rest_route=\/wp\/v2\/types\/page"}],"author":[{"embeddable":true,"href":"https:\/\/transparencia.cabocorrientes.gob.mx\/index.php?rest_route=\/wp\/v2\/users\/4"}],"replies":[{"embeddable":true,"href":"https:\/\/transparencia.cabocorrientes.gob.mx\/index.php?rest_route=%2Fwp%2Fv2%2Fcomments&post=4467"}],"version-history":[{"count":72,"href":"https:\/\/transparencia.cabocorrientes.gob.mx\/index.php?rest_route=\/wp\/v2\/pages\/4467\/revisions"}],"predecessor-version":[{"id":14055,"href":"https:\/\/transparencia.cabocorrientes.gob.mx\/index.php?rest_route=\/wp\/v2\/pages\/4467\/revisions\/14055"}],"wp:attachment":[{"href":"https:\/\/transparencia.cabocorrientes.gob.mx\/index.php?rest_route=%2Fwp%2Fv2%2Fmedia&parent=4467"}],"curies":[{"name":"wp","href":"https:\/\/api.w.org\/{rel}","templated":true}]}}