{"id":4425,"date":"2023-01-10T16:48:43","date_gmt":"2023-01-10T16:48:43","guid":{"rendered":"https:\/\/transparencia.cabocorrientes.gob.mx\/?page_id=4425"},"modified":"2025-06-02T21:59:40","modified_gmt":"2025-06-02T21:59:40","slug":"la-informacion-en-version-publica-de-las-declaraciones-patrimoniales-de-los-servidores-publicos-que-asi-lo-determinen-en-los-sistemas-habilitados-para-ello-de-acuerdo-a-la-normatividad-aplicable","status":"publish","type":"page","link":"https:\/\/transparencia.cabocorrientes.gob.mx\/?page_id=4425","title":{"rendered":"La informaci\u00f3n en versi\u00f3n p\u00fablica de las declaraciones patrimoniales de los servidores p\u00fablicos que as\u00ed lo determinen, en los sistemas habilitados para ello, de acuerdo a la normatividad aplicable."},"content":{"rendered":"<h5><strong>2015<\/strong><\/h5>\n<p>Declaraci\u00f3n Inicial <strong><a href=\"https:\/\/transparencia.cabocorrientes.gob.mx\/wp-content\/uploads\/2023\/01\/Declaraciones Inicial 2015.pdf\" target=\"_blank\" rel=\"noopener\" data-wplink-url-error=\"true\">PDF<\/a><\/strong><br \/>Declaraci\u00f3n Anual <a href=\"https:\/\/transparencia.cabocorrientes.gob.mx\/wp-content\/uploads\/2023\/01\/Declaraciones Anual 2015.pdf\" target=\"_blank\" rel=\"noopener\" data-wplink-url-error=\"true\"><strong>PD<\/strong>F<\/a><\/p>\n<h5><strong>2016<\/strong><\/h5>\n<p>Declaraciones inicial 2016 <strong><a href=\"https:\/\/transparencia.cabocorrientes.gob.mx\/wp-content\/uploads\/2023\/01\/Declaraciones inicial 2016.pdf\" target=\"_blank\" rel=\"noopener\" data-wplink-url-error=\"true\">PDF<\/a><\/strong><br \/>Declaraciones anuales 2016 <strong><a href=\"https:\/\/transparencia.cabocorrientes.gob.mx\/wp-content\/uploads\/2023\/01\/Declaraciones anuales 2016.pdf\" target=\"_blank\" rel=\"noopener\" data-wplink-url-error=\"true\">PDF<\/a><\/strong><br \/>Declaraci\u00f3n Fina l2016 <strong><a href=\"https:\/\/transparencia.cabocorrientes.gob.mx\/wp-content\/uploads\/2023\/01\/FINAL 2016.pdf\" target=\"_blank\" rel=\"noopener\" data-wplink-url-error=\"true\">PDF<\/a><\/strong><\/p>\n<h5><strong>2017<\/strong><\/h5>\n<p>Declaraci\u00f3n Final 2017 <strong><a href=\"https:\/\/transparencia.cabocorrientes.gob.mx\/wp-content\/uploads\/2023\/01\/Final 2017.pdf\" target=\"_blank\" rel=\"noopener\" data-wplink-url-error=\"true\">PDF<\/a><\/strong><\/p>\n<h5><strong>2018<\/strong><\/h5>\n<p>Relaci\u00f3n de Declaraciones 2018 <strong><a href=\"https:\/\/transparencia.cabocorrientes.gob.mx\/wp-content\/uploads\/2023\/01\/RELACI\u00d3N DE DECLARACIONES 2018.xlsx\" target=\"_blank\" rel=\"noopener\" data-wplink-url-error=\"true\">EXCEL<\/a><\/strong><br \/>Recibos de las declaraciones patrimoniales 2018 <strong><a href=\"https:\/\/transparencia.cabocorrientes.gob.mx\/wp-content\/uploads\/2023\/01\/RECIBO DECLARACIONES 2018.pdf\" target=\"_blank\" rel=\"noopener\">PDF<\/a><\/strong><\/p>\n<h5><strong>2019<\/strong><\/h5>\n<p>Relaci\u00f3n de Declaraciones 2019 <strong><a href=\"https:\/\/transparencia.cabocorrientes.gob.mx\/wp-content\/uploads\/2023\/01\/RELACION DECLARACIONES PATRIMONIALES 2019.xlsx\" target=\"_blank\" rel=\"noopener\" data-wplink-url-error=\"true\">EXCEL<\/a><\/strong><br \/>Recibos de las declaraciones patrimoniales 2019 <strong><a href=\"https:\/\/transparencia.cabocorrientes.gob.mx\/wp-content\/uploads\/2023\/01\/RECIBOS DECLARACIONES 2019.pdf\" target=\"_blank\" rel=\"noopener\" data-wplink-url-error=\"true\">PDF<\/a><\/strong><\/p>\n<h5><strong>2021-2022<\/strong><\/h5>\n<p>Relaci\u00f3n de declaraciones patrimoniales iniciales- versi\u00f3n p\u00fablica <strong><a href=\"https:\/\/transparencia.cabocorrientes.gob.mx\/wp-content\/uploads\/2023\/01\/RESUMEN DE DECLARACIONES INICIALES-CABO CORRIENTES- VERSI\u00d3N P\u00daBLICA.pdf\" target=\"_blank\" rel=\"noopener\" data-wplink-url-error=\"true\">PDF<\/a><\/strong><br \/>Recibos de las declaraciones patrimoniales de modificaci\u00f3n- versi\u00f3n p\u00fablica <strong><a href=\"https:\/\/transparencia.cabocorrientes.gob.mx\/wp-content\/uploads\/2023\/01\/RESUMEN DE DECLARACIONES DE MODIFICACI\u00d3N-CABO CORRIENTES-VERSI\u00d3N P\u00daBLICA.pdf\" target=\"_blank\" rel=\"noopener\" data-wplink-url-error=\"true\">PDF<\/a><\/strong><\/p>\n\n\n<h5><strong>2023<\/strong><\/h5>\n\n\n\n<p>Relaci\u00f3n de declaraciones patrimoniales iniciales- versi\u00f3n p\u00fablica <a href=\"https:\/\/transparencia.cabocorrientes.gob.mx\/Archivos\/articulo8\/Relaci\u00f3n_de_acuses_de_declaraciones_iniciales_2023.pdf\" target=\"_blank\" rel=\"noreferrer noopener\"><strong>PDF<\/strong><\/a><br>Relaci\u00f3n de acuses de declaraciones patrimoniales de modificaci\u00f3n 2023 <a href=\"https:\/\/transparencia.cabocorrientes.gob.mx\/Archivos\/articulo8\/Relaci\u00f3n_de_acuses_de_declaraciones_patrimoniales_de_modificaci\u00f3n_2023.pdf\" target=\"_blank\" rel=\"noreferrer noopener\"><strong>PDF<\/strong><\/a><br>Relaci\u00f3n de acuses de declaraciones de conclusi\u00f3n 2023 <a href=\"https:\/\/transparencia.cabocorrientes.gob.mx\/Archivos\/articulo8\/Relaci\u00f3n_de_acuses_de_declaraciones_de_conclusi\u00f3n_2023.pdf\" target=\"_blank\" rel=\"noreferrer noopener\"><strong>PDF<\/strong><\/a><\/p>\n\n\n\n<h5><strong>2024<\/strong><\/h5>\n\n\n<p>Declaraciones iniciales 2024-versi\u00f3n p\u00fablica <strong><a href=\"https:\/\/transparencia.cabocorrientes.gob.mx\/Archivos\/articulo8\/Declaraciones_iniciales_2024-versi\u00f3n_p\u00fablica.pdf\" target=\"_blank\" rel=\"noreferrer noopener\">PDF<\/a><\/strong><br \/>Declaraciones de modificaci\u00f3n 2024-versi\u00f3n p\u00fablica <strong><a href=\"https:\/\/transparencia.cabocorrientes.gob.mx\/Archivos\/articulo8\/Declaraciones_de_modificaci\u00f3n_2024-versi\u00f3n_p\u00fablica.pdf\" target=\"_blank\" rel=\"noreferrer noopener\">PDF<\/a><\/strong><\/p>\n\n<h5><strong>2024 Octubre &#8211; Diciembre<\/strong><\/h5>\n\n<p>Declaraciones iniciales 2024, Administraci\u00f3n 2024 &#8211; 2027 <strong> <a href=\"https:\/\/transparencia.cabocorrientes.gob.mx\/Archivos\/articulo8\/Concentrado_Declaraci\u00f3n_Patrimonial_Administraci\u00f3n_2024.pdf\" target=\"_blank\" rel=\"noreferrer noopener\">PDF<\/a><\/strong><\/p> \n<h5><strong>2025 <\/strong><\/h5>\nDeclaraciones iniciales 2025, Administraci\u00f3n 2024 &#8211; 2027 <strong> <a href=\"https:\/\/transparencia.cabocorrientes.gob.mx\/Archivos\/articulo8\/Declaraciones_Iniciales_2025-admin2427.pdf\" target=\"_blank\" rel=\"noreferrer noopener\">PDF<\/a><\/strong><br> \nRelaci\u00f3n de acuses de declaraciones iniciales 2025 <strong> <a href=\"https:\/\/transparencia.cabocorrientes.gob.mx\/Archivos\/articulo8\/Relacion_de_acuses_de_declaraciones_Iniciales_2025.pdf\" target=\"_blank\" rel=\"noreferrer noopener\">PDF<\/a><\/strong><br> \nRelacion de acuses de declaraciones de Modificaciones 2025 <strong> <a href=\"https:\/\/transparencia.cabocorrientes.gob.mx\/Archivos\/articulo8\/Relacion_de_acuses_de_dec_mod2025.pdf\" target=\"_blank\" rel=\"noreferrer noopener\">PDF<\/a><\/strong><br> \nRelaci\u00f3n de acuses de declaraciones de conclusi\u00f3n 2025 <strong> <a href=\"https:\/\/transparencia.cabocorrientes.gob.mx\/Archivos\/articulo8\/Relacion_de_acuses_de_declaraciones_patrimoniales_de_conclusion2025.pdf\" target=\"_blank\" rel=\"noreferrer noopener\">PDF<\/a><\/strong><br>\n","protected":false},"excerpt":{"rendered":"<p>2015 Declaraci\u00f3n Inicial PDFDeclaraci\u00f3n Anual PDF 2016 Declaraciones inicial 2016 PDFDeclaraciones anuales 2016 PDFDeclaraci\u00f3n Fina l2016 PDF 2017 Declaraci\u00f3n Final 2017 PDF 2018 Relaci\u00f3n de Declaraciones 2018 EXCELRecibos de las declaraciones patrimoniales 2018 PDF 2019 Relaci\u00f3n de Declaraciones 2019 EXCELRecibos de las declaraciones patrimoniales 2019 PDF 2021-2022 Relaci\u00f3n de declaraciones patrimoniales iniciales- versi\u00f3n p\u00fablica PDFRecibos &hellip; <\/p>\n<p class=\"link-more\"><a href=\"https:\/\/transparencia.cabocorrientes.gob.mx\/?page_id=4425\" class=\"more-link\">Continue reading<span class=\"screen-reader-text\"> \u00abLa informaci\u00f3n en versi\u00f3n p\u00fablica de las declaraciones patrimoniales de los servidores p\u00fablicos que as\u00ed lo determinen, en los sistemas habilitados para ello, de acuerdo a la normatividad aplicable.\u00bb<\/span><\/a><\/p>\n","protected":false},"author":4,"featured_media":0,"parent":0,"menu_order":0,"comment_status":"closed","ping_status":"closed","template":"","meta":{"_coblocks_attr":"","_coblocks_dimensions":"","_coblocks_responsive_height":"","_coblocks_accordion_ie_support":"","_regular_price":[],"currency_symbol":[],"footnotes":""},"class_list":["post-4425","page","type-page","status-publish","hentry"],"post_slider_layout_featured_media_urls":{"thumbnail":"","post_slider_layout_landscape_large":"","post_slider_layout_portrait_large":"","post_slider_layout_square_large":"","post_slider_layout_landscape":"","post_slider_layout_portrait":"","post_slider_layout_square":"","full":""},"_links":{"self":[{"href":"https:\/\/transparencia.cabocorrientes.gob.mx\/index.php?rest_route=\/wp\/v2\/pages\/4425","targetHints":{"allow":["GET"]}}],"collection":[{"href":"https:\/\/transparencia.cabocorrientes.gob.mx\/index.php?rest_route=\/wp\/v2\/pages"}],"about":[{"href":"https:\/\/transparencia.cabocorrientes.gob.mx\/index.php?rest_route=\/wp\/v2\/types\/page"}],"author":[{"embeddable":true,"href":"https:\/\/transparencia.cabocorrientes.gob.mx\/index.php?rest_route=\/wp\/v2\/users\/4"}],"replies":[{"embeddable":true,"href":"https:\/\/transparencia.cabocorrientes.gob.mx\/index.php?rest_route=%2Fwp%2Fv2%2Fcomments&post=4425"}],"version-history":[{"count":38,"href":"https:\/\/transparencia.cabocorrientes.gob.mx\/index.php?rest_route=\/wp\/v2\/pages\/4425\/revisions"}],"predecessor-version":[{"id":14253,"href":"https:\/\/transparencia.cabocorrientes.gob.mx\/index.php?rest_route=\/wp\/v2\/pages\/4425\/revisions\/14253"}],"wp:attachment":[{"href":"https:\/\/transparencia.cabocorrientes.gob.mx\/index.php?rest_route=%2Fwp%2Fv2%2Fmedia&parent=4425"}],"curies":[{"name":"wp","href":"https:\/\/api.w.org\/{rel}","templated":true}]}}