{"id":4394,"date":"2023-01-06T15:40:33","date_gmt":"2023-01-06T15:40:33","guid":{"rendered":"https:\/\/transparencia.cabocorrientes.gob.mx\/?page_id=4394"},"modified":"2025-05-20T05:03:20","modified_gmt":"2025-05-20T05:03:20","slug":"las-obras-publicas-que-realiza-el-sujeto-obligado","status":"publish","type":"page","link":"https:\/\/transparencia.cabocorrientes.gob.mx\/?page_id=4394","title":{"rendered":"Las obras p\u00fablicas que realiza el sujeto obligado."},"content":{"rendered":"\n<div class=\"wp-block-columns is-layout-flex wp-container-core-columns-is-layout-9d6595d7 wp-block-columns-is-layout-flex\">\n<div class=\"wp-block-column is-layout-flow wp-block-column-is-layout-flow\"><\/div>\n<\/div>\n\n\n<p><!-- \/wp:post-content --><\/p>\n<p><strong>Obras Enero-Diciembre-Gasto corriente y FAIS<\/strong>&nbsp;<strong><a href=\"https:\/\/transparencia.cabocorrientes.gob.mx\/Archivos\/articulo8\/Obras_Enero-Diciembre-Gasto_corriente_y_FAIS.xlsx\" target=\"_blank\" rel=\"noopener\" data-wplink-url-error=\"true\">EXCEL<\/a><\/strong><\/p>\n<p><!-- wp:heading {\"level\":3} --><br><span class=\"collapseomatic \" id=\"id69f14706c6fd5\"  tabindex=\"0\" title=\"Certificaciones de Obras directas&nbsp;2022\"    >Certificaciones de Obras directas&nbsp;2022<\/span><div id=\"target-id69f14706c6fd5\" class=\"collapseomatic_content \"><br><!-- \/wp:heading --><\/p>\n<p>2.1 Rehabilitaci\u00f3n y ampliaci\u00f3n de l\u00edneas de conducci\u00f3n y c\u00e1rcamo de captaci\u00f3n de agua potable (paso del carro), localidad El Tuito <a href=\"https:\/\/transparencia.cabocorrientes.gob.mx\/Archivos\/articulo8\/2.1_REHABILITACION_Y_AMPLIACION_DE_LINEAS.pdf\" target=\"_blank\" rel=\"noopener\" data-wplink-url-error=\"true\"><strong>PDF<\/strong><\/a><br>2.2 Construcci\u00f3n de vado en calle los sauces colonia las moras, localidad el Tuito <a href=\"https:\/\/transparencia.cabocorrientes.gob.mx\/Archivos\/articulo8\/2.2_CONSTRUCCION_DE_VADO_EN_CALLE_LOS_SAUCES.pdf\" target=\"_blank\" rel=\"noopener\" data-wplink-url-error=\"true\"><strong>PDF<\/strong><\/a><br>2.3 Construcci\u00f3n de puente las moradas ii colonia las moradas, localidad el Tuito <a href=\"https:\/\/transparencia.cabocorrientes.gob.mx\/Archivos\/articulo8\/2.3_CONSTRUCCION_DE_PUENTE.pdf\" target=\"_blank\" rel=\"noopener\" data-wplink-url-error=\"true\"><strong>PDF<\/strong><\/a><br>2.4 Rehabilitaci\u00f3n de camino rural saca cosechas sauceda &#8211; corrales, localidad de sauceda, localidad El Tuito <a href=\"https:\/\/transparencia.cabocorrientes.gob.mx\/Archivos\/articulo8\/2.4_REHABILITACION_DE_CAMINO_RURAL.pdf\" target=\"_blank\" rel=\"noopener\" data-wplink-url-error=\"true\"><strong>PDF<\/strong><\/a><br>2.5 Rehabilitaci\u00f3n de camino rural saca cosechas cofrad\u00eda &#8211; graciano S\u00e1nchez <a href=\"https:\/\/transparencia.cabocorrientes.gob.mx\/Archivos\/articulo8\/2.5_REHABILITACION_DE_CAMINO_RURAL.pdf\" target=\"_blank\" rel=\"noopener\" data-wplink-url-error=\"true\"><strong>PDF<\/strong><\/a><br>2.6 Rehabilitaci\u00f3n de camino rural saca cosechas las juntas del sur &#8211; palmillas, localidad palmillas <a href=\"https:\/\/transparencia.cabocorrientes.gob.mx\/Archivos\/articulo8\/2.6_REHABILITACION_DE_CAMINO_RURAL.pdf\" target=\"_blank\" rel=\"noopener\" data-wplink-url-error=\"true\"><strong>PDF<\/strong><\/a><br>2.7 Rehabilitaci\u00f3n de camino rural saca cosechas el refugio &#8211; la aguacatera, localidad el refugio suchitlan <a href=\"https:\/\/transparencia.cabocorrientes.gob.mx\/Archivos\/articulo8\/2.7_REHABILITACION_DE_CAMINO_RURAL.pdf\" target=\"_blank\" rel=\"noopener\" data-wplink-url-error=\"true\"><strong>PDF<\/strong><\/a><br>2.8 Rehabilitaci\u00f3n de camino rural saca cosechas Chacala &#8211; Yelapa, localidad Yelapa <a href=\"https:\/\/transparencia.cabocorrientes.gob.mx\/Archivos\/articulo8\/2.8_REHABILITACION_DE_CAMINO_RURAL.pdf\" target=\"_blank\" rel=\"noopener\" data-wplink-url-error=\"true\"><strong>PDF<\/strong><\/a><br>2.9 Rehabilitaci\u00f3n de camino rural saca cosa cosechas crucero de Yelapa a Pizota, localidad Pizota <a href=\"https:\/\/transparencia.cabocorrientes.gob.mx\/Archivos\/articulo8\/2.9_REHABILITACION_DE_CAMINO_RURAL.pdf\" target=\"_blank\" rel=\"noopener\" data-wplink-url-error=\"true\"><strong>PDF<\/strong><\/a><br>2.10 Relleno de aproches en puente Pizota, localidad Pizota <a href=\"https:\/\/transparencia.cabocorrientes.gob.mx\/Archivos\/articulo8\/2.10_RELLENO_DE_APROCHES_EN_PUENTE_PIZOTA.pdf\" target=\"_blank\" rel=\"noopener\" data-wplink-url-error=\"true\"><strong>PDF<\/strong><\/a><br>2.11 Relleno y compactaci\u00f3n en vertedero municipal, localidad el Tuito <a href=\"https:\/\/transparencia.cabocorrientes.gob.mx\/Archivos\/articulo8\/2.11_RELLENO_Y_COMPACTACION_EN_VERTEDERO.pdf\" target=\"_blank\" rel=\"noopener\" data-wplink-url-error=\"true\"><strong>PDF<\/strong><\/a><br>2.12 Rehabilitaci\u00f3n de alcantarilla camino a corrales, localidad corrales <a href=\"https:\/\/transparencia.cabocorrientes.gob.mx\/Archivos\/articulo8\/2.12_REHABILITACION_DE_ALCANTARILLA.pdf\" target=\"_blank\" rel=\"noopener\" data-wplink-url-error=\"true\"><strong>PDF<\/strong><\/a><br>2.13 Reparaci\u00f3n de drenaje y tomas domiciliarias en calle orqu\u00eddeas, barrio de las flores, localidad el Tuito <a href=\"https:\/\/transparencia.cabocorrientes.gob.mx\/Archivos\/articulo8\/2.13_REPARACION_DE_DRENAJE.pdf\" target=\"_blank\" rel=\"noopener\" data-wplink-url-error=\"true\"><strong>PDF<\/strong><\/a><br>2.14 construcci\u00f3n de lavadero y vado, calle los sauces col. la hermita, localidad el Tuito <a href=\"https:\/\/transparencia.cabocorrientes.gob.mx\/Archivos\/articulo8\/2.14_CONSTRUCCION_DE_LAVADERO.pdf\" target=\"_blank\" rel=\"noopener\" data-wplink-url-error=\"true\"><strong>PDF<\/strong><\/a><br>2.15 construcci\u00f3n de empedrado ahogado en concreto bajada conocida como el aguacatero camino rural saca cosecha mal paso &#8211; chimo, localidad chimo <a href=\"https:\/\/transparencia.cabocorrientes.gob.mx\/Archivos\/articulo8\/2.15_CONSTRUCCION_DE_EMPEDRADO.pdf\" target=\"_blank\" rel=\"noopener\" data-wplink-url-error=\"true\"><strong>PDF<\/strong><\/a><br>2.16 construcci\u00f3n de alcantarilla revoluci\u00f3n mexicana, localidad revoluci\u00f3n mexicana <a href=\"https:\/\/transparencia.cabocorrientes.gob.mx\/Archivos\/articulo8\/2.16_CONSTRUCCION_DE_ALCANTARILLA.pdf\" target=\"_blank\" rel=\"noopener\" data-wplink-url-error=\"true\"><strong>PDF<\/strong><\/a><br>2.17 construcci\u00f3n de alcantarilla en tramo playitas, localidad playitas <a href=\"https:\/\/transparencia.cabocorrientes.gob.mx\/Archivos\/articulo8\/2.17_CONSTRUCCION_DE_ALCANTARILLA.pdf\" target=\"_blank\" rel=\"noopener\" data-wplink-url-error=\"true\"><strong>PDF<\/strong><\/a><br>2.18 construcci\u00f3n de alcantarilla en tramo final corrales, localidad corrales <a href=\"https:\/\/transparencia.cabocorrientes.gob.mx\/Archivos\/articulo8\/2.18_CONSTRUCCION_DE_ALCANTARILLA.pdf\" target=\"_blank\" rel=\"noopener\" data-wplink-url-error=\"true\"><strong>PDF<\/strong><\/a><br>2.19 construcci\u00f3n de columna y tren de descarga de pozo profundo en boca de Tomatl\u00e1n, localidad boca de Tomatl\u00e1n <a href=\"https:\/\/transparencia.cabocorrientes.gob.mx\/Archivos\/articulo8\/2.19_CONSTRUCCION_DE_COLUMNA.pdf\" target=\"_blank\" rel=\"noopener\" data-wplink-url-error=\"true\"><strong>PDF<\/strong><\/a><br>2.20 equipamiento de pozo profundo, localidad paulo <a href=\"https:\/\/transparencia.cabocorrientes.gob.mx\/Archivos\/articulo8\/2.20_EQUIPAMIENTO_DE_POZO.pdf\" target=\"_blank\" rel=\"noopener\" data-wplink-url-error=\"true\"><strong>PDF<\/strong><\/a><br>2.21 rehabilitaci\u00f3n de camino rural saca cosechas en la comunidad de potrerillos, localidad potrerillos <a href=\"https:\/\/transparencia.cabocorrientes.gob.mx\/Archivos\/articulo8\/2.21_REHABILITACION_DE_CAMINO_RURAL.pdf\" target=\"_blank\" rel=\"noopener\" data-wplink-url-error=\"true\"><strong>PDF<\/strong><\/a><br>2.22 rehabilitaci\u00f3n de calles y desazolves de r\u00edos con maquinaria en la cabecera municipal, localidad el Tuito <a href=\"https:\/\/transparencia.cabocorrientes.gob.mx\/Archivos\/articulo8\/2.22_REHABILITACION_DE_CALLES.pdf\" target=\"_blank\" rel=\"noopener\" data-wplink-url-error=\"true\"><strong>PDF<\/strong><\/a><br>2.23 rehabilitaci\u00f3n de camino rural saca cosechas conocido como majeque, localidad Chacala <a href=\"https:\/\/transparencia.cabocorrientes.gob.mx\/Archivos\/articulo8\/2.23_REHABILITACION_DE_CAMINO.pdf\" target=\"_blank\" rel=\"noopener\" data-wplink-url-error=\"true\"><strong>PDF<\/strong><\/a><br>2.24 rehabilitaci\u00f3n y desazolve de la cancha de futbol y calles, localidad mayto <a href=\"https:\/\/transparencia.cabocorrientes.gob.mx\/Archivos\/articulo8\/2.24_REHABILITACION_Y_DESAZOLVE.pdf\" target=\"_blank\" rel=\"noopener\" data-wplink-url-error=\"true\"><strong>PDF<\/strong><\/a><br>2.25 construcci\u00f3n de banqueta en calle matamoros fase ii, localidad el Tuito <a href=\"https:\/\/transparencia.cabocorrientes.gob.mx\/Archivos\/articulo8\/2.25_CONSTRUCCION_DE_BANQUETA.pdf\" target=\"_blank\" rel=\"noopener\" data-wplink-url-error=\"true\"><strong>PDF<\/strong><\/a><br>2.26 construcci\u00f3n de alcantarilla, localidad el toro <a href=\"https:\/\/transparencia.cabocorrientes.gob.mx\/Archivos\/articulo8\/2.26_CONSTRUCCION_DE_ALCANTARILLA.pdf\" target=\"_blank\" rel=\"noopener\" data-wplink-url-error=\"true\"><strong>PDF<\/strong><\/a><br>2.27 construcci\u00f3n de alcantarilla en tramo Ipala &#8211; el toro, localidad el toro <a href=\"https:\/\/transparencia.cabocorrientes.gob.mx\/Archivos\/articulo8\/2.27_CONSTRUCCION_DE_ALCANTARILLA_EN_TRAMO_IPALA.pdf\" target=\"_blank\" rel=\"noopener\" data-wplink-url-error=\"true\"><strong>PDF<\/strong><\/a><br>2.28 equipamiento de pozo profundo, localidad Aquiles Serd\u00e1n <a href=\"https:\/\/transparencia.cabocorrientes.gob.mx\/Archivos\/articulo8\/2.28_EQUIPAMIENTO_DE_POZO_PROFUNDO.pdf\" target=\"_blank\" rel=\"noopener\" data-wplink-url-error=\"true\"><strong>PDF<\/strong><\/a><br>2.29 rehabilitaci\u00f3n y ampliaci\u00f3n de l\u00ednea de conducci\u00f3n y c\u00e1rcamos de captaci\u00f3n de agua potable (paso del carro) segunda etapa, localidad el Tuito <a href=\"https:\/\/transparencia.cabocorrientes.gob.mx\/Archivos\/articulo8\/2.29_REHABILITACION_Y_AMPLIACION_DE_LINEA.pdf\" target=\"_blank\" rel=\"noopener\" data-wplink-url-error=\"true\"><strong>PDF<\/strong><\/a><br>2.30 rehabilitaci\u00f3n completa de domo en cancha multideportiva, localidad el Tuito <a href=\"https:\/\/transparencia.cabocorrientes.gob.mx\/Archivos\/articulo8\/2.30_REHABILITACION_COMPLETA_DE_DOMO.pdf\" target=\"_blank\" rel=\"noopener\" data-wplink-url-error=\"true\"><strong>PDF<\/strong><\/a><br>2.31 construcci\u00f3n de terracer\u00eda con aplicaci\u00f3n de estabilizador i\u00f3nico de suelos con aid-cbt plus en calle laureles, localidad las juntas y los veranos <a href=\"https:\/\/transparencia.cabocorrientes.gob.mx\/Archivos\/articulo8\/2.31_CONSTRUCCION_DE_TERRACERIA.pdf\" target=\"_blank\" rel=\"noopener\" data-wplink-url-error=\"true\"><strong>PDF<\/strong><\/a><br>2.32 restauraci\u00f3n de puente del lado del rio, junto a la estaci\u00f3n de caballos, localidad Quimixto <a href=\"https:\/\/transparencia.cabocorrientes.gob.mx\/Archivos\/articulo8\/2.32_RESTAURACION_DE_PUENTE_DEL_LADO_DEL_RIO.pdf\" target=\"_blank\" rel=\"noopener\" data-wplink-url-error=\"true\"><strong>PDF<\/strong><\/a><br>2.38 trabajos de desazolve del cauce del rio Ipala, localidad de Ipala <a href=\"https:\/\/transparencia.cabocorrientes.gob.mx\/Archivos\/articulo8\/2.38_TRABAJOS_DE_DESAZOLVE.pdf\" target=\"_blank\" rel=\"noopener\" data-wplink-url-error=\"true\"><strong>PDF<\/strong><\/a><br>2.39 construcci\u00f3n de empedrado ahogado en concreto bajada conocida como el aguacatero camino rural saca cosechas malpaso &#8211; chimo segunda etapa, localidad chimo <a href=\"https:\/\/transparencia.cabocorrientes.gob.mx\/Archivos\/articulo8\/2.39_CONSTRUCCION_DE_EMPEDRADO.pdf\" target=\"_blank\" rel=\"noopener\" data-wplink-url-error=\"true\"><strong>PDF<\/strong><\/a><br>2.40 restauraci\u00f3n de puente lado del mar oriente primera etapa, localidad Quimixto <a href=\"https:\/\/transparencia.cabocorrientes.gob.mx\/Archivos\/articulo8\/2.40_RESTAURACION_DE_PUENTE.pdf\" target=\"_blank\" rel=\"noopener\" data-wplink-url-error=\"true\"><strong>PDF<\/strong><\/a><br>2.41 extensi\u00f3n de red, localidad las ca\u00f1adas <a href=\"https:\/\/transparencia.cabocorrientes.gob.mx\/Archivos\/articulo8\/2.41_EXTENSION_DE_RED.pdf\" target=\"_blank\" rel=\"noopener\" data-wplink-url-error=\"true\"><strong>PDF<\/strong><\/a><br>2.42 extensi\u00f3n de red, localidad graciano S\u00e1nchez <a href=\"https:\/\/transparencia.cabocorrientes.gob.mx\/Archivos\/articulo8\/2.42_EXTENSION_DE_RED.pdf\" target=\"_blank\" rel=\"noopener\" data-wplink-url-error=\"true\"><strong>PDF<\/strong><\/a><br>2.43 reconstrucci\u00f3n de puente potrerillos, localidad potrerillos <a href=\"https:\/\/transparencia.cabocorrientes.gob.mx\/Archivos\/articulo8\/2.43_RECONSTRUCCION_DE_PUENTE.pdf\" target=\"_blank\" rel=\"noopener\" data-wplink-url-error=\"true\"><strong>PDF<\/strong><\/a><br>2.44 rehabilitaci\u00f3n de la l\u00ednea de drenaje del tramo del modelorama al rio Tuito, localidad Tuito <a href=\"https:\/\/transparencia.cabocorrientes.gob.mx\/Archivos\/articulo8\/2.44_REHABILITACION_DE_LA_LINEA_DE_DRENAJE.pdf\" target=\"_blank\" rel=\"noopener\" data-wplink-url-error=\"true\"><strong>PDF<\/strong><\/a><br>2.45 construcci\u00f3n de rampa de descarga para veh\u00edculos del servicio de limpia y recolecci\u00f3n de basura, localidad de boca de Tomatl\u00e1n <a href=\"https:\/\/transparencia.cabocorrientes.gob.mx\/Archivos\/articulo8\/2.45_CONSTRUCCION_DE_RAMPA_DE_DESCARGA.pdf\" target=\"_blank\" rel=\"noopener\" data-wplink-url-error=\"true\"><strong>PDF<\/strong><\/a><\/p>\n<\/div>\n<p><\/p>\n<span class=\"collapseomatic \" id=\"id69f14706c703c\"  tabindex=\"0\" title=\"Contrato de Obras\"    >Contrato de Obras<\/span><div id=\"target-id69f14706c703c\" class=\"collapseomatic_content \"><br><!-- \/wp:heading --><\/p>\n<p>Contrato de Obra construcci\u00f3n de terracer\u00eda Calle los Laureles. <a href=\"https:\/\/transparencia.cabocorrientes.gob.mx\/Archivos\/articulo8\/Contrato_de_Obra_construcci\u00f3n_de_terracer\u00eda_Calle_los_Laureles.pdf\" target=\"_blank\" rel=\"noopener\" data-wplink-url-error=\"true\">PDF<\/a><br>Contrato de Obra Rehabilitaci\u00f3n, ampliaci\u00f3n de l\u00edneas y construcci\u00f3n de c\u00e1rcamos para agua potable Paso del Carro. <a href=\"https:\/\/transparencia.cabocorrientes.gob.mx\/Archivos\/articulo8\/01.-Contrato_de_Obra_Rehabilitaci\u00f3n,_ampliaci\u00f3n_de_l\u00edneas_y_construcci\u00f3n_de_c\u00e1rcamos_para_agua_potable_Paso_del_Carro.pdf\" target=\"_blank\" rel=\"noopener\" data-wplink-url-error=\"true\">PDF<\/a><br>Convenio de colaboraci\u00f3n con Gobierno del Estado para Ejacuci\u00f3n de Obra. <a href=\"https:\/\/transparencia.cabocorrientes.gob.mx\/Archivos\/articulo8\/Convenio_de_colaboraci\u00f3n_con_Gobierno_del_Estado_para_Ejacuci\u00f3n_de_Obras.pdf\" target=\"_blank\" rel=\"noopener\" data-wplink-url-error=\"true\">PDF<\/a><\/p>\n<\/div>\n<p><\/p>\n<p><!-- wp:buttons {\"layout\":{\"type\":\"flex\",\"justifyContent\":\"center\",\"orientation\":\"horizontal\"}} --><\/p>\n<div class=\"wp-block-buttons\"><!-- wp:button --><br><input type=\"button\" value=\"Volver\"><br><!-- \/wp:button --><\/div>\n<p><!-- \/wp:buttons --><br><!-- wp:paragraph --><\/p>\n<p><!-- \/wp:paragraph --><br><!-- \/wp:heading --><\/p>","protected":false},"excerpt":{"rendered":"<p>Obras Enero-Diciembre-Gasto corriente y FAIS&nbsp;EXCEL<\/p>\n","protected":false},"author":1,"featured_media":0,"parent":0,"menu_order":0,"comment_status":"closed","ping_status":"closed","template":"","meta":{"_coblocks_attr":"","_coblocks_dimensions":"","_coblocks_responsive_height":"","_coblocks_accordion_ie_support":"","_regular_price":[],"currency_symbol":[],"footnotes":""},"class_list":["post-4394","page","type-page","status-publish","hentry"],"post_slider_layout_featured_media_urls":{"thumbnail":"","post_slider_layout_landscape_large":"","post_slider_layout_portrait_large":"","post_slider_layout_square_large":"","post_slider_layout_landscape":"","post_slider_layout_portrait":"","post_slider_layout_square":"","full":""},"_links":{"self":[{"href":"https:\/\/transparencia.cabocorrientes.gob.mx\/index.php?rest_route=\/wp\/v2\/pages\/4394","targetHints":{"allow":["GET"]}}],"collection":[{"href":"https:\/\/transparencia.cabocorrientes.gob.mx\/index.php?rest_route=\/wp\/v2\/pages"}],"about":[{"href":"https:\/\/transparencia.cabocorrientes.gob.mx\/index.php?rest_route=\/wp\/v2\/types\/page"}],"author":[{"embeddable":true,"href":"https:\/\/transparencia.cabocorrientes.gob.mx\/index.php?rest_route=\/wp\/v2\/users\/1"}],"replies":[{"embeddable":true,"href":"https:\/\/transparencia.cabocorrientes.gob.mx\/index.php?rest_route=%2Fwp%2Fv2%2Fcomments&post=4394"}],"version-history":[{"count":39,"href":"https:\/\/transparencia.cabocorrientes.gob.mx\/index.php?rest_route=\/wp\/v2\/pages\/4394\/revisions"}],"predecessor-version":[{"id":14101,"href":"https:\/\/transparencia.cabocorrientes.gob.mx\/index.php?rest_route=\/wp\/v2\/pages\/4394\/revisions\/14101"}],"wp:attachment":[{"href":"https:\/\/transparencia.cabocorrientes.gob.mx\/index.php?rest_route=%2Fwp%2Fv2%2Fmedia&parent=4394"}],"curies":[{"name":"wp","href":"https:\/\/api.w.org\/{rel}","templated":true}]}}