{"id":401,"date":"2021-12-16T17:25:16","date_gmt":"2021-12-16T17:25:16","guid":{"rendered":"https:\/\/transparencia.cabocorrientes.gob.mx\/?page_id=401"},"modified":"2025-06-10T19:18:47","modified_gmt":"2025-06-10T19:18:47","slug":"el-reglamento-interno","status":"publish","type":"page","link":"https:\/\/transparencia.cabocorrientes.gob.mx\/?page_id=401","title":{"rendered":"El Reglamento interno para el manejo de la informaci\u00f3n del sujeto obligado."},"content":{"rendered":"<p><strong>Integraci\u00f3n Comit\u00e9 de Transparencia Adm\u00f3n 2021-2024.<\/strong><\/p>\n<p>\n  Acuerdo conformaci\u00f3n comit\u00e9 de transparencia 03 Diciembre 2021 \n  <strong>\n    <a href=\"https:\/\/transparencia.cabocorrientes.gob.mx\/Archivos\/articulo8\/Acuerdo_conformacion_comit\u00e9_de_transparencia_03_Diciembre_2021.pdf\" target=\"_blank\" rel=\"noopener\" data-wplink-url-error=\"true\">PDF<\/a>\n  <\/strong><br \/>\n  Modificaci\u00f3n de Integraci\u00f3n Comit\u00e9 de Transparencia 03 Diciembre 2021 \n  <strong>\n    <a href=\"https:\/\/transparencia.cabocorrientes.gob.mx\/Archivos\/articulo8\/Modificaci\u00f3n_de_Integraci\u00f3n_Comit\u00e9_de_Transparencia_03_Diciembre_2021.pdf\" target=\"_blank\" rel=\"noopener\" data-wplink-url-error=\"true\">PDF<\/a>\n  <\/strong>\n<\/p>\n\n<p><strong>Reglamento de Transparencia y Acceso a la Informaci\u00f3n del Ayuntamiento.<\/strong><\/p>\n<p>\n  Reglamento de Transparencia y Acceso a la Informaci\u00f3n del Ayuntamiento \n  <strong>\n    <a href=\"https:\/\/transparencia.cabocorrientes.gob.mx\/Archivos\/articulo8\/Certificaci\u00f3n_Aprobaci\u00f3n_Reglamento_de_Transparencia.pdf\" target=\"_blank\" rel=\"noopener\" data-wplink-url-error=\"true\">PDF<\/a> \/ \n    <a href=\"https:\/\/transparencia.cabocorrientes.gob.mx\/Archivos\/articulo8\/GACETA-MUNICIPAL-08-transparencia.pdf\" target=\"_blank\" rel=\"noopener\">GACETA<\/a>\n  <\/strong><br \/>\n  Dictamen Reglamento de Transparencia y Acceso a la Informaci\u00f3n del Ayuntamiento de Cabo Corrientes, Jal. \n  <strong>\n    <a href=\"https:\/\/transparencia.cabocorrientes.gob.mx\/Archivos\/articulo8\/Dictamen_Reglamento_de_Transparencia_y_Acceso_a_la_Informaci\u00f3n_del_Ayuntamiento_de_Cabo_Corrientes_Jal..docx\" target=\"_blank\" rel=\"noopener\" data-wplink-url-error=\"true\">WORD<\/a> \/   <a href=\"https:\/\/transparencia.cabocorrientes.gob.mx\/Archivos\/articulo8\/Dictamen_Reg_de_T_y_Acc_a_la_Infor_del_Ayun_de_C_Ctes_Jal.pdf\" target=\"_blank\" rel=\"noopener\" data-wplink-url-error=\"true\">PDF<\/a>\n  <\/strong>\n<\/p>\n\n<p><strong>Reglamento Interno de la Unidad de Transparencia y Oficial\u00eda de Partes<\/strong><\/p>\n<p>\n  Certificaci\u00f3n Reglamento Interno de la Unidad de Transparencia y Oficial\u00eda de Partes \n  <strong>\n    <a href=\"https:\/\/transparencia.cabocorrientes.gob.mx\/Archivos\/articulo8\/Certificaci\u00f3n_Reglamento_Interno_de_la_Unidad_de_Transparencia_y_Oficialia_de_Partes.pdf\" target=\"_blank\" rel=\"noopener\" data-wplink-url-error=\"true\">PDF<\/a>\n  <\/strong><br \/>\n  Dictamen Reglamento Interno de la Unidad de Transparencia y Oficial\u00eda de Partes \n  <strong>\n    <a href=\"https:\/\/transparencia.cabocorrientes.gob.mx\/Archivos\/articulo8\/Dictamen_Reglamento_Interno_de_la_Unidad_de_Transparencia_y_Oficialia_de_Partes.docx\" target=\"_blank\" rel=\"noopener\" data-wplink-url-error=\"true\">WORD<\/a> \/ <a href=\"https:\/\/transparencia.cabocorrientes.gob.mx\/Archivos\/articulo8\/Dictamen_Reglamento_Interno_de_la_Unidad_de_Transparencia_y_Oficialia_de_Partes.pdf\" target=\"_blank\" rel=\"noopener\" data-wplink-url-error=\"true\">PDF<\/a>\n  <\/strong>\n<\/p>\n\n\n<p><\/p>\n\n","protected":false},"excerpt":{"rendered":"<p>Integraci\u00f3n Comit\u00e9 de Transparencia Adm\u00f3n 2021-2024. Acuerdo conformaci\u00f3n comit\u00e9 de transparencia 03 Diciembre 2021 PDF Modificaci\u00f3n de Integraci\u00f3n Comit\u00e9 de Transparencia 03 Diciembre 2021 PDF Reglamento de Transparencia y Acceso a la Informaci\u00f3n del Ayuntamiento. Reglamento de Transparencia y Acceso a la Informaci\u00f3n del Ayuntamiento PDF \/ GACETA Dictamen Reglamento de Transparencia y Acceso a &hellip; <\/p>\n<p class=\"link-more\"><a href=\"https:\/\/transparencia.cabocorrientes.gob.mx\/?page_id=401\" class=\"more-link\">Continue reading<span class=\"screen-reader-text\"> \u00abEl Reglamento interno para el manejo de la informaci\u00f3n del sujeto obligado.\u00bb<\/span><\/a><\/p>\n","protected":false},"author":1,"featured_media":0,"parent":0,"menu_order":0,"comment_status":"closed","ping_status":"closed","template":"","meta":{"_coblocks_attr":"","_coblocks_dimensions":"","_coblocks_responsive_height":"","_coblocks_accordion_ie_support":"","_regular_price":[],"currency_symbol":[],"footnotes":""},"class_list":["post-401","page","type-page","status-publish","hentry"],"post_slider_layout_featured_media_urls":{"thumbnail":"","post_slider_layout_landscape_large":"","post_slider_layout_portrait_large":"","post_slider_layout_square_large":"","post_slider_layout_landscape":"","post_slider_layout_portrait":"","post_slider_layout_square":"","full":""},"_links":{"self":[{"href":"https:\/\/transparencia.cabocorrientes.gob.mx\/index.php?rest_route=\/wp\/v2\/pages\/401","targetHints":{"allow":["GET"]}}],"collection":[{"href":"https:\/\/transparencia.cabocorrientes.gob.mx\/index.php?rest_route=\/wp\/v2\/pages"}],"about":[{"href":"https:\/\/transparencia.cabocorrientes.gob.mx\/index.php?rest_route=\/wp\/v2\/types\/page"}],"author":[{"embeddable":true,"href":"https:\/\/transparencia.cabocorrientes.gob.mx\/index.php?rest_route=\/wp\/v2\/users\/1"}],"replies":[{"embeddable":true,"href":"https:\/\/transparencia.cabocorrientes.gob.mx\/index.php?rest_route=%2Fwp%2Fv2%2Fcomments&post=401"}],"version-history":[{"count":48,"href":"https:\/\/transparencia.cabocorrientes.gob.mx\/index.php?rest_route=\/wp\/v2\/pages\/401\/revisions"}],"predecessor-version":[{"id":14271,"href":"https:\/\/transparencia.cabocorrientes.gob.mx\/index.php?rest_route=\/wp\/v2\/pages\/401\/revisions\/14271"}],"wp:attachment":[{"href":"https:\/\/transparencia.cabocorrientes.gob.mx\/index.php?rest_route=%2Fwp%2Fv2%2Fmedia&parent=401"}],"curies":[{"name":"wp","href":"https:\/\/api.w.org\/{rel}","templated":true}]}}