{"id":3744,"date":"2022-11-22T15:22:42","date_gmt":"2022-11-22T15:22:42","guid":{"rendered":"https:\/\/transparencia.cabocorrientes.gob.mx\/?page_id=3744"},"modified":"2026-04-23T21:15:54","modified_gmt":"2026-04-23T21:15:54","slug":"los-inventarios-de-bienes-muebles-e-inmuebles","status":"publish","type":"page","link":"https:\/\/transparencia.cabocorrientes.gob.mx\/?page_id=3744","title":{"rendered":"Los inventarios de bienes muebles e inmuebles"},"content":{"rendered":"\n<p>del sujeto obligado, de cuando menos los \u00faltimos tres a\u00f1os, donde se se\u00f1ale cuando menos la descripci\u00f3n, el valor, el r\u00e9gimen jur\u00eddico, y el uso o afectaci\u00f3n del bien.<\/p>\n\n\n\n<div class=\"wp-block-columns is-layout-flex wp-container-core-columns-is-layout-9d6595d7 wp-block-columns-is-layout-flex\">\n<div class=\"wp-block-column is-layout-flow wp-block-column-is-layout-flow\"><\/div>\n<\/div>\n\n\n\n<span class=\"collapseomatic \" id=\"id69f146fd0b274\"  tabindex=\"0\" title=\"Inventario a\u00f1o 2016 - 2019\"    >Inventario a\u00f1o 2016 - 2019<\/span><div id=\"target-id69f146fd0b274\" class=\"collapseomatic_content \">\n\n\n\n<p><\/p>\n\n\n\n<h6 class=\"wp-block-heading\">Inventario de bienes inmuebles del Ayuntamiento de Cabo Corrientes<\/h6>\n\n\n\n<p><strong>Inventario de Bienes inmuebles, muebles y veh\u00edcular 2016-2019<\/strong><\/p>\n\n\n\n<p>Relaci\u00f3n Inventario 2016-2018 <strong><a href=\"https:\/\/transparencia.cabocorrientes.gob.mx\/Archivos\/articulo8\/Inventario_inmuebles_2016-2017-2018.pdf\" data-type=\"URL\" data-id=\"https:\/\/transparencia.cabocorrientes.gob.mx\/Archivos\/articulo8\/Inventario_inmuebles_2016-2017-2018.pdf\" target=\"_blank\" rel=\"noreferrer noopener\">PDF<\/a><\/strong><br>Listado de bienes inmuebles Enero-Junio 2019 <strong><a href=\"https:\/\/transparencia.cabocorrientes.gob.mx\/Archivos\/articulo8\/CIMTRA15_VdeV-_Bienes_inmuebles_2019.xlsx\" data-type=\"URL\" data-id=\"https:\/\/transparencia.cabocorrientes.gob.mx\/Archivos\/articulo8\/CIMTRA15_VdeV-_Bienes_inmuebles_2019.xlsx\" target=\"_blank\" rel=\"noreferrer noopener\">EXCEL<\/a><\/strong><\/p>\n\n\n\n<p><strong>Inventario de bienes muebles-Vehicular del Ayuntamiento de Cabo Corrientes<\/strong><\/p>\n\n\n\n<p>Relaci\u00f3n de muebles y veh\u00edculos  <strong><a href=\"https:\/\/transparencia.cabocorrientes.gob.mx\/Archivos\/articulo8\/CIMTRA16_VdeV-Bienes_muebles_2019_(1)_0.xlsx\" data-type=\"URL\" data-id=\"https:\/\/transparencia.cabocorrientes.gob.mx\/Archivos\/articulo8\/CIMTRA16_VdeV-Bienes_muebles_2019_(1)_0.xlsx\" target=\"_blank\" rel=\"noreferrer noopener\">EXCEL<\/a><\/strong><\/p>\n\n\n\n<p>Informes sobre los bienes inmuebles que el municipio arrienda a personas f\u00edsicas o morales <strong><a href=\"https:\/\/transparencia.cabocorrientes.gob.mx\/Archivos\/articulo8\/No_arrendamiento_de_inmuebles_a_personas_fisicas_0.pdf\" data-type=\"URL\" data-id=\"https:\/\/transparencia.cabocorrientes.gob.mx\/Archivos\/articulo8\/No_arrendamiento_de_inmuebles_a_personas_fisicas_0.pdf\" target=\"_blank\" rel=\"noreferrer noopener\">PDF<\/a><\/strong> \/ <strong><a href=\"https:\/\/transparencia.cabocorrientes.gob.mx\/Archivos\/articulo8\/No_arrendamiento_de_inmuebles_a_personas_fisicas_0.docx\" data-type=\"URL\" data-id=\"https:\/\/transparencia.cabocorrientes.gob.mx\/Archivos\/articulo8\/No_arrendamiento_de_inmuebles_a_personas_fisicas_0.docx\" target=\"_blank\" rel=\"noreferrer noopener\">WORD<\/a><\/strong><\/p>\n\n\n\n<p>Informes sobre los bienes inmuebles arrendados por el municipio <strong><a href=\"https:\/\/transparencia.cabocorrientes.gob.mx\/Archivos\/articulo8\/No_arrendamiento_de_inmuebles_por_el_ayuntamiento_Junio_2019.pdf\" data-type=\"URL\" data-id=\"https:\/\/transparencia.cabocorrientes.gob.mx\/Archivos\/articulo8\/No_arrendamiento_de_inmuebles_por_el_ayuntamiento_Junio_2019.pdf\" target=\"_blank\" rel=\"noreferrer noopener\">PDF<\/a><\/strong> \/ <strong><a href=\"https:\/\/transparencia.cabocorrientes.gob.mx\/Archivos\/articulo8\/No_arrendamiento_de_inmuebles_por_el_ayuntamiento_Junio_2019.docx\" data-type=\"URL\" data-id=\"https:\/\/transparencia.cabocorrientes.gob.mx\/Archivos\/articulo8\/No_arrendamiento_de_inmuebles_por_el_ayuntamiento_Junio_2019.docx\" target=\"_blank\" rel=\"noreferrer noopener\">WORD<\/a><\/strong><\/p>\n\n\n<\/div>\n<\/p>\n\n\n<span class=\"collapseomatic \" id=\"id69f146fd0b2c5\"  tabindex=\"0\" title=\"Inventario a\u00f1o 2020\"    >Inventario a\u00f1o 2020<\/span><div id=\"target-id69f146fd0b2c5\" class=\"collapseomatic_content \">\n\n\n\n<p><\/p>\n\n\n<p>Inventario Inmuebles 2020 <a href=\"https:\/\/transparencia.cabocorrientes.gob.mx\/Archivos\/articulo8\/Inventario_Inmuebles_2020.xlsx\" target=\"_blank\" rel=\"noreferrer noopener\">EXCEL<\/a><br \/>Inventario muebles 2020 <a href=\"https:\/\/transparencia.cabocorrientes.gob.mx\/Archivos\/articulo8\/Inventario_muebles_2020.xlsx\" target=\"_blank\" rel=\"noreferrer noopener\">EXCEL<\/a><br \/>Inventario Vehicular 2020 <a href=\"https:\/\/transparencia.cabocorrientes.gob.mx\/Archivos\/articulo8\/Inventario_Vehicular_2020.xlsx\" target=\"_blank\" rel=\"noreferrer noopener\">EXCEL<\/a><br \/>En este a\u00f1o no se realizaron altas y bajas en el patrimonio.<\/p>\n<\/div>\n<\/p>\n\n\n<span class=\"collapseomatic \" id=\"id69f146fd0b2ec\"  tabindex=\"0\" title=\"Inventario a\u00f1o 2021\"    >Inventario a\u00f1o 2021<\/span><div id=\"target-id69f146fd0b2ec\" class=\"collapseomatic_content \">\n\n\n<p>Inventario muebles 2021 <a href=\"https:\/\/transparencia.cabocorrientes.gob.mx\/Archivos\/articulo8\/Inventario_muebles_2021.xlsx\" target=\"_blank\" rel=\"noreferrer noopener\">EXCEL<\/a><br \/>Inventario Vehicular 2021 <a href=\"https:\/\/transparencia.cabocorrientes.gob.mx\/Archivos\/articulo8\/Inventario_Vehicular_2021.xlsx\" target=\"_blank\" rel=\"noreferrer noopener\">EXCEL<\/a><br \/>Bienes inmuebles 2021 <strong><a href=\"https:\/\/transparencia.cabocorrientes.gob.mx\/Archivos\/articulo8\/Bienes_inmuebles_2021.xlsx\" target=\"_blank\" rel=\"noreferrer noopener\">EXCEL<\/a><\/strong><br \/>En este a\u00f1o no se realizaron altas y bajas en el patrimonio.<\/p>\n<\/div>\n<\/p>\n\n\n<span class=\"collapseomatic \" id=\"id69f146fd0b30b\"  tabindex=\"0\" title=\"Inventario a\u00f1o 2022\"    >Inventario a\u00f1o 2022<\/span><div id=\"target-id69f146fd0b30b\" class=\"collapseomatic_content \">\n\n\n<p>Bienes inmuebles 2022 <a href=\"https:\/\/transparencia.cabocorrientes.gob.mx\/Archivos\/articulo8\/Bienes_inmuebles_2022.xlsx\" target=\"_blank\" rel=\"noreferrer noopener\">EXCEL<\/a><br \/>Bienes Muebles 2022 <a href=\"https:\/\/transparencia.cabocorrientes.gob.mx\/Archivos\/articulo8\/Bienes_Muebles_2022.xlsx\" target=\"_blank\" rel=\"noreferrer noopener\">EXCEL<\/a><br \/>Inventario Vehicular 2022 <a href=\"https:\/\/transparencia.cabocorrientes.gob.mx\/Archivos\/articulo8\/Inventario_Vehicular_2022.xlsx\" target=\"_blank\" rel=\"noreferrer noopener\">EXCEL<\/a><br \/>Inventario de altas  inmuebles 2022 <a href=\"https:\/\/transparencia.cabocorrientes.gob.mx\/Archivos\/articulo8\/Inventario_de_altas__inmuebles_2022.xlsx\" target=\"_blank\" rel=\"noreferrer noopener\">EXCEL<\/a><br \/>En este a\u00f1o no se realizaron bajas en el patrimonio<\/p>\n<\/div>\n<\/p>\n\n\n<span class=\"collapseomatic \" id=\"id69f146fd0b335\"  tabindex=\"0\" title=\"Inventario a\u00f1o 2023\"    >Inventario a\u00f1o 2023<\/span><div id=\"target-id69f146fd0b335\" class=\"collapseomatic_content \">\n\n\n<p>Bienes Inmuebles 2023 <strong><a href=\"https:\/\/transparencia.cabocorrientes.gob.mx\/Archivos\/articulo8\/Bienes_Inmuebles__2023.pdf\" target=\"_blank\" rel=\"noreferrer noopener\" data-type=\"URL\" data-id=\"https:\/\/transparencia.cabocorrientes.gob.mx\/Archivos\/articulo8\/Bienes_inmuebles_2023.pdf\">PDF<\/a><\/strong> \/ <strong><a href=\"https:\/\/transparencia.cabocorrientes.gob.mx\/Archivos\/articulo8\/Bienes_Inmuebles__2023.xlsx\" target=\"_blank\" rel=\"noreferrer noopener\" data-type=\"URL\" data-id=\"https:\/\/transparencia.cabocorrientes.gob.mx\/Archivos\/articulo8\/Bienes_Inmuebles__2023.xlsx\">EXCEL<\/a><\/strong><br \/>Bienes Muebles 2023 <strong><a href=\"https:\/\/transparencia.cabocorrientes.gob.mx\/Archivos\/articulo8\/Bienes_Muebles_2023.pdf\" target=\"_blank\" rel=\"noreferrer noopener\" data-type=\"URL\" data-id=\"https:\/\/transparencia.cabocorrientes.gob.mx\/Archivos\/articulo8\/Bienes_Muebles_2023.pdf\">PDF<\/a><\/strong> \/ <strong><a href=\"https:\/\/transparencia.cabocorrientes.gob.mx\/Archivos\/articulo8\/Bienes_Muebles_2023.xlsx\" target=\"_blank\" rel=\"noreferrer noopener\" data-type=\"URL\" data-id=\"https:\/\/transparencia.cabocorrientes.gob.mx\/Archivos\/articulo8\/Bienes_Muebles_2023.xlsx\">EXCEL<\/a><\/strong><br \/>Inventario Vehicular 2023 <strong><a href=\"https:\/\/transparencia.cabocorrientes.gob.mx\/Archivos\/articulo8\/Inventario_Vehicular_2023.xlsx\" target=\"_blank\" rel=\"noreferrer noopener\">EXCEL<\/a><\/strong><br \/>Inventario de altas inmuebles 2023 <strong><a href=\"https:\/\/transparencia.cabocorrientes.gob.mx\/Archivos\/articulo8\/Inventario_de_altas__inmuebles_2023.xlsx\" target=\"_blank\" rel=\"noreferrer noopener\">EXCEL<\/a><\/strong><br \/>En este a\u00f1o no se realizaron bajas en el patrimonio<\/p>\n<\/div>\n<\/p>\n\n<span class=\"collapseomatic \" id=\"id69f146fd0b359\"  tabindex=\"0\" title=\"Inventario a\u00f1o 2024\"    >Inventario a\u00f1o 2024<\/span><div id=\"target-id69f146fd0b359\" class=\"collapseomatic_content \">\n\n\n<p>Inventario Bienes Muebles  2024 <strong><a href=\"https:\/\/transparencia.cabocorrientes.gob.mx\/Archivos\/articulo8\/Inventario_Bienes_Muebles__2024.xlsx\" target=\"_blank\" rel=\"noreferrer noopener\">EXCEL<\/a><\/strong><br \/>\nInventario Vehicular 2024 <strong> <a href=\"https:\/\/transparencia.cabocorrientes.gob.mx\/Archivos\/articulo8\/Inventario_Vehicular_2024.xlsx\" target=\"_blank\" rel=\"noreferrer noopener\">EXCEL<\/a><\/strong><br>\nInexistencia de inventario de bienes muebles e inmuebles donados 2024 <strong> <a href=\"https:\/\/transparencia.cabocorrientes.gob.mx\/Archivos\/articulo8\/inexistencia_de_inventario_de_bienes_muebles_e_inmuebles_donados_2024_2.pdf\" target=\"_blank\" rel=\"noreferrer noopener\">PDF<\/a><\/strong><br>\nBienes Muebles 2024 <strong> <a href=\"https:\/\/transparencia.cabocorrientes.gob.mx\/Archivos\/articulo8\/Bienes_Muebles_2024.pdf\" target=\"_blank\" rel=\"noreferrer noopener\">PDF<\/a><\/strong> \/ <strong> <a href=\"https:\/\/transparencia.cabocorrientes.gob.mx\/Archivos\/articulo8\/Bienes_Muebles_2024.xlsx\" target=\"_blank\" rel=\"noreferrer noopener\">EXCEL<\/a><\/strong><br>\nBienes Inmuebles 2024  <strong> <a href=\"https:\/\/transparencia.cabocorrientes.gob.mx\/Archivos\/articulo8\/Bienes_Inmuebles_2024.pdf\" target=\"_blank\" rel=\"noreferrer noopener\">PDF<\/a><\/strong> \/ <strong> <a href=\"https:\/\/transparencia.cabocorrientes.gob.mx\/Archivos\/articulo8\/Bienes_Inmuebles_2024.xlsx\" target=\"_blank\" rel=\"noreferrer noopener\">EXCEL<\/a><\/strong><\/p>\n\n<p><\/div>\n<\/p>\n\n<span class=\"collapseomatic \" id=\"id69f146fd0b379\"  tabindex=\"0\" title=\"Inventario a\u00f1o 2025 - 2026\"    >Inventario a\u00f1o 2025 - 2026<\/span><div id=\"target-id69f146fd0b379\" class=\"collapseomatic_content \">\n\n<p>Inventario Bienes Muebles  2025 &#8211; 2026 <strong><a href=\"https:\/\/transparencia.cabocorrientes.gob.mx\/Archivos\/articulo8\/Inventario_Bienes_Muebles_2025_2026.xlsx\" target=\"_blank\" rel=\"noreferrer noopener\">EXCEL<\/a><\/strong><br>\nInventario Bienes Inmuebles  2025 &#8211; 2026 <strong><a href=\"https:\/\/transparencia.cabocorrientes.gob.mx\/Archivos\/articulo8\/Inventario_de_Bienes_Inmuebles_2025_2026.xlsx\" target=\"_blank\" rel=\"noreferrer noopener\">EXCEL<\/a><\/strong><br>\nPadron Vehicular Municipal 2025 &#8211; 2026 <strong><a href=\"https:\/\/transparencia.cabocorrientes.gob.mx\/Archivos\/articulo8\/Padron_Vehicular_Municipio_de_Cabo_Corrientes_2025_2026.xlsx\" target=\"_blank\" rel=\"noreferrer noopener\">EXCEL<\/a><\/strong><br>\n\n\n\n<p><\/div>\n\n<\/p>","protected":false},"excerpt":{"rendered":"<p>del sujeto obligado, de cuando menos los \u00faltimos tres a\u00f1os, donde se se\u00f1ale cuando menos la descripci\u00f3n, el valor, el r\u00e9gimen jur\u00eddico, y el uso o afectaci\u00f3n del bien. del sujeto obligado, de cuando menos los \u00faltimos tres a\u00f1os, donde se se\u00f1ale cuando menos la descripci\u00f3n, el valor, el r\u00e9gimen jur\u00eddico, y el uso o &hellip; <\/p>\n<p class=\"link-more\"><a href=\"https:\/\/transparencia.cabocorrientes.gob.mx\/?page_id=3744\" class=\"more-link\">Continue reading<span class=\"screen-reader-text\"> \u00abLos inventarios de bienes muebles e inmuebles\u00bb<\/span><\/a><\/p>\n","protected":false},"author":1,"featured_media":0,"parent":0,"menu_order":0,"comment_status":"closed","ping_status":"closed","template":"","meta":{"_coblocks_attr":"","_coblocks_dimensions":"","_coblocks_responsive_height":"","_coblocks_accordion_ie_support":"","_regular_price":[],"currency_symbol":[],"footnotes":""},"class_list":["post-3744","page","type-page","status-publish","hentry"],"post_slider_layout_featured_media_urls":{"thumbnail":"","post_slider_layout_landscape_large":"","post_slider_layout_portrait_large":"","post_slider_layout_square_large":"","post_slider_layout_landscape":"","post_slider_layout_portrait":"","post_slider_layout_square":"","full":""},"_links":{"self":[{"href":"https:\/\/transparencia.cabocorrientes.gob.mx\/index.php?rest_route=\/wp\/v2\/pages\/3744","targetHints":{"allow":["GET"]}}],"collection":[{"href":"https:\/\/transparencia.cabocorrientes.gob.mx\/index.php?rest_route=\/wp\/v2\/pages"}],"about":[{"href":"https:\/\/transparencia.cabocorrientes.gob.mx\/index.php?rest_route=\/wp\/v2\/types\/page"}],"author":[{"embeddable":true,"href":"https:\/\/transparencia.cabocorrientes.gob.mx\/index.php?rest_route=\/wp\/v2\/users\/1"}],"replies":[{"embeddable":true,"href":"https:\/\/transparencia.cabocorrientes.gob.mx\/index.php?rest_route=%2Fwp%2Fv2%2Fcomments&post=3744"}],"version-history":[{"count":60,"href":"https:\/\/transparencia.cabocorrientes.gob.mx\/index.php?rest_route=\/wp\/v2\/pages\/3744\/revisions"}],"predecessor-version":[{"id":15027,"href":"https:\/\/transparencia.cabocorrientes.gob.mx\/index.php?rest_route=\/wp\/v2\/pages\/3744\/revisions\/15027"}],"wp:attachment":[{"href":"https:\/\/transparencia.cabocorrientes.gob.mx\/index.php?rest_route=%2Fwp%2Fv2%2Fmedia&parent=3744"}],"curies":[{"name":"wp","href":"https:\/\/api.w.org\/{rel}","templated":true}]}}