{"id":3736,"date":"2022-11-22T15:13:55","date_gmt":"2022-11-22T15:13:55","guid":{"rendered":"https:\/\/transparencia.cabocorrientes.gob.mx\/?page_id=3736"},"modified":"2025-05-19T20:55:25","modified_gmt":"2025-05-19T20:55:25","slug":"el-nombre-denominacion-o-razon-social","status":"publish","type":"page","link":"https:\/\/transparencia.cabocorrientes.gob.mx\/?page_id=3736","title":{"rendered":"El nombre, denominaci\u00f3n o raz\u00f3n social"},"content":{"rendered":"\n<p>y clave del Registro Federal de Contribuyentes de quienes se les hubiera cancelado o condonado alg\u00fan cr\u00e9dito fiscal, los montos respectivos, as\u00ed como la informaci\u00f3n estad\u00edstica sobre las exenciones previstas en las disposiciones fiscales;<\/p>\n\n\n\n<div class=\"wp-block-columns is-layout-flex wp-container-core-columns-is-layout-9d6595d7 wp-block-columns-is-layout-flex\">\n<div class=\"wp-block-column is-layout-flow wp-block-column-is-layout-flow\"><\/div>\n<\/div>\n\n\n\n<p>Informes sobre Cr\u00e9ditos Fiscales <strong><a href=\"https:\/\/transparencia.cabocorrientes.gob.mx\/Archivos\/articulo8\/Informes_sobre_Cr\u00e9ditos_Fiscales.pdf\" data-type=\"URL\" data-id=\"https:\/\/transparencia.cabocorrientes.gob.mx\/Archivos\/articulo8\/Informes_sobre_Cr\u00e9ditos_Fiscales.pdf\" target=\"_blank\" rel=\"noreferrer noopener\">PDF<\/a><\/strong><\/p>\n\n\n\n<div class=\"wp-block-buttons is-horizontal is-content-justification-center is-layout-flex wp-container-core-buttons-is-layout-499968f5 wp-block-buttons-is-layout-flex\"><\/div>\n\n\n\n<p><\/p>\n","protected":false},"excerpt":{"rendered":"<p>y clave del Registro Federal de Contribuyentes de quienes se les hubiera cancelado o condonado alg\u00fan cr\u00e9dito fiscal, los montos respectivos, as\u00ed como la informaci\u00f3n estad\u00edstica sobre las exenciones previstas en las disposiciones fiscales; Informes sobre Cr\u00e9ditos Fiscales PDF<\/p>\n","protected":false},"author":1,"featured_media":0,"parent":0,"menu_order":0,"comment_status":"closed","ping_status":"closed","template":"","meta":{"_coblocks_attr":"","_coblocks_dimensions":"","_coblocks_responsive_height":"","_coblocks_accordion_ie_support":"","_regular_price":[],"currency_symbol":[],"footnotes":""},"class_list":["post-3736","page","type-page","status-publish","hentry"],"post_slider_layout_featured_media_urls":{"thumbnail":"","post_slider_layout_landscape_large":"","post_slider_layout_portrait_large":"","post_slider_layout_square_large":"","post_slider_layout_landscape":"","post_slider_layout_portrait":"","post_slider_layout_square":"","full":""},"_links":{"self":[{"href":"https:\/\/transparencia.cabocorrientes.gob.mx\/index.php?rest_route=\/wp\/v2\/pages\/3736","targetHints":{"allow":["GET"]}}],"collection":[{"href":"https:\/\/transparencia.cabocorrientes.gob.mx\/index.php?rest_route=\/wp\/v2\/pages"}],"about":[{"href":"https:\/\/transparencia.cabocorrientes.gob.mx\/index.php?rest_route=\/wp\/v2\/types\/page"}],"author":[{"embeddable":true,"href":"https:\/\/transparencia.cabocorrientes.gob.mx\/index.php?rest_route=\/wp\/v2\/users\/1"}],"replies":[{"embeddable":true,"href":"https:\/\/transparencia.cabocorrientes.gob.mx\/index.php?rest_route=%2Fwp%2Fv2%2Fcomments&post=3736"}],"version-history":[{"count":4,"href":"https:\/\/transparencia.cabocorrientes.gob.mx\/index.php?rest_route=\/wp\/v2\/pages\/3736\/revisions"}],"predecessor-version":[{"id":14037,"href":"https:\/\/transparencia.cabocorrientes.gob.mx\/index.php?rest_route=\/wp\/v2\/pages\/3736\/revisions\/14037"}],"wp:attachment":[{"href":"https:\/\/transparencia.cabocorrientes.gob.mx\/index.php?rest_route=%2Fwp%2Fv2%2Fmedia&parent=3736"}],"curies":[{"name":"wp","href":"https:\/\/api.w.org\/{rel}","templated":true}]}}