{"id":3172,"date":"2022-11-14T15:10:18","date_gmt":"2022-11-14T15:10:18","guid":{"rendered":"https:\/\/transparencia.cabocorrientes.gob.mx\/?page_id=3172"},"modified":"2025-05-19T19:41:41","modified_gmt":"2025-05-19T19:41:41","slug":"el-contrato-de-prestacion-de-servicios-o-por-honorarios","status":"publish","type":"page","link":"https:\/\/transparencia.cabocorrientes.gob.mx\/?page_id=3172","title":{"rendered":"El contrato de prestaci\u00f3n de servicios o por honorarios"},"content":{"rendered":"\n<p>y el gasto realizado por concepto de pago de asesor\u00edas al sujeto obligado, donde se se\u00f1ale nombre de la empresa, instituci\u00f3n o individuos, el concepto de cada una de las asesor\u00edas<\/p>\n\n\n\n<div class=\"wp-block-columns is-layout-flex wp-container-core-columns-is-layout-9d6595d7 wp-block-columns-is-layout-flex\">\n<div class=\"wp-block-column is-layout-flow wp-block-column-is-layout-flow\"><\/div>\n<\/div>\n\n\n\n<p><\/p>\n\n\n<p><\/p>\n\n\n<span class=\"collapseomatic \" id=\"id69f14707a1f5c\"  tabindex=\"0\" title=\"Administraci\u00f3n 2018-2021\"    >Administraci\u00f3n 2018-2021<\/span><div id=\"target-id69f14707a1f5c\" class=\"collapseomatic_content \">\n\n\n\n<p><\/p>\n\n\n\n<p>Informes sobre Gasto realizado por concepto de pago de asesor\u00edas al gobierno municipal <strong><a rel=\"noreferrer noopener\" href=\"https:\/\/transparencia.cabocorrientes.gob.mx\/Archivos\/articulo8\/Oficio_de_pago_de_asesorias_2019_0.pdf\" data-type=\"URL\" data-id=\"https:\/\/transparencia.cabocorrientes.gob.mx\/Archivos\/articulo8\/Oficio_de_pago_de_asesorias_2019_0.pdf\" target=\"_blank\">PDF<\/a> \/ <a rel=\"noreferrer noopener\" href=\"https:\/\/transparencia.cabocorrientes.gob.mx\/Archivos\/articulo8\/Oficio_de_pago_de_asesorias_2019_0.docx\" data-type=\"URL\" data-id=\"https:\/\/transparencia.cabocorrientes.gob.mx\/Archivos\/articulo8\/Oficio_de_pago_de_asesorias_2019_0.docx\" target=\"_blank\">WORD<\/a><\/strong><\/p>\n\n\n\n<h6 class=\"wp-block-heading\"><strong>2018<\/strong><\/h6>\n\n\n\n<p>Contrato de prestacion de servicios corporativo empresarial de bienes y servicios <a rel=\"noreferrer noopener\" href=\"https:\/\/transparencia.cabocorrientes.gob.mx\/Archivos\/articulo8\/Contrato_de_prestacion_de_servicios_corporativo_empresarial_de_bienes_y_servicios.pdf\" data-type=\"URL\" data-id=\"https:\/\/transparencia.cabocorrientes.gob.mx\/Archivos\/articulo8\/Contrato_de_prestacion_de_servicios_corporativo_empresarial_de_bienes_y_servicios.pdf\" target=\"_blank\"><strong>PDF<\/strong><\/a><\/p>\n\n\n\n<h6 class=\"wp-block-heading\"><strong>2019<\/strong><\/h6>\n\n\n\n<p>Contrato prestaci\u00f3n de servicios Asesor\u00eda del Plan Municopal de Desarrollo y Gobernanza 2018-2021 <a rel=\"noreferrer noopener\" href=\"https:\/\/transparencia.cabocorrientes.gob.mx\/Archivos\/articulo8\/20.CONTRATO_DE_PRESTACION_DE_SERVICIOS.pdf\" data-type=\"URL\" data-id=\"https:\/\/transparencia.cabocorrientes.gob.mx\/Archivos\/articulo8\/20.CONTRATO_DE_PRESTACION_DE_SERVICIOS.pdf\" target=\"_blank\"><strong>PDF<\/strong><\/a><br>Contrato de Prestacion de Servicios Corporativo Cope con Municipio Recuperacion de ISR <a rel=\"noreferrer noopener\" href=\"https:\/\/transparencia.cabocorrientes.gob.mx\/Archivos\/articulo8\/RECUPERAR_ISR_Contrato_de_Prestacion_de_Servicios_Corporativo_Cope_con_Municipio_Tuito_Recuperacion_de_ISR.docx\" data-type=\"URL\" data-id=\"https:\/\/transparencia.cabocorrientes.gob.mx\/Archivos\/articulo8\/RECUPERAR_ISR_Contrato_de_Prestacion_de_Servicios_Corporativo_Cope_con_Municipio_Tuito_Recuperacion_de_ISR.docx\" target=\"_blank\"><strong>WORD<\/strong><\/a><br>Contrato de Prestacion de Servicios Corporativo Cope con Municipio Timbrado de Nomina <a rel=\"noreferrer noopener\" href=\"https:\/\/transparencia.cabocorrientes.gob.mx\/Archivos\/articulo8\/TIMBRADO_Contrato_de_Prestacion_de_Servicios_Corporativo_Cope_con_Municipio_Tuito_Timbrado_de_Nomina.docx\" data-type=\"URL\" data-id=\"https:\/\/transparencia.cabocorrientes.gob.mx\/Archivos\/articulo8\/TIMBRADO_Contrato_de_Prestacion_de_Servicios_Corporativo_Cope_con_Municipio_Tuito_Timbrado_de_Nomina.docx\" target=\"_blank\"><strong>WORD<\/strong><\/a><\/p>\n\n\n\n<h6 class=\"wp-block-heading\"><strong>2020<\/strong><\/h6>\n\n\n\n<p>Informes sobre contratos durante el a\u00f1o 2020 <a rel=\"noreferrer noopener\" href=\"https:\/\/transparencia.cabocorrientes.gob.mx\/Archivos\/articulo8\/Informes_sobre_contratos_durante_el_a\u00f1o_2020.pdf\" data-type=\"URL\" data-id=\"https:\/\/transparencia.cabocorrientes.gob.mx\/Archivos\/articulo8\/Informes_sobre_contratos_durante_el_a\u00f1o_2020.pdf\" target=\"_blank\"><strong>PDF<\/strong><\/a><\/p>\n\n\n\n<h6 class=\"wp-block-heading\"><strong>2021<\/strong><\/h6>\n\n\n\n<p>Informes sobre contratos durante el a\u00f1o 2021 <a rel=\"noreferrer noopener\" href=\"https:\/\/transparencia.cabocorrientes.gob.mx\/Archivos\/articulo8\/Informes_sobre_contratos_durante_el_a\u00f1o_2021.pdf\" data-type=\"URL\" data-id=\"https:\/\/transparencia.cabocorrientes.gob.mx\/Archivos\/articulo8\/Informes_sobre_contratos_durante_el_a\u00f1o_2021.pdf\" target=\"_blank\"><strong>PDF<\/strong><\/a><\/p>\n\n\n<\/div>\n<p><\/p>\n\n\n<span class=\"collapseomatic \" id=\"id69f14707a1fab\"  tabindex=\"0\" title=\"Administraci\u00f3n 2021-2024\"    >Administraci\u00f3n 2021-2024<\/span><div id=\"target-id69f14707a1fab\" class=\"collapseomatic_content \">\n\n\n\n<p><\/p>\n\n\n\n<h6 class=\"wp-block-heading\"><strong>2021<\/strong><\/h6>\n\n\n\n<p><strong>Octubre-diciembre<\/strong><\/p>\n\n\n\n<p>Contrato de servicios jur\u00eddicos <a rel=\"noreferrer noopener\" href=\"https:\/\/transparencia.cabocorrientes.gob.mx\/Archivos\/articulo8\/Contrato_de_prestacion_de_servicio_Cabo_Corrientes_2021.pdf\" data-type=\"URL\" data-id=\"https:\/\/transparencia.cabocorrientes.gob.mx\/Archivos\/articulo8\/Contrato_de_prestacion_de_servicio_Cabo_Corrientes_2021.pdf\" target=\"_blank\"><strong>PDF<\/strong><\/a><\/p>\n\n\n\n<h6 class=\"wp-block-heading\"><strong>2022<\/strong><\/h6>\n\n\n<p>Contrato de prestaci\u00f3n de servicios Evento Festejo del d\u00eda de las madres 2022<strong> <a href=\"https:\/\/transparencia.cabocorrientes.gob.mx\/Archivos\/articulo8\/Contrato_de_prestacion_de_servicios_Evento_Festejo_del_d\u00eda_de_las_madres_2022.pdf\" target=\"_blank\" rel=\"noreferrer noopener\" data-type=\"URL\" data-id=\"https:\/\/transparencia.cabocorrientes.gob.mx\/Archivos\/articulo8\/Contrato_de_prestacion_de_servicios_Evento_Festejo_del_d\u00eda_de_las_madres_2022.pdf\">PDF<\/a><\/strong><br \/>Contrato de prestaci\u00f3n de servicios T\u00e9cnico Profesional <strong><a href=\"https:\/\/transparencia.cabocorrientes.gob.mx\/Archivos\/articulo8\/Contrato_de_prestacion_de_servicios_T\u00e9cnico_Profesional.pdf\" target=\"_blank\" rel=\"noreferrer noopener\" data-type=\"URL\" data-id=\"https:\/\/transparencia.cabocorrientes.gob.mx\/Archivos\/articulo8\/Contrato_de_prestacion_de_servicios_T\u00e9cnico_Profesional.pdf\">PDF<\/a><\/strong><br \/>Contrato prestaci\u00f3n de servicios equipo de maquinaria para construcci\u00f3n <strong><a href=\"https:\/\/transparencia.cabocorrientes.gob.mx\/Archivos\/articulo8\/Contrato_prestaci\u00f3n_de_servicios_equipo_de_maquinaria_para_construcci\u00f3n.pdf\" target=\"_blank\" rel=\"noreferrer noopener\" data-type=\"URL\" data-id=\"https:\/\/transparencia.cabocorrientes.gob.mx\/Archivos\/articulo8\/Contrato_prestaci\u00f3n_de_servicios_equipo_de_maquinaria_para_construcci\u00f3n.pdf\">PDF<\/a><\/strong><br \/>Contrato de Prestacion de Servicios Tecnico Profesionales Victor Enciso Benitez y Municipio de Cabo Corrientes <strong><a href=\"https:\/\/transparencia.cabocorrientes.gob.mx\/Archivos\/articulo8\/Contrato__de_Prestacion__de_Servicios_Tecnico_Profesionales__Victor_Enciso_Benitez_y__Municipio_de__Cabo_Corrientes.pdf\" target=\"_blank\" rel=\"noreferrer noopener\">PDF<\/a><\/strong><br \/>Contrato de de Servicios Tecnico Profesionales Cesar Venet Cuevas Solis <strong><a href=\"https:\/\/transparencia.cabocorrientes.gob.mx\/Archivos\/articulo8\/Contrato_de__de_Servicios_Tecnico__Profesionales__Cesar_Venet__Cuevas__Solis.pdf\" target=\"_blank\" rel=\"noreferrer noopener\">PDF<\/a><\/strong><br \/>Contrato de Prestaci\u00f3n de Servicios Tecnicos Profesionales Alquiler de Maquinaria para Construcci\u00f3n mes de abril <strong><a href=\"https:\/\/transparencia.cabocorrientes.gob.mx\/Archivos\/articulo8\/Contrato_de_Prestaci\u00f3n__de__Servicios__Tecnicos_Profesionales_Alquiler__de_Maquinaria_para_Construcci\u00f3n_mes_de_abril.pdf\" target=\"_blank\" rel=\"noreferrer noopener\">PDF<\/a><\/strong><br \/>Contrato de Prestacion de servicios PTecnico Profesionales Ing. Paulina Gerremmy Ya\u00f1ez Preciado <strong><a href=\"https:\/\/transparencia.cabocorrientes.gob.mx\/Archivos\/articulo8\/Contrato_de_Prestacion_de_servicios__PTecnico_Profesionales_Ing._Paulina_Gerremmy_Ya\u00f1ez_Preciado.pdf\" target=\"_blank\" rel=\"noreferrer noopener\">PDF<\/a><\/strong><br \/>Contrato de Prestacion de Servicios en Materia de Servicios Ambientales Juan Pablo Ruiz Mendivil <strong><a href=\"https:\/\/transparencia.cabocorrientes.gob.mx\/Archivos\/articulo8\/Contrato_de_Prestacion_de_Servicios_en_Materia__de_Servicios__Ambientales__Juan_Pablo__Ruiz__Mendivil.pdf\" target=\"_blank\" rel=\"noreferrer noopener\">PDF<\/a><\/strong><br \/>Contrato de prestacion de Servicios Tecnico Profesionales Musica en Vivo d\u00eda de las Madres <strong><a href=\"https:\/\/transparencia.cabocorrientes.gob.mx\/Archivos\/articulo8\/Contrato_de_prestacion_de_Servicios_Tecnico_Profesionales_Musica_en_Vivo_d\u00eda_de_las_Madres.pdf\" target=\"_blank\" rel=\"noreferrer noopener\">PDF<\/a><\/strong><\/p>\n<p><\/p>\n<h6 class=\"wp-block-heading\"><strong>2023<\/strong><\/h6>\n<p> <\/p>\n<p>Contrato de Prestacion de Servicios Pofesionales Aldo Josue Ruiz Gonzalez <strong><a href=\"https:\/\/transparencia.cabocorrientes.gob.mx\/Archivos\/articulo8\/Contrato_de_Prestacion_de_Servicios_Pofesionales_Aldo_Josue_Ruiz_Gonzalez.pdf\" target=\"_blank\" rel=\"noreferrer noopener\">PDF<\/a><\/strong><br \/>Contrato de Prestacion de Servicios Profesionales C. Juan Alberto Hernandez Lepe <strong><a href=\"https:\/\/transparencia.cabocorrientes.gob.mx\/Archivos\/articulo8\/Contrato_de_Prestacion_de_Servicios_Profesionales_C._Juan_Alberto_Hernandez_Lepe.pdf\" target=\"_blank\" rel=\"noreferrer noopener\">PDF<\/a><\/strong><br \/>Listado Contratos prestaci\u00f3n de servcios 2023 <strong><a href=\"https:\/\/transparencia.cabocorrientes.gob.mx\/Archivos\/articulo8\/Listado_Contratos_prestaci\u00f3n_de_servcios_2023.xlsx\" target=\"_blank\" rel=\"noreferrer noopener\">EXCEL<\/a><\/strong><\/p>\n<p><\/p>\n\n\n<p><\/p>\n<h6 class=\"wp-block-heading\"><strong>2024<\/strong><\/h6>\n<p> <\/p>\n<p>Informes sobre contratos de prestaci\u00f3n de servicios u honorarios por parte del Ayuntamiento 2024 <strong><a href=\"https:\/\/transparencia.cabocorrientes.gob.mx\/Archivos\/articulo8\/Informes_sobre_contratos_de_prestaci\u00f3n_de_servicios_u_honorarios_por_parte_del_Ayuntamiento_2024.pdf\" target=\"_blank\" rel=\"noreferrer noopener\">PDF<\/a><\/strong><\/p>\n\n<\/div>\n<\/p>\n\n<span class=\"collapseomatic \" id=\"id69f14707a1fd9\"  tabindex=\"0\" title=\"Administraci\u00f3n 2024-2027\"    >Administraci\u00f3n 2024-2027<\/span><div id=\"target-id69f14707a1fd9\" class=\"collapseomatic_content \">\n<\/p>\nInexistencia de informaci\u00f3n, personal contratado por Honorarios <strong><a href=\"https:\/\/transparencia.cabocorrientes.gob.mx\/Archivos\/articulo8\/Inexistencia_personal_contratado_por_Honorarios_feb25.pdf\" target=\"_blank\" rel=\"noreferrer noopener\">PDF<\/a><\/strong><\/p>\n\n\n\n<\/div>\n\n\n<p><\/p>\n\n\n\n<div class=\"wp-block-columns is-layout-flex wp-container-core-columns-is-layout-9d6595d7 wp-block-columns-is-layout-flex\">\n<div class=\"wp-block-column is-layout-flow wp-block-column-is-layout-flow\"><\/div>\n<\/div>\n\n\n\n<div class=\"wp-block-buttons is-horizontal is-content-justification-center is-layout-flex wp-container-core-buttons-is-layout-499968f5 wp-block-buttons-is-layout-flex\"><\/div>\n\n\n\n<div class=\"wp-block-columns is-layout-flex wp-container-core-columns-is-layout-9d6595d7 wp-block-columns-is-layout-flex\">\n<div class=\"wp-block-column is-layout-flow wp-block-column-is-layout-flow\"><\/div>\n<\/div>\n","protected":false},"excerpt":{"rendered":"<p>y el gasto realizado por concepto de pago de asesor\u00edas al sujeto obligado, donde se se\u00f1ale nombre de la empresa, instituci\u00f3n o individuos, el concepto de cada una de las asesor\u00edas<\/p>\n","protected":false},"author":1,"featured_media":0,"parent":0,"menu_order":0,"comment_status":"closed","ping_status":"closed","template":"","meta":{"_coblocks_attr":"","_coblocks_dimensions":"","_coblocks_responsive_height":"","_coblocks_accordion_ie_support":"","_regular_price":[],"currency_symbol":[],"footnotes":""},"class_list":["post-3172","page","type-page","status-publish","hentry"],"post_slider_layout_featured_media_urls":{"thumbnail":"","post_slider_layout_landscape_large":"","post_slider_layout_portrait_large":"","post_slider_layout_square_large":"","post_slider_layout_landscape":"","post_slider_layout_portrait":"","post_slider_layout_square":"","full":""},"_links":{"self":[{"href":"https:\/\/transparencia.cabocorrientes.gob.mx\/index.php?rest_route=\/wp\/v2\/pages\/3172","targetHints":{"allow":["GET"]}}],"collection":[{"href":"https:\/\/transparencia.cabocorrientes.gob.mx\/index.php?rest_route=\/wp\/v2\/pages"}],"about":[{"href":"https:\/\/transparencia.cabocorrientes.gob.mx\/index.php?rest_route=\/wp\/v2\/types\/page"}],"author":[{"embeddable":true,"href":"https:\/\/transparencia.cabocorrientes.gob.mx\/index.php?rest_route=\/wp\/v2\/users\/1"}],"replies":[{"embeddable":true,"href":"https:\/\/transparencia.cabocorrientes.gob.mx\/index.php?rest_route=%2Fwp%2Fv2%2Fcomments&post=3172"}],"version-history":[{"count":39,"href":"https:\/\/transparencia.cabocorrientes.gob.mx\/index.php?rest_route=\/wp\/v2\/pages\/3172\/revisions"}],"predecessor-version":[{"id":14027,"href":"https:\/\/transparencia.cabocorrientes.gob.mx\/index.php?rest_route=\/wp\/v2\/pages\/3172\/revisions\/14027"}],"wp:attachment":[{"href":"https:\/\/transparencia.cabocorrientes.gob.mx\/index.php?rest_route=%2Fwp%2Fv2%2Fmedia&parent=3172"}],"curies":[{"name":"wp","href":"https:\/\/api.w.org\/{rel}","templated":true}]}}