{"id":3120,"date":"2022-11-11T18:20:31","date_gmt":"2022-11-11T18:20:31","guid":{"rendered":"https:\/\/transparencia.cabocorrientes.gob.mx\/?page_id=3120"},"modified":"2026-04-17T19:47:41","modified_gmt":"2026-04-17T19:47:41","slug":"los-gastos-de-comunicacion-social","status":"publish","type":"page","link":"https:\/\/transparencia.cabocorrientes.gob.mx\/?page_id=3120","title":{"rendered":"Los gastos de comunicaci\u00f3n social"},"content":{"rendered":"<!--\n\n\n<p><\/p>\n\n\n\n[expand title=\"Estado Financiero Enero\"]\n\n\n\n<p>Estado Anal\u00edtico de Actividades\u00a0<strong><a href=\"https:\/\/transparencia.cabocorrientes.gob.mx\/Archivos\/articulo8\/Estadod_de_Actividades_ene24.pdf\" target=\"_blank\" rel=\"noreferrer noopener\">PDF<\/a><\/strong><br \/>\nEstado Anal\u00edtico de Situaci\u00f3n Financiera\u00a0<strong><a href=\"https:\/\/transparencia.cabocorrientes.gob.mx\/Archivos\/articulo8\/Estado_de_Situacion_Financiera_ene24.pdf\" target=\"_blank\" rel=\"noreferrer noopener\">PDF<\/a><\/strong><br \/>\nEstado Anal\u00edtico de la Deuda Publica y Otros Pasivos\u00a0<strong><a href=\"https:\/\/transparencia.cabocorrientes.gob.mx\/Archivos\/articulo8\/Estado_de_la_Deuda_Publica_y_Otros_Pasivos_ene24.pdf\" target=\"_blank\" rel=\"noreferrer noopener\">PDF<\/a><\/strong><br \/>\nInformativa de Proveedores\u00a0<strong><a href=\"https:\/\/transparencia.cabocorrientes.gob.mx\/Archivos\/articulo8\/Informativa_de_Proveedores_ene24.pdf\" target=\"_blank\" rel=\"noreferrer noopener\">PDF<\/a><\/strong><br \/>\nInforme de Obligaciones Diferentes de Financiamientos\u00a0<strong><a href=\"https:\/\/transparencia.cabocorrientes.gob.mx\/Archivos\/articulo8\/Informe_Analitico_de_Obligaciones_Diferentes_de_Fianciamiento_ene24.pdf\" target=\"_blank\" rel=\"noreferrer noopener\">PDF<\/a><\/strong><br \/>\nInforme Sobre Pasivos Contingentes\u00a0<strong><a href=\"https:\/\/transparencia.cabocorrientes.gob.mx\/Archivos\/articulo8\/Informe_Sobre_Pasivos_Contingentes_ene24.pdf\" target=\"_blank\" rel=\"noreferrer noopener\">PDF<\/a><\/strong><br \/>\nCuenta Publica Enero\u00a0<strong><a href=\"https:\/\/transparencia.cabocorrientes.gob.mx\/Archivos\/articulo8\/CUENTA_PUBLICA_ENERO_2024.pdf\" target=\"_blank\" rel=\"noreferrer noopener\">PDF<\/a><\/strong><\/p>\n[\/expand]\n<p><\/p>\n\n[expand title=\"Estado Financiero Febrero\"]\n\n\n\n<p>Estado Anal\u00edtico de Actividades\u00a0<strong><a href=\"https:\/\/transparencia.cabocorrientes.gob.mx\/Archivos\/articulo8\/Estado_de_Actividades_Feb24.pdf\" target=\"_blank\" rel=\"noreferrer noopener\">PDF<\/a><\/strong><br \/>\nEstado Anal\u00edtico de Situaci\u00f3n Financiera\u00a0<strong><a href=\"https:\/\/transparencia.cabocorrientes.gob.mx\/Archivos\/articulo8\/Estado_de_Situacion_Financiera_Feb24.pdf\" target=\"_blank\" rel=\"noreferrer noopener\">PDF<\/a><\/strong><br \/>\nEstado Anal\u00edtico de la Deuda Publica y Otros Pasivos\u00a0<strong><a href=\"https:\/\/transparencia.cabocorrientes.gob.mx\/Archivos\/articulo8\/Estado_de_la_Deuda_Publica_Y_Otros_Pasivos_Feb24.pdf\" target=\"_blank\" rel=\"noreferrer noopener\">PDF<\/a><\/strong><br \/>\nInformativa de Proveedores\u00a0<strong><a href=\"https:\/\/transparencia.cabocorrientes.gob.mx\/Archivos\/articulo8\/Informativa_de_Proveedores_Feb24.pdf\" target=\"_blank\" rel=\"noreferrer noopener\">PDF<\/a><\/strong><br \/>\nInforme de Obligaciones Diferentes de Financiamientos\u00a0<strong><a href=\"https:\/\/transparencia.cabocorrientes.gob.mx\/Archivos\/articulo8\/Informe_de_Obligaciones_Diferentes_de_Finaciamiento_Feb24.pdf\" target=\"_blank\" rel=\"noreferrer noopener\">PDF<\/a><\/strong><br \/>\nInforme Sobre Pasivos Contingentes\u00a0<strong><a href=\"https:\/\/transparencia.cabocorrientes.gob.mx\/Archivos\/articulo8\/Informe_Sobre_Pasivos_Contingentes_Feb24.pdf\" target=\"_blank\" rel=\"noreferrer noopener\">PDF<\/a><\/strong><br \/>\nCuenta Publica Febrero\u00a0<strong><a href=\"https:\/\/transparencia.cabocorrientes.gob.mx\/Archivos\/articulo8\/CUENTA_PUBLICA_FEBRERO_2024.pdf\" target=\"_blank\" rel=\"noreferrer noopener\">PDF<\/a><\/strong><\/p>\n\n\n[\/expand]\n<p><\/p>\n\n[expand title=\"Estado Financiero Marzo\"]\n\n\n\n<p>Estado Anal\u00edtico de Actividades\u00a0<strong><a href=\"https:\/\/transparencia.cabocorrientes.gob.mx\/Archivos\/articulo8\/Estado_de_Actividades_marzo24.pdf\" target=\"_blank\" rel=\"noreferrer noopener\">PDF<\/a><\/strong><br \/>\nEstado Anal\u00edtico de Situaci\u00f3n Financiera\u00a0<strong><a href=\"https:\/\/transparencia.cabocorrientes.gob.mx\/Archivos\/articulo8\/Estado_de_Situacion_Financiera_marzo24.pdf\" target=\"_blank\" rel=\"noreferrer noopener\">PDF<\/a><\/strong><br \/>\nEstado Anal\u00edtico de la Deuda Publica y Otros Pasivos\u00a0<strong><a href=\"https:\/\/transparencia.cabocorrientes.gob.mx\/Archivos\/articulo8\/Estado_Analitico_de_la_Deuda_Publica_y_Otros_Pasivos_marzo24.pdf\" target=\"_blank\" rel=\"noreferrer noopener\">PDF<\/a><\/strong><br \/>\nInformativa de Proveedores\u00a0<strong><a href=\"https:\/\/transparencia.cabocorrientes.gob.mx\/Archivos\/articulo8\/Informativa_de_Proveedores_marzo24.pdf\" target=\"_blank\" rel=\"noreferrer noopener\">PDF<\/a><\/strong><br \/>\nInforme de Obligaciones Diferentes de Financiamientos\u00a0<strong><a href=\"https:\/\/transparencia.cabocorrientes.gob.mx\/Archivos\/articulo8\/Informe_de_Obligaciones_Diferentes_de_Financiamiento_marzo24.pdf\" target=\"_blank\" rel=\"noreferrer noopener\">PDF<\/a><\/strong><br \/>\nInforme Sobre Pasivos Contingentes\u00a0<strong><a href=\"https:\/\/transparencia.cabocorrientes.gob.mx\/Archivos\/articulo8\/Informe_Sobre_Pasivos_Contingentes_marzo24.pdf\" target=\"_blank\" rel=\"noreferrer noopener\">PDF<\/a><\/strong><br \/>\nCuenta Publica Marzo\u00a0<strong><a href=\"https:\/\/transparencia.cabocorrientes.gob.mx\/Archivos\/articulo8\/CUENTA_PUBLICA_MARZO_2024.pdf\" target=\"_blank\" rel=\"noreferrer noopener\">PDF<\/a><\/strong><\/p>\n\n\n[\/expand]\n<p><\/p>\n\n[expand title=\"Estado Financiero Abril\"]\n\n\n\n<p>Estado Anal\u00edtico de Actividades\u00a0<strong><a href=\"https:\/\/transparencia.cabocorrientes.gob.mx\/Archivos\/articulo8\/Estado_de_Actividades_abril24.pdf\" target=\"_blank\" rel=\"noreferrer noopener\">PDF<\/a><\/strong><br \/>\nEstado Anal\u00edtico de Situaci\u00f3n Financiera\u00a0<strong><a href=\"https:\/\/transparencia.cabocorrientes.gob.mx\/Archivos\/articulo8\/Estado_de_Situacion_Financiera_abril24.pdf\" target=\"_blank\" rel=\"noreferrer noopener\">PDF<\/a><\/strong><br \/>\nEstado Anal\u00edtico de la Deuda Publica y Otros Pasivos\u00a0<strong><a href=\"https:\/\/transparencia.cabocorrientes.gob.mx\/Archivos\/articulo8\/Estado_de_la_Deuda_Publica_y_Otros_Pasivos_abril24.pdf\" target=\"_blank\" rel=\"noreferrer noopener\">PDF<\/a><\/strong><br \/>\nInformativa de Proveedores\u00a0<strong><a href=\"https:\/\/transparencia.cabocorrientes.gob.mx\/Archivos\/articulo8\/Informativa_de_Proveedores_abril24.pdf\" target=\"_blank\" rel=\"noreferrer noopener\">PDF<\/a><\/strong><br \/>\nInforme de Obligaciones Diferentes de Financiamientos\u00a0<strong><a href=\"https:\/\/transparencia.cabocorrientes.gob.mx\/Archivos\/articulo8\/Informe_de_Obligaciones_Diferentes_de_Financiamiento_abril24.pdf\" target=\"_blank\" rel=\"noreferrer noopener\">PDF<\/a><\/strong><br \/>\nInforme Sobre Pasivos Contingentes\u00a0<strong><a href=\"https:\/\/transparencia.cabocorrientes.gob.mx\/Archivos\/articulo8\/Informe_Sobre_Pasivos_Contingentes_abril24.pdf\" target=\"_blank\" rel=\"noreferrer noopener\">PDF<\/a><\/strong><br \/>\nCuenta Publica Abril\u00a0<strong><a href=\"https:\/\/transparencia.cabocorrientes.gob.mx\/Archivos\/articulo8\/CUENTA_PUBLICA_ABRIL.pdf\" target=\"_blank\" rel=\"noreferrer noopener\">PDF<\/a><\/strong><\/p>\n\n[\/expand]\n<p><\/p>\n\n[expand title=\"Estado Financiero Mayo\"]\n\n\n<p><!-- \/wp:post-content --><br \/><!--\nEstado Anal\u00edtico de Actividades\u00a0<strong><a href=\"https:\/\/transparencia.cabocorrientes.gob.mx\/Archivos\/articulo8\/Estado_de_Actividades_mayo24.pdf\" target=\"_blank\" rel=\"noreferrer noopener\">PDF<\/a><\/strong><br \/>\nEstado Anal\u00edtico de Situaci\u00f3n Financiera\u00a0<strong><a href=\"https:\/\/transparencia.cabocorrientes.gob.mx\/Archivos\/articulo8\/Estado_de_Situacion_Financiera_mayo24.pdf\" target=\"_blank\" rel=\"noreferrer noopener\">PDF<\/a><\/strong><br \/>\n -->\nGastos de comunicaci\u00f3n social 2019 <strong><a href=\"https:\/\/transparencia.cabocorrientes.gob.mx\/Archivos\/articulo8\/Gastos_de_comunicaci\u00f3n_social_2019.xls\" target=\"_blank\" rel=\"noreferrer noopener\">EXCEL<\/a><\/strong><br>\nGastos de comunicaci\u00f3n social 2020 <strong><a href=\"https:\/\/transparencia.cabocorrientes.gob.mx\/Archivos\/articulo8\/Gastos_de_comunicaci\u00f3n_social_2020.xls\" target=\"_blank\" rel=\"noreferrer noopener\">EXCEL<\/a><\/strong><br>\nGastos de comunicaci\u00f3n social 2021 <strong><a href=\"https:\/\/transparencia.cabocorrientes.gob.mx\/Archivos\/articulo8\/Gastos_de_comunicaci\u00f3n_social_2021.xls\" target=\"_blank\" rel=\"noreferrer noopener\">EXCEL<\/a><\/strong><br>\nGastos de comunicaci\u00f3n social 2022 <strong><a href=\"https:\/\/transparencia.cabocorrientes.gob.mx\/Archivos\/articulo8\/Gastos_de_comunicaci\u00f3n_social_2022.xls\" target=\"_blank\" rel=\"noreferrer noopener\">EXCEL<\/a><\/strong><br>\nGastos de comunicaci\u00f3n social 2023 <strong><a href=\"https:\/\/transparencia.cabocorrientes.gob.mx\/Archivos\/articulo8\/Gastos_de_comunicaci\u00f3n_social_2023.xls\" target=\"_blank\" rel=\"noreferrer noopener\">EXCEL<\/a><\/strong><br>\nGastos de comunicaci\u00f3n social Octubre &#8211; Diciembre 2024 <strong><a href=\"https:\/\/transparencia.cabocorrientes.gob.mx\/Archivos\/articulo8\/Gastos_de_Comunicacion_Social_de_Octubre_a_Diciembre_2024.xlsx\" target=\"_blank\" rel=\"noreferrer noopener\">EXCEL<\/a><\/strong><br>\nGastos de comunicaci\u00f3n social 2024 <strong><a href=\"https:\/\/transparencia.cabocorrientes.gob.mx\/Archivos\/articulo8\/Gastos_de_Comunicacion_Social_del_a\u00f1o_2024.xlsx\" target=\"_blank\" rel=\"noreferrer noopener\">EXCEL<\/a><\/strong><br>\nGastos de comunicaci\u00f3n social 2025 <strong><a href=\"https:\/\/transparencia.cabocorrientes.gob.mx\/Archivos\/articulo8\/Gastos_de_Comunicacion_Social_del_a\u00f1o_2025.xlsx\" target=\"_blank\" rel=\"noreferrer noopener\">EXCEL<\/a><\/strong><br>\n<p><\/p>\n<!-- \nRelacion de cuentas bancarias productivas especificas del 01 de julio al 30 de septiembre del 2024 <strong><a href=\"https:\/\/transparencia.cabocorrientes.gob.mx\/Archivos\/articulo8\/Relacion_de_cuentas_bancarias_productivas_especificas_del_01_de_julio_al_30_de_septiembre_del_2024.pdf\" target=\"_blank\" rel=\"noreferrer noopener\">PDF<\/a><\/strong><br>\nFormato de informacion de aplicacion de recursos de FAIS 3er trimestre 2024 <strong><a href=\"https:\/\/transparencia.cabocorrientes.gob.mx\/Archivos\/articulo8\/Formato_de_informacion_de_aplicacion_de_recursos_de_FAIS_3er_trimestre_2024.pdf\" target=\"_blank\" rel=\"noreferrer noopener\">PDF<\/a><\/strong><br>\nFormato de informacion de aplicacion de recursos de FORTAMUN 3er trimestre 2024 <strong><a href=\"https:\/\/transparencia.cabocorrientes.gob.mx\/Archivos\/articulo8\/Formato_de_informacion_de_aplicacion_de_recursos_de_FORTAMUN_3er_trimestre_2024.pdf\" target=\"_blank\" rel=\"noreferrer noopener\">PDF<\/a><\/strong><br>  -->","protected":false},"excerpt":{"rendered":"<p>Gastos de comunicaci\u00f3n social 2019 EXCEL Gastos de comunicaci\u00f3n social 2020 EXCEL Gastos de comunicaci\u00f3n social 2021 EXCEL Gastos de comunicaci\u00f3n social 2022 EXCEL Gastos de comunicaci\u00f3n social 2023 EXCEL Gastos de comunicaci\u00f3n social Octubre &#8211; Diciembre 2024 EXCEL Gastos de comunicaci\u00f3n social 2024 EXCEL Gastos de comunicaci\u00f3n social 2025 EXCEL Gastos de comunicaci\u00f3n social &hellip; <\/p>\n<p class=\"link-more\"><a href=\"https:\/\/transparencia.cabocorrientes.gob.mx\/?page_id=3120\" class=\"more-link\">Continue reading<span class=\"screen-reader-text\"> \u00abLos gastos de comunicaci\u00f3n social\u00bb<\/span><\/a><\/p>\n","protected":false},"author":1,"featured_media":0,"parent":0,"menu_order":0,"comment_status":"closed","ping_status":"closed","template":"","meta":{"_coblocks_attr":"","_coblocks_dimensions":"","_coblocks_responsive_height":"","_coblocks_accordion_ie_support":"","_regular_price":[],"currency_symbol":[],"footnotes":""},"class_list":["post-3120","page","type-page","status-publish","hentry"],"post_slider_layout_featured_media_urls":{"thumbnail":"","post_slider_layout_landscape_large":"","post_slider_layout_portrait_large":"","post_slider_layout_square_large":"","post_slider_layout_landscape":"","post_slider_layout_portrait":"","post_slider_layout_square":"","full":""},"_links":{"self":[{"href":"https:\/\/transparencia.cabocorrientes.gob.mx\/index.php?rest_route=\/wp\/v2\/pages\/3120","targetHints":{"allow":["GET"]}}],"collection":[{"href":"https:\/\/transparencia.cabocorrientes.gob.mx\/index.php?rest_route=\/wp\/v2\/pages"}],"about":[{"href":"https:\/\/transparencia.cabocorrientes.gob.mx\/index.php?rest_route=\/wp\/v2\/types\/page"}],"author":[{"embeddable":true,"href":"https:\/\/transparencia.cabocorrientes.gob.mx\/index.php?rest_route=\/wp\/v2\/users\/1"}],"replies":[{"embeddable":true,"href":"https:\/\/transparencia.cabocorrientes.gob.mx\/index.php?rest_route=%2Fwp%2Fv2%2Fcomments&post=3120"}],"version-history":[{"count":38,"href":"https:\/\/transparencia.cabocorrientes.gob.mx\/index.php?rest_route=\/wp\/v2\/pages\/3120\/revisions"}],"predecessor-version":[{"id":14992,"href":"https:\/\/transparencia.cabocorrientes.gob.mx\/index.php?rest_route=\/wp\/v2\/pages\/3120\/revisions\/14992"}],"wp:attachment":[{"href":"https:\/\/transparencia.cabocorrientes.gob.mx\/index.php?rest_route=%2Fwp%2Fv2%2Fmedia&parent=3120"}],"curies":[{"name":"wp","href":"https:\/\/api.w.org\/{rel}","templated":true}]}}