{"id":3071,"date":"2022-11-11T17:40:33","date_gmt":"2022-11-11T17:40:33","guid":{"rendered":"https:\/\/transparencia.cabocorrientes.gob.mx\/?page_id=3071"},"modified":"2025-05-21T20:52:43","modified_gmt":"2025-05-21T20:52:43","slug":"informacion-ordinaria","status":"publish","type":"page","link":"https:\/\/transparencia.cabocorrientes.gob.mx\/?page_id=3071","title":{"rendered":"Informaci\u00f3n ordinaria"},"content":{"rendered":"<p>Acta Entrega-Recepci\u00f3n 2015-2018. <strong><a href=\"https:\/\/transparencia.cabocorrientes.gob.mx\/Archivos\/articulo8\/Acta_Entrega-Recepci\u00f3n_2015-2018.pdf\" target=\"_blank\" rel=\"noopener\">PDF<\/a><\/strong ><\/br >Acta Entrega-Recepci\u00f3n 2018-2021. <strong><a href=\"https:\/\/transparencia.cabocorrientes.gob.mx\/Archivos\/articulo8\/Acta_Entrega_recepci\u00f3n_2018-2021.pdf\" target=\"_blank\" rel=\"noopener\">PDF<\/a><\/strong ><\/br >Acta Entrega-Recepci\u00f3n 2021-2024. <strong><a href=\"https:\/\/transparencia.cabocorrientes.gob.mx\/Archivos\/articulo8\/Entrega_recepcion_administracion_2021-2024.pdf\" target=\"_blank\" rel=\"noopener\">PDF<\/a><\/strong ><\/br ><br \/>\nCenso de alumbrado 2015. <strong><a href=\"https:\/\/transparencia.cabocorrientes.gob.mx\/Archivos\/articulo8\/Censo_Alumbrado_Directo_2015-Cabo_Corrientes.xlsx\" target=\"_blank\" rel=\"noreferrer noopener\">WORD<\/a><\/strong><br \/>\nCenso de alumbrado 2020 Cabo Corrientes Medido. <strong><a href=\"https:\/\/transparencia.cabocorrientes.gob.mx\/Archivos\/articulo8\/2020_Cabo_Corrientes_Medido.xlsx\" target=\"_blank\" rel=\"noreferrer noopener\">EXCEL<\/a><\/strong><br \/>\nCenso de alumbrado 2020 Cabo Corrientes por Localidad.<br \/>\nPlan de Acci\u00f3n Clim\u00e1tico del Municipio de Cabo Corrientes. <strong><a href=\"https:\/\/transparencia.cabocorrientes.gob.mx\/Archivos\/articulo8\/Cabo_Corrientes_con_cambios_PACMUN.docx\" target=\"_blank\" rel=\"noreferrer noopener\">WORD<\/a><\/strong><br \/>\nColectivo ciudadanos por Municipios transparentes <strong><a href=\"http:\/\/www.cimtra.org.mx\/portal\/\" target=\"_blank\" rel=\"noreferrer noopener\">http:\/\/www.cimtra.org.mx\/portal\/<\/a><\/strong><br \/>\nConvenio Cimtra con Ayuntamiento de Cabo Corrientes. <strong><a href=\"https:\/\/transparencia.cabocorrientes.gob.mx\/Archivos\/articulo8\/Convenio_Cimtra_con_Ayuntamiento_de_Cabo_Corrientes.pdf\" target=\"_blank\" rel=\"noreferrer noopener\">PDF<\/a><\/strong><br \/>\nPlan de ordenamiento ecol\u00f3gico. <strong><a href=\"https:\/\/transparencia.cabocorrientes.gob.mx\/Archivos\/articulo8\/MODELO_DE_ORDENAMIENTO_ECOLOGICO_CABO_CORRIENTES_0.pdf\" target=\"_blank\" rel=\"noreferrer noopener\">PDF<\/a><\/strong><br \/>\nLey de ingresos del Municipio de Cabo Corrientes 2017. <strong><a href=\"https:\/\/transparencia.cabocorrientes.gob.mx\/Archivos\/articulo8\/Ley_de_Ingresos_del_Ayuntamiento_de_Cabo_Corrientes_2017.pdf\" target=\"_blank\" rel=\"noreferrer noopener\">PDF<\/a><\/strong><br \/>\nLey de ingresos del Municipio de Cabo Corrientes 2018. <strong><a href=\"https:\/\/transparencia.cabocorrientes.gob.mx\/Archivos\/articulo8\/Ley_de_Ingresos_2018_Cabo_Corrientes_0.pdf\" target=\"_blank\" rel=\"noreferrer noopener\">PDF<\/a><\/strong><br \/>\nPrograma municipal de desarrollo urbano. <strong><a href=\"https:\/\/transparencia.cabocorrientes.gob.mx\/Archivos\/articulo8\/Programa_Municipal_de_Desarrollo_Urbano.pdf\" target=\"_blank\" rel=\"noreferrer noopener\">PDF<\/a><\/strong><br \/>\nAviso de privacidad integral H. Ayuntamiento Constitucional de Cabo Corrientes. <strong><a href=\"https:\/\/transparencia.cabocorrientes.gob.mx\/Archivos\/articulo8\/AVISO_DE_PRIVACIDAD_INTEGRAL_DEL_AYUNTAMIENTO_CONSTITUCIONAL_DE_CABO_CORRIENTES_2018_0.pdf\" target=\"_blank\" rel=\"noreferrer noopener\">PDF<\/a><\/strong><br \/>\nPlan de Ordenamiento Ecol\u00f3gico de Cabo Corrientes, JAL. <strong><a href=\"https:\/\/transparencia.cabocorrientes.gob.mx\/Archivos\/articulo8\/Plan_de_Ordenamiento_Ecol\u00f3gico_de_Cabo_Corrientes_JAL._0.pdf\" target=\"_blank\" rel=\"noreferrer noopener\">PDF<\/a><\/strong><br \/>\nNombramientos vigentes Administracion 2021 &#8211; 2024 <strong><a href=\"https:\/\/transparencia.cabocorrientes.gob.mx\/Archivos\/articulo8\/nombramientos-vig-admin2124.pdf\" target=\"_blank\" rel=\"noreferrer noopener\">PDF<\/a><\/strong><\/p>\n","protected":false},"excerpt":{"rendered":"<p>Acta Entrega-Recepci\u00f3n 2015-2018. PDFActa Entrega-Recepci\u00f3n 2018-2021. PDFActa Entrega-Recepci\u00f3n 2021-2024. PDF Censo de alumbrado 2015. WORD Censo de alumbrado 2020 Cabo Corrientes Medido. EXCEL Censo de alumbrado 2020 Cabo Corrientes por Localidad. Plan de Acci\u00f3n Clim\u00e1tico del Municipio de Cabo Corrientes. WORD Colectivo ciudadanos por Municipios transparentes http:\/\/www.cimtra.org.mx\/portal\/ Convenio Cimtra con Ayuntamiento de Cabo Corrientes. PDF &hellip; <\/p>\n<p class=\"link-more\"><a href=\"https:\/\/transparencia.cabocorrientes.gob.mx\/?page_id=3071\" class=\"more-link\">Continue reading<span class=\"screen-reader-text\"> \u00abInformaci\u00f3n ordinaria\u00bb<\/span><\/a><\/p>\n","protected":false},"author":4,"featured_media":0,"parent":0,"menu_order":0,"comment_status":"closed","ping_status":"closed","template":"","meta":{"_coblocks_attr":"","_coblocks_dimensions":"","_coblocks_responsive_height":"","_coblocks_accordion_ie_support":"","_regular_price":[],"currency_symbol":[],"footnotes":""},"class_list":["post-3071","page","type-page","status-publish","hentry"],"post_slider_layout_featured_media_urls":{"thumbnail":"","post_slider_layout_landscape_large":"","post_slider_layout_portrait_large":"","post_slider_layout_square_large":"","post_slider_layout_landscape":"","post_slider_layout_portrait":"","post_slider_layout_square":"","full":""},"_links":{"self":[{"href":"https:\/\/transparencia.cabocorrientes.gob.mx\/index.php?rest_route=\/wp\/v2\/pages\/3071","targetHints":{"allow":["GET"]}}],"collection":[{"href":"https:\/\/transparencia.cabocorrientes.gob.mx\/index.php?rest_route=\/wp\/v2\/pages"}],"about":[{"href":"https:\/\/transparencia.cabocorrientes.gob.mx\/index.php?rest_route=\/wp\/v2\/types\/page"}],"author":[{"embeddable":true,"href":"https:\/\/transparencia.cabocorrientes.gob.mx\/index.php?rest_route=\/wp\/v2\/users\/4"}],"replies":[{"embeddable":true,"href":"https:\/\/transparencia.cabocorrientes.gob.mx\/index.php?rest_route=%2Fwp%2Fv2%2Fcomments&post=3071"}],"version-history":[{"count":54,"href":"https:\/\/transparencia.cabocorrientes.gob.mx\/index.php?rest_route=\/wp\/v2\/pages\/3071\/revisions"}],"predecessor-version":[{"id":14141,"href":"https:\/\/transparencia.cabocorrientes.gob.mx\/index.php?rest_route=\/wp\/v2\/pages\/3071\/revisions\/14141"}],"wp:attachment":[{"href":"https:\/\/transparencia.cabocorrientes.gob.mx\/index.php?rest_route=%2Fwp%2Fv2%2Fmedia&parent=3071"}],"curies":[{"name":"wp","href":"https:\/\/api.w.org\/{rel}","templated":true}]}}