{"id":2824,"date":"2022-11-10T17:02:44","date_gmt":"2022-11-10T17:02:44","guid":{"rendered":"https:\/\/transparencia.cabocorrientes.gob.mx\/?page_id=2824"},"modified":"2025-05-21T20:49:39","modified_gmt":"2025-05-21T20:49:39","slug":"mecanismos-e-instrumentos-de-participacion-ciudadana","status":"publish","type":"page","link":"https:\/\/transparencia.cabocorrientes.gob.mx\/?page_id=2824","title":{"rendered":"Mecanismos e instrumentos de participaci\u00f3n ciudadana"},"content":{"rendered":"\n<div class=\"wp-block-columns is-layout-flex wp-container-core-columns-is-layout-9d6595d7 wp-block-columns-is-layout-flex\">\n<div class=\"wp-block-column is-layout-flow wp-block-column-is-layout-flow\"><\/div>\n<\/div>\n\n\n\n<h6 class=\"wp-block-heading\"><strong><strong>Mecanismos e instrumentos de participaci\u00f3n ciudadana.<\/strong><\/strong><\/h6>\n\n\n<p>Medio para solicitar informaci\u00f3n aclaraci\u00f3n o presentar alguna queja. <a href=\"https:\/\/transparencia.cabocorrientes.gob.mx\/Archivos\/articulo8\/CIMTRA43_VdeV_0.xlsx\" target=\"_blank\" rel=\"noreferrer noopener\">EXCEL<\/a><\/p>\n<p>Medio para solicitar informaci\u00f3n. <a href=\"https:\/\/transparencia.cabocorrientes.gob.mx\/Archivos\/articulo8\/1CIMTRA44_VdeV.xlsx\" target=\"_blank\" rel=\"noreferrer noopener\">EXCEL<\/a><\/p>\n<p>Medios electr\u00f3nicos informativos oficiales de este Ayuntamiento. <a href=\"https:\/\/transparencia.cabocorrientes.gob.mx\/Archivos\/articulo8\/CIMTRA45_VdeV.xlsx\" target=\"_blank\" rel=\"noreferrer noopener\">EXCEL<\/a><\/p>\n\n\n<h6 class=\"wp-block-heading\"><strong><strong>Reglamentos de instrumentos para la Participaci\u00f3n Ciudadana.<\/strong><\/strong><\/h6>\n\n\n<p>Certificaci\u00f3n de aprobaci\u00f3n del Reglamento de Participaci\u00f3n Ciudadana del Ayuntamiento de Cabo Corrientes, Jalisco. <a href=\"https:\/\/transparencia.cabocorrientes.gob.mx\/Archivos\/articulo8\/Certificaci\u00f3n_aprobaci\u00f3n_Reglamento_Participaci\u00f3n_Ciudadana.pdf\" target=\"_blank\" rel=\"noreferrer noopener\">PDF<\/a><\/p>\n<p>Reglamento de Participaci\u00f3n Ciudadana del Ayuntamiento de Cabo Corrientes, Jalisco. <a href=\"https:\/\/transparencia.cabocorrientes.gob.mx\/Archivos\/articulo8\/reglamento_participacion_ciudadana_2019.docx\" target=\"_blank\" rel=\"noreferrer noopener\">WORD<\/a><\/p>\n<p>Certificaci\u00f3n de aprobaci\u00f3n del Reglamento del Comit\u00e9 de Planeaci\u00f3n Participativa para el Desarrollo Municipal de Cabo Corrientes, Jalisco. <a href=\"https:\/\/transparencia.cabocorrientes.gob.mx\/Archivos\/articulo8\/Certificaci\u00f3n_aprobaci\u00f3n_reglamento_de_COPLADEMUN.pdf\" target=\"_blank\" rel=\"noreferrer noopener\">PDF<\/a><\/p>\n<p>Certificaci\u00f3n de aprobaci\u00f3n del Reglamento del Comit\u00e9 de Planeaci\u00f3n Participativa para el Desarrollo Municipal de Cabo Corrientes, Jalisco. <a href=\"https:\/\/transparencia.cabocorrientes.gob.mx\/Archivos\/articulo8\/REGLAMENTO_COPPLADEMUN_2019.docx\" target=\"_blank\" rel=\"noreferrer noopener\">WORD<\/a><\/p>\n<h6><strong><strong>Consejo de Participaci\u00f3n y Planeaci\u00f3n para el Desarrollo Municipal de Cabo Corrientes<\/strong><\/strong><\/h6>\n<p>Informes sobre organismos ciudadanos\n<a href=\"https:\/\/transparencia.cabocorrientes.gob.mx\/Archivos\/articulo8\/Informes_de_vocal_vigilancia.pdf\" target=\"_blank\" rel=\"noreferrer noopener\">PDF\/<\/a><a href=\"https:\/\/transparencia.cabocorrientes.gob.mx\/Archivos\/articulo8\/VOCAL_VIGILANCIA.docx\" target=\"_blank\" rel=\"noopener\">WORD<\/a><\/p>","protected":false},"excerpt":{"rendered":"<p>Mecanismos e instrumentos de participaci\u00f3n ciudadana. Medio para solicitar informaci\u00f3n aclaraci\u00f3n o presentar alguna queja. EXCEL Medio para solicitar informaci\u00f3n. EXCEL Medios electr\u00f3nicos informativos oficiales de este Ayuntamiento. EXCEL Reglamentos de instrumentos para la Participaci\u00f3n Ciudadana. Certificaci\u00f3n de aprobaci\u00f3n del Reglamento de Participaci\u00f3n Ciudadana del Ayuntamiento de Cabo Corrientes, Jalisco. PDF Reglamento de Participaci\u00f3n Ciudadana &hellip; <\/p>\n<p class=\"link-more\"><a href=\"https:\/\/transparencia.cabocorrientes.gob.mx\/?page_id=2824\" class=\"more-link\">Continue reading<span class=\"screen-reader-text\"> \u00abMecanismos e instrumentos de participaci\u00f3n ciudadana\u00bb<\/span><\/a><\/p>\n","protected":false},"author":4,"featured_media":0,"parent":0,"menu_order":0,"comment_status":"closed","ping_status":"closed","template":"","meta":{"_coblocks_attr":"","_coblocks_dimensions":"","_coblocks_responsive_height":"","_coblocks_accordion_ie_support":"","_regular_price":[],"currency_symbol":[],"footnotes":""},"class_list":["post-2824","page","type-page","status-publish","hentry"],"post_slider_layout_featured_media_urls":{"thumbnail":"","post_slider_layout_landscape_large":"","post_slider_layout_portrait_large":"","post_slider_layout_square_large":"","post_slider_layout_landscape":"","post_slider_layout_portrait":"","post_slider_layout_square":"","full":""},"_links":{"self":[{"href":"https:\/\/transparencia.cabocorrientes.gob.mx\/index.php?rest_route=\/wp\/v2\/pages\/2824","targetHints":{"allow":["GET"]}}],"collection":[{"href":"https:\/\/transparencia.cabocorrientes.gob.mx\/index.php?rest_route=\/wp\/v2\/pages"}],"about":[{"href":"https:\/\/transparencia.cabocorrientes.gob.mx\/index.php?rest_route=\/wp\/v2\/types\/page"}],"author":[{"embeddable":true,"href":"https:\/\/transparencia.cabocorrientes.gob.mx\/index.php?rest_route=\/wp\/v2\/users\/4"}],"replies":[{"embeddable":true,"href":"https:\/\/transparencia.cabocorrientes.gob.mx\/index.php?rest_route=%2Fwp%2Fv2%2Fcomments&post=2824"}],"version-history":[{"count":32,"href":"https:\/\/transparencia.cabocorrientes.gob.mx\/index.php?rest_route=\/wp\/v2\/pages\/2824\/revisions"}],"predecessor-version":[{"id":14137,"href":"https:\/\/transparencia.cabocorrientes.gob.mx\/index.php?rest_route=\/wp\/v2\/pages\/2824\/revisions\/14137"}],"wp:attachment":[{"href":"https:\/\/transparencia.cabocorrientes.gob.mx\/index.php?rest_route=%2Fwp%2Fv2%2Fmedia&parent=2824"}],"curies":[{"name":"wp","href":"https:\/\/api.w.org\/{rel}","templated":true}]}}