{"id":2459,"date":"2022-11-08T18:00:54","date_gmt":"2022-11-08T18:00:54","guid":{"rendered":"https:\/\/transparencia.cabocorrientes.gob.mx\/?page_id=2459"},"modified":"2023-05-29T18:56:27","modified_gmt":"2023-05-29T18:56:27","slug":"cuentas-2020","status":"publish","type":"page","link":"https:\/\/transparencia.cabocorrientes.gob.mx\/?page_id=2459","title":{"rendered":"Cuentas P\u00fablicas 2020"},"content":{"rendered":"\n<div class=\"wp-block-columns is-layout-flex wp-container-core-columns-is-layout-9d6595d7 wp-block-columns-is-layout-flex\">\n<div class=\"wp-block-column is-layout-flow wp-block-column-is-layout-flow\"><\/div>\n<\/div>\n\n\n\n<span class=\"collapseomatic \" id=\"id69f2a921aa862\"  tabindex=\"0\" title=\"Cuenta Publica Enero\"    >Cuenta Publica Enero<\/span><div id=\"target-id69f2a921aa862\" class=\"collapseomatic_content \">\n\n\n<p>Estado de actividades <a href=\"https:\/\/transparencia.cabocorrientes.gob.mx\/Archivos\/articulo8\/Esatdo de actividades 01-2020.pdf\" target=\"_blank\" rel=\"noopener\" data-wplink-url-error=\"true\"><strong>PDF<\/strong><\/a><br>Estado de situaci\u00f3n financiera <a href=\"https:\/\/transparencia.cabocorrientes.gob.mx\/Archivos\/articulo8\/Estado de situacion financiera 01-2020.pdf\" target=\"_blank\" rel=\"noopener\" data-wplink-url-error=\"true\"><strong>PDF<\/strong><\/a><br>Informativa de proveedores <a href=\"https:\/\/transparencia.cabocorrientes.gob.mx\/Archivos\/articulo8\/Informativa de proveedores 01-2020.pdf\" target=\"_blank\" rel=\"noopener\" data-wplink-url-error=\"true\"><strong>PDF<\/strong><\/a><br>Informe sobre pasivos contingentes <a href=\"https:\/\/transparencia.cabocorrientes.gob.mx\/Archivos\/articulo8\/Informe sobre pasivos contingentes 01-2020.pdf\" target=\"_blank\" rel=\"noopener\" data-wplink-url-error=\"true\"><strong>PDF<\/strong><\/a><\/p>\n<\/div>\n<p><\/p>\n\n\n<span class=\"collapseomatic \" id=\"id69f2a921aa8ac\"  tabindex=\"0\" title=\"Cuenta Publica Febrero\"    >Cuenta Publica Febrero<\/span><div id=\"target-id69f2a921aa8ac\" class=\"collapseomatic_content \">\n\n\n<p>Estado de actividades<a href=\"https:\/\/transparencia.cabocorrientes.gob.mx\/Archivos\/articulo8\/Estado de actividades 02-2020.pdf\" target=\"_blank\" rel=\"noopener\" data-wplink-url-error=\"true\"><strong>PDF<\/strong><\/a><br>\nEstado de situaci\u00f3n financiera <a href=\"https:\/\/transparencia.cabocorrientes.gob.mx\/Archivos\/articulo8\/Estado de situacion financiera 02-2020.pdf\" target=\"_blank\" rel=\"noopener\" data-wplink-url-error=\"true\"><strong>PDF<\/strong><\/a><br>\nInformativa de proveedores <a href=\"https:\/\/transparencia.cabocorrientes.gob.mx\/Archivos\/articulo8\/Informativa de proveedores 02-2020.pdf\" target=\"_blank\" rel=\"noopener\" data-wplink-url-error=\"true\"><strong>PDF<\/strong><\/a><br>\nInforme sobre pasivos contingentes <a href=\"https:\/\/transparencia.cabocorrientes.gob.mx\/Archivos\/articulo8\/Informativa sobre pasivos contingentes 02-2020.pdf\" target=\"_blank\" rel=\"noopener\" data-wplink-url-error=\"true\"><strong>PDF<\/strong><\/a><\/p>\n<\/div>\n<p><\/p>\n\n\n<span class=\"collapseomatic \" id=\"id69f2a921aa8d0\"  tabindex=\"0\" title=\"Cuenta Publica Marzo\"    >Cuenta Publica Marzo<\/span><div id=\"target-id69f2a921aa8d0\" class=\"collapseomatic_content \">\n\n\n<p>Estado de actividades<a href=\"https:\/\/transparencia.cabocorrientes.gob.mx\/Archivos\/articulo8\/Estado de actividades 03-2020.pdf\" target=\"_blank\" rel=\"noopener\" data-wplink-url-error=\"true\"><strong>PDF<\/strong><\/a><br>\nEstado de situaci\u00f3n financiera <a href=\"https:\/\/transparencia.cabocorrientes.gob.mx\/Archivos\/articulo8\/Estado de situacion financiera 03-2020.pdf\" target=\"_blank\" rel=\"noopener\" data-wplink-url-error=\"true\"><strong>PDF<\/strong><\/a><br>\nInformativa de proveedores <a href=\"https:\/\/transparencia.cabocorrientes.gob.mx\/Archivos\/articulo8\/Informativa de proveedores 03-2020.pdf\" target=\"_blank\" rel=\"noopener\" data-wplink-url-error=\"true\"><strong>PDF<\/strong><\/a><br>\nInforme sobre pasivos contingentes <a href=\"https:\/\/transparencia.cabocorrientes.gob.mx\/Archivos\/articulo8\/Informe sobre pasivos contingentes 03-2020.pdf\" target=\"_blank\" rel=\"noopener\" data-wplink-url-error=\"true\"><strong>PDF<\/strong><\/a><\/p>\n<\/div>\n<p><\/p>\n\n\n<span class=\"collapseomatic \" id=\"id69f2a921aa8ef\"  tabindex=\"0\" title=\"Cuenta Publica Abril\"    >Cuenta Publica Abril<\/span><div id=\"target-id69f2a921aa8ef\" class=\"collapseomatic_content \">\n\n\n<p>Estado de actividades<a href=\"https:\/\/transparencia.cabocorrientes.gob.mx\/Archivos\/articulo8\/Estado de actividades 04-2020.pdf\" target=\"_blank\" rel=\"noopener\" data-wplink-url-error=\"true\"><strong>PDF<\/strong><\/a><br>\nEstado de situaci\u00f3n financiera <a href=\"https:\/\/transparencia.cabocorrientes.gob.mx\/Archivos\/articulo8\/Estado de situacion financiera 04-2020.pdf\" target=\"_blank\" rel=\"noopener\" data-wplink-url-error=\"true\"><strong>PDF<\/strong><\/a><br>\nInformativa de proveedores <a href=\"https:\/\/transparencia.cabocorrientes.gob.mx\/Archivos\/articulo8\/Informativa de provedores 04-2020.pdf\" target=\"_blank\" rel=\"noopener\" data-wplink-url-error=\"true\"><strong>PDF<\/strong><\/a><br>\nInforme sobre pasivos contingentes <a href=\"https:\/\/transparencia.cabocorrientes.gob.mx\/Archivos\/articulo8\/Informe sobre pasivos contingentes 04-2020.pdf\" target=\"_blank\" rel=\"noopener\" data-wplink-url-error=\"true\"><strong>PDF<\/strong><\/a><\/p>\n<\/div>\n<p><\/p>\n\n\n<span class=\"collapseomatic \" id=\"id69f2a921aa90a\"  tabindex=\"0\" title=\"Cuenta Publica Mayo\"    >Cuenta Publica Mayo<\/span><div id=\"target-id69f2a921aa90a\" class=\"collapseomatic_content \">\n\n\n<p>Estado de actividades<a href=\"https:\/\/transparencia.cabocorrientes.gob.mx\/Archivos\/articulo8\/Estado de actividades 05-2020.pdf\" target=\"_blank\" rel=\"noopener\" data-wplink-url-error=\"true\"><strong>PDF<\/strong><\/a><br>\nEstado de situaci\u00f3n financiera <a href=\"https:\/\/transparencia.cabocorrientes.gob.mx\/Archivos\/articulo8\/Estado de situacion financiera 05-2020.pdf\" target=\"_blank\" rel=\"noopener\" data-wplink-url-error=\"true\"><strong>PDF<\/strong><\/a><br>\nInformativa de proveedores <a href=\"https:\/\/transparencia.cabocorrientes.gob.mx\/Archivos\/articulo8\/Informativa de proveedores 05-2020.pdf\" target=\"_blank\" rel=\"noopener\" data-wplink-url-error=\"true\"><strong>PDF<\/strong><\/a><br>\nInforme sobre pasivos contingentes <a href=\"https:\/\/transparencia.cabocorrientes.gob.mx\/Archivos\/articulo8\/Informe sobre pasivos contingentes 05-2020.pdf\" target=\"_blank\" rel=\"noopener\" data-wplink-url-error=\"true\"><strong>PDF<\/strong><\/a><\/p>\n<\/div>\n<p><\/p>\n\n\n<span class=\"collapseomatic \" id=\"id69f2a921aa925\"  tabindex=\"0\" title=\"Cuenta Publica Junio\"    >Cuenta Publica Junio<\/span><div id=\"target-id69f2a921aa925\" class=\"collapseomatic_content \">\n\n\n<p>Estado de actividades<a href=\"https:\/\/transparencia.cabocorrientes.gob.mx\/Archivos\/articulo8\/Balanza de comprobacion 06-2020.pdf\" target=\"_blank\" rel=\"noopener\" data-wplink-url-error=\"true\"><strong>PDF<\/strong><\/a><br>\nEstado de situaci\u00f3n financiera <a href=\"https:\/\/transparencia.cabocorrientes.gob.mx\/Archivos\/articulo8\/Estado de actividades 06-2020.pdf\" target=\"_blank\" rel=\"noopener\" data-wplink-url-error=\"true\"><strong>PDF<\/strong><\/a><br>\nInformativa de proveedores <a href=\"https:\/\/transparencia.cabocorrientes.gob.mx\/Archivos\/articulo8\/Informativa de proveedores 06-2020.pdf\" target=\"_blank\" rel=\"noopener\" data-wplink-url-error=\"true\"><strong>PDF<\/strong><\/a><br>\nInforme sobre pasivos contingentes <a href=\"https:\/\/transparencia.cabocorrientes.gob.mx\/Archivos\/articulo8\/Informe sobre pasivos contingentes 06-2020.pdf\" target=\"_blank\" rel=\"noopener\" data-wplink-url-error=\"true\"><strong>PDF<\/strong><\/a><\/p>\n<\/div>\n<p><\/p>\n\n\n<span class=\"collapseomatic \" id=\"id69f2a921aa93f\"  tabindex=\"0\" title=\"Cuenta Publica Julio\"    >Cuenta Publica Julio<\/span><div id=\"target-id69f2a921aa93f\" class=\"collapseomatic_content \">\n\n\n<p>Estado de actividades<a href=\"https:\/\/transparencia.cabocorrientes.gob.mx\/Archivos\/articulo8\/Balanza de comprobacion 07-2020.pdf\" target=\"_blank\" rel=\"noopener\" data-wplink-url-error=\"true\"><strong>PDF<\/strong><\/a><br>\nEstado de situaci\u00f3n financiera <a href=\"https:\/\/transparencia.cabocorrientes.gob.mx\/Archivos\/articulo8\/Estado de actividades 07-2020.pdf\" target=\"_blank\" rel=\"noopener\" data-wplink-url-error=\"true\"><strong>PDF<\/strong><\/a><br>\nInformativa de proveedores <a href=\"https:\/\/transparencia.cabocorrientes.gob.mx\/Archivos\/articulo8\/Informativa de proveedores 07-2020.pdf\" target=\"_blank\" rel=\"noopener\" data-wplink-url-error=\"true\"><strong>PDF<\/strong><\/a><br>\nInforme sobre pasivos contingentes <a href=\"https:\/\/transparencia.cabocorrientes.gob.mx\/Archivos\/articulo8\/Informe sobre pasivos contingentes 07-2020.pdf\" target=\"_blank\" rel=\"noopener\" data-wplink-url-error=\"true\"><strong>PDF<\/strong><\/a><\/p>\n<\/div>\n<p><\/p>\n\n\n<span class=\"collapseomatic \" id=\"id69f2a921aa959\"  tabindex=\"0\" title=\"Cuenta Publica Agosto\"    >Cuenta Publica Agosto<\/span><div id=\"target-id69f2a921aa959\" class=\"collapseomatic_content \">\n\n\n<p>Estado de actividades<a href=\"https:\/\/transparencia.cabocorrientes.gob.mx\/Archivos\/articulo8\/Estado de actividades 08-2020.pdf\" target=\"_blank\" rel=\"noopener\" data-wplink-url-error=\"true\"><strong>PDF<\/strong><\/a><br>\nEstado de situaci\u00f3n financiera <a href=\"https:\/\/transparencia.cabocorrientes.gob.mx\/Archivos\/articulo8\/Estado de situacion financiera 08-2020.pdf\" target=\"_blank\" rel=\"noopener\" data-wplink-url-error=\"true\"><strong>PDF<\/strong><\/a><br>\nInformativa de proveedores <a href=\"https:\/\/transparencia.cabocorrientes.gob.mx\/Archivos\/articulo8\/Informativa de proveedores 08-2020.pdf\" target=\"_blank\" rel=\"noopener\" data-wplink-url-error=\"true\"><strong>PDF<\/strong><\/a><br>\nInforme sobre pasivos contingentes <a href=\"https:\/\/transparencia.cabocorrientes.gob.mx\/Archivos\/articulo8\/Informe sobre pasivos contingentes 08-2020.pdf\" target=\"_blank\" rel=\"noopener\" data-wplink-url-error=\"true\"><strong>PDF<\/strong><\/a><\/p>\n<\/div>\n<p><\/p>\n\n\n<span class=\"collapseomatic \" id=\"id69f2a921aa972\"  tabindex=\"0\" title=\"Cuenta Publica Septiembre\"    >Cuenta Publica Septiembre<\/span><div id=\"target-id69f2a921aa972\" class=\"collapseomatic_content \">\n\n\n<p>Estado de actividades<a href=\"https:\/\/transparencia.cabocorrientes.gob.mx\/Archivos\/articulo8\/Estado de actividades 09-2020.pdf\" target=\"_blank\" rel=\"noopener\" data-wplink-url-error=\"true\"><strong>PDF<\/strong><\/a><br>\nEstado de situaci\u00f3n financiera <a href=\"https:\/\/transparencia.cabocorrientes.gob.mx\/Archivos\/articulo8\/Estado de situacion financiera 09-2020.pdf\" target=\"_blank\" rel=\"noopener\" data-wplink-url-error=\"true\"><strong>PDF<\/strong><\/a><br>\nInformativa de proveedores <a href=\"https:\/\/transparencia.cabocorrientes.gob.mx\/Archivos\/articulo8\/Informativa de proveedores 09-2020.pdf\" target=\"_blank\" rel=\"noopener\" data-wplink-url-error=\"true\"><strong>PDF<\/strong><\/a><br>\nInforme sobre pasivos contingentes <a href=\"https:\/\/transparencia.cabocorrientes.gob.mx\/Archivos\/articulo8\/Informe sobre pasivos contingentes 09-2020.pdf\" target=\"_blank\" rel=\"noopener\" data-wplink-url-error=\"true\"><strong>PDF<\/strong><\/a><\/p>\n<\/div>\n<p><\/p>\n\n\n<span class=\"collapseomatic \" id=\"id69f2a921aa98b\"  tabindex=\"0\" title=\"Cuenta Publica Octubre\"    >Cuenta Publica Octubre<\/span><div id=\"target-id69f2a921aa98b\" class=\"collapseomatic_content \">\n\n\n<p>Estado de actividades<a href=\"https:\/\/transparencia.cabocorrientes.gob.mx\/Archivos\/articulo8\/Estado de actividades 10-2020.pdf\" target=\"_blank\" rel=\"noopener\" data-wplink-url-error=\"true\"><strong>PDF<\/strong><\/a><br>\nEstado de situaci\u00f3n financiera <a href=\"https:\/\/transparencia.cabocorrientes.gob.mx\/Archivos\/articulo8\/Estado de situacion financiera 10-2020.pdf\" target=\"_blank\" rel=\"noopener\" data-wplink-url-error=\"true\"><strong>PDF<\/strong><\/a><br>\nInformativa de proveedores <a href=\"https:\/\/transparencia.cabocorrientes.gob.mx\/Archivos\/articulo8\/Informativa de proveedores 10-2020.pdf\" target=\"_blank\" rel=\"noopener\" data-wplink-url-error=\"true\"><strong>PDF<\/strong><\/a><br>\nInforme sobre pasivos contingentes <a href=\"https:\/\/transparencia.cabocorrientes.gob.mx\/Archivos\/articulo8\/Informe sobre pasivos contingentes 10-2020.pdf\" target=\"_blank\" rel=\"noopener\" data-wplink-url-error=\"true\"><strong>PDF<\/strong><\/a><\/p>\n<\/div>\n<p><\/p>\n\n\n<span class=\"collapseomatic \" id=\"id69f2a921aa9a5\"  tabindex=\"0\" title=\"Cuenta Publica Noviembre\"    >Cuenta Publica Noviembre<\/span><div id=\"target-id69f2a921aa9a5\" class=\"collapseomatic_content \">\n\n\n<p>Estado de actividades<a href=\"https:\/\/transparencia.cabocorrientes.gob.mx\/Archivos\/articulo8\/Balanza de comprobacion 11-2020.pdf\" target=\"_blank\" rel=\"noopener\" data-wplink-url-error=\"true\"><strong>PDF<\/strong><\/a><br>\nEstado de situaci\u00f3n financiera <a href=\"https:\/\/transparencia.cabocorrientes.gob.mx\/Archivos\/articulo8\/Estado de actividades 11-2020.pdf\" target=\"_blank\" rel=\"noopener\" data-wplink-url-error=\"true\"><strong>PDF<\/strong><\/a><br>\nInformativa de proveedores <a href=\"https:\/\/transparencia.cabocorrientes.gob.mx\/Archivos\/articulo8\/Informativa de proveedores 11-2020.pdf\" target=\"_blank\" rel=\"noopener\" data-wplink-url-error=\"true\"><strong>PDF<\/strong><\/a><br>\nInforme sobre pasivos contingentes <a href=\"https:\/\/transparencia.cabocorrientes.gob.mx\/Archivos\/articulo8\/Informe sobre pasivos contingentes 11-2020.pdf\" target=\"_blank\" rel=\"noopener\" data-wplink-url-error=\"true\"><strong>PDF<\/strong><\/a><\/p>\n<\/div>\n<p><\/p>\n\n\n<span class=\"collapseomatic \" id=\"id69f2a921aa9be\"  tabindex=\"0\" title=\"Cuenta Publica Diciembre\"    >Cuenta Publica Diciembre<\/span><div id=\"target-id69f2a921aa9be\" class=\"collapseomatic_content \">\n\n\n<p>Estado de actividades<a href=\"https:\/\/transparencia.cabocorrientes.gob.mx\/Archivos\/articulo8\/Balanza de comprobacion 12-2020.pdf\" target=\"_blank\" rel=\"noopener\" data-wplink-url-error=\"true\"><strong>PDF<\/strong><\/a><br>\nEstado de situaci\u00f3n financiera <a href=\"https:\/\/transparencia.cabocorrientes.gob.mx\/Archivos\/articulo8\/Estado de actividades 12-2020.pdf\" target=\"_blank\" rel=\"noopener\" data-wplink-url-error=\"true\"><strong>PDF<\/strong><\/a><br>\nInformativa de proveedores <a href=\"https:\/\/transparencia.cabocorrientes.gob.mx\/Archivos\/articulo8\/Informativa de proveedores 12-2020.pdf\" target=\"_blank\" rel=\"noopener\" data-wplink-url-error=\"true\"><strong>PDF<\/strong><\/a><br>\nInforme sobre pasivos contingentes <a href=\"https:\/\/transparencia.cabocorrientes.gob.mx\/Archivos\/articulo8\/Informe sobre pasivos contingentes 12-2020.pdf\" target=\"_blank\" rel=\"noopener\" data-wplink-url-error=\"true\"><strong>PDF<\/strong><\/a><\/p>\n<\/div>\n<p><\/p>\n\n<span class=\"collapseomatic \" id=\"id69f2a921aa9e0\"  tabindex=\"0\" title=\"Cuenta P\u00fablica Anual 2020\"    >Cuenta P\u00fablica Anual 2020<\/span><div id=\"target-id69f2a921aa9e0\" class=\"collapseomatic_content \">\n\n<p>1.-Estado de situaci\u00f3n financiera del 01 de enero al 31 de diciembre del 2020. <a href=\"https:\/\/transparencia.cabocorrientes.gob.mx\/Archivos\/articulo8\/1.-Estado de situacion financiera del 01 de enero al 31 de diciembre del 2020..pdf\" target=\"_blank\" rel=\"noopener\" data-wplink-url-error=\"true\"><strong>PDF<\/strong><\/a><br>2.-Estado de situaci\u00f3n financiera detallado del 01 de enero al 31 de diciembre del 2020. <a href=\"https:\/\/transparencia.cabocorrientes.gob.mx\/Archivos\/articulo8\/2.-Estado de situacion financiera detallado del 01 de enero al 31 de diciembre del 2020..pdf\" target=\"_blank\" rel=\"noopener\" data-wplink-url-error=\"true\"><strong>PDF<\/strong><\/a><br>3.-Estado de variaci\u00f3n de la hacienda publica del 01 de enero al 31 de diciembre del 2020. <a href=\"https:\/\/transparencia.cabocorrientes.gob.mx\/Archivos\/articulo8\/3.-Estado de variacion de la hacienda publica del 01 de enero al 31 de diciembre del 2020..pdf\" target=\"_blank\" rel=\"noopener\" data-wplink-url-error=\"true\"><strong>PDF<\/strong><\/a><br>4.-Estado de flujos de efectivo del 01 de enero al 31 de diciembre del 2020. <a href=\"https:\/\/transparencia.cabocorrientes.gob.mx\/Archivos\/articulo8\/4.-Estado de flujos de efectivo del 01 de enero al 31 de diciembre del 2020..pdf\" target=\"_blank\" rel=\"noopener\" data-wplink-url-error=\"true\"><strong>PDF<\/strong><\/a><br>5.-Notas a los estados financieros de desglose del 01 enero al 31 de diciembre del 2020. <a href=\"https:\/\/transparencia.cabocorrientes.gob.mx\/Archivos\/articulo8\/5.-Notas a los estados financieros de desglose del 01 enero al 31 de diciembre del 2020..pdf\" target=\"_blank\" rel=\"noopener\" data-wplink-url-error=\"true\"><strong>PDF<\/strong><\/a><br>6.-Conciliaci\u00f3n entre los ingresos presupuestarios y contables del 01 de enero al 31 de diciembre del 2020. <a href=\"https:\/\/transparencia.cabocorrientes.gob.mx\/Archivos\/articulo8\/6.-Conciliacion entre los ingresos presupuestarios y contables del 01 de enero al 31 de diciembre del 2020..pdf\" target=\"_blank\" rel=\"noopener\" data-wplink-url-error=\"true\"><strong>PDF<\/strong><\/a><br>7.-Conciliaci\u00f3n entre los egresos presupuestarios y los gastos contables del 01 de enero al 31 de diciembre del 20220. <a href=\"https:\/\/transparencia.cabocorrientes.gob.mx\/Archivos\/articulo8\/7.-Conciliacion entre los egresos presupuestarios y los gastos contables del 01 de enero al 31 de diciembre del 20220..pdf\" target=\"_blank\" rel=\"noopener\" data-wplink-url-error=\"true\"><strong>PDF<\/strong><\/a><br>8.-Notas a los estados financieros de memoria del 01 de enero al 31 de diciembre del 2020. <a href=\"https:\/\/transparencia.cabocorrientes.gob.mx\/Archivos\/articulo8\/8.-Notas a los estados financieros de memoria del 01  de enero al 31 de diciembre del 2020..pdf\" target=\"_blank\" rel=\"noopener\" data-wplink-url-error=\"true\"><strong>PDF<\/strong><\/a><br>9.-Notas a los estados financieros de gesti\u00f3n administrativa del 01 de enero al 31 de diciembre del 2020. <a href=\"https:\/\/transparencia.cabocorrientes.gob.mx\/Archivos\/articulo8\/9.-Notas a los estados financieros de gestion administrativa del 01 de enero al 31 de diciembre del 2020..pdf\" target=\"_blank\" rel=\"noopener\" data-wplink-url-error=\"true\"><strong>PDF<\/strong><\/a><br>10.-Estado anal\u00edtico del activo del 01 de enero al 31 de diciembre del 2020. <a href=\"https:\/\/transparencia.cabocorrientes.gob.mx\/Archivos\/articulo8\/10.-Estado analitico del activo del 01 de enero al 31 de diciembre del 2020..pdf\" target=\"_blank\" rel=\"noopener\" data-wplink-url-error=\"true\"><strong>PDF<\/strong><\/a><br>11.-Estado de actividades del 01 de enero al 31 de diciembre del 2020. <a href=\"https:\/\/transparencia.cabocorrientes.gob.mx\/Archivos\/articulo8\/11.-Estado de actividades del 01 de enero al 31 de diciembre del 2020..pdf\" target=\"_blank\" rel=\"noopener\" data-wplink-url-error=\"true\"><strong>PDF<\/strong><\/a><br>12.-Estado anal\u00edtico de ingresos del 01 de enero al 31 de diciembre del 2020. <a href=\"https:\/\/transparencia.cabocorrientes.gob.mx\/Archivos\/articulo8\/12.-Estado analitico de ingresos del 01 de enero al 31 de diciembre del 2020..pdf\" target=\"_blank\" rel=\"noopener\" data-wplink-url-error=\"true\"><strong>PDF<\/strong><\/a><br>13.-Estado anal\u00edtico de ingresos por fuente de financiamiento del 01 de enero al 31 de diciembre del 2020. <a href=\"https:\/\/transparencia.cabocorrientes.gob.mx\/Archivos\/articulo8\/13.-Estado analitico de ingresos por fuente de financiemiento del 01 de enero al 31 de diciembre del 2020..pdf\" target=\"_blank\" rel=\"noopener\" data-wplink-url-error=\"true\"><strong>PDF<\/strong><\/a><br>14.-Estado anal\u00edtico de ingresos detallado del 01 de enero al 31 de diciembre del 2020. <a href=\"https:\/\/transparencia.cabocorrientes.gob.mx\/Archivos\/articulo8\/14.-Estado analitico de ingresos detallado del 01 de enero al 31 de diciembre del 2020..pdf\" target=\"_blank\" rel=\"noopener\" data-wplink-url-error=\"true\"><strong>PDF<\/strong><\/a><br>15.-Estado anal\u00edtico del ejercicio del presupuesto de egresos clasificaci\u00f3n econ\u00f3mica por tipo de gasto 01-01-20 al 31-12-20. PDF<br>16.-Estado anal\u00edtico del ejercicio del presupuesto de egresos del 01 al 31 de diciembre del 2020. PDF<br>17.-Estado anal\u00edtico del ejercicio del presupuesto de egresos detallado del 01 de enero al 31 de diciembre del 2020. PDF<br>18.-Informe sobre pasivos contingentes del 01 de enero al 31 de diciembre del 2020. PDF<br>19.-Estado de cambios en la situaci\u00f3n financiera del 01 de enero al 31 de diciembre del 2020. PDF<br>20.-Balance presupuestario del 01 al 31 de diciembre del 2020. PDF<br>21.-Estado anal\u00edtico del ejercicio del presupuesto de egresos clasificaci\u00f3n administrativa del 2020. PDF<br>22.-Estado anal\u00edtico del ejercicio del presupuesto de egresos detallado clasificaci\u00f3n administrativa del 01 de ene. al 31 de dic. 2020. PDF<br>23.-Estado anal\u00edtico del ejercicio del presupuesto de egresos clasificaci\u00f3n funcional del 01 de enero al 31 de diciembre del 2020. PDF<br>24.-Estado anal\u00edtico del ejercicio del presupuesto de egresos detallado clasificaci\u00f3n funcional del 01 de enero al 31 de dic. del 2020. PDF<br>25.-Estado anal\u00edtico del ejercicio del presupuesto de egresos detallado clasificaci\u00f3n de servicios personales por categor\u00eda 2020 PDF<br>26.-Informativa de proveedores del 01 de enero al 31 de diciembre del 2020. PDF<br>27.-Informativa anual de obras del 01 de enero al 31 de diciembre del 2020. PDF<br>28.-Informe anual de desempe\u00f1o en la gesti\u00f3n del 01 de enero al 31 de diciembre del 2020. PDF<\/p>\n<\/div>\n<p><\/p>\n\n\n<p><strong>Observaciones Auditoria 2020 <a href=\"https:\/\/transparencia.cabocorrientes.gob.mx\/Archivos\/articulo8\/OBSERVACIONES AUDITORIAS 2020.pdf\" data-type=\"URL\" data-id=\"https:\/\/transparencia.cabocorrientes.gob.mx\/Archivos\/articulo8\/OBSERVACIONES AUDITORIAS 2020.pdf\" target=\"_blank\" rel=\"noreferrer noopener\">PDF<\/a><\/strong><\/p>\n\n\n\n<div class=\"wp-block-buttons is-horizontal is-content-justification-center is-layout-flex wp-container-core-buttons-is-layout-499968f5 wp-block-buttons-is-layout-flex\"><\/div>\n\n\n\n<div class=\"wp-block-columns is-layout-flex wp-container-core-columns-is-layout-9d6595d7 wp-block-columns-is-layout-flex\">\n<div class=\"wp-block-column is-layout-flow wp-block-column-is-layout-flow\"><\/div>\n<\/div>\n","protected":false},"excerpt":{"rendered":"<p>Observaciones Auditoria 2020 PDF Observaciones Auditoria 2020 PDF Observaciones Auditoria 2020 PDF Observaciones Auditoria 2020 PDF Observaciones Auditoria 2020 PDF Observaciones Auditoria 2020 PDF Observaciones Auditoria 2020 PDF Observaciones Auditoria 2020 PDF Observaciones Auditoria 2020 PDF Observaciones Auditoria 2020 PDF Observaciones Auditoria 2020 PDF Observaciones Auditoria 2020 PDF Observaciones Auditoria 2020 PDF Observaciones Auditoria 2020 &hellip; <\/p>\n<p class=\"link-more\"><a href=\"https:\/\/transparencia.cabocorrientes.gob.mx\/?page_id=2459\" class=\"more-link\">Continue reading<span class=\"screen-reader-text\"> \u00abCuentas P\u00fablicas 2020\u00bb<\/span><\/a><\/p>\n","protected":false},"author":4,"featured_media":0,"parent":0,"menu_order":0,"comment_status":"closed","ping_status":"closed","template":"","meta":{"_coblocks_attr":"","_coblocks_dimensions":"","_coblocks_responsive_height":"","_coblocks_accordion_ie_support":"","_regular_price":[],"currency_symbol":[],"footnotes":""},"class_list":["post-2459","page","type-page","status-publish","hentry"],"post_slider_layout_featured_media_urls":{"thumbnail":"","post_slider_layout_landscape_large":"","post_slider_layout_portrait_large":"","post_slider_layout_square_large":"","post_slider_layout_landscape":"","post_slider_layout_portrait":"","post_slider_layout_square":"","full":""},"_links":{"self":[{"href":"https:\/\/transparencia.cabocorrientes.gob.mx\/index.php?rest_route=\/wp\/v2\/pages\/2459","targetHints":{"allow":["GET"]}}],"collection":[{"href":"https:\/\/transparencia.cabocorrientes.gob.mx\/index.php?rest_route=\/wp\/v2\/pages"}],"about":[{"href":"https:\/\/transparencia.cabocorrientes.gob.mx\/index.php?rest_route=\/wp\/v2\/types\/page"}],"author":[{"embeddable":true,"href":"https:\/\/transparencia.cabocorrientes.gob.mx\/index.php?rest_route=\/wp\/v2\/users\/4"}],"replies":[{"embeddable":true,"href":"https:\/\/transparencia.cabocorrientes.gob.mx\/index.php?rest_route=%2Fwp%2Fv2%2Fcomments&post=2459"}],"version-history":[{"count":40,"href":"https:\/\/transparencia.cabocorrientes.gob.mx\/index.php?rest_route=\/wp\/v2\/pages\/2459\/revisions"}],"predecessor-version":[{"id":8960,"href":"https:\/\/transparencia.cabocorrientes.gob.mx\/index.php?rest_route=\/wp\/v2\/pages\/2459\/revisions\/8960"}],"wp:attachment":[{"href":"https:\/\/transparencia.cabocorrientes.gob.mx\/index.php?rest_route=%2Fwp%2Fv2%2Fmedia&parent=2459"}],"curies":[{"name":"wp","href":"https:\/\/api.w.org\/{rel}","templated":true}]}}