{"id":2450,"date":"2022-11-08T17:52:57","date_gmt":"2022-11-08T17:52:57","guid":{"rendered":"https:\/\/transparencia.cabocorrientes.gob.mx\/?page_id=2450"},"modified":"2026-03-18T17:38:12","modified_gmt":"2026-03-18T17:38:12","slug":"las-cuentas-publicas-las-auditorias-internas-y-externas-asi-como-los-demas-informes-de-gestion-financiera-del-sujeto-obligado-de-cuando-menos-los-ultimos-tres-anos","status":"publish","type":"page","link":"https:\/\/transparencia.cabocorrientes.gob.mx\/?page_id=2450","title":{"rendered":"Las cuentas p\u00fablicas,"},"content":{"rendered":"\n<div class=\"wp-block-columns is-layout-flex wp-container-core-columns-is-layout-9d6595d7 wp-block-columns-is-layout-flex\">\n<div class=\"wp-block-column is-layout-flow wp-block-column-is-layout-flow\"><\/div>\n<\/div>\n\n\n<p>Cuenta publica <a href=\"https:\/\/transparencia.cabocorrientes.gob.mx\/?page_id=10873\" rel=\"noreferrer noopener\" data-type=\"URL\" data-id=\"https:\/\/transparencia.cabocorrientes.gob.mx\/?page_id=10873\"><strong>2019<\/strong><\/a><br \/>Cuenta publica <a href=\"https:\/\/transparencia.cabocorrientes.gob.mx\/?page_id=2744\" rel=\"noreferrer noopener\" data-type=\"URL\" data-id=\"https:\/\/transparencia.cabocorrientes.gob.mx\/?page_id=2744\"><strong>2020<\/strong><\/a><br \/>Cuenta publica <a href=\"https:\/\/transparencia.cabocorrientes.gob.mx\/?page_id=2747\" rel=\"noreferrer noopener\" data-type=\"URL\" data-id=\"https:\/\/transparencia.cabocorrientes.gob.mx\/?page_id=2747\"><strong>2021<\/strong><\/a><br \/>Cuenta publica <a href=\"https:\/\/transparencia.cabocorrientes.gob.mx\/?page_id=2750\" data-type=\"URL\" data-id=\"https:\/\/transparencia.cabocorrientes.gob.mx\/?page_id=2750\"><strong>2022<\/strong><\/a><br \/>Cuenta P\u00fablica <a href=\"https:\/\/transparencia.cabocorrientes.gob.mx\/?page_id=10001\" data-type=\"URL\" data-id=\"https:\/\/transparencia.cabocorrientes.gob.mx\/?page_id=2744\"><strong>2023<\/strong><\/a><br>\nCuenta P\u00fablica <a href=\"https:\/\/transparencia.cabocorrientes.gob.mx\/?page_id=14318\" data-type=\"URL\" data-id=\"https:\/\/transparencia.cabocorrientes.gob.mx\/?page_id=14318\"><strong>2024<\/strong><\/a><br>\nCuenta P\u00fablica <a href=\"https:\/\/transparencia.cabocorrientes.gob.mx\/?page_id=14367\" data-type=\"URL\" data-id=\"https:\/\/transparencia.cabocorrientes.gob.mx\/?page_id=14318\"><strong>2025<\/strong><\/a><br>\nCuenta P\u00fablica <a href=\"https:\/\/transparencia.cabocorrientes.gob.mx\/?page_id=14941\" data-type=\"URL\" data-id=\"https:\/\/transparencia.cabocorrientes.gob.mx\/?page_id=14318\"><strong>2026<\/strong><\/a><br>\n<a href=\"https:\/\/transparencia.cabocorrientes.gob.mx\/?page_id=3427\" target=\"_blank\" rel=\"noreferrer noopener\">Auditorias Externas<\/a><\/p>\n\n<div class=\"wp-block-columns is-layout-flex wp-container-core-columns-is-layout-9d6595d7 wp-block-columns-is-layout-flex\">\n<div class=\"wp-block-column is-layout-flow wp-block-column-is-layout-flow\"><\/div>\n<\/div>\n\n\n\n<div class=\"wp-block-buttons is-horizontal is-content-justification-center is-layout-flex wp-container-core-buttons-is-layout-499968f5 wp-block-buttons-is-layout-flex\"><\/div>\n\n\n\n<div class=\"wp-block-columns is-layout-flex wp-container-core-columns-is-layout-9d6595d7 wp-block-columns-is-layout-flex\">\n<div class=\"wp-block-column is-layout-flow wp-block-column-is-layout-flow\"><\/div>\n<\/div>\n","protected":false},"excerpt":{"rendered":"<p>Cuenta publica 2019Cuenta publica 2020Cuenta publica 2021Cuenta publica 2022Cuenta P\u00fablica 2023 Cuenta P\u00fablica 2024 Cuenta P\u00fablica 2025 Cuenta P\u00fablica 2026 Auditorias Externas<\/p>\n","protected":false},"author":4,"featured_media":0,"parent":0,"menu_order":0,"comment_status":"closed","ping_status":"closed","template":"","meta":{"_coblocks_attr":"","_coblocks_dimensions":"","_coblocks_responsive_height":"","_coblocks_accordion_ie_support":"","_regular_price":[],"currency_symbol":[],"footnotes":""},"class_list":["post-2450","page","type-page","status-publish","hentry"],"post_slider_layout_featured_media_urls":{"thumbnail":"","post_slider_layout_landscape_large":"","post_slider_layout_portrait_large":"","post_slider_layout_square_large":"","post_slider_layout_landscape":"","post_slider_layout_portrait":"","post_slider_layout_square":"","full":""},"_links":{"self":[{"href":"https:\/\/transparencia.cabocorrientes.gob.mx\/index.php?rest_route=\/wp\/v2\/pages\/2450","targetHints":{"allow":["GET"]}}],"collection":[{"href":"https:\/\/transparencia.cabocorrientes.gob.mx\/index.php?rest_route=\/wp\/v2\/pages"}],"about":[{"href":"https:\/\/transparencia.cabocorrientes.gob.mx\/index.php?rest_route=\/wp\/v2\/types\/page"}],"author":[{"embeddable":true,"href":"https:\/\/transparencia.cabocorrientes.gob.mx\/index.php?rest_route=\/wp\/v2\/users\/4"}],"replies":[{"embeddable":true,"href":"https:\/\/transparencia.cabocorrientes.gob.mx\/index.php?rest_route=%2Fwp%2Fv2%2Fcomments&post=2450"}],"version-history":[{"count":53,"href":"https:\/\/transparencia.cabocorrientes.gob.mx\/index.php?rest_route=\/wp\/v2\/pages\/2450\/revisions"}],"predecessor-version":[{"id":14943,"href":"https:\/\/transparencia.cabocorrientes.gob.mx\/index.php?rest_route=\/wp\/v2\/pages\/2450\/revisions\/14943"}],"wp:attachment":[{"href":"https:\/\/transparencia.cabocorrientes.gob.mx\/index.php?rest_route=%2Fwp%2Fv2%2Fmedia&parent=2450"}],"curies":[{"name":"wp","href":"https:\/\/api.w.org\/{rel}","templated":true}]}}