{"id":2069,"date":"2022-05-12T15:11:01","date_gmt":"2022-05-12T15:11:01","guid":{"rendered":"https:\/\/transparencia.cabocorrientes.gob.mx\/?page_id=2069"},"modified":"2026-04-23T20:09:33","modified_gmt":"2026-04-23T20:09:33","slug":"las-remuneraciones-mensuales-por-puesto","status":"publish","type":"page","link":"https:\/\/transparencia.cabocorrientes.gob.mx\/?page_id=2069","title":{"rendered":"Las remuneraciones mensuales por puesto"},"content":{"rendered":"\n<p><strong>incluidas todas las prestaciones, est\u00edmulos o compensaciones<\/strong><\/p>\n\n\n\n<div class=\"wp-block-columns is-layout-flex wp-container-core-columns-is-layout-9d6595d7 wp-block-columns-is-layout-flex\">\n<div class=\"wp-block-column is-layout-flow wp-block-column-is-layout-flow\"><\/div>\n<\/div>\n\n\n<p><strong>El pago del est\u00edmulo del d\u00eda del servidor p\u00fablico se ve reflejado en la segunda quincena de septiembre, siempre y cuando, es aprobado por cabildo.<\/strong><\/p>\n<p>Remuneraciones Plantilla anual personal 2019 <strong><a href=\"https:\/\/transparencia.cabocorrientes.gob.mx\/Archivos\/articulo8\/PLANTILLA_DE_PERSONAL_2019.pdf\" target=\"_blank\" rel=\"noreferrer noopener\" data-type=\"URL\" data-id=\"https:\/\/transparencia.cabocorrientes.gob.mx\/Archivos\/articulo8\/PLANTILLA_DE_PERSONAL_2019.pdf\">PDF<\/a><\/strong><br \/>Remuneraciones Plantilla anual y Bono del Servidor Publico 2020 <strong><a href=\"https:\/\/transparencia.cabocorrientes.gob.mx\/Archivos\/articulo8\/TESTADO.-_BONO_SERVIDOR_PUBLICO_2020.-_Administrativos_y_Seguridad_Publica.pdf\" target=\"_blank\" rel=\"noreferrer noopener\" data-type=\"URL\" data-id=\"https:\/\/transparencia.cabocorrientes.gob.mx\/Archivos\/articulo8\/TESTADO.-_BONO_SERVIDOR_PUBLICO_2020.-_Administrativos_y_Seguridad_Publica.pdf\">PDF<\/a><\/strong> \/ <strong><a href=\"https:\/\/transparencia.cabocorrientes.gob.mx\/Archivos\/articulo8\/Administrativos_Seguridad_Publica_y_Bono_del_Servidor_Publico.xlsx\" target=\"_blank\" rel=\"noreferrer noopener\" data-type=\"URL\" data-id=\"https:\/\/transparencia.cabocorrientes.gob.mx\/Archivos\/articulo8\/Administrativos_Seguridad_Publica_y_Bono_del_Servidor_Publico.xlsx\">EXCEL<\/a><\/strong><br \/>Remuneraciones Plantilla anual personal 2021 (Enero-Septiembre) <strong><a href=\"https:\/\/transparencia.cabocorrientes.gob.mx\/Archivos\/articulo8\/REMUNERACIONES_DE_PERSONAL_ADMINISTRATIVO_Y_SEGURIDAD_PUBLICA.-_POR_QUINCENA_A_SEPTIEMBRE_2021.xlsx\" target=\"_blank\" rel=\"noreferrer noopener\" data-type=\"URL\" data-id=\"https:\/\/transparencia.cabocorrientes.gob.mx\/Archivos\/articulo8\/REMUNERACIONES_DE_PERSONAL_ADMINISTRATIVO_Y_SEGURIDAD_PUBLICA.-_POR_QUINCENA_A_SEPTIEMBRE_2021.xlsx\">EXCEL<\/a><\/strong><br \/>Remuneraciones Plantilla anual personal 2021 (Octubre-Diciembre <strong><a href=\"https:\/\/transparencia.cabocorrientes.gob.mx\/Archivos\/articulo8\/Plantilla_laboral_Octubre-Diciembre_2021.xlsx\" target=\"_blank\" rel=\"noreferrer noopener\" data-type=\"URL\" data-id=\"https:\/\/transparencia.cabocorrientes.gob.mx\/Archivos\/articulo8\/Plantilla_laboral_Octubre-Diciembre_2021.xlsx\">EXCEL<\/a><\/strong><strong><strong><strong><br \/><\/strong><\/strong><\/strong>Remuneraciones Plantilla anual y Bono del Servidor Publico 2022 <strong><strong><strong><strong><a href=\"https:\/\/transparencia.cabocorrientes.gob.mx\/Archivos\/articulo8\/Bono_del_servidor_p\u00fablico_2022.xlsx\" target=\"_blank\" rel=\"noreferrer noopener\">EXCEL<\/a> \/ <a href=\"https:\/\/transparencia.cabocorrientes.gob.mx\/Archivos\/articulo8\/01.-Plantilla_de_personal_Permanente__2022.pdf\" data-wplink-url-error=\"true\">PDF<\/a><br \/><\/strong><\/strong><\/strong><\/strong>Remuneraciones Plantilla anual personal 2023 <strong><a href=\"https:\/\/transparencia.cabocorrientes.gob.mx\/Archivos\/articulo8\/Bono_del_servidor_p\u00fablico_2022.xlsx\" target=\"_blank\" rel=\"noreferrer noopener\">EXCEL<\/a> \/ <a href=\"https:\/\/transparencia.cabocorrientes.gob.mx\/Archivos\/articulo8\/01.-Plantilla_de_personal_Permanente__2022.pdf\" data-wplink-url-error=\"true\">PDF<\/a><br \/><\/strong>Bono del Servidor Publico 2023 <strong><a href=\"https:\/\/transparencia.cabocorrientes.gob.mx\/Archivos\/articulo8\/Bono_del_Servidor_P\u00fablico.xlsx\" target=\"_blank\" rel=\"noopener\" data-wplink-url-error=\"true\">PDF<\/a><\/strong><br \/>Plantilla personal permanente 2024 <strong><a href=\"https:\/\/transparencia.cabocorrientes.gob.mx\/Archivos\/articulo8\/Plantilla_personal_permanente_2024.pdf\" target=\"_blank\" rel=\"noopener\" data-wplink-url-error=\"true\">PDF<\/a> \/\u00a0<a href=\"https:\/\/transparencia.cabocorrientes.gob.mx\/Archivos\/articulo8\/Plantilla_personal_permanente_2024.xlsx\" target=\"_blank\" rel=\"noreferrer noopener\">EXCEL<\/a><\/strong><br>\nNo se efectu\u00f3 pago Bono del servidor p\u00fablico para el a\u00f1o\u00a0fiscal\u00a02024 <br>\nInexistencia de remuneaciones mensuales 2025 y 2026 <strong><a href=\"https:\/\/transparencia.cabocorrientes.gob.mx\/Archivos\/articulo8\/Inexistencia_informaci\u00f3n_remuneraciones_mensuales_2025_2026.pdf\" target=\"_blank\" rel=\"noreferrer noopener\">PDF<\/a>\n\n\n<div class=\"wp-block-buttons is-horizontal is-content-justification-center is-layout-flex wp-container-core-buttons-is-layout-499968f5 wp-block-buttons-is-layout-flex\"><\/div>\n\n\n<p><\/p>","protected":false},"excerpt":{"rendered":"<p>incluidas todas las prestaciones, est\u00edmulos o compensaciones El pago del est\u00edmulo del d\u00eda del servidor p\u00fablico se ve reflejado en la segunda quincena de septiembre, siempre y cuando, es aprobado por cabildo. Remuneraciones Plantilla anual personal 2019 PDFRemuneraciones Plantilla anual y Bono del Servidor Publico 2020 PDF \/ EXCELRemuneraciones Plantilla anual personal 2021 (Enero-Septiembre) EXCELRemuneraciones &hellip; <\/p>\n<p class=\"link-more\"><a href=\"https:\/\/transparencia.cabocorrientes.gob.mx\/?page_id=2069\" class=\"more-link\">Continue reading<span class=\"screen-reader-text\"> \u00abLas remuneraciones mensuales por puesto\u00bb<\/span><\/a><\/p>\n","protected":false},"author":1,"featured_media":0,"parent":0,"menu_order":0,"comment_status":"closed","ping_status":"closed","template":"","meta":{"_coblocks_attr":"","_coblocks_dimensions":"","_coblocks_responsive_height":"","_coblocks_accordion_ie_support":"","_regular_price":[],"currency_symbol":[],"footnotes":""},"class_list":["post-2069","page","type-page","status-publish","hentry"],"post_slider_layout_featured_media_urls":{"thumbnail":"","post_slider_layout_landscape_large":"","post_slider_layout_portrait_large":"","post_slider_layout_square_large":"","post_slider_layout_landscape":"","post_slider_layout_portrait":"","post_slider_layout_square":"","full":""},"_links":{"self":[{"href":"https:\/\/transparencia.cabocorrientes.gob.mx\/index.php?rest_route=\/wp\/v2\/pages\/2069","targetHints":{"allow":["GET"]}}],"collection":[{"href":"https:\/\/transparencia.cabocorrientes.gob.mx\/index.php?rest_route=\/wp\/v2\/pages"}],"about":[{"href":"https:\/\/transparencia.cabocorrientes.gob.mx\/index.php?rest_route=\/wp\/v2\/types\/page"}],"author":[{"embeddable":true,"href":"https:\/\/transparencia.cabocorrientes.gob.mx\/index.php?rest_route=\/wp\/v2\/users\/1"}],"replies":[{"embeddable":true,"href":"https:\/\/transparencia.cabocorrientes.gob.mx\/index.php?rest_route=%2Fwp%2Fv2%2Fcomments&post=2069"}],"version-history":[{"count":42,"href":"https:\/\/transparencia.cabocorrientes.gob.mx\/index.php?rest_route=\/wp\/v2\/pages\/2069\/revisions"}],"predecessor-version":[{"id":15020,"href":"https:\/\/transparencia.cabocorrientes.gob.mx\/index.php?rest_route=\/wp\/v2\/pages\/2069\/revisions\/15020"}],"wp:attachment":[{"href":"https:\/\/transparencia.cabocorrientes.gob.mx\/index.php?rest_route=%2Fwp%2Fv2%2Fmedia&parent=2069"}],"curies":[{"name":"wp","href":"https:\/\/api.w.org\/{rel}","templated":true}]}}