{"id":205,"date":"2021-08-02T16:44:23","date_gmt":"2021-08-02T16:44:23","guid":{"rendered":"https:\/\/transparencia.cabocorrientes.gob.mx\/?page_id=205"},"modified":"2025-08-25T16:43:24","modified_gmt":"2025-08-25T16:43:24","slug":"la-ley-general-la-presente-ley-y-su-reglamento","status":"publish","type":"page","link":"https:\/\/transparencia.cabocorrientes.gob.mx\/?page_id=205","title":{"rendered":"La Ley general, la presente Ley y su reglamento"},"content":{"rendered":"\n<div class=\"wp-block-columns is-layout-flex wp-container-core-columns-is-layout-9d6595d7 wp-block-columns-is-layout-flex\">\n  <div class=\"wp-block-column is-layout-flow wp-block-column-is-layout-flow\"><\/div>\n<\/div>\n\n\n\n<h6 class=\"wp-block-heading\"><strong>Ley General de Transparencia y Acceso a la Informaci\u00f3n P\u00fablica.<\/strong><\/h6>\n\n\n\n<p>Fecha de publicaci\u00f3n: 4 de Mayo de 2015          <br><\/p>\n\n\n\n<p class=\"has-text-color\" style=\"color:#36b90e\">\n  <strong>\n    <a href=\"https:\/\/transparencia.cabocorrientes.gob.mx\/Archivos\/articulo8\/Ley_General_deTransparencia_y_acceso_a_la_Informacion_P\u00fablica.pdf\" target=\"_blank\" rel=\"noreferrer noopener\">PDF<\/a>\n  <\/strong>\n<br>\n <strong>\n    <a href=\"https:\/\/transparencia.cabocorrientes.gob.mx\/Archivos\/articulo8\/Ley_General_de_Transparencia_y_acceso_a_la_Informacion_Publica_20_MARZO_2025.docx\" target=\"_blank\" rel=\"noreferrer noopener\">WORD<\/a>\n  <\/strong> \/  <strong>\n    <a href=\"https:\/\/transparencia.cabocorrientes.gob.mx\/Archivos\/articulo8\/Ley_General_de_Transparencia_y_acceso_a_la_Informacion_Publica_20_MARZO_2025.pdf\" target=\"_blank\" rel=\"noreferrer noopener\">PDF<\/a>\n  <\/strong> Fecha de Publicaci\u00f3n 20 de Marzo 2025\n\n\n\n<h6 class=\"wp-block-heading\"><strong>Ley de Transparencia y Acceso a la Informaci\u00f3n P\u00fablica del Estado de Jalisco y sus Municipios.<\/strong><\/h6>\n\n\n\n<p class=\"has-small-font-size\">\n  <strong>Fecha de publicaci\u00f3n: 8 de Agosto de 2013<\/strong><br>\n  Vigencia: 9 de Agosto de 2013<br>\n  \u00daltima reforma: 11 de Octubre del 2016\n<\/p>\n\n\n\n<p class=\"has-text-color has-normal-font-size\" style=\"color:#36b90e\">\n  <a href=\"https:\/\/transparencia.cabocorrientes.gob.mx\/Archivos\/articulo8\/Ley_de_Transparencia_y_Acceso_a_la_Informaci\u00f3n_P\u00fablica_de_Jalisco.pdf\" target=\"_blank\" rel=\"noreferrer noopener\"><strong>PDF<\/strong><\/a> \/\n  <a href=\"https:\/\/transparencia.cabocorrientes.gob.mx\/Archivos\/articulo8\/Ley_de_Transparencia_y_Acceso_a_la_Informaci\u00f3n_P\u00fablica_del_Estado_de_Jalisco_y_sus_Municipios.docx\" target=\"_blank\" rel=\"noreferrer noopener\"><strong>WORD<\/strong><\/a>\n<\/p>\n\n\n\n<h6 class=\"wp-block-heading\"><strong>Ley General de Protecci\u00f3n de Datos Personales en Posesi\u00f3n de Sujetos Obligados<\/strong><\/h6>\n\n\n\n<p class=\"has-text-color\" style=\"color:#36b90e\">\n  <strong>\n    <a href=\"https:\/\/transparencia.cabocorrientes.gob.mx\/Archivos\/articulo8\/1_Ley_protecci\u00f3n_de_datos_en_posesion_de_sujetos_obligados.doc\" target=\"_blank\" rel=\"noreferrer noopener\">WORD<\/a>\n  <\/strong>\n<br>\n<strong>\n    <a href=\"https:\/\/transparencia.cabocorrientes.gob.mx\/Archivos\/articulo8\/Ley_General_de_Proteccion_de_Datos_Personales_en_Posesion_de_Sujetos_Obligados_20maarzo2025.docx\" target=\"_blank\" rel=\"noreferrer noopener\">WORD<\/a>\n  <\/strong> \/ <strong>\n    <a href=\"https:\/\/transparencia.cabocorrientes.gob.mx\/Archivos\/articulo8\/Ley_General_de_Proteccion_de_Datos_Personales_en_Posesion_de_Sujetos_Obligados_20maarzo2025.pdf\" target=\"_blank\" rel=\"noreferrer noopener\">PDF<\/a>\n  <\/strong> Publicaci\u00f3n 20 de Marzo 2025\n\n\n\n<h6 class=\"wp-block-heading\"><strong>Ley de Protecci\u00f3n de Datos Personales en Posesi\u00f3n de Sujetos Obligados del Estado de Jalisco y sus Municipios<\/strong><\/h6>\n\n\n\n<p class=\"has-text-color\" style=\"color:#36b90e\">\n  <strong>\n    <a href=\"https:\/\/transparencia.cabocorrientes.gob.mx\/Archivos\/articulo8\/2_ley_de_proteccion_de_datos_en_posesion_de_sujetos_obligados_de_Jalisco.doc\" target=\"_blank\" rel=\"noreferrer noopener\">WORD<\/a>\n  <\/strong>\n<\/p>\n\n\n\n<h6 class=\"wp-block-heading\"><strong>Ley general de archivo<\/strong><\/h6>\n\n\n\n<p class=\"has-text-color\" style=\"color:#36b90e\">\n  <strong>\n    <a href=\"http:\/\/transparencia.cabocorrientes.gob.mx\/Archivos\/articulo8\/Ley_general_de_archivo.doc\" target=\"_blank\" rel=\"noreferrer noopener\">WORD<\/a>\n  <\/strong>\n<br>\n<strong>\n    <a href=\"http:\/\/transparencia.cabocorrientes.gob.mx\/Archivos\/articulo8\/ley_general_de_archivos_19_ENERO_2025.pdf\" target=\"_blank\" rel=\"noreferrer noopener\">PDF<\/a>\n  <\/strong> Ultima Reforma 19 de Enero 2023\n<br>\n\n\n\n<h6 class=\"wp-block-heading\"><strong>Ley de Archivos del Estado de Jalisco y sus Municipios<\/strong><\/h6>\n\n\n\n<p class=\"has-small-font-size\">\n  Fecha de publicaci\u00f3n: 19 de noviembre del 2019<br>\n  Vigencia: 20 de noviembre del 2019<br>\n  \u00daltima reforma: Sin reformas\n<\/p>\n\n\n<p>\n  Ley de Archivo \n  <strong>\n    <a href=\"https:\/\/transparencia.cabocorrientes.gob.mx\/Archivos\/articulo8\/01.-3 Ley_general_de_archivo.doc\" target=\"_blank\" rel=\"noopener\" data-wplink-url-error=\"true\">WORD<\/a>\n  <\/strong>\n<\/p>\n\n\n<h6 class=\"wp-block-heading\"><strong>DECRETO 27289\/LXII\/19 mediante el cual se reforma el art\u00edculo 2o y adiciona las fracciones II y III del art\u00edculo 7o, recorri\u00e9ndose las subsecuentes, de la Ley de Transparencia y Acceso a la Informaci\u00f3n P\u00fablica del Estado de Jalisco y sus Municipios<\/strong><\/h6>\n\n\n\n<p class=\"has-small-font-size\">\n  Fecha de publicaci\u00f3n: 11 de julio del 2019<br>\n  Vigencia: 12 de julio de 2019\n<\/p>\n\n\n\n<p>\n  <strong>\n    <a href=\"https:\/\/transparencia.cabocorrientes.gob.mx\/Archivos\/articulo8\/reforma_ley_de_transparencia_11072019.pdf\" target=\"_blank\" rel=\"noreferrer noopener\">PDF<\/a>\n  <\/strong>\n<\/p>\n\n\n\n<h6 class=\"wp-block-heading\"><strong>Decreto n\u00famero 26420\/LXI\/17 que reforma, adiciona y deroga diversos art\u00edculos de la Ley de Transparencia y Acceso a la Informaci\u00f3n P\u00fablica del Estado de Jalisco y sus Municipios (Reforma en materia de protecci\u00f3n de datos personales)<\/strong><\/h6>\n\n\n\n<p class=\"has-small-font-size\">\n  (Actualizado: 26 de Julio del 2017.)<br>\n  <strong>Fecha de publicaci\u00f3n: 26 de julio del 2017<\/strong><br>\n  Vigencia: 26 de julio de 2017<br>\n  \u00daltima reforma: 26 de julio de 2017\n<\/p>\n\n\n\n<p class=\"has-text-color\" style=\"color:#36b90e\">\n  <strong>\n    <a href=\"https:\/\/transparencia.cabocorrientes.gob.mx\/Archivos\/articulo8\/Decreto_26420-LXI-17__Reforma_en_materia_de_Protecci\u00f3n_de_Datos_Personales.pdf\" target=\"_blank\" rel=\"noreferrer noopener\">PDF<\/a>\n  <\/strong>\n<\/p>\n\n\n\n<h6 class=\"wp-block-heading\"><strong>Decreto 25653\/LX\/15 que reforma, adiciona y deroga diversos art\u00edculos de la Ley de Transparencia y Acceso a la Informaci\u00f3n P\u00fablica del Estado de Jalisco y sus Municipios<\/strong><\/h6>\n\n\n\n<p class=\"has-small-font-size\">\n  (Actualizado: 23 de Febrero del 2017.)<br>\n  Fecha de publicaci\u00f3n: 8 de Agosto de 2013<br>\n  \u00daltima reforma: 10 de noviembre de 2015\n<\/p>\n\n\n\n<p class=\"has-text-color\" style=\"color:#36b90e\">\n  <strong>\n    <a href=\"https:\/\/transparencia.cabocorrientes.gob.mx\/Archivos\/articulo8\/decreto_ley_de_transparencia_y_acceso_a_la_informacion_publica_del_estado_de_jalisco_y_sus_municipios.pdf\" target=\"_blank\" rel=\"noreferrer noopener\">PDF<\/a>\n  <\/strong>\n<\/p>\n\n\n\n<h6 class=\"wp-block-heading\"><strong>Reglamento de la Ley de Transparencia y Acceso a la Informaci\u00f3n P\u00fablica del Estado de Jalisco y sus Municipios.<\/strong><\/h6>\n\n\n\n<p class=\"has-small-font-size\">\n  Fecha de publicaci\u00f3n: 16 de Enero de 2014<br>\n  Vigencia: 17 de Enero de 2014<br>\n  \u00daltima reforma: 11 de octubre del 2016\n<\/p>\n\n\n\n<p class=\"has-text-color\" style=\"color:#36b90e\">\n  <strong>\n    <a href=\"https:\/\/transparencia.cabocorrientes.gob.mx\/Archivos\/articulo8\/Reglamento_de_la_ley_de_transparencia_y_acceso_a_la_informacion_publica_de_Jalisco.pdf\" target=\"_blank\" rel=\"noreferrer noopener\">PDF<\/a>\n  <\/strong>\n<\/p>\n\n\n\n<h6 class=\"wp-block-heading\"><strong>Reforma al Reglamento de la Ley de Transparencia y Acceso a la Informaci\u00f3n P\u00fablica del Estado de Jalisco y sus Municipios.<\/strong><\/h6>\n\n\n\n<p class=\"has-small-font-size\">\n  Fecha de publicaci\u00f3n: 19 de Febrero de 2015\n<\/p>\n\n\n\n<p class=\"has-text-color\" style=\"color:#36b90e\">\n  <strong>\n    <a href=\"https:\/\/transparencia.cabocorrientes.gob.mx\/Archivos\/articulo8\/reforma_al_reglamento_de_la_ley_02-19-15.pdf\" target=\"_blank\" rel=\"noreferrer noopener\">PDF<\/a>\n  <\/strong>\n<\/p>\n\n\n\n<div class=\"wp-block-buttons is-horizontal is-content-justification-center is-layout-flex wp-container-core-buttons-is-layout-499968f5 wp-block-buttons-is-layout-flex\"><\/div>\n\n","protected":false},"excerpt":{"rendered":"<p>Ley General de Transparencia y Acceso a la Informaci\u00f3n P\u00fablica. Fecha de publicaci\u00f3n: 4 de Mayo de 2015 PDF WORD \/ PDF Fecha de Publicaci\u00f3n 20 de Marzo 2025 Ley de Transparencia y Acceso a la Informaci\u00f3n P\u00fablica del Estado de Jalisco y sus Municipios. Fecha de publicaci\u00f3n: 8 de Agosto de 2013 Vigencia: 9 &hellip; <\/p>\n<p class=\"link-more\"><a href=\"https:\/\/transparencia.cabocorrientes.gob.mx\/?page_id=205\" class=\"more-link\">Continue reading<span class=\"screen-reader-text\"> \u00abLa Ley general, la presente Ley y su reglamento\u00bb<\/span><\/a><\/p>\n","protected":false},"author":1,"featured_media":0,"parent":0,"menu_order":0,"comment_status":"closed","ping_status":"closed","template":"","meta":{"_coblocks_attr":"","_coblocks_dimensions":"","_coblocks_responsive_height":"","_coblocks_accordion_ie_support":"","_regular_price":[],"currency_symbol":[],"footnotes":""},"class_list":["post-205","page","type-page","status-publish","hentry"],"post_slider_layout_featured_media_urls":{"thumbnail":"","post_slider_layout_landscape_large":"","post_slider_layout_portrait_large":"","post_slider_layout_square_large":"","post_slider_layout_landscape":"","post_slider_layout_portrait":"","post_slider_layout_square":"","full":""},"_links":{"self":[{"href":"https:\/\/transparencia.cabocorrientes.gob.mx\/index.php?rest_route=\/wp\/v2\/pages\/205","targetHints":{"allow":["GET"]}}],"collection":[{"href":"https:\/\/transparencia.cabocorrientes.gob.mx\/index.php?rest_route=\/wp\/v2\/pages"}],"about":[{"href":"https:\/\/transparencia.cabocorrientes.gob.mx\/index.php?rest_route=\/wp\/v2\/types\/page"}],"author":[{"embeddable":true,"href":"https:\/\/transparencia.cabocorrientes.gob.mx\/index.php?rest_route=\/wp\/v2\/users\/1"}],"replies":[{"embeddable":true,"href":"https:\/\/transparencia.cabocorrientes.gob.mx\/index.php?rest_route=%2Fwp%2Fv2%2Fcomments&post=205"}],"version-history":[{"count":76,"href":"https:\/\/transparencia.cabocorrientes.gob.mx\/index.php?rest_route=\/wp\/v2\/pages\/205\/revisions"}],"predecessor-version":[{"id":14472,"href":"https:\/\/transparencia.cabocorrientes.gob.mx\/index.php?rest_route=\/wp\/v2\/pages\/205\/revisions\/14472"}],"wp:attachment":[{"href":"https:\/\/transparencia.cabocorrientes.gob.mx\/index.php?rest_route=%2Fwp%2Fv2%2Fmedia&parent=205"}],"curies":[{"name":"wp","href":"https:\/\/api.w.org\/{rel}","templated":true}]}}