{"id":1913,"date":"2022-04-06T19:14:33","date_gmt":"2022-04-06T19:14:33","guid":{"rendered":"https:\/\/transparencia.cabocorrientes.gob.mx\/?page_id=1913"},"modified":"2026-01-16T20:12:37","modified_gmt":"2026-01-16T20:12:37","slug":"el-presupuesto-de-egresos-anual","status":"publish","type":"page","link":"https:\/\/transparencia.cabocorrientes.gob.mx\/?page_id=1913","title":{"rendered":"El presupuesto de egresos anual"},"content":{"rendered":"\n<p><strong>y, en su caso, el clasificador por objeto del gasto del sujeto obligado, de cuando menos los \u00faltimos tres a\u00f1os.<\/strong><\/p>\n\n\n\n<div class=\"wp-block-columns is-layout-flex wp-container-core-columns-is-layout-9d6595d7 wp-block-columns-is-layout-flex\">\n<div class=\"wp-block-column is-layout-flow wp-block-column-is-layout-flow\"><\/div>\n<\/div>\n\n\n\n<p><\/p>\n\n\n<span class=\"collapseomatic \" id=\"id69f147302cb8e\"  tabindex=\"0\" title=\"Presupuesto de egresos 2014\"    >Presupuesto de egresos 2014<\/span><div id=\"target-id69f147302cb8e\" class=\"collapseomatic_content \">\n\n\n\n<p><\/p>\n\n\n\n<p>Presupuesto de Egresos por Clasificacion Administrativa <strong><a rel=\"noreferrer noopener\" href=\"https:\/\/transparencia.cabocorrientes.gob.mx\/Archivos\/articulo8\/Presupuesto_de_Egresos_Por_Clasificacion_Administrativa_2014..pdf\" data-type=\"URL\" data-id=\"https:\/\/transparencia.cabocorrientes.gob.mx\/Archivos\/articulo8\/Presupuesto_de_Egresos_Por_Clasificacion_Administrativa_2014..pdf\" target=\"_blank\">PDF<\/a><\/strong><\/p>\n\n\n<\/div>\n<p><\/p>\n\n<span class=\"collapseomatic \" id=\"id69f147302cbfa\"  tabindex=\"0\" title=\"Presupuesto de egresos 2015\"    >Presupuesto de egresos 2015<\/span><div id=\"target-id69f147302cbfa\" class=\"collapseomatic_content \">\n\n\n\n<p><\/p>\n\n\n\n<p>Presupuesto de Egresos por Clasificacion Administrativa <strong><a rel=\"noreferrer noopener\" href=\"https:\/\/transparencia.cabocorrientes.gob.mx\/Archivos\/articulo8\/Presupuesto_de_Egresos_por_Clasificacion_Administrativa_2015..pdf\" data-type=\"URL\" data-id=\"https:\/\/transparencia.cabocorrientes.gob.mx\/Archivos\/articulo8\/Presupuesto_de_Egresos_por_Clasificacion_Administrativa_2015..pdf\" target=\"_blank\">PDF<\/a><\/strong><\/p>\n\n\n<\/div>\n<p><\/p>\n\n<span class=\"collapseomatic \" id=\"id69f147302cc2e\"  tabindex=\"0\" title=\"Presupuesto de egresos 2016\"    >Presupuesto de egresos 2016<\/span><div id=\"target-id69f147302cc2e\" class=\"collapseomatic_content \">\n\n\n\n<p><\/p>\n\n\n\n<p>Presupuesto de egresos anual municipal <strong><a rel=\"noreferrer noopener\" href=\"https:\/\/transparencia.cabocorrientes.gob.mx\/Archivos\/articulo8\/Presupuesto-de-egresos-anual-municipal-2016.pdf\" data-type=\"URL\" data-id=\"https:\/\/transparencia.cabocorrientes.gob.mx\/Archivos\/articulo8\/Presupuesto-de-egresos-anual-municipal-2016.pdf\" target=\"_blank\">PDF<\/a><\/strong><br>Presupuesto de egreso por clasificaci\u00f3n <strong><a href=\"https:\/\/transparencia.cabocorrientes.gob.mx\/Archivos\/articulo8\/Presupuesto_de_Egresos_por_Clasificacion_Administrativa_2016..pdf\" data-type=\"URL\" data-id=\"https:\/\/transparencia.cabocorrientes.gob.mx\/Archivos\/articulo8\/Presupuesto_de_Egresos_por_Clasificacion_Administrativa_2016..pdf\" target=\"_blank\" rel=\"noreferrer noopener\">PDF<\/a><\/strong><\/p>\n\n\n<\/div>\n<p><\/p>\n\n<span class=\"collapseomatic \" id=\"id69f147302cc5b\"  tabindex=\"0\" title=\"Presupuesto de egresos 2017\"    >Presupuesto de egresos 2017<\/span><div id=\"target-id69f147302cc5b\" class=\"collapseomatic_content \">\n\n\n\n<p><\/p>\n\n\n\n<p>Presupuesto de egresos anual municipal <strong><a rel=\"noreferrer noopener\" href=\"https:\/\/transparencia.cabocorrientes.gob.mx\/Archivos\/articulo8\/Presupuesto_Egresos_Anual_2017.pdf\" data-type=\"URL\" data-id=\"https:\/\/transparencia.cabocorrientes.gob.mx\/Archivos\/articulo8\/PRESUPUESTO_DE_EGRESOS_2019.pdf\" target=\"_blank\">PDF<\/a><\/strong><br>Presupuesto de egreso por clasificaci\u00f3n <strong><a href=\"https:\/\/transparencia.cabocorrientes.gob.mx\/Archivos\/articulo8\/Presupuesto_de_Egresos_por_Clasificacion_Administrativa_2017.pdf\" data-type=\"URL\" data-id=\"https:\/\/transparencia.cabocorrientes.gob.mx\/Archivos\/articulo8\/Presupuesto_de_Egresos_por_Clasificacion_Administrativa_2017.pdf\" target=\"_blank\" rel=\"noreferrer noopener\">PDF<\/a><\/strong><\/p>\n\n\n<\/div>\n<p><\/p>\n\n<span class=\"collapseomatic \" id=\"id69f147302cc85\"  tabindex=\"0\" title=\"Presupuesto de egresos 2019\"    >Presupuesto de egresos 2019<\/span><div id=\"target-id69f147302cc85\" class=\"collapseomatic_content \">\n\n\n\n<p><\/p>\n\n\n\n<p>Presupuesto de egresos anual municipal <strong><a rel=\"noreferrer noopener\" href=\"https:\/\/transparencia.cabocorrientes.gob.mx\/Archivos\/articulo8\/PRESUPUESTO_DE_EGRESOS_2019.pdf\" data-type=\"URL\" data-id=\"https:\/\/transparencia.cabocorrientes.gob.mx\/Archivos\/articulo8\/PRESUPUESTO_DE_EGRESOS_2019.pdf\" target=\"_blank\">PDF<\/a><\/strong><br>Presupuesto de egreso por clasificaci\u00f3n <strong><a href=\"https:\/\/transparencia.cabocorrientes.gob.mx\/Archivos\/articulo8\/PRESUPUESTO_2019.xlsx\" data-type=\"URL\" data-id=\"https:\/\/transparencia.cabocorrientes.gob.mx\/Archivos\/articulo8\/PRESUPUESTO_2019.xlsx\" target=\"_blank\" rel=\"noreferrer noopener\">EXCEL<\/a><\/strong><\/p>\n\n\n<\/div>\n<p><\/p>\n\n\n<span class=\"collapseomatic \" id=\"id69f147302ccaf\"  tabindex=\"0\" title=\"Presupuesto de egresos 2020\"    >Presupuesto de egresos 2020<\/span><div id=\"target-id69f147302ccaf\" class=\"collapseomatic_content \">\n\n\n\n<p><\/p>\n\n\n<p>Presupuesto de egresos anual municipal <strong><a href=\"https:\/\/transparencia.cabocorrientes.gob.mx\/Archivos\/articulo8\/PRESUPUESTO_2020-1.pdf\" target=\"_blank\" rel=\"noreferrer noopener\" data-type=\"URL\" data-id=\"https:\/\/transparencia.cabocorrientes.gob.mx\/Archivos\/articulo8\/PRESUPUESTO_2020-1.pdf\">PDF<\/a><\/strong><br>Presupuesto de egreso por clasificaci\u00f3n <strong><a href=\"https:\/\/transparencia.cabocorrientes.gob.mx\/Archivos\/articulo8\/Presupuesto_de_Egresos_2020.pdf\" target=\"_blank\" rel=\"noreferrer noopener\" data-type=\"URL\" data-id=\"https:\/\/transparencia.cabocorrientes.gob.mx\/Archivos\/articulo8\/Presupuesto_de_Egresos_2020.pdf\">PDF<\/a><br><\/strong>Presupuesto de egresos anual municipal 2020 <strong><a href=\"https:\/\/transparencia.cabocorrientes.gob.mx\/Archivos\/articulo8\/Presupuesto_de_egresos_anual_municipal_2020.xlsm\" target=\"_blank\" rel=\"noreferrer noopener\">EXCEL<\/a><\/strong><\/p>\n<\/div>\n<p><\/p>\n\n\n<span class=\"collapseomatic \" id=\"id69f147302ccd7\"  tabindex=\"0\" title=\"Presupuesto de egresos 2021\"    >Presupuesto de egresos 2021<\/span><div id=\"target-id69f147302ccd7\" class=\"collapseomatic_content \">\n\n\n\n<p><\/p>\n\n\n<p>Presupuesto de egresos anual municipal <strong><a href=\"https:\/\/transparencia.cabocorrientes.gob.mx\/Archivos\/articulo8\/Presupuesto_de_Egresos_2021_PDF.pdf\" target=\"_blank\" rel=\"noreferrer noopener\" data-type=\"URL\" data-id=\"https:\/\/transparencia.cabocorrientes.gob.mx\/Archivos\/articulo8\/Presupuesto_de_Egresos_2021_PDF.pdf\">PDF<\/a><\/strong><br>Presupuesto de egreso por clasificaci\u00f3n <strong><a href=\"https:\/\/transparencia.cabocorrientes.gob.mx\/Archivos\/articulo8\/Presupuesto_de_Egresos_2021_por_Clasificador_Objeto_del_Gasto.pdf\" target=\"_blank\" rel=\"noreferrer noopener\" data-type=\"URL\" data-id=\"https:\/\/transparencia.cabocorrientes.gob.mx\/Archivos\/articulo8\/Presupuesto_de_Egresos_2021_por_Clasificador_Objeto_del_Gasto.pdf\">PDF<\/a><br><\/strong>Presupuesto de egresos anual municipal 2021<strong><a href=\"https:\/\/transparencia.cabocorrientes.gob.mx\/Archivos\/articulo8\/Presupuesto_de_egresos_anual_municipal_2021.xlsm\" target=\"_blank\" rel=\"noreferrer noopener\">EXCEL<\/a><\/strong><\/p>\n<p><\/p>\n<\/div>\n<p><\/p>\n\n\n<span class=\"collapseomatic \" id=\"id69f147302ccfd\"  tabindex=\"0\" title=\"Presupuesto de egresos 2022\"    >Presupuesto de egresos 2022<\/span><div id=\"target-id69f147302ccfd\" class=\"collapseomatic_content \">\n\n<p><\/p>\n<p>Presupuesto de Egresos 2022 <strong><a href=\"https:\/\/transparencia.cabocorrientes.gob.mx\/Archivos\/articulo8\/Presupuesto_de_Egresos_2022.xlsx\" target=\"_blank\" rel=\"noreferrer noopener\">EXCEL<\/a><\/strong><\/p>\n<\/div>\n<p><\/p>\n\n\n<span class=\"collapseomatic \" id=\"id69f147302cd26\"  tabindex=\"0\" title=\"Presupuesto de egresos 2023\"    >Presupuesto de egresos 2023<\/span><div id=\"target-id69f147302cd26\" class=\"collapseomatic_content \">\n\n<p><\/p>\n<p>Presupuesto de egresos 2023 <strong><a href=\"https:\/\/transparencia.cabocorrientes.gob.mx\/Archivos\/articulo8\/Presupuesto_de_egresos_2023.pdf\" target=\"_blank\" rel=\"noopener\" data-wplink-url-error=\"true\">PDF<\/a><\/strong><br>Presupuesto de egresos 2023 datos abiertos <strong><a href=\"https:\/\/transparencia.cabocorrientes.gob.mx\/Archivos\/articulo8\/Presupuesto_de_egresos_2023_datos_abiertos.xlsx\" target=\"_blank\" rel=\"noopener\" data-wplink-url-error=\"true\">EXCEL<\/a><br><\/strong>Ley de Ingresos del municipio de Cabo Corrientes 2023 <strong><a href=\"https:\/\/transparencia.cabocorrientes.gob.mx\/Archivos\/articulo8\/Ley_de_Ingresos_del_municipio_de_Cabo_Corrientes2023.pdf\" target=\"_blank\" rel=\"noreferrer noopener\">PDF<\/a><br><\/strong>Calendario de Ingresos Base Mensual 2023 <strong><a href=\"https:\/\/transparencia.cabocorrientes.gob.mx\/Archivos\/articulo8\/Calendario_de_Ingresos_Fiscal_2023.pdf\" target=\"_blank\" rel=\"noreferrer noopener\">PDF<\/a><br><\/strong>Calendario del presupuesto de egresos 2023 <strong><a href=\"https:\/\/transparencia.cabocorrientes.gob.mx\/Archivos\/articulo8\/Calendario_del_presupuesto_de_egresos_2023.pdf\" target=\"_blank\" rel=\"noreferrer noopener\">PDF<\/a><br><\/strong>Iniciativa de la Ley de Ingresos 2023 <strong><a href=\"https:\/\/transparencia.cabocorrientes.gob.mx\/Archivos\/articulo8\/Iniciativa_de_la_Ley_de_Ingresos_2023.pdf\" target=\"_blank\" rel=\"noreferrer noopener\">PDF<\/a><br><\/strong>Iniciativa presupuesto de egresos 2023 <strong><a href=\"https:\/\/transparencia.cabocorrientes.gob.mx\/Archivos\/articulo8\/Iniciativa_presupuesto_de_egresos_2023.pdf\" target=\"_blank\" rel=\"noreferrer noopener\">PDF<\/a><br><\/strong>Presupuesto ciudadano 2023<strong> <a href=\"https:\/\/transparencia.cabocorrientes.gob.mx\/Archivos\/articulo8\/Presupuesto_ciudadano_2023.pdf\" target=\"_blank\" rel=\"noreferrer noopener\">PDF<\/a><\/strong><\/p>\n<p><\/p>\n<\/div>\n<p><\/p>\n\n<span class=\"collapseomatic \" id=\"id69f147302cd4f\"  tabindex=\"0\" title=\"Presupuesto de egresos 2024\"    >Presupuesto de egresos 2024<\/span><div id=\"target-id69f147302cd4f\" class=\"collapseomatic_content \">\n\n<p><\/p>\n<p>Presupuesto de Egresos Municipal 2024 <strong><a href=\"https:\/\/transparencia.cabocorrientes.gob.mx\/Archivos\/articulo8\/Presupuesto_de_Egresos_Municipal_2024.pdf\" target=\"_blank\" rel=\"noopener\" data-wplink-url-error=\"true\">PDF<\/a><\/strong><br>Desglose Clasificador por objeto del gasto 2024 <strong><a href=\"https:\/\/transparencia.cabocorrientes.gob.mx\/Archivos\/articulo8\/Desglose_Clasificador_por_objeto_del_gasto_2024.pdf\" target=\"_blank\" rel=\"noopener\" data-wplink-url-error=\"true\">PDF<\/a\/P><\/strong><br>\nPresupuesto de ingresos clasificacion por rubro de ingresos en recursos de libre disposicion <strong><a href=\"https:\/\/transparencia.cabocorrientes.gob.mx\/Archivos\/articulo8\/PRESUPUESTO_DE_INGRESOS_CLASIFICACION_POR_RUBRO_DE_INGRESOS_EN_RECURSOS_DE_LIBRE_DISPOSICION.pdf\" target=\"_blank\" rel=\"noopener\" data-wplink-url-error=\"true\">PDF<\/a><\/strong><br> Calendario del presupuesto de egresos base mensual clasificador por objeto del gasto <strong><a href=\"https:\/\/transparencia.cabocorrientes.gob.mx\/Archivos\/articulo8\/CALENDARIO_DEL_PRESUPUESTO_DE_EGRESOS_BASE_MENSUAL_CLASIFICADOR_POR_OBJETO_DEL_GASTO.pdf\" target=\"_blank\" rel=\"noopener\" data-wplink-url-error=\"true\">PDF<\/a><\/strong><br>Presupuesto ciudadano 2024 <strong><a href=\"https:\/\/transparencia.cabocorrientes.gob.mx\/Archivos\/articulo8\/PRESUPUESTO_CIUDADANO_2024.pdf\" target=\"_blank\" rel=\"noopener\" data-wplink-url-error=\"true\">PDF<\/a><\/strong><br>Calendario de ingresos base mensual por objeto del gasto <strong><a href=\"https:\/\/transparencia.cabocorrientes.gob.mx\/Archivos\/articulo8\/CALENDARIO_DE_INGRESOS_BASE_MENSUAL_POR_OBJETO_DEL_GASTO.pdf\" target=\"_blank\" rel=\"noopener\" data-wplink-url-error=\"true\">PDF<\/a><\/strong><br>Calendario del presupuesto de egresos base mansual clasificador por objeto del gasto <strong><a href=\"https:\/\/transparencia.cabocorrientes.gob.mx\/Archivos\/articulo8\/CALENDARIO_DEL_PRESUPUESTO_DE_EGRESOS_BASE_MENSUAL_CLASIFICADOR_POR_OBJETO_DEL_GASTO.pdf\" target=\"_blank\" rel=\"noopener\" data-wplink-url-error=\"true\">PDF<\/a><\/strong><br>\n<p><\/p>\n<\/div>\n<p><\/p>\n\n<span class=\"collapseomatic \" id=\"id69f147302cd77\"  tabindex=\"0\" title=\"Presupuesto de egresos 2025\"    >Presupuesto de egresos 2025<\/span><div id=\"target-id69f147302cd77\" class=\"collapseomatic_content \">\n\n<p><\/p>\nPresupuesto de Egresos 2025 <strong><a rel=\"noreferrer noopener\" href=\"https:\/\/transparencia.cabocorrientes.gob.mx\/Archivos\/articulo8\/Presuspuesto_de_Egresos_2025.pdf\" data-type=\"URL\" data-id=\"https:\/\/transparencia.cabocorrientes.gob.mx\/Archivos\/articulo8\/Presupuesto_de_Egresos_2025.pdf\" target=\"_blank\">PDF<\/a><\/strong><br>\nCalendario de Egresos base mensual <a href=\"https:\/\/transparencia.cabocorrientes.gob.mx\/Archivos\/articulo8\/Calendario_de_egresos_base_mensual_2025.pdf\" target=\"_blank\" rel=\"noreferrer noopener\"><strong>PDF<\/strong><\/a><br> \nCalendario de Ingresos base mensual <a href=\"https:\/\/transparencia.cabocorrientes.gob.mx\/Archivos\/articulo8\/Calendario_de_ingresos_base_mensual_2025.pdf\" target=\"_blank\" rel=\"noreferrer noopener\"><strong>PDF<\/strong><\/a><br> \nPresupuesto Ciudadano <a href=\"https:\/\/transparencia.cabocorrientes.gob.mx\/Archivos\/articulo8\/PRESUPUESTO_CIUDADANO_2025.pdf\" target=\"_blank\" rel=\"noreferrer noopener\"><strong>PDF<\/strong><\/a><br> \nInformaci\u00f3n adicional para presentar el proyecto del presupuesto de egresos 2025 <a href=\"https:\/\/transparencia.cabocorrientes.gob.mx\/Archivos\/articulo8\/Informacion_adicional_para_presentar_el_proyecto_del_presupuesto_de_egresos_2025_formato-conac.pdf\" target=\"_blank\" rel=\"noreferrer noopener\"><strong>PDF<\/strong><\/a><br>\n<\/div>\n<p><\/p>\n\n<span class=\"collapseomatic \" id=\"id69f147302cda1\"  tabindex=\"0\" title=\"Presupuesto de egresos 2026\"    >Presupuesto de egresos 2026<\/span><div id=\"target-id69f147302cda1\" class=\"collapseomatic_content \">\n\n<p><\/p>\nPresupuesto de Egresos 2026 <strong><a rel=\"noreferrer noopener\" href=\"https:\/\/transparencia.cabocorrientes.gob.mx\/Archivos\/articulo8\/Presuspuesto_de_Egresos_2026.pdf\" data-type=\"URL\" data-id=\"https:\/\/transparencia.cabocorrientes.gob.mx\/Archivos\/articulo8\/Presuspuesto_de_Egresos_2026.pdf\" target=\"_blank\">PDF<\/a><\/strong><br>\n\n<\/div>\n<p><\/p>\n\n<div class=\"wp-block-buttons is-horizontal is-content-justification-center is-layout-flex wp-container-core-buttons-is-layout-499968f5 wp-block-buttons-is-layout-flex\"><\/div>\n\n\n\n<p><\/p>\n","protected":false},"excerpt":{"rendered":"<p>y, en su caso, el clasificador por objeto del gasto del sujeto obligado, de cuando menos los \u00faltimos tres a\u00f1os. y, en su caso, el clasificador por objeto del gasto del sujeto obligado, de cuando menos los \u00faltimos tres a\u00f1os.<\/p>\n","protected":false},"author":1,"featured_media":0,"parent":0,"menu_order":0,"comment_status":"closed","ping_status":"closed","template":"","meta":{"_coblocks_attr":"","_coblocks_dimensions":"","_coblocks_responsive_height":"","_coblocks_accordion_ie_support":"","_regular_price":[],"currency_symbol":[],"footnotes":""},"class_list":["post-1913","page","type-page","status-publish","hentry"],"post_slider_layout_featured_media_urls":{"thumbnail":"","post_slider_layout_landscape_large":"","post_slider_layout_portrait_large":"","post_slider_layout_square_large":"","post_slider_layout_landscape":"","post_slider_layout_portrait":"","post_slider_layout_square":"","full":""},"_links":{"self":[{"href":"https:\/\/transparencia.cabocorrientes.gob.mx\/index.php?rest_route=\/wp\/v2\/pages\/1913","targetHints":{"allow":["GET"]}}],"collection":[{"href":"https:\/\/transparencia.cabocorrientes.gob.mx\/index.php?rest_route=\/wp\/v2\/pages"}],"about":[{"href":"https:\/\/transparencia.cabocorrientes.gob.mx\/index.php?rest_route=\/wp\/v2\/types\/page"}],"author":[{"embeddable":true,"href":"https:\/\/transparencia.cabocorrientes.gob.mx\/index.php?rest_route=\/wp\/v2\/users\/1"}],"replies":[{"embeddable":true,"href":"https:\/\/transparencia.cabocorrientes.gob.mx\/index.php?rest_route=%2Fwp%2Fv2%2Fcomments&post=1913"}],"version-history":[{"count":77,"href":"https:\/\/transparencia.cabocorrientes.gob.mx\/index.php?rest_route=\/wp\/v2\/pages\/1913\/revisions"}],"predecessor-version":[{"id":14720,"href":"https:\/\/transparencia.cabocorrientes.gob.mx\/index.php?rest_route=\/wp\/v2\/pages\/1913\/revisions\/14720"}],"wp:attachment":[{"href":"https:\/\/transparencia.cabocorrientes.gob.mx\/index.php?rest_route=%2Fwp%2Fv2%2Fmedia&parent=1913"}],"curies":[{"name":"wp","href":"https:\/\/api.w.org\/{rel}","templated":true}]}}