{"id":1823,"date":"2022-04-06T03:19:35","date_gmt":"2022-04-06T03:19:35","guid":{"rendered":"https:\/\/transparencia.cabocorrientes.gob.mx\/?page_id=1823"},"modified":"2024-02-15T04:40:16","modified_gmt":"2024-02-15T04:40:16","slug":"los-ingresos-extraordinarios-recibidos-por-cualquier-concepto","status":"publish","type":"page","link":"https:\/\/transparencia.cabocorrientes.gob.mx\/?page_id=1823","title":{"rendered":"Los ingresos extraordinarios recibidos por cualquier concepto"},"content":{"rendered":"\n<p> <strong>se\u00f1alado el origen de los recursos, el nombre de los responsables de recibirlos, administrarlos y ejercerlos, as\u00ed como el proyecto o programa donde ser\u00e1n aplicados<\/strong>.<\/p>\n\n\n\n<div class=\"wp-block-columns is-layout-flex wp-container-core-columns-is-layout-9d6595d7 wp-block-columns-is-layout-flex\">\n<div class=\"wp-block-column is-layout-flow wp-block-column-is-layout-flow\"><\/div>\n<\/div>\n\n\n\n<h6 class=\"wp-block-heading\"><strong>Ingresos <a href=\"https:\/\/transparencia.cabocorrientes.gob.mx\/?page_id=1846\" data-type=\"URL\" data-id=\"https:\/\/transparencia.cabocorrientes.gob.mx\/?page_id=1846\">2018-2021<\/a><\/strong><\/h6>\n\n\n\n<div class=\"wp-block-buttons is-horizontal is-content-justification-center is-layout-flex wp-container-core-buttons-is-layout-499968f5 wp-block-buttons-is-layout-flex\"><\/div>\n\n\n\n<h6 class=\"wp-block-heading\"><strong>Ingresos <a href=\"https:\/\/transparencia.cabocorrientes.gob.mx\/?page_id=5079\" data-type=\"URL\" data-id=\"https:\/\/transparencia.cabocorrientes.gob.mx\/?page_id=1846\">2021-2024<\/a><\/strong><\/h6>\n\n\n\n<div class=\"wp-block-buttons is-horizontal is-content-justification-center is-layout-flex wp-container-core-buttons-is-layout-499968f5 wp-block-buttons-is-layout-flex\"><\/div>\n\n\n\n<p><\/p>\n","protected":false},"excerpt":{"rendered":"<p>se\u00f1alado el origen de los recursos, el nombre de los responsables de recibirlos, administrarlos y ejercerlos, as\u00ed como el proyecto o programa donde ser\u00e1n aplicados. Ingresos 2018-2021 Ingresos 2021-2024<\/p>\n","protected":false},"author":1,"featured_media":0,"parent":0,"menu_order":0,"comment_status":"closed","ping_status":"closed","template":"","meta":{"_coblocks_attr":"","_coblocks_dimensions":"","_coblocks_responsive_height":"","_coblocks_accordion_ie_support":"","_regular_price":[],"currency_symbol":[],"footnotes":""},"class_list":["post-1823","page","type-page","status-publish","hentry"],"post_slider_layout_featured_media_urls":{"thumbnail":"","post_slider_layout_landscape_large":"","post_slider_layout_portrait_large":"","post_slider_layout_square_large":"","post_slider_layout_landscape":"","post_slider_layout_portrait":"","post_slider_layout_square":"","full":""},"_links":{"self":[{"href":"https:\/\/transparencia.cabocorrientes.gob.mx\/index.php?rest_route=\/wp\/v2\/pages\/1823","targetHints":{"allow":["GET"]}}],"collection":[{"href":"https:\/\/transparencia.cabocorrientes.gob.mx\/index.php?rest_route=\/wp\/v2\/pages"}],"about":[{"href":"https:\/\/transparencia.cabocorrientes.gob.mx\/index.php?rest_route=\/wp\/v2\/types\/page"}],"author":[{"embeddable":true,"href":"https:\/\/transparencia.cabocorrientes.gob.mx\/index.php?rest_route=\/wp\/v2\/users\/1"}],"replies":[{"embeddable":true,"href":"https:\/\/transparencia.cabocorrientes.gob.mx\/index.php?rest_route=%2Fwp%2Fv2%2Fcomments&post=1823"}],"version-history":[{"count":14,"href":"https:\/\/transparencia.cabocorrientes.gob.mx\/index.php?rest_route=\/wp\/v2\/pages\/1823\/revisions"}],"predecessor-version":[{"id":11884,"href":"https:\/\/transparencia.cabocorrientes.gob.mx\/index.php?rest_route=\/wp\/v2\/pages\/1823\/revisions\/11884"}],"wp:attachment":[{"href":"https:\/\/transparencia.cabocorrientes.gob.mx\/index.php?rest_route=%2Fwp%2Fv2%2Fmedia&parent=1823"}],"curies":[{"name":"wp","href":"https:\/\/api.w.org\/{rel}","templated":true}]}}