{"id":1673,"date":"2022-03-30T18:32:03","date_gmt":"2022-03-30T18:32:03","guid":{"rendered":"https:\/\/transparencia.cabocorrientes.gob.mx\/?page_id=1673"},"modified":"2025-05-17T05:33:17","modified_gmt":"2025-05-17T05:33:17","slug":"los-demas-instrumentos-normativos-internos-aplicables","status":"publish","type":"page","link":"https:\/\/transparencia.cabocorrientes.gob.mx\/?page_id=1673","title":{"rendered":"Los dem\u00e1s instrumentos normativos internos aplicables"},"content":{"rendered":"\n<div class=\"wp-block-columns is-layout-flex wp-container-core-columns-is-layout-9d6595d7 wp-block-columns-is-layout-flex\">\n<div class=\"wp-block-column is-layout-flow wp-block-column-is-layout-flow\"><\/div>\n<\/div>\n\n\n\n<span class=\"collapseomatic \" id=\"id69f146fc5aa68\"  tabindex=\"0\" title=\"Leyes Estatales\"    >Leyes Estatales<\/span><div id=\"target-id69f146fc5aa68\" class=\"collapseomatic_content \">\n\n\n\n<p><\/p>\n\n\n\n<p>C\u00f3digo civil del Estado de Jalisco <strong><a rel=\"noreferrer noopener\" href=\"https:\/\/transparencia.cabocorrientes.gob.mx\/Archivos\/articulo8\/C\u00f3digo_Civil_del_Estado_de_Jalisco.docx\" data-type=\"URL\" data-id=\"https:\/\/transparencia.cabocorrientes.gob.mx\/Archivos\/articulo8\/C\u00f3digo_Civil_del_Estado_de_Jalisco.docx\" target=\"_blank\">WORD<\/a><\/strong><br>C\u00f3digo penal para el Estado libre y soberano de jalisco <strong><a rel=\"noreferrer noopener\" href=\"https:\/\/transparencia.cabocorrientes.gob.mx\/Archivos\/articulo8\/C\u00f3digo_Penal_para_el_Estado_Libre_y_Soberano_de_Jalisco.doc\" data-type=\"URL\" data-id=\"https:\/\/transparencia.cabocorrientes.gob.mx\/Archivos\/articulo8\/C\u00f3digo_Penal_para_el_Estado_Libre_y_Soberano_de_Jalisco.doc\" target=\"_blank\">WORD<\/a><\/strong><br>Ley de Fiscalizaci\u00f3n Superior y Auditoria P\u00fablica del Estado de Jalisco y sus Municipios <strong><a rel=\"noreferrer noopener\" href=\"https:\/\/transparencia.cabocorrientes.gob.mx\/Archivos\/articulo8\/Ley_de_Fiscalizacion_Superior_y_Auditoria_Publica_del_Estado_de_Jalisco_y_sus_Municipios.pdf\" data-type=\"URL\" data-id=\"https:\/\/transparencia.cabocorrientes.gob.mx\/Archivos\/articulo8\/Ley_de_Fiscalizacion_Superior_y_Auditoria_Publica_del_Estado_de_Jalisco_y_sus_Municipios.pdf\" target=\"_blank\">PDF<\/a><\/strong><br>Ley de fomento a la cultura <strong><a rel=\"noreferrer noopener\" href=\"https:\/\/transparencia.cabocorrientes.gob.mx\/Archivos\/articulo8\/Ley_de_Fomento_a_la_Cultura.pdf\" data-type=\"URL\" data-id=\"https:\/\/transparencia.cabocorrientes.gob.mx\/Archivos\/articulo8\/Ley_de_Fomento_a_la_Cultura.pdf\" target=\"_blank\">PDF<\/a><\/strong> \/ <strong><a rel=\"noreferrer noopener\" href=\"https:\/\/transparencia.cabocorrientes.gob.mx\/Archivos\/articulo8\/Ley_de_Fomento_a_la_Cultura.doc\" data-type=\"URL\" data-id=\"https:\/\/transparencia.cabocorrientes.gob.mx\/Archivos\/articulo8\/Ley_de_Fomento_a_la_Cultura.doc\" target=\"_blank\">WORD<\/a><\/strong><br>Ley de hacienda del Estado de Jalisco <strong><a rel=\"noreferrer noopener\" href=\"https:\/\/transparencia.cabocorrientes.gob.mx\/Archivos\/articulo8\/Ley_de_Hacienda_del_Estado_de_Jalisco.pdf\" data-type=\"URL\" data-id=\"https:\/\/transparencia.cabocorrientes.gob.mx\/Archivos\/articulo8\/Ley_de_Hacienda_del_Estado_de_Jalisco.pdf\" target=\"_blank\">PDF<\/a><\/strong><br>Ley de planeaci\u00f3n para el Estado de Jalisco y su Municipios <strong><a rel=\"noreferrer noopener\" href=\"https:\/\/transparencia.cabocorrientes.gob.mx\/Archivos\/articulo8\/Ley_de_Planeaci\u00f3n_para_el_Estado_de_Jalisco_y_sus_Municipios.doc\" data-type=\"URL\" data-id=\"https:\/\/transparencia.cabocorrientes.gob.mx\/Archivos\/articulo8\/Ley_de_Planeaci\u00f3n_para_el_Estado_de_Jalisco_y_sus_Municipios.doc\" target=\"_blank\">WORD<\/a><\/strong><br>Ley de protecci\u00f3n civil del Estado <strong><a rel=\"noreferrer noopener\" href=\"https:\/\/transparencia.cabocorrientes.gob.mx\/Archivos\/articulo8\/Ley_de_Proteccion_Civil_del_Estado.pdf\" data-type=\"URL\" data-id=\"https:\/\/transparencia.cabocorrientes.gob.mx\/Archivos\/articulo8\/Ley_de_Proteccion_Civil_del_Estado.pdf\" target=\"_blank\">PDF<\/a><\/strong><br>Ley de responsabilidades de los servidores p\u00fablicos del Estado de Jalisco <strong><a rel=\"noreferrer noopener\" href=\"https:\/\/transparencia.cabocorrientes.gob.mx\/Archivos\/articulo8\/Ley_de_Responsabilidades_de_los_Servidores_Publicos_del_Estado_de_Jalisco.pdf\" data-type=\"URL\" data-id=\"https:\/\/transparencia.cabocorrientes.gob.mx\/Archivos\/articulo8\/Ley_de_Responsabilidades_de_los_Servidores_Publicos_del_Estado_de_Jalisco.pdf\" target=\"_blank\">PDF<\/a><\/strong><br>Ley de transparencia e informaci\u00f3n del Estado de Jalisco <strong><a rel=\"noreferrer noopener\" href=\"https:\/\/transparencia.cabocorrientes.gob.mx\/Archivos\/articulo8\/LEY_DE_TRANPARENCIA_E_INFORMACION_DEL_ESTADO_DE_JALISCO.pdf\" data-type=\"URL\" data-id=\"https:\/\/transparencia.cabocorrientes.gob.mx\/Archivos\/articulo8\/LEY_DE_TRANPARENCIA_E_INFORMACION_DEL_ESTADO_DE_JALISCO.pdf\" target=\"_blank\">PDF<\/a><\/strong><br>Ley de vivienda del Estado de Jalisco <strong><a rel=\"noreferrer noopener\" href=\"https:\/\/transparencia.cabocorrientes.gob.mx\/Archivos\/articulo8\/Ley_de_Vivienda_del_Estado_de_Jalisco.pdf\" data-type=\"URL\" data-id=\"https:\/\/transparencia.cabocorrientes.gob.mx\/Archivos\/articulo8\/Ley_de_Vivienda_del_Estado_de_Jalisco.pdf\" target=\"_blank\">PDF<\/a><\/strong><br>Ley del gobierno y la administraci\u00f3n p\u00fablica Municipal <strong><a rel=\"noreferrer noopener\" href=\"https:\/\/transparencia.cabocorrientes.gob.mx\/Archivos\/articulo8\/Ley_del_Gobierno_y_la_Administracion_Publica_Municipal.pdf\" data-type=\"URL\" data-id=\"https:\/\/transparencia.cabocorrientes.gob.mx\/Archivos\/articulo8\/Ley_del_Gobierno_y_la_Administracion_Publica_Municipal.pdf\" target=\"_blank\">PDF<\/a><\/strong><br>Ley del presupuesto, contabilidad y gasto p\u00fablico del Estado de Jalisco <strong><a rel=\"noreferrer noopener\" href=\"https:\/\/transparencia.cabocorrientes.gob.mx\/Archivos\/articulo8\/Ley_del_Presupuesto_Contabilidad__y_Gasto_Publico_del_Estado_de_Jalisco.pdf\" data-type=\"URL\" data-id=\"https:\/\/transparencia.cabocorrientes.gob.mx\/Archivos\/articulo8\/Ley_del_Presupuesto_Contabilidad__y_Gasto_Publico_del_Estado_de_Jalisco.pdf\" target=\"_blank\">PDF<\/a><\/strong><\/p>\n\n\n<\/div>\n<p><\/p>\n\n\n<span class=\"collapseomatic \" id=\"id69f146fc5aadd\"  tabindex=\"0\" title=\"Leyes Federales\"    >Leyes Federales<\/span><div id=\"target-id69f146fc5aadd\" class=\"collapseomatic_content \">\n\n\n\n<p><\/p>\n\n\n\n<p>C\u00f3digo civil Federal <strong><a rel=\"noreferrer noopener\" href=\"https:\/\/transparencia.cabocorrientes.gob.mx\/Archivos\/articulo8\/C\u00f3digo_Civil_Federal.pdf\" data-type=\"URL\" data-id=\"https:\/\/transparencia.cabocorrientes.gob.mx\/Archivos\/articulo8\/C\u00f3digo_Civil_Federal.pdf\" target=\"_blank\">PDF<\/a><\/strong><br>C\u00f3digo de comercio <strong><a rel=\"noreferrer noopener\" href=\"https:\/\/transparencia.cabocorrientes.gob.mx\/Archivos\/articulo8\/C\u00f3digo_de_Comercio.pdf\" data-type=\"URL\" data-id=\"https:\/\/transparencia.cabocorrientes.gob.mx\/Archivos\/articulo8\/C\u00f3digo_de_Comercio.pdf\" target=\"_blank\">PDF<\/a><\/strong><br>C\u00f3digo fiscal de la federaci\u00f3n <strong><a rel=\"noreferrer noopener\" href=\"https:\/\/transparencia.cabocorrientes.gob.mx\/Archivos\/articulo8\/C\u00f3digo_Fiscal_de_la_Federaci\u00f3n.pdf\" data-type=\"URL\" data-id=\"https:\/\/transparencia.cabocorrientes.gob.mx\/Archivos\/articulo8\/C\u00f3digo_Fiscal_de_la_Federaci\u00f3n.pdf\" target=\"_blank\">PDF<\/a><\/strong><br>C\u00f3digo nacional de procedimientos penales <strong><a rel=\"noreferrer noopener\" href=\"https:\/\/transparencia.cabocorrientes.gob.mx\/Archivos\/articulo8\/C\u00f3digo_Nacional_de_Procedimientos_penales.doc\" data-type=\"URL\" data-id=\"https:\/\/transparencia.cabocorrientes.gob.mx\/Archivos\/articulo8\/C\u00f3digo_Nacional_de_Procedimientos_penales.doc\" target=\"_blank\">WORD<\/a><\/strong><br>C\u00f3digo penal federal <strong><a rel=\"noreferrer noopener\" href=\"https:\/\/transparencia.cabocorrientes.gob.mx\/Archivos\/articulo8\/C\u00f3digo_Penal_Federal.pdf\" data-type=\"URL\" data-id=\"https:\/\/transparencia.cabocorrientes.gob.mx\/Archivos\/articulo8\/C\u00f3digo_Penal_Federal.pdf\" target=\"_blank\">PDF<\/a><\/strong><br>Ley de adquisiciones, arrendamientos y servicios del sector p\u00fablico <strong><a rel=\"noreferrer noopener\" href=\"https:\/\/transparencia.cabocorrientes.gob.mx\/Archivos\/articulo8\/Ley_de_Adquisiciones_Arrendamientos_y_Servicios_del_Sector_P\u00fablico.pdf\" data-type=\"URL\" data-id=\"https:\/\/transparencia.cabocorrientes.gob.mx\/Archivos\/articulo8\/Ley_de_Adquisiciones_Arrendamientos_y_Servicios_del_Sector_P\u00fablico.pdf\" target=\"_blank\">PDF<\/a><\/strong><br>Ley de los derechos de las personas adultas mayores <strong><a rel=\"noreferrer noopener\" href=\"https:\/\/transparencia.cabocorrientes.gob.mx\/Archivos\/articulo8\/Ley_de_los_Derechos_de_las_Personas_Adultas_Mayores.pdf\" data-type=\"URL\" data-id=\"https:\/\/transparencia.cabocorrientes.gob.mx\/Archivos\/articulo8\/Ley_de_los_Derechos_de_las_Personas_Adultas_Mayores.pdf\" target=\"_blank\">PDF<\/a><\/strong><br>Ley federal de derechos <strong><a rel=\"noreferrer noopener\" href=\"https:\/\/transparencia.cabocorrientes.gob.mx\/Archivos\/articulo8\/Ley_Federal_de_Derechos.pdf\" data-type=\"URL\" data-id=\"https:\/\/transparencia.cabocorrientes.gob.mx\/Archivos\/articulo8\/Ley_Federal_de_Derechos.pdf\" target=\"_blank\">PDF<\/a><\/strong><br>Ley federal de responsabilidad patrimonial del Estado <strong><a rel=\"noreferrer noopener\" href=\"https:\/\/transparencia.cabocorrientes.gob.mx\/Archivos\/articulo8\/Ley_Federal_de_Responsabilidad_Patrimonial_del_Estado.pdf\" data-type=\"URL\" data-id=\"https:\/\/transparencia.cabocorrientes.gob.mx\/Archivos\/articulo8\/Ley_Federal_de_Responsabilidad_Patrimonial_del_Estado.pdf\" target=\"_blank\">PDF<\/a><\/strong><br>Ley federal de Transparencia y Acceso a la Informaci\u00f3n P\u00fablica Gubernamental <strong><a href=\"https:\/\/transparencia.cabocorrientes.gob.mx\/Archivos\/articulo8\/Ley_Federal_de_Transparencia_y_Acceso_a_la_Informaci\u00f3n_P\u00fablica_Guberna.pdf\" data-type=\"URL\" data-id=\"https:\/\/transparencia.cabocorrientes.gob.mx\/Archivos\/articulo8\/Ley_Federal_de_Transparencia_y_Acceso_a_la_Informaci\u00f3n_P\u00fablica_Guberna.pdf\" target=\"_blank\" rel=\"noreferrer noopener\">PDF<\/a><\/strong><\/p>\n\n\n<\/div>\n\n\n<p><\/p>\n\n\n\n<p>Acta de integraci\u00f3n del comit\u00e9 de clasificaci\u00f3n de la Unidad de Trasparencia  <strong><a rel=\"noreferrer noopener\" href=\"https:\/\/transparencia.cabocorrientes.gob.mx\/Archivos\/articulo8\/Acta_PDF_con_Firmas.pdf\" data-type=\"URL\" data-id=\"https:\/\/transparencia.cabocorrientes.gob.mx\/Archivos\/articulo8\/Acta_PDF_con_Firmas.pdf\" target=\"_blank\">PDF<\/a><\/strong> \/ <strong><a rel=\"noreferrer noopener\" href=\"https:\/\/transparencia.cabocorrientes.gob.mx\/Archivos\/articulo8\/Acta_Versi\u00f3n_Estenogr\u00e1fica.docx\" data-type=\"URL\" data-id=\"https:\/\/transparencia.cabocorrientes.gob.mx\/Archivos\/articulo8\/Acta_Versi\u00f3n_Estenogr\u00e1fica.docx\" target=\"_blank\">WORD<\/a><\/strong> \/ Integrantes  <strong><a rel=\"noreferrer noopener\" href=\"https:\/\/transparencia.cabocorrientes.gob.mx\/Archivos\/articulo8\/Datos_de_los_Integrantes.pdf\" data-type=\"URL\" data-id=\"https:\/\/transparencia.cabocorrientes.gob.mx\/Archivos\/articulo8\/Datos_de_los_Integrantes.pdf\" target=\"_blank\">PDF<\/a><\/strong> \/ <strong><a rel=\"noreferrer noopener\" href=\"https:\/\/transparencia.cabocorrientes.gob.mx\/Archivos\/articulo8\/Datos_de_los_Integrantes.docx\" data-type=\"URL\" data-id=\"https:\/\/transparencia.cabocorrientes.gob.mx\/Archivos\/articulo8\/Datos_de_los_Integrantes.docx\" target=\"_blank\">WORD<\/a><\/strong><br>Manual de organizaci\u00f3n 2012-2015  <strong><a rel=\"noreferrer noopener\" href=\"https:\/\/transparencia.cabocorrientes.gob.mx\/Archivos\/articulo8\/Manual-de-organizaci\u00f3n-2012-2015.pdf\" data-type=\"URL\" data-id=\"https:\/\/transparencia.cabocorrientes.gob.mx\/Archivos\/articulo8\/Manual-de-organizaci\u00f3n-2012-2015.pdf\" target=\"_blank\">PDF<\/a><\/strong><br>Reglamento de Seguridad p\u00fablica de Cabo Corrientes <strong><a rel=\"noreferrer noopener\" href=\"https:\/\/transparencia.cabocorrientes.gob.mx\/Archivos\/articulo8\/reglamento_seguridad-publica.pdf\" data-type=\"URL\" data-id=\"https:\/\/transparencia.cabocorrientes.gob.mx\/Archivos\/articulo8\/reglamento_seguridad-publica.pdf\" target=\"_blank\">PDF<\/a><\/strong> \/ <strong><a rel=\"noreferrer noopener\" href=\"https:\/\/transparencia.cabocorrientes.gob.mx\/Archivos\/articulo8\/reglamento_seguridad-publica.docx\" data-type=\"URL\" data-id=\"https:\/\/transparencia.cabocorrientes.gob.mx\/Archivos\/articulo8\/reglamento_seguridad-publica.docx\" target=\"_blank\">WORD<\/a><\/strong><br>Reglamento de mujeres a vida libre de violencia <strong><a rel=\"noreferrer noopener\" href=\"https:\/\/transparencia.cabocorrientes.gob.mx\/Archivos\/articulo8\/Reglamento_de_mujeres_a_vida_libra_de_violencia.PDF\" data-type=\"URL\" data-id=\"https:\/\/transparencia.cabocorrientes.gob.mx\/Archivos\/articulo8\/Reglamento_de_mujeres_a_vida_libra_de_violencia.PDF\" target=\"_blank\">PDF<\/a><\/strong><br>Reglamento org\u00e1nico del Gobierno de Cabo Corrientes <strong><a rel=\"noreferrer noopener\" href=\"https:\/\/transparencia.cabocorrientes.gob.mx\/Archivos\/articulo8\/Reglamento_Organico_del_Gobierno_de_Cabo_Corrientes_Jal..pdf\" data-type=\"URL\" data-id=\"https:\/\/transparencia.cabocorrientes.gob.mx\/Archivos\/articulo8\/Reglamento_Organico_del_Gobierno_de_Cabo_Corrientes_Jal..pdf\" target=\"_blank\">PDF<\/a><\/strong><br>Reglamento interno de las condiciones del trabajo de Cabo Corrientes <strong><a rel=\"noreferrer noopener\" href=\"https:\/\/transparencia.cabocorrientes.gob.mx\/Archivos\/articulo8\/Reglamento-interno-de-las-condiciones-del-trabajo-cabo-corrientes.pdf\" data-type=\"URL\" data-id=\"https:\/\/transparencia.cabocorrientes.gob.mx\/Archivos\/articulo8\/Reglamento-interno-de-las-condiciones-del-trabajo-cabo-corrientes.pdf\" target=\"_blank\">PDF<\/a><\/strong><br>Reglamento para las delegaciones <strong><a rel=\"noreferrer noopener\" href=\"https:\/\/transparencia.cabocorrientes.gob.mx\/Archivos\/articulo8\/Reglamento-para-delegaciones.PDF\" data-type=\"URL\" data-id=\"https:\/\/transparencia.cabocorrientes.gob.mx\/Archivos\/articulo8\/Reglamento-para-delegaciones.PDF\" target=\"_blank\">PDF<\/a><\/strong> Dictamen <strong><a rel=\"noreferrer noopener\" href=\"https:\/\/transparencia.cabocorrientes.gob.mx\/Archivos\/articulo8\/Dictamen_Reglamento_de_la_Administracion_Publica_de_Cabo_Corrientes_Jalisco_2018-2021.pdf\" data-type=\"URL\" data-id=\"https:\/\/transparencia.cabocorrientes.gob.mx\/Archivos\/articulo8\/Dictamen_Reglamento_de_la_Administracion_Publica_de_Cabo_Corrientes_Jalisco_2018-2021.pdf\" target=\"_blank\">PDF<\/a><\/strong> \/ <strong><a rel=\"noreferrer noopener\" href=\"https:\/\/transparencia.cabocorrientes.gob.mx\/Archivos\/articulo8\/Dictamen_Reglamento_de_la_Administracion_Publica_de_Cabo_Corrientes_Jalisco_2018-2021.docx\" data-type=\"URL\" data-id=\"https:\/\/transparencia.cabocorrientes.gob.mx\/Archivos\/articulo8\/Dictamen_Reglamento_de_la_Administracion_Publica_de_Cabo_Corrientes_Jalisco_2018-2021.docx\" target=\"_blank\">WORD<\/a><\/strong><br>Instituto de la Mujer <strong><a rel=\"noreferrer noopener\" href=\"https:\/\/transparencia.cabocorrientes.gob.mx\/Archivos\/articulo8\/REGLAMENTO_DE_ACCESO_DE_LAS_MUJERES_A_UNA_VIDA_LIBRE_DE_VIOLENCIA.pdf\" data-type=\"URL\" data-id=\"https:\/\/transparencia.cabocorrientes.gob.mx\/Archivos\/articulo8\/REGLAMENTO_DE_ACCESO_DE_LAS_MUJERES_A_UNA_VIDA_LIBRE_DE_VIOLENCIA.pdf\" target=\"_blank\">PDF<\/a><\/strong> \/ <strong><a rel=\"noreferrer noopener\" href=\"https:\/\/transparencia.cabocorrientes.gob.mx\/Archivos\/articulo8\/REGLAMENTO_DE_ACCESO_DE_LAS_MUJERES_A_UNA_VIDA_LIBRE_DE_VIOLENCIA.docx\" data-type=\"URL\" data-id=\"https:\/\/transparencia.cabocorrientes.gob.mx\/Archivos\/articulo8\/REGLAMENTO_DE_ACCESO_DE_LAS_MUJERES_A_UNA_VIDA_LIBRE_DE_VIOLENCIA.docx\" target=\"_blank\">WORD<\/a><\/strong><\/p>\n\n\n\n<div class=\"wp-block-buttons is-content-justification-center is-layout-flex wp-block-buttons-is-layout-flex\"><\/div>\n\n\n\n<p><\/p>\n","protected":false},"excerpt":{"rendered":"<p>Acta de integraci\u00f3n del comit\u00e9 de clasificaci\u00f3n de la Unidad de Trasparencia PDF \/ WORD \/ Integrantes PDF \/ WORDManual de organizaci\u00f3n 2012-2015 PDFReglamento de Seguridad p\u00fablica de Cabo Corrientes PDF \/ WORDReglamento de mujeres a vida libre de violencia PDFReglamento org\u00e1nico del Gobierno de Cabo Corrientes PDFReglamento interno de las condiciones del trabajo de &hellip; <\/p>\n<p class=\"link-more\"><a href=\"https:\/\/transparencia.cabocorrientes.gob.mx\/?page_id=1673\" class=\"more-link\">Continue reading<span class=\"screen-reader-text\"> \u00abLos dem\u00e1s instrumentos normativos internos aplicables\u00bb<\/span><\/a><\/p>\n","protected":false},"author":1,"featured_media":0,"parent":0,"menu_order":0,"comment_status":"closed","ping_status":"closed","template":"","meta":{"_coblocks_attr":"","_coblocks_dimensions":"","_coblocks_responsive_height":"","_coblocks_accordion_ie_support":"","_regular_price":[],"currency_symbol":[],"footnotes":""},"class_list":["post-1673","page","type-page","status-publish","hentry"],"post_slider_layout_featured_media_urls":{"thumbnail":"","post_slider_layout_landscape_large":"","post_slider_layout_portrait_large":"","post_slider_layout_square_large":"","post_slider_layout_landscape":"","post_slider_layout_portrait":"","post_slider_layout_square":"","full":""},"_links":{"self":[{"href":"https:\/\/transparencia.cabocorrientes.gob.mx\/index.php?rest_route=\/wp\/v2\/pages\/1673","targetHints":{"allow":["GET"]}}],"collection":[{"href":"https:\/\/transparencia.cabocorrientes.gob.mx\/index.php?rest_route=\/wp\/v2\/pages"}],"about":[{"href":"https:\/\/transparencia.cabocorrientes.gob.mx\/index.php?rest_route=\/wp\/v2\/types\/page"}],"author":[{"embeddable":true,"href":"https:\/\/transparencia.cabocorrientes.gob.mx\/index.php?rest_route=\/wp\/v2\/users\/1"}],"replies":[{"embeddable":true,"href":"https:\/\/transparencia.cabocorrientes.gob.mx\/index.php?rest_route=%2Fwp%2Fv2%2Fcomments&post=1673"}],"version-history":[{"count":61,"href":"https:\/\/transparencia.cabocorrientes.gob.mx\/index.php?rest_route=\/wp\/v2\/pages\/1673\/revisions"}],"predecessor-version":[{"id":13969,"href":"https:\/\/transparencia.cabocorrientes.gob.mx\/index.php?rest_route=\/wp\/v2\/pages\/1673\/revisions\/13969"}],"wp:attachment":[{"href":"https:\/\/transparencia.cabocorrientes.gob.mx\/index.php?rest_route=%2Fwp%2Fv2%2Fmedia&parent=1673"}],"curies":[{"name":"wp","href":"https:\/\/api.w.org\/{rel}","templated":true}]}}