{"id":1658,"date":"2022-03-30T17:56:02","date_gmt":"2022-03-30T17:56:02","guid":{"rendered":"https:\/\/transparencia.cabocorrientes.gob.mx\/?page_id=1658"},"modified":"2025-05-17T05:19:41","modified_gmt":"2025-05-17T05:19:41","slug":"los-indicadores-que-permitan-rendir-cuenta-de-sus-objetivos-y-resultados","status":"publish","type":"page","link":"https:\/\/transparencia.cabocorrientes.gob.mx\/?page_id=1658","title":{"rendered":"Los indicadores que permitan rendir cuenta de sus objetivos y resultados"},"content":{"rendered":"\n<div class=\"wp-block-columns is-layout-flex wp-container-core-columns-is-layout-9d6595d7 wp-block-columns-is-layout-flex\">\n<div class=\"wp-block-column is-layout-flow wp-block-column-is-layout-flow\"><\/div>\n<\/div>\n\n\n\n<p><\/p>\n\n\n\n<p><strong>CIMTRA24_VdeV-Indicadores 2019<\/strong> <strong><a href=\"https:\/\/transparencia.cabocorrientes.gob.mx\/Archivos\/articulo8\/CIMTRA24_VdeV-Indicadores_2019_0.xlsx\" data-type=\"URL\" data-id=\"https:\/\/transparencia.cabocorrientes.gob.mx\/Archivos\/articulo8\/CIMTRA24_VdeV-Indicadores_2019_0.xlsx\" target=\"_blank\">EXCEL<\/a><\/strong><br><strong>CIMTRA24_VdeV-Indiicadores Cuerpo edilicio<\/strong> <strong><a rel=\"noreferrer noopener\" href=\"https:\/\/transparencia.cabocorrientes.gob.mx\/Archivos\/articulo8\/CIMTRA24_VdeV-Indiicadores_Cuerpo_edilicio.xlsx\" data-type=\"URL\" data-id=\"https:\/\/transparencia.cabocorrientes.gob.mx\/Archivos\/articulo8\/CIMTRA24_VdeV-Indiicadores_Cuerpo_edilicio.xlsx\" target=\"_blank\">EXCEL<\/a><\/strong><\/p>\n\n\n\n<p><\/p>\n\n\n\n<ol class=\"wp-block-list\"><li>\u00c1rea;<\/li><li>Denominaci\u00f3n del programa;<\/li><li>Periodo de vigencia;<\/li><li>Dise\u00f1o, objetivos y alcances;<\/li><li>Metas f\u00edsicas;<\/li><li>Poblaci\u00f3n beneficiada estimada;<\/li><li>Monto aprobado, modificado y ejercido, as\u00ed como los calendarios de su programaci\u00f3n presupuestal;<\/li><li>Requisitos y procedimientos de acceso;<\/li><li>Procedimientos de queja o inconformidad ciudadana;<\/li><li>Mecanismos de exigibilidad;<\/li><li>Mecanismos de evaluaci\u00f3n y seguimiento de recomendaciones;<\/li><li>Indicadores con nombre, definici\u00f3n, m\u00e9todo de c\u00e1lculo, unidad de medida, dimensi\u00f3n, frecuencia de medici\u00f3n, nombre de las nases de datos utilizadas para su c\u00e1lculo;<\/li><li>Formas de participaci\u00f3n social;<\/li><li>Articulaci\u00f3n con otros programas sociales;<\/li><li>V\u00ednculo a las reglas de operaci\u00f3n o documento equivalente;<\/li><li>Informes peri\u00f3dicos sobre la ejecuci\u00f3n y los resultados de las evaluaciones realizadas;<\/li><li>Padr\u00f3n de beneficiarios, mismo que deber\u00e1 contener nombre de la persona f\u00edsica o denominaci\u00f3n social de las personas jur\u00eddicas beneficiarias, el monto, recurso, beneficio o apoyo otorgado para cada una de ellas, unidad territorial, edad y sexo; y<\/li><li>Adem\u00e1s de lo se\u00f1alado en los numerales anteriores, en el caso de donaciones , est\u00edmulos y apoyos hechos a terceros en dinero o en especie, otorgados por el sujeto obligado, se deber\u00e1 se\u00f1alar el concepto o nombre del donativo, est\u00edmulo o apoyo, monto, nombre del beneficiario, temporalidad, criterios para otorgarlo, as\u00ed como el acta de minuta u oficio de aprobaci\u00f3n;<\/li><\/ol>\n\n\n\n<p><\/p>\n\n\n\n<div class=\"wp-block-buttons is-content-justification-center is-layout-flex wp-block-buttons-is-layout-flex\"><\/div>\n\n\n\n<p><\/p>\n","protected":false},"excerpt":{"rendered":"<p>CIMTRA24_VdeV-Indicadores 2019 EXCELCIMTRA24_VdeV-Indiicadores Cuerpo edilicio EXCEL \u00c1rea; Denominaci\u00f3n del programa; Periodo de vigencia; Dise\u00f1o, objetivos y alcances; Metas f\u00edsicas; Poblaci\u00f3n beneficiada estimada; Monto aprobado, modificado y ejercido, as\u00ed como los calendarios de su programaci\u00f3n presupuestal; Requisitos y procedimientos de acceso; Procedimientos de queja o inconformidad ciudadana; Mecanismos de exigibilidad; Mecanismos de evaluaci\u00f3n y seguimiento de &hellip; <\/p>\n<p class=\"link-more\"><a href=\"https:\/\/transparencia.cabocorrientes.gob.mx\/?page_id=1658\" class=\"more-link\">Continue reading<span class=\"screen-reader-text\"> \u00abLos indicadores que permitan rendir cuenta de sus objetivos y resultados\u00bb<\/span><\/a><\/p>\n","protected":false},"author":1,"featured_media":0,"parent":0,"menu_order":0,"comment_status":"closed","ping_status":"closed","template":"","meta":{"_coblocks_attr":"","_coblocks_dimensions":"","_coblocks_responsive_height":"","_coblocks_accordion_ie_support":"","_regular_price":[],"currency_symbol":[],"footnotes":""},"class_list":["post-1658","page","type-page","status-publish","hentry"],"post_slider_layout_featured_media_urls":{"thumbnail":"","post_slider_layout_landscape_large":"","post_slider_layout_portrait_large":"","post_slider_layout_square_large":"","post_slider_layout_landscape":"","post_slider_layout_portrait":"","post_slider_layout_square":"","full":""},"_links":{"self":[{"href":"https:\/\/transparencia.cabocorrientes.gob.mx\/index.php?rest_route=\/wp\/v2\/pages\/1658","targetHints":{"allow":["GET"]}}],"collection":[{"href":"https:\/\/transparencia.cabocorrientes.gob.mx\/index.php?rest_route=\/wp\/v2\/pages"}],"about":[{"href":"https:\/\/transparencia.cabocorrientes.gob.mx\/index.php?rest_route=\/wp\/v2\/types\/page"}],"author":[{"embeddable":true,"href":"https:\/\/transparencia.cabocorrientes.gob.mx\/index.php?rest_route=\/wp\/v2\/users\/1"}],"replies":[{"embeddable":true,"href":"https:\/\/transparencia.cabocorrientes.gob.mx\/index.php?rest_route=%2Fwp%2Fv2%2Fcomments&post=1658"}],"version-history":[{"count":10,"href":"https:\/\/transparencia.cabocorrientes.gob.mx\/index.php?rest_route=\/wp\/v2\/pages\/1658\/revisions"}],"predecessor-version":[{"id":13963,"href":"https:\/\/transparencia.cabocorrientes.gob.mx\/index.php?rest_route=\/wp\/v2\/pages\/1658\/revisions\/13963"}],"wp:attachment":[{"href":"https:\/\/transparencia.cabocorrientes.gob.mx\/index.php?rest_route=%2Fwp%2Fv2%2Fmedia&parent=1658"}],"curies":[{"name":"wp","href":"https:\/\/api.w.org\/{rel}","templated":true}]}}