{"id":1515,"date":"2022-03-28T19:30:43","date_gmt":"2022-03-28T19:30:43","guid":{"rendered":"https:\/\/transparencia.cabocorrientes.gob.mx\/?page_id=1515"},"modified":"2025-05-21T18:06:17","modified_gmt":"2025-05-21T18:06:17","slug":"sesione-de-cabildo-2022","status":"publish","type":"page","link":"https:\/\/transparencia.cabocorrientes.gob.mx\/?page_id=1515","title":{"rendered":"Sesiones de Cabildo 2022"},"content":{"rendered":"<h5><strong>Sesi\u00f3n Ordinaria 10 de Febrero<\/strong><\/h5>\n<p>Sesi\u00f3n ordinaria 10 de febrero <strong><a href=\"https:\/\/transparencia.cabocorrientes.gob.mx\/Archivos\/articulo8\/Acta_archivo_pdf-firmas2022.pdf\">PDF <\/a>\/ <a href=\"https:\/\/transparencia.cabocorrientes.gob.mx\/Archivos\/articulo8\/Acta_archivo_datos_abiertos2022.docx\" target=\"_blank\" rel=\"noreferrer noopener\">WORD<\/a><\/strong><br \/>\nConvocatoria archivo datos abiertos <strong><a href=\"https:\/\/transparencia.cabocorrientes.gob.mx\/Archivos\/articulo8\/Convocatoria_archivo_datos_abiertos2022.docx\" target=\"_blank\" rel=\"noreferrer noopener\">WORD<\/a><\/strong><\/p>\n<h5><strong>Sesi\u00f3n Ordinaria 17 de Febrero<\/strong><\/h5>\n<p>Sesi\u00f3n ordinaria 17 de febrero <strong><a href=\"https:\/\/transparencia.cabocorrientes.gob.mx\/Archivos\/articulo8\/Acta_archivo_datos_abiertos-FEB.docx\" target=\"_blank\" rel=\"noreferrer noopener\">WORD<\/a><\/strong><br \/>\nConvocatoria archivo datos abierto <strong><a href=\"https:\/\/transparencia.cabocorrientes.gob.mx\/Archivos\/articulo8\/Convocatoria_archivo_datos_abierto-FEB.docx\">WORD<\/a><\/strong><\/p>\n<h5><strong>Sesi\u00f3n Ordinaria 17 de Febrero<\/strong><\/h5>\n<p><a href=\"https:\/\/www.facebook.com\/100069351663685\/videos\/1248566642630838\" target=\"_blank\" rel=\"noopener\">Transmisi\u00f3n en vivo 17 de febrero<\/a><\/p>\n<h5><strong>Sesi\u00f3n Ordinaria 07 Abril<\/strong><\/h5>\n<p><a href=\"https:\/\/www.facebook.com\/100069351663685\/videos\/2481618011972558\" target=\"_blank\" rel=\"noopener\">Transmisi\u00f3n en vivo 07 de abril<\/a><\/p>\n<h5><strong>Sesi\u00f3n Ordinaria 18 de Mayo<\/strong><\/h5>\n<p><a href=\"https:\/\/www.facebook.com\/100069351663685\/videos\/787768925538979\" target=\"_blank\" rel=\"noopener\">Transmisi\u00f3n en vivo 18 de mayo<\/a><\/p>\n<h5><strong>Sesi\u00f3n Ordinaria 17 de Junio<\/strong><\/h5>\n<p><a href=\"https:\/\/www.facebook.com\/100069351663685\/videos\/1632905460429612\" target=\"_blank\" rel=\"noopener\">Transmisi\u00f3n en vivo 17 de junio<\/a><\/p>\n<h5><strong>Sesi\u00f3n Ordinaria 15 de Agosto<\/strong><\/h5>\n<p>Sesi\u00f3n Ordinaria 15 Agosto 2022 <strong> <a href=\"https:\/\/transparencia.cabocorrientes.gob.mx\/Archivos\/articulo8\/ORDEN_DEL_DIA_SESION_15_AGOSTO_2022.docx\">WORD<\/a> \/\u00a0<\/strong><strong><a href=\"https:\/\/transparencia.cabocorrientes.gob.mx\/Archivos\/articulo8\/SESION_ORDINARIA_15_AGO_2022.pdf\">PDF <\/a>\u00a0\/ <a href=\"https:\/\/transparencia.cabocorrientes.gob.mx\/Archivos\/articulo8\/SESI\u00d3N_ORDINARIA_15_AGOSTO_2022.docx\">WORD<\/a><\/strong><br \/>\n<a href=\"https:\/\/www.facebook.com\/watch\/live\/?ref=watch_permalink&amp;v=381672070802010\" target=\"_blank\" rel=\"noopener\">Transmisi\u00f3n en vivo 15 de Agosto<\/a><\/p>\n<h5><strong>Sesi\u00f3n Ordinaria 25 de Agosto<\/strong><\/h5>\n<p>Sesi\u00f3n Ordinaria 25 Agosto 2022 <strong> <a href=\"https:\/\/transparencia.cabocorrientes.gob.mx\/Archivos\/articulo8\/ORDEN_DEL_DIA_SESION_EXTRAOR_25_AGO_2022.docx\">WORD<\/a> \/\u00a0<\/strong><strong><a href=\"https:\/\/transparencia.cabocorrientes.gob.mx\/Archivos\/articulo8\/SESION_EXTRAOR_25_AGOSTO_2022.pdf\">PDF <\/a>\u00a0\/ <a href=\"https:\/\/transparencia.cabocorrientes.gob.mx\/Archivos\/articulo8\/SESI\u00d3N_EXTRAORDINARIA_25_AGOS_2022.docx\">WORD<\/a><\/strong><\/p>\n<h5><strong>Sesi\u00f3n Ordinaria 02 de Septiembre<\/strong><\/h5>\n<p>Sesi\u00f3n Ordinaria 02 Septiembre 2022 <strong> <a href=\"https:\/\/transparencia.cabocorrientes.gob.mx\/Archivos\/articulo8\/ORDEN_DEL_DIA_SESION_02_SEP_2022.docx\">WORD<\/a> \/\u00a0<\/strong><strong><a href=\"https:\/\/transparencia.cabocorrientes.gob.mx\/Archivos\/articulo8\/SESION_ORDINARIA_02_SEP_2022.pdf\">PDF <\/a>\u00a0\/ <a href=\"https:\/\/transparencia.cabocorrientes.gob.mx\/Archivos\/articulo8\/SESI\u00d3N_ORDINARIA_02_DE_SEPTIEMBRE_2022.docx\">WORD<\/a><\/strong><\/p>\n<h5><strong>Sesi\u00f3n Ordinaria 05 de Septiembre<\/strong><\/h5>\n<p>Sesi\u00f3n Ordinaria 05 Septiembre 2022 <strong> <a href=\"https:\/\/transparencia.cabocorrientes.gob.mx\/Archivos\/articulo8\/ORDEN_DEL_DIA_SESION_05_SEP_2022.docx\">WORD<\/a> \/\u00a0<\/strong><strong><a href=\"https:\/\/transparencia.cabocorrientes.gob.mx\/Archivos\/articulo8\/SESION_EXTRAOR__05_SEP_2022.pdf\">PDF <\/a>\u00a0\/ <a href=\"https:\/\/transparencia.cabocorrientes.gob.mx\/Archivos\/articulo8\/SESION_EXRAORDINARIA_05_SEP_2022.docx\">WORD<\/a><\/strong><\/p>\n<h5><strong>Sesi\u00f3n Ordinaria 23 Septiembre<\/strong><\/h5>\n<p>Sesi\u00f3n Ordinaria 23 Septiembre 2022 <strong> <a href=\"https:\/\/transparencia.cabocorrientes.gob.mx\/Archivos\/articulo8\/ORDEN_DEL_DIA_SESION_23_SEPTIEMBRE_2022.docx\">WORD<\/a> \/\u00a0<\/strong><strong><a href=\"https:\/\/transparencia.cabocorrientes.gob.mx\/Archivos\/articulo8\/SESION_ORDINARIA_23_SEP_2022.pdf\">PDF <\/a>\u00a0\/ <a href=\"https:\/\/transparencia.cabocorrientes.gob.mx\/Archivos\/articulo8\/SESION_ORDINARIA_23_SEP_2022.docx\">WORD<\/a><\/strong><\/p>\n<h5><strong>Sesi\u00f3n Ordinaria 23 de Septiembre<\/strong><\/h5>\n<p><a href=\"https:\/\/www.facebook.com\/100069351663685\/videos\/835010937915541\" target=\"_blank\" rel=\"noopener\">Transmisi\u00f3n en vivo 23 de Septiembre<\/a><\/p>\n<h5><strong>Sesi\u00f3n Ordinaria 31 de Octubre<\/strong><\/h5>\n<p><a href=\"https:\/\/www.facebook.com\/100069351663685\/videos\/874893683924265\" target=\"_blank\" rel=\"noopener\">Transmisi\u00f3n en vivo 31 de octubre<\/a><\/p>\n<h5><strong>Sesi\u00f3n Ordinaria 15 de Noviembre<\/strong><\/h5>\n<p>Sesi\u00f3n Ordinaria 15 de Noviembre 2022 <strong> <a href=\"https:\/\/transparencia.cabocorrientes.gob.mx\/Archivos\/articulo8\/ORDEN_DEL_DIA_15_NOV_2022_1.docx\">WORD<\/a> \/\u00a0<\/strong><strong><a href=\"https:\/\/transparencia.cabocorrientes.gob.mx\/Archivos\/articulo8\/SESION_ORDINARIA_15_-NOV_22_(1).pdf\">PDF <\/a>\u00a0\/ <a href=\"https:\/\/transparencia.cabocorrientes.gob.mx\/Archivos\/articulo8\/SESION_ORDINARIA_15_NOV_2022_1.docx\">WORD<\/a><\/strong><br \/>\nSesi\u00f3n Ordinaria 15 de Noviembre II 2022 <strong> <a href=\"https:\/\/transparencia.cabocorrientes.gob.mx\/Archivos\/articulo8\/ORDEN_DEL_DIA_15_NOV_2022_2.docx\">WORD<\/a> \/\u00a0<\/strong><strong><a href=\"https:\/\/transparencia.cabocorrientes.gob.mx\/Archivos\/articulo8\/SESION_ORDINARIA_15_NOV_2022.pdf\">PDF <\/a>\u00a0\/ <a href=\"https:\/\/transparencia.cabocorrientes.gob.mx\/Archivos\/articulo8\/SESION_ORDINARIA_15_NOV_2022.docx\">WORD<\/a><\/strong><\/p>\n<h5><strong>Sesi\u00f3n Ordinaria 30 de Noviembre<\/strong><\/h5>\n<p>Sesi\u00f3n Ordinaria 30 de Noviembre 2022 <strong> <a href=\"https:\/\/transparencia.cabocorrientes.gob.mx\/Archivos\/articulo8\/ORDEN_DEL_DIA_SESION_30_NOV_2022.docx\">WORD<\/a> \/\u00a0<\/strong><strong><a href=\"https:\/\/transparencia.cabocorrientes.gob.mx\/Archivos\/articulo8\/SESION_ORDINARIA_30_NOV_2022.pdf\">PDF <\/a>\u00a0\/ <a href=\"https:\/\/transparencia.cabocorrientes.gob.mx\/Archivos\/articulo8\/SESION_ORDINARIA_30_DE_NOV_2022.docx\">WORD<\/a><\/strong><\/p>\n<h5><strong>Sesi\u00f3n Ordinaria 14 de Diciembre<\/strong><\/h5>\n<p>Sesi\u00f3n Ordinaria 14 de Diciembre 2022 <strong> <a href=\"https:\/\/transparencia.cabocorrientes.gob.mx\/Archivos\/articulo8\/ORDEN_DEL_DIA_SESION_14_DIC_2022.docx\">WORD<\/a> \/\u00a0<\/strong><strong><a href=\"https:\/\/transparencia.cabocorrientes.gob.mx\/Archivos\/articulo8\/SESION_ORDINARIA_14_DIC_2022.pdf\">PDF <\/a>\u00a0\/ <a href=\"https:\/\/transparencia.cabocorrientes.gob.mx\/Archivos\/articulo8\/SESION_ORDINARIA_14_DIC_2022.docx\">WORD<\/a><\/strong><\/p>\n<h5><strong>Sesi\u00f3n Ordinaria 15 Diciembre<\/strong><\/h5>\n<p>Sesi\u00f3n Ordinaria 15 de Diciembre 2022 <strong> <a href=\"https:\/\/transparencia.cabocorrientes.gob.mx\/Archivos\/articulo8\/ORDEN_DEL_DIA_SESION_14_DIC_2022.docx\">WORD<\/a> \/\u00a0<\/strong><strong><a href=\"https:\/\/transparencia.cabocorrientes.gob.mx\/Archivos\/articulo8\/SESION_ORDINARIA_14_DIC_2022.pdf\">PDF <\/a>\u00a0\/ <a href=\"https:\/\/transparencia.cabocorrientes.gob.mx\/Archivos\/articulo8\/SESION_ORDINARIA_14_DIC_2022.docx\">WORD<\/a><\/strong><\/p>\n","protected":false},"excerpt":{"rendered":"<p>Sesi\u00f3n Ordinaria 10 de Febrero Sesi\u00f3n ordinaria 10 de febrero PDF \/ WORD Convocatoria archivo datos abiertos WORD Sesi\u00f3n Ordinaria 17 de Febrero Sesi\u00f3n ordinaria 17 de febrero WORD Convocatoria archivo datos abierto WORD Sesi\u00f3n Ordinaria 17 de Febrero Transmisi\u00f3n en vivo 17 de febrero Sesi\u00f3n Ordinaria 07 Abril Transmisi\u00f3n en vivo 07 de abril &hellip; <\/p>\n<p class=\"link-more\"><a href=\"https:\/\/transparencia.cabocorrientes.gob.mx\/?page_id=1515\" class=\"more-link\">Continue reading<span class=\"screen-reader-text\"> \u00abSesiones de Cabildo 2022\u00bb<\/span><\/a><\/p>\n","protected":false},"author":4,"featured_media":0,"parent":0,"menu_order":0,"comment_status":"closed","ping_status":"closed","template":"","meta":{"_coblocks_attr":"","_coblocks_dimensions":"","_coblocks_responsive_height":"","_coblocks_accordion_ie_support":"","_regular_price":[],"currency_symbol":[],"footnotes":""},"class_list":["post-1515","page","type-page","status-publish","hentry"],"post_slider_layout_featured_media_urls":{"thumbnail":"","post_slider_layout_landscape_large":"","post_slider_layout_portrait_large":"","post_slider_layout_square_large":"","post_slider_layout_landscape":"","post_slider_layout_portrait":"","post_slider_layout_square":"","full":""},"_links":{"self":[{"href":"https:\/\/transparencia.cabocorrientes.gob.mx\/index.php?rest_route=\/wp\/v2\/pages\/1515","targetHints":{"allow":["GET"]}}],"collection":[{"href":"https:\/\/transparencia.cabocorrientes.gob.mx\/index.php?rest_route=\/wp\/v2\/pages"}],"about":[{"href":"https:\/\/transparencia.cabocorrientes.gob.mx\/index.php?rest_route=\/wp\/v2\/types\/page"}],"author":[{"embeddable":true,"href":"https:\/\/transparencia.cabocorrientes.gob.mx\/index.php?rest_route=\/wp\/v2\/users\/4"}],"replies":[{"embeddable":true,"href":"https:\/\/transparencia.cabocorrientes.gob.mx\/index.php?rest_route=%2Fwp%2Fv2%2Fcomments&post=1515"}],"version-history":[{"count":65,"href":"https:\/\/transparencia.cabocorrientes.gob.mx\/index.php?rest_route=\/wp\/v2\/pages\/1515\/revisions"}],"predecessor-version":[{"id":14120,"href":"https:\/\/transparencia.cabocorrientes.gob.mx\/index.php?rest_route=\/wp\/v2\/pages\/1515\/revisions\/14120"}],"wp:attachment":[{"href":"https:\/\/transparencia.cabocorrientes.gob.mx\/index.php?rest_route=%2Fwp%2Fv2%2Fmedia&parent=1515"}],"curies":[{"name":"wp","href":"https:\/\/api.w.org\/{rel}","templated":true}]}}