{"id":1371,"date":"2022-03-23T16:03:38","date_gmt":"2022-03-23T16:03:38","guid":{"rendered":"https:\/\/transparencia.cabocorrientes.gob.mx\/?page_id=1371"},"modified":"2022-04-05T18:50:35","modified_gmt":"2022-04-05T18:50:35","slug":"el-lugar-dia-y-hora-de-las-todas-las-reuniones-o-sesiones-de-sus-organos-colegiados-junto-con-el-orden-del-dia-y-una-relacion-detalladas-de-los-asuntos-a-tratar-asi-como-la-indicacion-del-lugar-y-f","status":"publish","type":"page","link":"https:\/\/transparencia.cabocorrientes.gob.mx\/?page_id=1371","title":{"rendered":"El lugar, d\u00eda y hora de las todas las reuniones o sesiones de sus \u00f3rganos colegiados"},"content":{"rendered":"\n<p><strong>Junto con el orden del d\u00eda y una relaci\u00f3n detalladas de los asuntos a tratar, as\u00ed como la indicaci\u00f3n del lugar y forma en que se pueda consultar los documentos p\u00fablicos relativos, con cuando menos veinticuatro horas anteriores a la celebraci\u00f3n de dicha reuni\u00f3n o sesi\u00f3n<\/strong><\/p>\n\n\n\n<div class=\"wp-block-columns is-layout-flex wp-container-core-columns-is-layout-9d6595d7 wp-block-columns-is-layout-flex\">\n<div class=\"wp-block-column is-layout-flow wp-block-column-is-layout-flow\"><\/div>\n<\/div>\n\n\n\n<h6 class=\"wp-block-heading\"><strong><a href=\"https:\/\/transparencia.cabocorrientes.gob.mx\/?page_id=1402\" data-type=\"URL\" data-id=\"https:\/\/transparencia.cabocorrientes.gob.mx\/?page_id=1402\">Sesiones de Cabildo<\/a><\/strong><\/h6>\n\n\n\n<h6 class=\"wp-block-heading\"><strong>Sesiones de Comisiones Edilicias<\/strong><\/h6>\n\n\n\n<h6 class=\"wp-block-heading\"><strong>Sesiones del Comit\u00e9 de Trasnsparencia<\/strong><\/h6>\n\n\n\n<p><\/p>\n\n\n\n<div class=\"wp-block-buttons is-content-justification-center is-layout-flex wp-block-buttons-is-layout-flex\"><\/div>\n\n\n\n<p><\/p>\n","protected":false},"excerpt":{"rendered":"<p>Junto con el orden del d\u00eda y una relaci\u00f3n detalladas de los asuntos a tratar, as\u00ed como la indicaci\u00f3n del lugar y forma en que se pueda consultar los documentos p\u00fablicos relativos, con cuando menos veinticuatro horas anteriores a la celebraci\u00f3n de dicha reuni\u00f3n o sesi\u00f3n Sesiones de Cabildo Sesiones de Comisiones Edilicias Sesiones del &hellip; <\/p>\n<p class=\"link-more\"><a href=\"https:\/\/transparencia.cabocorrientes.gob.mx\/?page_id=1371\" class=\"more-link\">Continue reading<span class=\"screen-reader-text\"> \u00abEl lugar, d\u00eda y hora de las todas las reuniones o sesiones de sus \u00f3rganos colegiados\u00bb<\/span><\/a><\/p>\n","protected":false},"author":1,"featured_media":0,"parent":0,"menu_order":0,"comment_status":"closed","ping_status":"closed","template":"","meta":{"_coblocks_attr":"","_coblocks_dimensions":"","_coblocks_responsive_height":"","_coblocks_accordion_ie_support":"","_regular_price":[],"currency_symbol":[],"footnotes":""},"class_list":["post-1371","page","type-page","status-publish","hentry"],"post_slider_layout_featured_media_urls":{"thumbnail":"","post_slider_layout_landscape_large":"","post_slider_layout_portrait_large":"","post_slider_layout_square_large":"","post_slider_layout_landscape":"","post_slider_layout_portrait":"","post_slider_layout_square":"","full":""},"_links":{"self":[{"href":"https:\/\/transparencia.cabocorrientes.gob.mx\/index.php?rest_route=\/wp\/v2\/pages\/1371","targetHints":{"allow":["GET"]}}],"collection":[{"href":"https:\/\/transparencia.cabocorrientes.gob.mx\/index.php?rest_route=\/wp\/v2\/pages"}],"about":[{"href":"https:\/\/transparencia.cabocorrientes.gob.mx\/index.php?rest_route=\/wp\/v2\/types\/page"}],"author":[{"embeddable":true,"href":"https:\/\/transparencia.cabocorrientes.gob.mx\/index.php?rest_route=\/wp\/v2\/users\/1"}],"replies":[{"embeddable":true,"href":"https:\/\/transparencia.cabocorrientes.gob.mx\/index.php?rest_route=%2Fwp%2Fv2%2Fcomments&post=1371"}],"version-history":[{"count":16,"href":"https:\/\/transparencia.cabocorrientes.gob.mx\/index.php?rest_route=\/wp\/v2\/pages\/1371\/revisions"}],"predecessor-version":[{"id":1571,"href":"https:\/\/transparencia.cabocorrientes.gob.mx\/index.php?rest_route=\/wp\/v2\/pages\/1371\/revisions\/1571"}],"wp:attachment":[{"href":"https:\/\/transparencia.cabocorrientes.gob.mx\/index.php?rest_route=%2Fwp%2Fv2%2Fmedia&parent=1371"}],"curies":[{"name":"wp","href":"https:\/\/api.w.org\/{rel}","templated":true}]}}