{"id":13378,"date":"2025-02-12T18:24:50","date_gmt":"2025-02-12T18:24:50","guid":{"rendered":"https:\/\/transparencia.cabocorrientes.gob.mx\/?page_id=13378"},"modified":"2025-05-20T01:02:31","modified_gmt":"2025-05-20T01:02:31","slug":"el-libro-de-las-actas-de-las-sesiones","status":"publish","type":"page","link":"https:\/\/transparencia.cabocorrientes.gob.mx\/?page_id=13378","title":{"rendered":"El libro de las actas de las sesiones"},"content":{"rendered":"<p>del ayuntamiento, las actas de las Comisiones edilicias, as\u00ed como las actas de los Consejos Ciudadanos Municipales, con excepci\u00f3n de las reservadas;<\/p>\n\n\n<div class=\"wp-block-columns is-layout-flex wp-container-core-columns-is-layout-9d6595d7 wp-block-columns-is-layout-flex\">\n<div class=\"wp-block-column is-layout-flow wp-block-column-is-layout-flow\"><\/div>\n<\/div>\n\n\n\nSesi\u00f3n Ordinaria 01 Octubre 2024 <strong><a href=\"https:\/\/transparencia.cabocorrientes.gob.mx\/Archivos\/articulo8\/Sesi\u00f3n_Ordinaria_01_Octubre_2024.pdf\" target=\"_blank\" rel=\"noopener\" data-wplink-url-error=\"true\">PDF<\/a><\/strong><br>\n\n\nSesi\u00f3n Ordinaria 15 Octubre 2024 <strong><a href=\"https:\/\/transparencia.cabocorrientes.gob.mx\/Archivos\/articulo8\/Sesi\u00f3n_Ordinaria_15_Octubre_2024.pdf\" target=\"_blank\" rel=\"noopener\" data-wplink-url-error=\"true\">PDF<\/a><\/strong><br>\n\n\nSesi\u00f3n Ordinaria 14 Noviembre 2024 <strong><a href=\"https:\/\/transparencia.cabocorrientes.gob.mx\/Archivos\/articulo8\/Sesi\u00f3n_Ordinaria_14_Noviembre_2024.pdf\" target=\"_blank\" rel=\"noopener\" data-wplink-url-error=\"true\">PDF<\/a><\/strong><br>\n\n\nSesi\u00f3n Extraordinaria 14 Noviembre 2024 <strong><a href=\"https:\/\/transparencia.cabocorrientes.gob.mx\/Archivos\/articulo8\/Sesi\u00f3n_Extraordinaria_14_Noviembre_2024.pdf\" target=\"_blank\" rel=\"noopener\" data-wplink-url-error=\"true\">PDF<\/a><\/strong><br>\n\n\nSesi\u00f3n Ordinaria 22 de Diciembre 2024 <strong><a href=\"https:\/\/transparencia.cabocorrientes.gob.mx\/Archivos\/articulo8\/Sesi\u00f3n_Ordinaria_22_de_Diciembre_2024.pdf\" target=\"_blank\" rel=\"noopener\" data-wplink-url-error=\"true\">PDF<\/a><\/strong><br>\n\n\n<p>Sesion Extraordinaria Diciembre 2024, Aprobaci\u00f3n Egreso 2025 <strong><a href=\"https:\/\/transparencia.cabocorrientes.gob.mx\/Archivos\/articulo8\/Sesion_Extraordinaria_Diciembre_2024,_Aprobaci\u00f3n_Egreso_2025.pdf\" target=\"_blank\" rel=\"noopener\" data-wplink-url-error=\"true\">PDF<\/a><\/strong><br><\/p>\n","protected":false},"excerpt":{"rendered":"<p>del ayuntamiento, las actas de las Comisiones edilicias, as\u00ed como las actas de los Consejos Ciudadanos Municipales, con excepci\u00f3n de las reservadas; Sesi\u00f3n Ordinaria 01 Octubre 2024 PDF Sesi\u00f3n Ordinaria 15 Octubre 2024 PDF Sesi\u00f3n Ordinaria 14 Noviembre 2024 PDF Sesi\u00f3n Extraordinaria 14 Noviembre 2024 PDF Sesi\u00f3n Ordinaria 22 de Diciembre 2024 PDF Sesion Extraordinaria &hellip; <\/p>\n<p class=\"link-more\"><a href=\"https:\/\/transparencia.cabocorrientes.gob.mx\/?page_id=13378\" class=\"more-link\">Continue reading<span class=\"screen-reader-text\"> \u00abEl libro de las actas de las sesiones\u00bb<\/span><\/a><\/p>\n","protected":false},"author":1,"featured_media":0,"parent":0,"menu_order":0,"comment_status":"closed","ping_status":"closed","template":"","meta":{"_coblocks_attr":"","_coblocks_dimensions":"","_coblocks_responsive_height":"","_coblocks_accordion_ie_support":"","_regular_price":[],"currency_symbol":[],"footnotes":""},"class_list":["post-13378","page","type-page","status-publish","hentry"],"post_slider_layout_featured_media_urls":{"thumbnail":"","post_slider_layout_landscape_large":"","post_slider_layout_portrait_large":"","post_slider_layout_square_large":"","post_slider_layout_landscape":"","post_slider_layout_portrait":"","post_slider_layout_square":"","full":""},"_links":{"self":[{"href":"https:\/\/transparencia.cabocorrientes.gob.mx\/index.php?rest_route=\/wp\/v2\/pages\/13378","targetHints":{"allow":["GET"]}}],"collection":[{"href":"https:\/\/transparencia.cabocorrientes.gob.mx\/index.php?rest_route=\/wp\/v2\/pages"}],"about":[{"href":"https:\/\/transparencia.cabocorrientes.gob.mx\/index.php?rest_route=\/wp\/v2\/types\/page"}],"author":[{"embeddable":true,"href":"https:\/\/transparencia.cabocorrientes.gob.mx\/index.php?rest_route=\/wp\/v2\/users\/1"}],"replies":[{"embeddable":true,"href":"https:\/\/transparencia.cabocorrientes.gob.mx\/index.php?rest_route=%2Fwp%2Fv2%2Fcomments&post=13378"}],"version-history":[{"count":6,"href":"https:\/\/transparencia.cabocorrientes.gob.mx\/index.php?rest_route=\/wp\/v2\/pages\/13378\/revisions"}],"predecessor-version":[{"id":14068,"href":"https:\/\/transparencia.cabocorrientes.gob.mx\/index.php?rest_route=\/wp\/v2\/pages\/13378\/revisions\/14068"}],"wp:attachment":[{"href":"https:\/\/transparencia.cabocorrientes.gob.mx\/index.php?rest_route=%2Fwp%2Fv2%2Fmedia&parent=13378"}],"curies":[{"name":"wp","href":"https:\/\/api.w.org\/{rel}","templated":true}]}}