{"id":13208,"date":"2025-02-08T06:06:16","date_gmt":"2025-02-08T06:06:16","guid":{"rendered":"https:\/\/transparencia.cabocorrientes.gob.mx\/?page_id=13208"},"modified":"2026-02-19T21:47:22","modified_gmt":"2026-02-19T21:47:22","slug":"nominas-ano-2025","status":"publish","type":"page","link":"https:\/\/transparencia.cabocorrientes.gob.mx\/?page_id=13208","title":{"rendered":"Nominas A\u00f1o 2025"},"content":{"rendered":"<p><\/p>\n<span class=\"collapseomatic \" id=\"id69f1533db5505\"  tabindex=\"0\" title=\"N\u00f3mina Enero\"    >N\u00f3mina Enero<\/span><div id=\"target-id69f1533db5505\" class=\"collapseomatic_content \">\n\n\n<p>N\u00f3mina General 1-15 Enero 2025<strong> <a href=\"https:\/\/transparencia.cabocorrientes.gob.mx\/Archivos\/articulo8\/Nomina_del_01_al_15_de_enero_del_2025_-_Administrativos_y_Seguridad_Publica_-.xlsx\" target=\"_blank\" rel=\"noopener\" data-wplink-url-error=\"true\">EXCEL<\/a><\/strong><br \/>N\u00f3mina Eventuales Quincena 1-15 Enero 2025<strong> <a href=\"https:\/\/transparencia.cabocorrientes.gob.mx\/Archivos\/articulo8\/Nomina_del_01_de_15_de_ENERO_del_2025_-_Eventuales_General.xlsx\" target=\"_blank\" rel=\"noopener\" data-wplink-url-error=\"true\">EXCEL<\/a><\/strong><br \/>N\u00f3mina General 16-31 Enero 2025 <strong><a href=\"https:\/\/transparencia.cabocorrientes.gob.mx\/Archivos\/articulo8\/Nomina_del_16_al_31_de_enero_del_2025_-_Administrativos_y_Seguridad_Publica_-.xlsx\" target=\"_blank\" rel=\"noopener\" data-wplink-url-error=\"true\">EXCEL<\/a><br \/><\/strong>N\u00f3mina Eventuales 16-31 Enero 2025 <strong><a href=\"https:\/\/transparencia.cabocorrientes.gob.mx\/Archivos\/articulo8\/16_de_31_de_Enero_del_2025_-_Eventuales_General.xlsx\" target=\"_blank\" rel=\"noopener\" data-wplink-url-error=\"true\">EXCEL<\/a><br \/><\/strong>N\u00f3mina Eventuales Mensual Enero 2025 <strong><a href=\"https:\/\/transparencia.cabocorrientes.gob.mx\/Archivos\/articulo8\/Nomina_Eventuales_Mensual_-_Enero_2025.xlsx\" target=\"_blank\" rel=\"noopener\" data-wplink-url-error=\"true\">EXCEL<\/a><\/strong><\/p>\n<\/div>\n<p><\/p>\n<span class=\"collapseomatic \" id=\"id69f1533db556a\"  tabindex=\"0\" title=\"N\u00f3mina Febrero\"    >N\u00f3mina Febrero<\/span><div id=\"target-id69f1533db556a\" class=\"collapseomatic_content \">\n\n<p>N\u00f3mina General 1-15 Febrero 2025<strong> <a href=\"https:\/\/transparencia.cabocorrientes.gob.mx\/Archivos\/articulo8\/01_al_15_de_Febrero_del_2025_-_Administrativos_y_Seguridad_Publica_-.xlsx\" target=\"_blank\" rel=\"noopener\" data-wplink-url-error=\"true\">EXCEL<\/a><\/strong><br \/>N\u00f3mina Eventuales Quincena 1-15 Febrero 2025<strong> <a href=\"https:\/\/transparencia.cabocorrientes.gob.mx\/Archivos\/articulo8\/01_de_15_de_Febrero_del_2025_-_Eventuales_General.xlsx\" target=\"_blank\" rel=\"noopener\" data-wplink-url-error=\"true\">EXCEL<\/a><\/strong><br \/>N\u00f3mina General 16-31 Febrero 2025 <strong><a href=\"https:\/\/transparencia.cabocorrientes.gob.mx\/Archivos\/articulo8\/16_al_28_de_Febrero_del_2025_-_Administrativos_y_Seguridad_Publica_-.xlsx\" target=\"_blank\" rel=\"noopener\" data-wplink-url-error=\"true\">EXCEL<\/a><br \/><\/strong>N\u00f3mina Eventuales 16-28 Febrero 2025 <strong><a href=\"https:\/\/transparencia.cabocorrientes.gob.mx\/Archivos\/articulo8\/16_de_28_de_Febrero_del_2025_-_Eventuales_General.xlsx\" target=\"_blank\" rel=\"noopener\" data-wplink-url-error=\"true\">EXCEL<\/a><br \/><\/strong>N\u00f3mina Eventuales Mensual Febrero 2025 <strong><a href=\"https:\/\/transparencia.cabocorrientes.gob.mx\/Archivos\/articulo8\/Eventuales_Mensual_-_Febrero_2025.xlsx\" target=\"_blank\" rel=\"noopener\" data-wplink-url-error=\"true\">EXCEL<\/a><\/strong><\/p>\n<\/div>\n<p><\/p>\n\n<span class=\"collapseomatic \" id=\"id69f1533db559d\"  tabindex=\"0\" title=\"N\u00f3mina Marzo\"    >N\u00f3mina Marzo<\/span><div id=\"target-id69f1533db559d\" class=\"collapseomatic_content \">\n\n<p>N\u00f3mina General 1-15 Marzo 2025<strong> <a href=\"https:\/\/transparencia.cabocorrientes.gob.mx\/Archivos\/articulo8\/01_al_15deMARZOdel2025-Admin.xlsx\" target=\"_blank\" rel=\"noopener\" data-wplink-url-error=\"true\">EXCEL<\/a><\/strong><br \/>N\u00f3mina Eventuales Quincena 1-15 Marzo 2025<strong> <a href=\"https:\/\/transparencia.cabocorrientes.gob.mx\/Archivos\/articulo8\/01de15deMarzodel2025-Eventuales.xlsx\" target=\"_blank\" rel=\"noopener\" data-wplink-url-error=\"true\">EXCEL<\/a><\/strong><br \/>N\u00f3mina General 16-31 Marzo 2025 <strong><a href=\"https:\/\/transparencia.cabocorrientes.gob.mx\/Archivos\/articulo8\/16al31deMARZOdel2025-AdministrativosySeguridadPublica.xlsx\" target=\"_blank\" rel=\"noopener\" data-wplink-url-error=\"true\">EXCEL<\/a><br \/><\/strong>N\u00f3mina Eventuales 16-31 Marzo 2025 <strong><a href=\"https:\/\/transparencia.cabocorrientes.gob.mx\/Archivos\/articulo8\/16de31deMarzodel2025-Eventuales.xlsx\" target=\"_blank\" rel=\"noopener\" data-wplink-url-error=\"true\">EXCEL<\/a><br \/><\/strong>N\u00f3mina Eventuales Mensual Marzo 2025 <strong><a href=\"https:\/\/transparencia.cabocorrientes.gob.mx\/Archivos\/articulo8\/Eventuales_Mensual_Marzo_2025.xlsx\" target=\"_blank\" rel=\"noopener\" data-wplink-url-error=\"true\">EXCEL<\/a><\/strong><\/p>\n<\/div>\n<p><\/p>\n\n<span class=\"collapseomatic \" id=\"id69f1533db55d6\"  tabindex=\"0\" title=\"N\u00f3mina Abril\"    >N\u00f3mina Abril<\/span><div id=\"target-id69f1533db55d6\" class=\"collapseomatic_content \">\n\n<p>N\u00f3mina General 1-15 Abril 2025<strong> <a href=\"https:\/\/transparencia.cabocorrientes.gob.mx\/Archivos\/articulo8\/01_al_15_de_Abril_del_2025_Administrativos_y_Seguridad_Publica.xlsx\" target=\"_blank\" rel=\"noopener\" data-wplink-url-error=\"true\">EXCEL<\/a><\/strong><br \/>N\u00f3mina Eventuales Quincena 1-15 Abril 2025<strong> <a href=\"https:\/\/transparencia.cabocorrientes.gob.mx\/Archivos\/articulo8\/01_de_15_de_Abril_del_2025_Eventuales_General.xlsx\" target=\"_blank\" rel=\"noopener\" data-wplink-url-error=\"true\">EXCEL<\/a><\/strong><br \/>N\u00f3mina General 16-30 Abril 2025 <strong><a href=\"https:\/\/transparencia.cabocorrientes.gob.mx\/Archivos\/articulo8\/16_al_30_de_Abril_del_2025_Administrativos_y_Seguridad_Publica.xlsx\" target=\"_blank\" rel=\"noopener\" data-wplink-url-error=\"true\">EXCEL<\/a><br \/><\/strong>N\u00f3mina Eventuales 16-30 Abril 2025 <strong><a href=\"https:\/\/transparencia.cabocorrientes.gob.mx\/Archivos\/articulo8\/16_de_30_de_Abril_del_2025_Eventuales_General.xlsx\" target=\"_blank\" rel=\"noopener\" data-wplink-url-error=\"true\">EXCEL<\/a><br \/><\/strong>N\u00f3mina Eventuales Mensual Abril 2025 <strong><a href=\"https:\/\/transparencia.cabocorrientes.gob.mx\/Archivos\/articulo8\/Eventuales_Mensual_Abril_2025.xlsx\" target=\"_blank\" rel=\"noopener\" data-wplink-url-error=\"true\">EXCEL<\/a><\/strong><\/p>\n<\/div>\n<p><\/p>\n\n<span class=\"collapseomatic \" id=\"id69f1533db5601\"  tabindex=\"0\" title=\"N\u00f3mina Mayo\"    >N\u00f3mina Mayo<\/span><div id=\"target-id69f1533db5601\" class=\"collapseomatic_content \">\n\n<p>N\u00f3mina General 1-15 Mayo 2025<strong> <a href=\"https:\/\/transparencia.cabocorrientes.gob.mx\/Archivos\/articulo8\/01_al_15_ de_Mayo_del_2025_Administrativo_y_Seguridad_Publica.xlsx\" target=\"_blank\" rel=\"noopener\" data-wplink-url-error=\"true\">EXCEL<\/a><\/strong><br \/>N\u00f3mina Eventuales Quincena 1-15 Mayo 2025<strong> <a href=\"https:\/\/transparencia.cabocorrientes.gob.mx\/Archivos\/articulo8\/01_de_5_de_Mayo_del_2025_Eventuales_General.xlsx\" target=\"_blank\" rel=\"noopener\" data-wplink-url-error=\"true\">EXCEL<\/a><\/strong><br \/>N\u00f3mina General 16-31 Mayo 2025 <strong><a href=\"https:\/\/transparencia.cabocorrientes.gob.mx\/Archivos\/articulo8\/16_al_31_de_Mayo_del_2025_Administrativos_y_Seguridad_Publica.xlsx\" target=\"_blank\" rel=\"noopener\" data-wplink-url-error=\"true\">EXCEL<\/a><br \/><\/strong>N\u00f3mina Eventuales 16-31 Mayo 2025 <strong><a href=\"https:\/\/transparencia.cabocorrientes.gob.mx\/Archivos\/articulo8\/16_de_31_de_Mayo_del_2025_Eventuales_General.xlsx\" target=\"_blank\" rel=\"noopener\" data-wplink-url-error=\"true\">EXCEL<\/a><br \/><\/strong>N\u00f3mina Eventuales Mensual Mayo 2025 <strong><a href=\"https:\/\/transparencia.cabocorrientes.gob.mx\/Archivos\/articulo8\/Eventuales_Mensual_Mayo_2025.xlsx\" target=\"_blank\" rel=\"noopener\" data-wplink-url-error=\"true\">EXCEL<\/a><\/strong><\/p>\n<\/div>\n<p><\/p>\n\n<span class=\"collapseomatic \" id=\"id69f1533db562a\"  tabindex=\"0\" title=\"N\u00f3mina Junio\"    >N\u00f3mina Junio<\/span><div id=\"target-id69f1533db562a\" class=\"collapseomatic_content \">\n\nN\u00f3mina General 1-15 Junio 2025 <strong><a href=\"https:\/\/transparencia.cabocorrientes.gob.mx\/Archivos\/articulo8\/01_al_15_de_JUNIO_del_2025_Eventuales_General.xlsx\" target=\"_blank\" rel=\"noopener\" data-wplink-url-error=\"true\">EXCEL<\/a><\/strong><br>\nN\u00f3mina Eventuales Quincena 1-15 Junio 2025 <strong><a href=\"https:\/\/transparencia.cabocorrientes.gob.mx\/Archivos\/articulo8\/01_al_15_Junio_del_2025_Administrativos_ y_Seguridad_Publica.xlsx\" target=\"_blank\" rel=\"noopener\" data-wplink-url-error=\"true\">EXCEL<\/a><\/strong><br>\nN\u00f3mina General 16-30 Junio 2025 <strong><a href=\"https:\/\/transparencia.cabocorrientes.gob.mx\/Archivos\/articulo8\/16_al_30_Junio_del_2025_Administrativos_y_Seguridad_Publica.xlsx\" target=\"_blank\" rel=\"noopener\" data-wplink-url-error=\"true\">EXCEL<\/a><\/strong><br>\nN\u00f3mina Eventuales 16-30 Junio 2025 <strong><a href=\"https:\/\/transparencia.cabocorrientes.gob.mx\/Archivos\/articulo8\/16_al_30_de_JUNIO_del_2025_Eventuales_General.xlsx\" target=\"_blank\" rel=\"noopener\" data-wplink-url-error=\"true\">EXCEL<\/a><\/strong><br>\nN\u00f3mina Eventuales Mensual Junio 2025 <strong><a href=\"https:\/\/transparencia.cabocorrientes.gob.mx\/Archivos\/articulo8\/Eventuales_Mensual_Junio_2025.xlsx\" target=\"_blank\" rel=\"noopener\" data-wplink-url-error=\"true\">EXCEL<\/a><\/strong><br> \n<\/div>\n<p><\/p>\n\n<span class=\"collapseomatic \" id=\"id69f1533db5651\"  tabindex=\"0\" title=\"N\u00f3mina Julio\"    >N\u00f3mina Julio<\/span><div id=\"target-id69f1533db5651\" class=\"collapseomatic_content \">\n\nN\u00f3mina General 1-15 Julio 2025 <strong><a href=\"https:\/\/transparencia.cabocorrientes.gob.mx\/Archivos\/articulo8\/01_al_15_Julio_del_2025_Administrativos_y_Seguridad_Publica.xlsx\" target=\"_blank\" rel=\"noopener\" data-wplink-url-error=\"true\">EXCEL<\/a><\/strong><br> \nN\u00f3mina Eventuales Quincena Julio 2025 <strong><a href=\"https:\/\/transparencia.cabocorrientes.gob.mx\/Archivos\/articulo8\/01_al_15_de_JULIO_del_2025-Eventuales_General.xlsx\" target=\"_blank\" rel=\"noopener\" data-wplink-url-error=\"true\">EXCEL<\/a><\/strong><br> \nN\u00f3mina General 16-31 Julio 2025  <strong><a href=\"https:\/\/transparencia.cabocorrientes.gob.mx\/Archivos\/articulo8\/16_al_31_Julio_del_2025_Administrativos_y_Seguridad_Publica.xlsx\" target=\"_blank\" rel=\"noopener\" data-wplink-url-error=\"true\">EXCEL<\/a><\/strong><br> \nN\u00f3mina Eventuales 16-31 Julio 2025 <strong><a href=\"https:\/\/transparencia.cabocorrientes.gob.mx\/Archivos\/articulo8\/16_al_31_de_JULIO_del_2025_Eventuales_General.xlsx\" target=\"_blank\" rel=\"noopener\" data-wplink-url-error=\"true\">EXCEL<\/a><\/strong><br>  \nN\u00f3mina Eventuales Mensual Julio 2025 <strong><a href=\"https:\/\/transparencia.cabocorrientes.gob.mx\/Archivos\/articulo8\/Eventuales_Mensual_Julio_2025.xlsx\" target=\"_blank\" rel=\"noopener\" data-wplink-url-error=\"true\">EXCEL<\/a><\/strong><br>  \n<\/div>\n<p><\/p>\n\n<span class=\"collapseomatic \" id=\"id69f1533db5679\"  tabindex=\"0\" title=\"N\u00f3mina Agosto\"    >N\u00f3mina Agosto<\/span><div id=\"target-id69f1533db5679\" class=\"collapseomatic_content \">\n\nN\u00f3mina General 01-15 Agosto 2025 <strong><a href=\"https:\/\/transparencia.cabocorrientes.gob.mx\/Archivos\/articulo8\/01_al_15_AGOSTO_del_2025_Administrativos_y_Seguridad_Publica.xlsx\" target=\"_blank\" rel=\"noopener\" data-wplink-url-error=\"true\">EXCEL<\/a><\/strong><br> \nN\u00f3mina Eventuales Quincena 01-15 Agosto 2025 <strong><a href=\"https:\/\/transparencia.cabocorrientes.gob.mx\/Archivos\/articulo8\/01_al_15_de_AGOSTO_del_2025_Eventuales_General.xlsx\" target=\"_blank\" rel=\"noopener\" data-wplink-url-error=\"true\">EXCEL<\/a><\/strong><br> \nN\u00f3mina General 16-31 Agosto 2025 <strong><a href=\"https:\/\/transparencia.cabocorrientes.gob.mx\/Archivos\/articulo8\/16_al_31_AGOSTO_del_2025_Administrativos_y_Seguridad_Publica.xlsx\" target=\"_blank\" rel=\"noopener\" data-wplink-url-error=\"true\">EXCEL<\/a><\/strong><br>\nN\u00f3mina Eventuales 16-31 Agosto 2025 <strong><a href=\"https:\/\/transparencia.cabocorrientes.gob.mx\/Archivos\/articulo8\/16_al_31_de_AGOSTO_del_2025_Eventuales_General.xlsx\" target=\"_blank\" rel=\"noopener\" data-wplink-url-error=\"true\">EXCEL<\/a><\/strong><br>\nN\u00f3mina Eventuales Mensual Agosto 2025 <strong><a href=\"https:\/\/transparencia.cabocorrientes.gob.mx\/Archivos\/articulo8\/Eventuales_Mensual_Agosto_2025.xlsx\" target=\"_blank\" rel=\"noopener\" data-wplink-url-error=\"true\">EXCEL<\/a><\/strong><br>\n<\/div>\n<p><\/p>\n\n<span class=\"collapseomatic \" id=\"id69f1533db56a0\"  tabindex=\"0\" title=\"N\u00f3mina Septiembre\"    >N\u00f3mina Septiembre<\/span><div id=\"target-id69f1533db56a0\" class=\"collapseomatic_content \">\n\nN\u00f3mina General 01-15 Septiembre 2025 <strong><a href=\"https:\/\/transparencia.cabocorrientes.gob.mx\/Archivos\/articulo8\/01_al_15_Septiembre_del_2025_Administrativos_y_Seguridad_Publica.xlsx\" target=\"_blank\" rel=\"noopener\" data-wplink-url-error=\"true\">EXCEL<\/a><\/strong><br> \nN\u00f3mina Eventuales Quincena 01-15 Septiembre 2025 <strong><a href=\"https:\/\/transparencia.cabocorrientes.gob.mx\/Archivos\/articulo8\/01_de_15_de_Septiembre_del_2025_Eventuales_General.xlsx\" target=\"_blank\" rel=\"noopener\" data-wplink-url-error=\"true\">EXCEL<\/a><\/strong><br>\nN\u00f3mina General 16-30 Septiembre 2025 <strong><a href=\"https:\/\/transparencia.cabocorrientes.gob.mx\/Archivos\/articulo8\/16_al_30_Septiembre_del_2025_Administrativos_y_Seguridad_Publica.xlsx\" target=\"_blank\" rel=\"noopener\" data-wplink-url-error=\"true\">EXCEL<\/a><\/strong><br>\nN\u00f3mina Eventuales 16-30 Septiembre 2025 <strong><a href=\"https:\/\/transparencia.cabocorrientes.gob.mx\/Archivos\/articulo8\/16_al_30_de_Septiembre_del_2025_Eventuales_General.xlsx\" target=\"_blank\" rel=\"noopener\" data-wplink-url-error=\"true\">EXCEL<\/a><\/strong><br>\nN\u00f3mina Eventuales Mensual Septiembre 2025 <strong><a href=\"https:\/\/transparencia.cabocorrientes.gob.mx\/Archivos\/articulo8\/Eventuales_Mensual_Septiembre_2025.xlsx\" target=\"_blank\" rel=\"noopener\" data-wplink-url-error=\"true\">EXCEL<\/a><\/strong><br>\n<\/div>\n<p><\/p>\n\n<span class=\"collapseomatic \" id=\"id69f1533db56c7\"  tabindex=\"0\" title=\"N\u00f3mina Octubre\"    >N\u00f3mina Octubre<\/span><div id=\"target-id69f1533db56c7\" class=\"collapseomatic_content \">\n\nN\u00f3mina General 01-15 Octubre 2025 <strong><a href=\"https:\/\/transparencia.cabocorrientes.gob.mx\/Archivos\/articulo8\/01_al_15_Octubre_del_2025_Administrativos_y_Seguridad_Publica.xlsx\" target=\"_blank\" rel=\"noopener\" data-wplink-url-error=\"true\">EXCEL<\/a><\/strong><br> \nN\u00f3mina Eventuales Quincena 01-15 Octubre 2025 <strong><a href=\"https:\/\/transparencia.cabocorrientes.gob.mx\/Archivos\/articulo8\/01_al_15_de_Oct_2025_Even_Gral.xlsx\" target=\"_blank\" rel=\"noopener\" data-wplink-url-error=\"true\">EXCEL<\/a><\/strong><br>\nN\u00f3mina General 16-31 Octubre 2025 <strong><a href=\"https:\/\/transparencia.cabocorrientes.gob.mx\/Archivos\/articulo8\/16_al_31_Octubre_del_2025_Administrativos_y_Seguridad_Publica.xlsx\" target=\"_blank\" rel=\"noopener\" data-wplink-url-error=\"true\">EXCEL<\/a><\/strong><br>\nN\u00f3mina Eventuales 16-31 Octubre 2025 <strong><a href=\"https:\/\/transparencia.cabocorrientes.gob.mx\/Archivos\/articulo8\/16_al_31_de_Octubre_del_2025_Eventuales_General.xlsx\" target=\"_blank\" rel=\"noopener\" data-wplink-url-error=\"true\">EXCEL<\/a><\/strong><br>\nN\u00f3mina Eventuales Mensual Octubre 2025 <strong><a href=\"https:\/\/transparencia.cabocorrientes.gob.mx\/Archivos\/articulo8\/Eventuales_Mensual_Octubre_2025.xlsx\" target=\"_blank\" rel=\"noopener\" data-wplink-url-error=\"true\">EXCEL<\/a><\/strong><br>\n<\/div>\n<p><\/p>\n\n<span class=\"collapseomatic \" id=\"id69f1533db56ed\"  tabindex=\"0\" title=\"N\u00f3mina Noviembre\"    >N\u00f3mina Noviembre<\/span><div id=\"target-id69f1533db56ed\" class=\"collapseomatic_content \">\n\nN\u00f3mina General 01-15 Noviembre 2025 <strong><a href=\"https:\/\/transparencia.cabocorrientes.gob.mx\/Archivos\/articulo8\/01_al_15_Noviembre_del_2025_Administrativos_y_Seguridad_Publica.xlsx\" target=\"_blank\" rel=\"noopener\" data-wplink-url-error=\"true\">EXCEL<\/a><\/strong><br> \nN\u00f3mina Eventuales Quincena 01-15 Noviembre 2025 <strong><a href=\"https:\/\/transparencia.cabocorrientes.gob.mx\/Archivos\/articulo8\/01_al_15_de_Noviembre_del_2025_Eventuales_General.xlsx\" target=\"_blank\" rel=\"noopener\" data-wplink-url-error=\"true\">EXCEL<\/a><\/strong><br>\nN\u00f3mina General 16-30 Noviembre 2025 <strong><a href=\"https:\/\/transparencia.cabocorrientes.gob.mx\/Archivos\/articulo8\/16_al_30_Noviembre_del_2025_Administrativos_y_Seguridad_Publica.xlsx\" target=\"_blank\" rel=\"noopener\" data-wplink-url-error=\"true\">EXCEL<\/a><\/strong><br>\nN\u00f3mina Eventuales 16-30 Noviembre 2025 <strong><a href=\"https:\/\/transparencia.cabocorrientes.gob.mx\/Archivos\/articulo8\/16_al_30_de_Noviembre_del_2025_Eventuales_General.xlsx\" target=\"_blank\" rel=\"noopener\" data-wplink-url-error=\"true\">EXCEL<\/a><\/strong><br>\nN\u00f3mina Eventuales Mensual Noviembre 2025 <strong><a href=\"https:\/\/transparencia.cabocorrientes.gob.mx\/Archivos\/articulo8\/Eventuales_Mensual_Noviembre_2025.xlsx\" target=\"_blank\" rel=\"noopener\" data-wplink-url-error=\"true\">EXCEL<\/a><\/strong><br>\n<\/div>\n<p><\/p>\n\n\n<span class=\"collapseomatic \" id=\"id69f1533db5714\"  tabindex=\"0\" title=\"N\u00f3mina Diciembre\"    >N\u00f3mina Diciembre<\/span><div id=\"target-id69f1533db5714\" class=\"collapseomatic_content \">\n\n N\u00f3mina General 01-15 Diciembre 2025 <strong><a href=\"https:\/\/transparencia.cabocorrientes.gob.mx\/Archivos\/articulo8\/01_al_15_Diciembre_del_2025_Administrativos_y_Seguridad_Publica.xlsx\" target=\"_blank\" rel=\"noopener\" data-wplink-url-error=\"true\">EXCEL<\/a><\/strong><br> \nN\u00f3mina Eventuales Quincena 01-15 Diciembre 2025 <strong><a href=\"https:\/\/transparencia.cabocorrientes.gob.mx\/Archivos\/articulo8\/01_al_15_de_Diciembre_del_2025_Eventuales_General.xlsx\" target=\"_blank\" rel=\"noopener\" data-wplink-url-error=\"true\">EXCEL<\/a><\/strong><br> \nSegunda Prima Vacacional <strong><a href=\"https:\/\/transparencia.cabocorrientes.gob.mx\/Archivos\/articulo8\/Segunda_Prima_del_2025_Administrativos_y_Seguridad_Publica_firma.xlsx\" target=\"_blank\" rel=\"noopener\" data-wplink-url-error=\"true\">EXCEL<\/a><\/strong><br>\nAguinaldo 2025 <strong><a href=\"https:\/\/transparencia.cabocorrientes.gob.mx\/Archivos\/articulo8\/Aguinaldo_2025_Admin_Seguridad_Publica.xlsx\" target=\"_blank\" rel=\"noopener\" data-wplink-url-error=\"true\">EXCEL<\/a><\/strong><br>\nN\u00f3mina General 16-30 Diciembre 2025 <strong><a href=\"https:\/\/transparencia.cabocorrientes.gob.mx\/Archivos\/articulo8\/16_al_31_Diciembre_del_2025_Administrativos_y_Seguridad_Publica.xlsx\" target=\"_blank\" rel=\"noopener\" data-wplink-url-error=\"true\">EXCEL<\/a><\/strong><br>\nN\u00f3mina Eventuales 16-30 Diciembre 2025 <strong><a href=\"https:\/\/transparencia.cabocorrientes.gob.mx\/Archivos\/articulo8\/16_al_31_de_Diciembre_del_2025_Eventuales_General.xlsx\" target=\"_blank\" rel=\"noopener\" data-wplink-url-error=\"true\">EXCEL<\/a><\/strong><br>\nN\u00f3mina Eventuales Mensual Diciembre 2025 <strong><a href=\"https:\/\/transparencia.cabocorrientes.gob.mx\/Archivos\/articulo8\/Eventuales_Mensual_Diciembre2025.xlsx\" target=\"_blank\" rel=\"noopener\" data-wplink-url-error=\"true\">EXCEL<\/a><\/strong><br>\n<\/div>\n<p><\/p>\n\n<p style=\"text-align: right;\">\n    Visitas N\u00famero: <strong>245<\/strong>\n<\/p>","protected":false},"excerpt":{"rendered":"<p>Visitas N\u00famero: Visitas N\u00famero: Visitas N\u00famero: Visitas N\u00famero: Visitas N\u00famero: Visitas N\u00famero: Visitas N\u00famero: Visitas N\u00famero: Visitas N\u00famero: Visitas N\u00famero: Visitas N\u00famero: Visitas N\u00famero: Visitas N\u00famero: Visitas N\u00famero: Visitas N\u00famero: Visitas N\u00famero: Visitas N\u00famero: Visitas N\u00famero: Visitas N\u00famero: Visitas N\u00famero: Visitas N\u00famero: Visitas N\u00famero: Visitas N\u00famero: Visitas N\u00famero: Visitas N\u00famero: Visitas N\u00famero: Visitas N\u00famero: Visitas &hellip; <\/p>\n<p class=\"link-more\"><a href=\"https:\/\/transparencia.cabocorrientes.gob.mx\/?page_id=13208\" class=\"more-link\">Continue reading<span class=\"screen-reader-text\"> \u00abNominas A\u00f1o 2025\u00bb<\/span><\/a><\/p>\n","protected":false},"author":1,"featured_media":0,"parent":0,"menu_order":0,"comment_status":"closed","ping_status":"closed","template":"","meta":{"_coblocks_attr":"","_coblocks_dimensions":"","_coblocks_responsive_height":"","_coblocks_accordion_ie_support":"","_regular_price":[],"currency_symbol":[],"footnotes":""},"class_list":["post-13208","page","type-page","status-publish","hentry"],"post_slider_layout_featured_media_urls":{"thumbnail":"","post_slider_layout_landscape_large":"","post_slider_layout_portrait_large":"","post_slider_layout_square_large":"","post_slider_layout_landscape":"","post_slider_layout_portrait":"","post_slider_layout_square":"","full":""},"_links":{"self":[{"href":"https:\/\/transparencia.cabocorrientes.gob.mx\/index.php?rest_route=\/wp\/v2\/pages\/13208","targetHints":{"allow":["GET"]}}],"collection":[{"href":"https:\/\/transparencia.cabocorrientes.gob.mx\/index.php?rest_route=\/wp\/v2\/pages"}],"about":[{"href":"https:\/\/transparencia.cabocorrientes.gob.mx\/index.php?rest_route=\/wp\/v2\/types\/page"}],"author":[{"embeddable":true,"href":"https:\/\/transparencia.cabocorrientes.gob.mx\/index.php?rest_route=\/wp\/v2\/users\/1"}],"replies":[{"embeddable":true,"href":"https:\/\/transparencia.cabocorrientes.gob.mx\/index.php?rest_route=%2Fwp%2Fv2%2Fcomments&post=13208"}],"version-history":[{"count":90,"href":"https:\/\/transparencia.cabocorrientes.gob.mx\/index.php?rest_route=\/wp\/v2\/pages\/13208\/revisions"}],"predecessor-version":[{"id":14885,"href":"https:\/\/transparencia.cabocorrientes.gob.mx\/index.php?rest_route=\/wp\/v2\/pages\/13208\/revisions\/14885"}],"wp:attachment":[{"href":"https:\/\/transparencia.cabocorrientes.gob.mx\/index.php?rest_route=%2Fwp%2Fv2%2Fmedia&parent=13208"}],"curies":[{"name":"wp","href":"https:\/\/api.w.org\/{rel}","templated":true}]}}