{"id":129,"date":"2021-07-19T20:43:20","date_gmt":"2021-07-19T20:43:20","guid":{"rendered":"https:\/\/transparencia.cabocorrientes.gob.mx\/?page_id=129"},"modified":"2025-02-12T19:00:41","modified_gmt":"2025-02-12T19:00:41","slug":"articulo-15","status":"publish","type":"page","link":"https:\/\/transparencia.cabocorrientes.gob.mx\/?page_id=129","title":{"rendered":"Art\u00edculo 15"},"content":{"rendered":"\n<p><\/p>\n\n\n<p>I. La obligatoria para los sujetos obligados;<br \/>II. La Integraci\u00f3n del Ayuntamiento, las comisiones edilicias y dem\u00e1s \u00f3rganos que establezca su organigrama;<br \/>III. Los bandos de polic\u00eda y gobierno, reglamentos, decretos, circulares y dem\u00e1s disposiciones jur\u00eddicas expedidas por el Ayuntamiento respectivo;<br \/>IV. Las iniciativas presentadas y las exposiciones de los reglamentos vigentes en el Municipio;<br \/>V. <strong><a href=\"https:\/\/transparencia.cabocorrientes.gob.mx\/?page_id=10186\">Los Instrumentos de planeaci\u00f3n del Desarrollo del Municipio y sus modificaciones, de cuando menos los \u00faltimos tres a\u00f1os;<\/a><\/strong><br \/>VI. Los Reglamentos internos, manuales y programas operativos anuales de toda dependencia o entidad p\u00fablica municipal vigentes y de cuando menos los tres a\u00f1os anteriores;<br \/>VII. <strong><a href=\"https:\/\/transparencia.cabocorrientes.gob.mx\/?page_id=10361\">Los Programas de trabajo de las comisiones edilicias<\/a><\/strong>;<br \/>VIII. <strong><a href=\"https:\/\/transparencia.cabocorrientes.gob.mx\/?page_id=13370\">El Orden del d\u00eda de las sesiones del Ayuntamiento, de las comisiones edilicias, y de los Consejos Ciudadanos Municipales, con excepci\u00f3n de las reservadas;<\/a><\/strong><br \/>IX. <strong><a href=\"https:\/\/transparencia.cabocorrientes.gob.mx\/?page_id=13378\">El libro de las actas de las sesiones del ayuntamiento, las actas de las Comisiones edilicias, asi como las actas de los Consejos Ciudadanos Municipales, con exepcion de las reservadas;<\/a><\/strong><br \/>X. <a href=\"https:\/\/transparencia.cabocorrientes.gob.mx\/?page_id=5603\"><strong>La Gaceta municipal y dem\u00e1s \u00f3rganos de difusi\u00f3n y publicaci\u00f3n oficial municipal;<\/strong><\/a><br \/>XI. La Informaci\u00f3n de registros p\u00fablicos que opere, sin afectar la informaci\u00f3n confidencial contenida;<br \/>XII. Los Recursos materiales, humanos y financieros asignados a cada dependencia y entidad de la Administraci\u00f3n Publica, detallando los correspondientes a cada unidad administrativa al anterior de las mismas;<br \/>XIII. Los convenios y contratos para realizaci\u00f3n de obra publica;<br \/>XIV. Los convenios y de coordinaci\u00f3n o asociaci\u00f3n municipal;<br \/>XV. Convenios para prestaci\u00f3n de servicios p\u00fablicos coordinados o concesionados;<br \/>XVI. El Registro de consejos consultivos ciudadanos, con indicaci\u00f3n de la fecha de creaci\u00f3n, funciones que realizan, y nombre y cargo de los integrantes;<br \/>XVII. EL registro de las asociaciones de vecinos en el municipio, con indicaci\u00f3n de la fecha de creaci\u00f3n, nombre de las mismas, delimitaci\u00f3n territorial que representan y datos generales de los miembros de sus directivas, asi como de las uniones o federaciones en que se agrupen;<br \/>XVIII.El Registro publico de bienes del patrimonio municipal;<br \/>XIX. La relaci\u00f3n del personal y los inventarios de bienes afectos a cada uno de los servicios p\u00fablicos municipales, con excepci\u00f3n del servicio de seguridad publica preventiva;<br \/>XX. El programa municipal de desarrollo urbano, los planes de desarrollo urbano de los centros de poblacion, y los planes parciales de desarrollo urbano;<br \/>XXI.La integracion, las actas de las reuniones y los acuerdos del Consejo Municipal de Desarrollo Urbano<br \/>XXII. Las autorizaciones de nuevos fraccionamientos y los cambios de uso de suelo junto con las consultas p\u00fablicas realizadas con los colonos;<br \/>XXIII. Los indicadores de evaluaci\u00f3n del desempe\u00f1o;<br \/>XXIV. La estad\u00edsticas de asistencias de las sesiones del ayuntamiento, de las comisiones edilicias y de los Consejos ciudadanos municipales, que contengan el nombre de los regidores y funcionarios que participan<br \/>XXV. Los ingresos municipales por concepto de participaciones federales y estatales, as\u00ed como por ingresos propios que integre a la Hacienda publica, y<br \/>XXVI. Las que establezca el Reglamento Interno de Informaci\u00f3n Publica del Municipio correspondiente<\/p>\n\n\n<div class=\"wp-block-buttons is-horizontal is-content-justification-center is-layout-flex wp-container-core-buttons-is-layout-499968f5 wp-block-buttons-is-layout-flex\"><\/div>\n\n\n\n<div class=\"wp-block-columns is-layout-flex wp-container-core-columns-is-layout-9d6595d7 wp-block-columns-is-layout-flex\">\n<div class=\"wp-block-column is-layout-flow wp-block-column-is-layout-flow\"><\/div>\n<\/div>\n","protected":false},"excerpt":{"rendered":"<p>I. La obligatoria para los sujetos obligados;II. La Integraci\u00f3n del Ayuntamiento, las comisiones edilicias y dem\u00e1s \u00f3rganos que establezca su organigrama;III. Los bandos de polic\u00eda y gobierno, reglamentos, decretos, circulares y dem\u00e1s disposiciones jur\u00eddicas expedidas por el Ayuntamiento respectivo;IV. Las iniciativas presentadas y las exposiciones de los reglamentos vigentes en el Municipio;V. Los Instrumentos de &hellip; <\/p>\n<p class=\"link-more\"><a href=\"https:\/\/transparencia.cabocorrientes.gob.mx\/?page_id=129\" class=\"more-link\">Continue reading<span class=\"screen-reader-text\"> \u00abArt\u00edculo 15\u00bb<\/span><\/a><\/p>\n","protected":false},"author":1,"featured_media":0,"parent":0,"menu_order":0,"comment_status":"closed","ping_status":"closed","template":"","meta":{"_coblocks_attr":"","_coblocks_dimensions":"","_coblocks_responsive_height":"","_coblocks_accordion_ie_support":"","_regular_price":[],"currency_symbol":[],"footnotes":""},"class_list":["post-129","page","type-page","status-publish","hentry"],"post_slider_layout_featured_media_urls":{"thumbnail":"","post_slider_layout_landscape_large":"","post_slider_layout_portrait_large":"","post_slider_layout_square_large":"","post_slider_layout_landscape":"","post_slider_layout_portrait":"","post_slider_layout_square":"","full":""},"_links":{"self":[{"href":"https:\/\/transparencia.cabocorrientes.gob.mx\/index.php?rest_route=\/wp\/v2\/pages\/129","targetHints":{"allow":["GET"]}}],"collection":[{"href":"https:\/\/transparencia.cabocorrientes.gob.mx\/index.php?rest_route=\/wp\/v2\/pages"}],"about":[{"href":"https:\/\/transparencia.cabocorrientes.gob.mx\/index.php?rest_route=\/wp\/v2\/types\/page"}],"author":[{"embeddable":true,"href":"https:\/\/transparencia.cabocorrientes.gob.mx\/index.php?rest_route=\/wp\/v2\/users\/1"}],"replies":[{"embeddable":true,"href":"https:\/\/transparencia.cabocorrientes.gob.mx\/index.php?rest_route=%2Fwp%2Fv2%2Fcomments&post=129"}],"version-history":[{"count":23,"href":"https:\/\/transparencia.cabocorrientes.gob.mx\/index.php?rest_route=\/wp\/v2\/pages\/129\/revisions"}],"predecessor-version":[{"id":13380,"href":"https:\/\/transparencia.cabocorrientes.gob.mx\/index.php?rest_route=\/wp\/v2\/pages\/129\/revisions\/13380"}],"wp:attachment":[{"href":"https:\/\/transparencia.cabocorrientes.gob.mx\/index.php?rest_route=%2Fwp%2Fv2%2Fmedia&parent=129"}],"curies":[{"name":"wp","href":"https:\/\/api.w.org\/{rel}","templated":true}]}}